{"id":19478,"date":"2022-04-08T16:01:04","date_gmt":"2022-04-08T19:32:46","guid":{"rendered":"https:\/\/www.technic-toys.com\/izdelek\/amxrock-rockhammer-crawler-110-rtr-plava\/"},"modified":"2022-08-01T12:45:10","modified_gmt":"2022-08-01T10:45:10","slug":"amxrock-rockhammer-crawler-110-rtr-plava","status":"publish","type":"product","link":"https:\/\/www.technic-toys.com\/hr\/proizvod\/amxrock-rockhammer-crawler-110-rtr-plava\/","title":{"rendered":"AMXRock RockHammer Crawler 1:10, RTR, plava"},"content":{"rendered":"<p>AMXRock Rock Hammer Crawler 1:10, RTR Rock Hammer u skali 1:10 mo\u017ee savladati skoro svaku prepreku zahvaljuju\u0107i svojim ogromnim off-road to\u010dkovima (140 mm) i 80 mm klirensa od tla. \u0160asija, sa vi\u0161estrukim ovjesom, omogu\u0107ava maksimalno uvijanje, \u0161to gusjenicu \u010dini vrlo okretnom. Rock Hammer je napravljen spreman za vo\u017enju. Samo napunite pogonsku bateriju, baterije u daljinskom upravlja\u010du (nisu uklju\u010dene) i mo\u017eete krenuti u stazu Karakteristike: \u0160asija od aluminijumskog okvira Multi-link ovjes 4WD pogon na sve kota\u010de sa teleskopskim osovinama Plasti\u010dni kavez To\u010dkovi promjera 140 mm Niska gravitacija dizajn glavnog zup\u010danika 80mm Klirens od tla Kokpit sa voza\u010dima540 bru\u0161eni motor 9kg servo upravlja\u010daOvaj video je ugra\u0111en sa Youtube-a.<\/p>\n","protected":false},"excerpt":{"rendered":"<p>AMXRock Rock Hammer Crawler 1:10, RTR Rock Hammer u skali 1:10 mo\u017ee savladati skoro svaku prepreku zahvaljuju\u0107i svojim ogromnim off-road to\u010dkovima (140 mm) i 80 mm klirensa od tla. \u0160asija, sa vi\u0161estrukim ovjesom, omogu\u0107ava maksimalno uvijanje, \u0161to gusjenicu \u010dini vrlo okretnom. Rock Hammer je napravljen spreman za vo\u017enju. Samo napunite pogonsku bateriju, baterije u daljinskom [&hellip;]<\/p>\n","protected":false},"featured_media":11863,"template":"","meta":[],"product_cat":[514,515],"product_tag":[],"acf":[],"yoast_head":"<!-- This site is optimized with the Yoast SEO plugin v21.7 - https:\/\/yoast.com\/wordpress\/plugins\/seo\/ -->\n<title>AMXRock RockHammer Crawler 1:10, RTR, plava - TECHNIC TOYS SHOP<\/title>\n<meta name=\"robots\" content=\"index, follow, max-snippet:-1, max-image-preview:large, max-video-preview:-1\" \/>\n<link rel=\"canonical\" href=\"https:\/\/www.technic-toys.com\/hr\/proizvod\/amxrock-rockhammer-crawler-110-rtr-plava\/\" \/>\n<meta property=\"og:locale\" content=\"hr_HR\" \/>\n<meta property=\"og:type\" content=\"article\" \/>\n<meta property=\"og:title\" content=\"AMXRock RockHammer Crawler 1:10, RTR, plava - TECHNIC TOYS SHOP\" \/>\n<meta property=\"og:description\" content=\"AMXRock Rock Hammer Crawler 1:10, RTR Rock Hammer u skali 1:10 mo\u017ee savladati skoro svaku prepreku zahvaljuju\u0107i svojim ogromnim off-road to\u010dkovima (140 mm) i 80 mm klirensa od tla. \u0160asija, sa vi\u0161estrukim ovjesom, omogu\u0107ava maksimalno uvijanje, \u0161to gusjenicu \u010dini vrlo okretnom. Rock Hammer je napravljen spreman za vo\u017enju. Samo napunite pogonsku bateriju, baterije u daljinskom [&hellip;]\" \/>\n<meta property=\"og:url\" content=\"https:\/\/www.technic-toys.com\/hr\/proizvod\/amxrock-rockhammer-crawler-110-rtr-plava\/\" \/>\n<meta property=\"og:site_name\" content=\"TECHNIC TOYS SHOP\" \/>\n<meta property=\"article:modified_time\" content=\"2022-08-01T10:45:10+00:00\" \/>\n<meta property=\"og:image\" content=\"https:\/\/www.technic-toys.com\/wp-content\/uploads\/2022\/04\/22342.jpg\" \/>\n\t<meta property=\"og:image:width\" content=\"1280\" \/>\n\t<meta property=\"og:image:height\" content=\"734\" \/>\n\t<meta property=\"og:image:type\" content=\"image\/jpeg\" \/>\n<meta name=\"twitter:card\" content=\"summary_large_image\" \/>\n<meta name=\"twitter:label1\" content=\"Procijenjeno vrijeme \u010ditanja\" \/>\n\t<meta name=\"twitter:data1\" content=\"1 minuta\" \/>\n<script type=\"application\/ld+json\" class=\"yoast-schema-graph\">{\"@context\":\"https:\/\/schema.org\",\"@graph\":[{\"@type\":\"WebPage\",\"@id\":\"https:\/\/www.technic-toys.com\/hr\/proizvod\/amxrock-rockhammer-crawler-110-rtr-plava\/\",\"url\":\"https:\/\/www.technic-toys.com\/hr\/proizvod\/amxrock-rockhammer-crawler-110-rtr-plava\/\",\"name\":\"AMXRock RockHammer Crawler 1:10, RTR, plava - TECHNIC TOYS SHOP\",\"isPartOf\":{\"@id\":\"https:\/\/www.technic-toys.com\/en\/#website\"},\"datePublished\":\"2022-04-08T19:32:46+00:00\",\"dateModified\":\"2022-08-01T10:45:10+00:00\",\"breadcrumb\":{\"@id\":\"https:\/\/www.technic-toys.com\/hr\/proizvod\/amxrock-rockhammer-crawler-110-rtr-plava\/#breadcrumb\"},\"inLanguage\":\"hr\",\"potentialAction\":[{\"@type\":\"ReadAction\",\"target\":[\"https:\/\/www.technic-toys.com\/hr\/proizvod\/amxrock-rockhammer-crawler-110-rtr-plava\/\"]}]},{\"@type\":\"BreadcrumbList\",\"@id\":\"https:\/\/www.technic-toys.com\/hr\/proizvod\/amxrock-rockhammer-crawler-110-rtr-plava\/#breadcrumb\",\"itemListElement\":[{\"@type\":\"ListItem\",\"position\":1,\"name\":\"Domov\",\"item\":\"https:\/\/www.technic-toys.com\/hr\/\"},{\"@type\":\"ListItem\",\"position\":2,\"name\":\"Shop\",\"item\":\"https:\/\/www.technic-toys.com\/hr\/shop-2\/\"},{\"@type\":\"ListItem\",\"position\":3,\"name\":\"AMXRock RockHammer Crawler 1:10, RTR, plava\"}]},{\"@type\":\"WebSite\",\"@id\":\"https:\/\/www.technic-toys.com\/en\/#website\",\"url\":\"https:\/\/www.technic-toys.com\/en\/\",\"name\":\"TECHNIC TOYS SHOP\",\"description\":\"\",\"potentialAction\":[{\"@type\":\"SearchAction\",\"target\":{\"@type\":\"EntryPoint\",\"urlTemplate\":\"https:\/\/www.technic-toys.com\/en\/?s={search_term_string}\"},\"query-input\":\"required name=search_term_string\"}],\"inLanguage\":\"hr\"}]}<\/script>\n<!-- \/ Yoast SEO plugin. -->","yoast_head_json":{"title":"AMXRock RockHammer Crawler 1:10, RTR, plava - TECHNIC TOYS SHOP","robots":{"index":"index","follow":"follow","max-snippet":"max-snippet:-1","max-image-preview":"max-image-preview:large","max-video-preview":"max-video-preview:-1"},"canonical":"https:\/\/www.technic-toys.com\/hr\/proizvod\/amxrock-rockhammer-crawler-110-rtr-plava\/","og_locale":"hr_HR","og_type":"article","og_title":"AMXRock RockHammer Crawler 1:10, RTR, plava - TECHNIC TOYS SHOP","og_description":"AMXRock Rock Hammer Crawler 1:10, RTR Rock Hammer u skali 1:10 mo\u017ee savladati skoro svaku prepreku zahvaljuju\u0107i svojim ogromnim off-road to\u010dkovima (140 mm) i 80 mm klirensa od tla. \u0160asija, sa vi\u0161estrukim ovjesom, omogu\u0107ava maksimalno uvijanje, \u0161to gusjenicu \u010dini vrlo okretnom. Rock Hammer je napravljen spreman za vo\u017enju. Samo napunite pogonsku bateriju, baterije u daljinskom [&hellip;]","og_url":"https:\/\/www.technic-toys.com\/hr\/proizvod\/amxrock-rockhammer-crawler-110-rtr-plava\/","og_site_name":"TECHNIC TOYS SHOP","article_modified_time":"2022-08-01T10:45:10+00:00","og_image":[{"width":1280,"height":734,"url":"https:\/\/www.technic-toys.com\/wp-content\/uploads\/2022\/04\/22342.jpg","type":"image\/jpeg"}],"twitter_card":"summary_large_image","twitter_misc":{"Procijenjeno vrijeme \u010ditanja":"1 minuta"},"schema":{"@context":"https:\/\/schema.org","@graph":[{"@type":"WebPage","@id":"https:\/\/www.technic-toys.com\/hr\/proizvod\/amxrock-rockhammer-crawler-110-rtr-plava\/","url":"https:\/\/www.technic-toys.com\/hr\/proizvod\/amxrock-rockhammer-crawler-110-rtr-plava\/","name":"AMXRock RockHammer Crawler 1:10, RTR, plava - TECHNIC TOYS SHOP","isPartOf":{"@id":"https:\/\/www.technic-toys.com\/en\/#website"},"datePublished":"2022-04-08T19:32:46+00:00","dateModified":"2022-08-01T10:45:10+00:00","breadcrumb":{"@id":"https:\/\/www.technic-toys.com\/hr\/proizvod\/amxrock-rockhammer-crawler-110-rtr-plava\/#breadcrumb"},"inLanguage":"hr","potentialAction":[{"@type":"ReadAction","target":["https:\/\/www.technic-toys.com\/hr\/proizvod\/amxrock-rockhammer-crawler-110-rtr-plava\/"]}]},{"@type":"BreadcrumbList","@id":"https:\/\/www.technic-toys.com\/hr\/proizvod\/amxrock-rockhammer-crawler-110-rtr-plava\/#breadcrumb","itemListElement":[{"@type":"ListItem","position":1,"name":"Domov","item":"https:\/\/www.technic-toys.com\/hr\/"},{"@type":"ListItem","position":2,"name":"Shop","item":"https:\/\/www.technic-toys.com\/hr\/shop-2\/"},{"@type":"ListItem","position":3,"name":"AMXRock RockHammer Crawler 1:10, RTR, plava"}]},{"@type":"WebSite","@id":"https:\/\/www.technic-toys.com\/en\/#website","url":"https:\/\/www.technic-toys.com\/en\/","name":"TECHNIC TOYS SHOP","description":"","potentialAction":[{"@type":"SearchAction","target":{"@type":"EntryPoint","urlTemplate":"https:\/\/www.technic-toys.com\/en\/?s={search_term_string}"},"query-input":"required name=search_term_string"}],"inLanguage":"hr"}]}},"_links":{"self":[{"href":"https:\/\/www.technic-toys.com\/hr\/wp-json\/wp\/v2\/product\/19478"}],"collection":[{"href":"https:\/\/www.technic-toys.com\/hr\/wp-json\/wp\/v2\/product"}],"about":[{"href":"https:\/\/www.technic-toys.com\/hr\/wp-json\/wp\/v2\/types\/product"}],"wp:featuredmedia":[{"embeddable":true,"href":"https:\/\/www.technic-toys.com\/hr\/wp-json\/wp\/v2\/media\/11863"}],"wp:attachment":[{"href":"https:\/\/www.technic-toys.com\/hr\/wp-json\/wp\/v2\/media?parent=19478"}],"wp:term":[{"taxonomy":"product_cat","embeddable":true,"href":"https:\/\/www.technic-toys.com\/hr\/wp-json\/wp\/v2\/product_cat?post=19478"},{"taxonomy":"product_tag","embeddable":true,"href":"https:\/\/www.technic-toys.com\/hr\/wp-json\/wp\/v2\/product_tag?post=19478"}],"curies":[{"name":"wp","href":"https:\/\/api.w.org\/{rel}","templated":true}]}}