{"id":19479,"date":"2022-04-08T16:06:09","date_gmt":"2022-04-08T19:32:46","guid":{"rendered":"https:\/\/www.technic-toys.com\/izdelek\/utovarivac-na-kotacima-g484e-114-rtr-10-kanalni-zvuk-svjetlo-djelomicno-metal\/"},"modified":"2022-08-01T12:45:05","modified_gmt":"2022-08-01T10:45:05","slug":"utovarivac-na-kotacima-g484e-114-rtr-10-kanalni-zvuk-svjetlo-djelomicno-metal","status":"publish","type":"product","link":"https:\/\/www.technic-toys.com\/hr\/proizvod\/utovarivac-na-kotacima-g484e-114-rtr-10-kanalni-zvuk-svjetlo-djelomicno-metal\/","title":{"rendered":"Utovariva\u010d na kota\u010dima G484E 1:14, RTR 10-kanalni zvuk, svjetlo, djelomi\u010dno metal"},"content":{"rendered":"<p>Utovariva\u010d na to\u010dkovima 1:14, RTR, 10-kanalni &#8211; najprodavaniji u V4 verziji<\/p>\n<p>Promjene u odnosu na V3:<br \/>\nPotpuno proporcionalna kontrola gasa\/upravlja\u010da<br \/>\nPotpuno proporcionalna kontrola no\u017eeva<br \/>\nZna\u010dajno br\u017ei zglobni zglob (upravlja\u010d)<br \/>\nSvjetlo sprijeda bijelo, pozadi crveno<br \/>\nMetalni predajnik<br \/>\nNova V4 elektronika (pobolj\u0161ana)<\/p>\n<p>Utovariva\u010d na kota\u010dima u mjerilu 1: 14 \/ dio metalne skale Ovaj visokokvalitetni utovariva\u010d na kota\u010dima zatvara jaz izme\u0111u RC igra\u010daka i profesionalne izrade modela. Grana, lopata \u0161irine 190 mm i dijelovi nadgradnje izra\u0111eni su od pravog metala. Propovjedaonica je izra\u0111ena od plastike otporne na udarce. Vizuelne i tehni\u010dke karakteristike ovog modela 1:14 ne\u0107e impresionirati samo iskusne proizvo\u0111a\u010de modela. Zglobni zglob utovariva\u010da na kota\u010dima je potpuno proporcionalan i omogu\u0107ava osjetljivu kontrolu. Brzina upravljanja ponovo bi mogla biti zna\u010dajno pove\u0107ana u odnosu na verziju 2 i 3! Funkcije gore\/dolje, otvaranje\/zatvaranje lopate su tako\u0111er proporcionalne. U trenutnoj verziji V4, gas se tako\u0111e mo\u017ee kontrolisati potpuno proporcionalno. Precizan rad sa ovim visokokvalitetnim modelom stoga nije problem. Ogromna snaga pokretanja dva pogona vretena tako\u0111er omogu\u0107ava podizanje te\u0161kih tereta. Ukupne performanse modela ponovo su zna\u010dajno pove\u0107ane u V4 verziji. Sve funkcije odgovaraju &#8220;originalnom&#8221;.<\/p>\n<p>Karakteristike:<br \/>\nProporcionalna kontrola (gaz, upravljanje, oprema)<br \/>\nBrzo upravljanje<br \/>\nZvuk se mo\u017ee uklju\u010diti\/isklju\u010diti&lt; br \/&gt; 10 kanala koji se mogu kontrolirati<br \/>\n2.4GHz kontrola 10 kanala<br \/>\nDugo vrijeme putovanja<br \/>\nRTR verzija uklju\u010duju\u0107i bateriju\/punja\u010d<br \/>\nGumene gume<br \/>\nSna\u017eni pogoni<br \/>\n&lt; br \/&gt;Tehni\u010dki podaci: Du\u017eina: 540 mm \u0160irina: 200 mm Visina: 210 mm Te\u017eina: oko 4,8 kg Lopata: 190 mm Motor \u010detke \/ pogon \/&gt;Pogoni vretena \/ lopata + ruka<br \/>\nBaterija 2000mAh Li-Ion, 7.4V XT30<\/p>\n<p>Obim isporuke:<br \/>\nUtovariva\u010d na to\u010dkovima 1:14 metalni dio<br \/>\nBaterija 2000mAh Li-Ion 7 ,4V, 93g, 69x37x18mm, XT30 utika\u010d (utika\u010d)<br \/>\nPunja\u010d<br \/>\nOda\u0161ilja\u010d 10 kanalni 2.4GHz<br \/>\nUpute DE \/ Eng<br \/>\nOd 14 godina<\/p>\n","protected":false},"excerpt":{"rendered":"<p>Utovariva\u010d na to\u010dkovima 1:14, RTR, 10-kanalni &#8211; najprodavaniji u V4 verziji Promjene u odnosu na V3: Potpuno proporcionalna kontrola gasa\/upravlja\u010da Potpuno proporcionalna kontrola no\u017eeva Zna\u010dajno br\u017ei zglobni zglob (upravlja\u010d) Svjetlo sprijeda bijelo, pozadi crveno Metalni predajnik Nova V4 elektronika (pobolj\u0161ana) Utovariva\u010d na kota\u010dima u mjerilu 1: 14 \/ dio metalne skale Ovaj visokokvalitetni utovariva\u010d na [&hellip;]<\/p>\n","protected":false},"featured_media":11874,"template":"","meta":[],"product_cat":[514,420],"product_tag":[],"acf":[],"yoast_head":"<!-- This site is optimized with the Yoast SEO plugin v21.7 - https:\/\/yoast.com\/wordpress\/plugins\/seo\/ -->\n<title>Utovariva\u010d na kota\u010dima G484E 1:14, RTR 10-kanalni zvuk, svjetlo, djelomi\u010dno metal - TECHNIC TOYS SHOP<\/title>\n<meta name=\"robots\" content=\"index, follow, max-snippet:-1, max-image-preview:large, max-video-preview:-1\" \/>\n<link rel=\"canonical\" href=\"https:\/\/www.technic-toys.com\/hr\/proizvod\/utovarivac-na-kotacima-g484e-114-rtr-10-kanalni-zvuk-svjetlo-djelomicno-metal\/\" \/>\n<meta property=\"og:locale\" content=\"hr_HR\" \/>\n<meta property=\"og:type\" content=\"article\" \/>\n<meta property=\"og:title\" content=\"Utovariva\u010d na kota\u010dima G484E 1:14, RTR 10-kanalni zvuk, svjetlo, djelomi\u010dno metal - TECHNIC TOYS SHOP\" \/>\n<meta property=\"og:description\" content=\"Utovariva\u010d na to\u010dkovima 1:14, RTR, 10-kanalni &#8211; najprodavaniji u V4 verziji Promjene u odnosu na V3: Potpuno proporcionalna kontrola gasa\/upravlja\u010da Potpuno proporcionalna kontrola no\u017eeva Zna\u010dajno br\u017ei zglobni zglob (upravlja\u010d) Svjetlo sprijeda bijelo, pozadi crveno Metalni predajnik Nova V4 elektronika (pobolj\u0161ana) Utovariva\u010d na kota\u010dima u mjerilu 1: 14 \/ dio metalne skale Ovaj visokokvalitetni utovariva\u010d na [&hellip;]\" \/>\n<meta property=\"og:url\" content=\"https:\/\/www.technic-toys.com\/hr\/proizvod\/utovarivac-na-kotacima-g484e-114-rtr-10-kanalni-zvuk-svjetlo-djelomicno-metal\/\" \/>\n<meta property=\"og:site_name\" content=\"TECHNIC TOYS SHOP\" \/>\n<meta property=\"article:modified_time\" content=\"2022-08-01T10:45:05+00:00\" \/>\n<meta property=\"og:image\" content=\"https:\/\/www.technic-toys.com\/wp-content\/uploads\/2022\/04\/22343.jpg\" \/>\n\t<meta property=\"og:image:width\" content=\"1280\" \/>\n\t<meta property=\"og:image:height\" content=\"734\" \/>\n\t<meta property=\"og:image:type\" content=\"image\/jpeg\" \/>\n<meta name=\"twitter:card\" content=\"summary_large_image\" \/>\n<meta name=\"twitter:label1\" content=\"Procijenjeno vrijeme \u010ditanja\" \/>\n\t<meta name=\"twitter:data1\" content=\"2 minute\" \/>\n<script type=\"application\/ld+json\" class=\"yoast-schema-graph\">{\"@context\":\"https:\/\/schema.org\",\"@graph\":[{\"@type\":\"WebPage\",\"@id\":\"https:\/\/www.technic-toys.com\/hr\/proizvod\/utovarivac-na-kotacima-g484e-114-rtr-10-kanalni-zvuk-svjetlo-djelomicno-metal\/\",\"url\":\"https:\/\/www.technic-toys.com\/hr\/proizvod\/utovarivac-na-kotacima-g484e-114-rtr-10-kanalni-zvuk-svjetlo-djelomicno-metal\/\",\"name\":\"Utovariva\u010d na kota\u010dima G484E 1:14, RTR 10-kanalni zvuk, svjetlo, djelomi\u010dno metal - TECHNIC TOYS SHOP\",\"isPartOf\":{\"@id\":\"https:\/\/www.technic-toys.com\/en\/#website\"},\"datePublished\":\"2022-04-08T19:32:46+00:00\",\"dateModified\":\"2022-08-01T10:45:05+00:00\",\"breadcrumb\":{\"@id\":\"https:\/\/www.technic-toys.com\/hr\/proizvod\/utovarivac-na-kotacima-g484e-114-rtr-10-kanalni-zvuk-svjetlo-djelomicno-metal\/#breadcrumb\"},\"inLanguage\":\"hr\",\"potentialAction\":[{\"@type\":\"ReadAction\",\"target\":[\"https:\/\/www.technic-toys.com\/hr\/proizvod\/utovarivac-na-kotacima-g484e-114-rtr-10-kanalni-zvuk-svjetlo-djelomicno-metal\/\"]}]},{\"@type\":\"BreadcrumbList\",\"@id\":\"https:\/\/www.technic-toys.com\/hr\/proizvod\/utovarivac-na-kotacima-g484e-114-rtr-10-kanalni-zvuk-svjetlo-djelomicno-metal\/#breadcrumb\",\"itemListElement\":[{\"@type\":\"ListItem\",\"position\":1,\"name\":\"Domov\",\"item\":\"https:\/\/www.technic-toys.com\/hr\/\"},{\"@type\":\"ListItem\",\"position\":2,\"name\":\"Shop\",\"item\":\"https:\/\/www.technic-toys.com\/hr\/shop-2\/\"},{\"@type\":\"ListItem\",\"position\":3,\"name\":\"Utovariva\u010d na kota\u010dima G484E 1:14, RTR 10-kanalni zvuk, svjetlo, djelomi\u010dno metal\"}]},{\"@type\":\"WebSite\",\"@id\":\"https:\/\/www.technic-toys.com\/en\/#website\",\"url\":\"https:\/\/www.technic-toys.com\/en\/\",\"name\":\"TECHNIC TOYS SHOP\",\"description\":\"\",\"potentialAction\":[{\"@type\":\"SearchAction\",\"target\":{\"@type\":\"EntryPoint\",\"urlTemplate\":\"https:\/\/www.technic-toys.com\/en\/?s={search_term_string}\"},\"query-input\":\"required name=search_term_string\"}],\"inLanguage\":\"hr\"}]}<\/script>\n<!-- \/ Yoast SEO plugin. -->","yoast_head_json":{"title":"Utovariva\u010d na kota\u010dima G484E 1:14, RTR 10-kanalni zvuk, svjetlo, djelomi\u010dno metal - TECHNIC TOYS SHOP","robots":{"index":"index","follow":"follow","max-snippet":"max-snippet:-1","max-image-preview":"max-image-preview:large","max-video-preview":"max-video-preview:-1"},"canonical":"https:\/\/www.technic-toys.com\/hr\/proizvod\/utovarivac-na-kotacima-g484e-114-rtr-10-kanalni-zvuk-svjetlo-djelomicno-metal\/","og_locale":"hr_HR","og_type":"article","og_title":"Utovariva\u010d na kota\u010dima G484E 1:14, RTR 10-kanalni zvuk, svjetlo, djelomi\u010dno metal - TECHNIC TOYS SHOP","og_description":"Utovariva\u010d na to\u010dkovima 1:14, RTR, 10-kanalni &#8211; najprodavaniji u V4 verziji Promjene u odnosu na V3: Potpuno proporcionalna kontrola gasa\/upravlja\u010da Potpuno proporcionalna kontrola no\u017eeva Zna\u010dajno br\u017ei zglobni zglob (upravlja\u010d) Svjetlo sprijeda bijelo, pozadi crveno Metalni predajnik Nova V4 elektronika (pobolj\u0161ana) Utovariva\u010d na kota\u010dima u mjerilu 1: 14 \/ dio metalne skale Ovaj visokokvalitetni utovariva\u010d na [&hellip;]","og_url":"https:\/\/www.technic-toys.com\/hr\/proizvod\/utovarivac-na-kotacima-g484e-114-rtr-10-kanalni-zvuk-svjetlo-djelomicno-metal\/","og_site_name":"TECHNIC TOYS SHOP","article_modified_time":"2022-08-01T10:45:05+00:00","og_image":[{"width":1280,"height":734,"url":"https:\/\/www.technic-toys.com\/wp-content\/uploads\/2022\/04\/22343.jpg","type":"image\/jpeg"}],"twitter_card":"summary_large_image","twitter_misc":{"Procijenjeno vrijeme \u010ditanja":"2 minute"},"schema":{"@context":"https:\/\/schema.org","@graph":[{"@type":"WebPage","@id":"https:\/\/www.technic-toys.com\/hr\/proizvod\/utovarivac-na-kotacima-g484e-114-rtr-10-kanalni-zvuk-svjetlo-djelomicno-metal\/","url":"https:\/\/www.technic-toys.com\/hr\/proizvod\/utovarivac-na-kotacima-g484e-114-rtr-10-kanalni-zvuk-svjetlo-djelomicno-metal\/","name":"Utovariva\u010d na kota\u010dima G484E 1:14, RTR 10-kanalni zvuk, svjetlo, djelomi\u010dno metal - TECHNIC TOYS SHOP","isPartOf":{"@id":"https:\/\/www.technic-toys.com\/en\/#website"},"datePublished":"2022-04-08T19:32:46+00:00","dateModified":"2022-08-01T10:45:05+00:00","breadcrumb":{"@id":"https:\/\/www.technic-toys.com\/hr\/proizvod\/utovarivac-na-kotacima-g484e-114-rtr-10-kanalni-zvuk-svjetlo-djelomicno-metal\/#breadcrumb"},"inLanguage":"hr","potentialAction":[{"@type":"ReadAction","target":["https:\/\/www.technic-toys.com\/hr\/proizvod\/utovarivac-na-kotacima-g484e-114-rtr-10-kanalni-zvuk-svjetlo-djelomicno-metal\/"]}]},{"@type":"BreadcrumbList","@id":"https:\/\/www.technic-toys.com\/hr\/proizvod\/utovarivac-na-kotacima-g484e-114-rtr-10-kanalni-zvuk-svjetlo-djelomicno-metal\/#breadcrumb","itemListElement":[{"@type":"ListItem","position":1,"name":"Domov","item":"https:\/\/www.technic-toys.com\/hr\/"},{"@type":"ListItem","position":2,"name":"Shop","item":"https:\/\/www.technic-toys.com\/hr\/shop-2\/"},{"@type":"ListItem","position":3,"name":"Utovariva\u010d na kota\u010dima G484E 1:14, RTR 10-kanalni zvuk, svjetlo, djelomi\u010dno metal"}]},{"@type":"WebSite","@id":"https:\/\/www.technic-toys.com\/en\/#website","url":"https:\/\/www.technic-toys.com\/en\/","name":"TECHNIC TOYS SHOP","description":"","potentialAction":[{"@type":"SearchAction","target":{"@type":"EntryPoint","urlTemplate":"https:\/\/www.technic-toys.com\/en\/?s={search_term_string}"},"query-input":"required name=search_term_string"}],"inLanguage":"hr"}]}},"_links":{"self":[{"href":"https:\/\/www.technic-toys.com\/hr\/wp-json\/wp\/v2\/product\/19479"}],"collection":[{"href":"https:\/\/www.technic-toys.com\/hr\/wp-json\/wp\/v2\/product"}],"about":[{"href":"https:\/\/www.technic-toys.com\/hr\/wp-json\/wp\/v2\/types\/product"}],"wp:featuredmedia":[{"embeddable":true,"href":"https:\/\/www.technic-toys.com\/hr\/wp-json\/wp\/v2\/media\/11874"}],"wp:attachment":[{"href":"https:\/\/www.technic-toys.com\/hr\/wp-json\/wp\/v2\/media?parent=19479"}],"wp:term":[{"taxonomy":"product_cat","embeddable":true,"href":"https:\/\/www.technic-toys.com\/hr\/wp-json\/wp\/v2\/product_cat?post=19479"},{"taxonomy":"product_tag","embeddable":true,"href":"https:\/\/www.technic-toys.com\/hr\/wp-json\/wp\/v2\/product_tag?post=19479"}],"curies":[{"name":"wp","href":"https:\/\/api.w.org\/{rel}","templated":true}]}}