{"id":19480,"date":"2022-04-08T16:06:09","date_gmt":"2022-04-08T19:32:46","guid":{"rendered":"https:\/\/www.technic-toys.com\/izdelek\/bager-potpuno-metal-u-koznom-kucistu-114-rtr-v4\/"},"modified":"2022-08-01T12:45:06","modified_gmt":"2022-08-01T10:45:06","slug":"bager-potpuno-metal-u-koznom-kucistu-114-rtr-v4","status":"publish","type":"product","link":"https:\/\/www.technic-toys.com\/hr\/proizvod\/bager-potpuno-metal-u-koznom-kucistu-114-rtr-v4\/","title":{"rendered":"Bager potpuno metal u ko\u017enom ku\u0107i\u0161tu, 1:14, RTR V4"},"content":{"rendered":"<p>Na\u0161 najbolji prodava\u010d u visokokvalitetnoj futroli! Ovaj potpuno metalni bager u mjerilu 1:14 ne ostavlja gotovo ni\u0161ta \u0161to se \u017eeli. Ruka, lopata, cijela konstrukcija i svaki lanac mogu se kontrolirati zasebno. Model tako\u0111er ima generator zvuka i dima. Toranj se mo\u017ee rotirati za 360\u00b0 beskona\u010dno! Ovaj visokokvalitetni, pravi model bagera gusjeni\u010dara zatvara jaz izme\u0111u igra\u010daka i funkcionalnih modela izuzetno visoke cijene. Na potpuno metalnom bageru mogu se kontrolisati ukupno 23 kanala. Dakle, model ni na koji na\u010din nije inferioran u odnosu na original. Mogu\u0107nost terenske vo\u017enje u kombinaciji sa elektronikom otpornom na prskanje vode osiguravaju nesmetanu zabavu i dug vijek trajanja pojedina\u010dnih komponenti.<br \/>\nBager tako\u0111er dolazi sa drvenom hvataljkom i metalnim rotacionim \u010deki\u0107em. Dakle, model se mo\u017ee obnoviti u nekoliko jednostavnih koraka! Svi dijelovi zup\u010danika su izra\u0111eni od metala, a model ima i sna\u017ene servomotore, koji bez problema mogu podnijeti i velika optere\u0107enja! Kvalitet i detalji ovog modela su za sada jedinstveni kao RTR model.<\/p>\n<p>Tehni\u010dki podaci:<br \/>\nKonstrukcija: puni metal<br \/>\nPogon: metalni lanci koji se mogu pojedina\u010dno kontrolirati<br \/>\nRazmjer : 1:14&lt; br \/&gt;Dimenzije: 700 x 480 x 180mm<br \/>\nTe\u017eina: oko 7 kg<br \/>\nBroj kanala: 23 kanala<br \/>\nFrekvencija: 2.4GHz<br \/>\nBaterija: LI -ION 7.4V 2000MAH&lt; br \/&gt;Funkcija: naprijed, nazad, lijevo, desno,<br \/>\npostaviti lijevo, postaviti udesno, velika ruka<br \/>\ngore\/dolje, mala ruka gore\/dolje ,<br \/>\nlopata gore\/dolje, svjetlo, zvuk, demo na\u010din rada,<br \/>\ngenerator dima uklju\u010den\/isklju\u010den, svaki lanac pojedina\u010dno<br \/>\nkontrolisan, uklju\u010dite se na licu mjesta dok<br \/>\nokrenite dok vozite, zvuk uklju\u010deno \/ isklju\u010deno<\/p>\n<p>Obim isporuke :<br \/>\n1 x transportni kofer izgled ko\u017ee<br \/>\n1 x bager 1:14 metalni RTR<br \/>\n1 x baterija 7.4V Li-Ion 2000mAh<br \/>\n1 x predajnik 2,4GHz<br \/>\n1 x USB punja\u010d<br \/>\n1 x uputstva<br \/>\n1 x metalna bu\u0161ilica za \u010deki\u0107<br \/>\n1 x metalna drvena hvataljka<br \/>\n1 x ulje za dim<br \/>\n1 x odvija\u010d<\/p>\n<p>Uskoro \u0107e biti potreban:<br \/>\npredajnik Teri: 3 x 1.5V AA Mignon<\/p>\n","protected":false},"excerpt":{"rendered":"<p>Na\u0161 najbolji prodava\u010d u visokokvalitetnoj futroli! Ovaj potpuno metalni bager u mjerilu 1:14 ne ostavlja gotovo ni\u0161ta \u0161to se \u017eeli. Ruka, lopata, cijela konstrukcija i svaki lanac mogu se kontrolirati zasebno. Model tako\u0111er ima generator zvuka i dima. Toranj se mo\u017ee rotirati za 360\u00b0 beskona\u010dno! Ovaj visokokvalitetni, pravi model bagera gusjeni\u010dara zatvara jaz izme\u0111u igra\u010daka [&hellip;]<\/p>\n","protected":false},"featured_media":11893,"template":"","meta":[],"product_cat":[514,420],"product_tag":[],"acf":[],"yoast_head":"<!-- This site is optimized with the Yoast SEO plugin v21.7 - https:\/\/yoast.com\/wordpress\/plugins\/seo\/ -->\n<title>Bager potpuno metal u ko\u017enom ku\u0107i\u0161tu, 1:14, RTR V4 - TECHNIC TOYS SHOP<\/title>\n<meta name=\"robots\" content=\"index, follow, max-snippet:-1, max-image-preview:large, max-video-preview:-1\" \/>\n<link rel=\"canonical\" href=\"https:\/\/www.technic-toys.com\/hr\/proizvod\/bager-potpuno-metal-u-koznom-kucistu-114-rtr-v4\/\" \/>\n<meta property=\"og:locale\" content=\"hr_HR\" \/>\n<meta property=\"og:type\" content=\"article\" \/>\n<meta property=\"og:title\" content=\"Bager potpuno metal u ko\u017enom ku\u0107i\u0161tu, 1:14, RTR V4 - TECHNIC TOYS SHOP\" \/>\n<meta property=\"og:description\" content=\"Na\u0161 najbolji prodava\u010d u visokokvalitetnoj futroli! Ovaj potpuno metalni bager u mjerilu 1:14 ne ostavlja gotovo ni\u0161ta \u0161to se \u017eeli. Ruka, lopata, cijela konstrukcija i svaki lanac mogu se kontrolirati zasebno. Model tako\u0111er ima generator zvuka i dima. Toranj se mo\u017ee rotirati za 360\u00b0 beskona\u010dno! Ovaj visokokvalitetni, pravi model bagera gusjeni\u010dara zatvara jaz izme\u0111u igra\u010daka [&hellip;]\" \/>\n<meta property=\"og:url\" content=\"https:\/\/www.technic-toys.com\/hr\/proizvod\/bager-potpuno-metal-u-koznom-kucistu-114-rtr-v4\/\" \/>\n<meta property=\"og:site_name\" content=\"TECHNIC TOYS SHOP\" \/>\n<meta property=\"article:modified_time\" content=\"2022-08-01T10:45:06+00:00\" \/>\n<meta property=\"og:image\" content=\"https:\/\/www.technic-toys.com\/wp-content\/uploads\/2022\/04\/22344tYlDSXI62iyEq.jpg\" \/>\n\t<meta property=\"og:image:width\" content=\"2560\" \/>\n\t<meta property=\"og:image:height\" content=\"1468\" \/>\n\t<meta property=\"og:image:type\" content=\"image\/jpeg\" \/>\n<meta name=\"twitter:card\" content=\"summary_large_image\" \/>\n<meta name=\"twitter:label1\" content=\"Procijenjeno vrijeme \u010ditanja\" \/>\n\t<meta name=\"twitter:data1\" content=\"2 minute\" \/>\n<script type=\"application\/ld+json\" class=\"yoast-schema-graph\">{\"@context\":\"https:\/\/schema.org\",\"@graph\":[{\"@type\":\"WebPage\",\"@id\":\"https:\/\/www.technic-toys.com\/hr\/proizvod\/bager-potpuno-metal-u-koznom-kucistu-114-rtr-v4\/\",\"url\":\"https:\/\/www.technic-toys.com\/hr\/proizvod\/bager-potpuno-metal-u-koznom-kucistu-114-rtr-v4\/\",\"name\":\"Bager potpuno metal u ko\u017enom ku\u0107i\u0161tu, 1:14, RTR V4 - TECHNIC TOYS SHOP\",\"isPartOf\":{\"@id\":\"https:\/\/www.technic-toys.com\/en\/#website\"},\"datePublished\":\"2022-04-08T19:32:46+00:00\",\"dateModified\":\"2022-08-01T10:45:06+00:00\",\"breadcrumb\":{\"@id\":\"https:\/\/www.technic-toys.com\/hr\/proizvod\/bager-potpuno-metal-u-koznom-kucistu-114-rtr-v4\/#breadcrumb\"},\"inLanguage\":\"hr\",\"potentialAction\":[{\"@type\":\"ReadAction\",\"target\":[\"https:\/\/www.technic-toys.com\/hr\/proizvod\/bager-potpuno-metal-u-koznom-kucistu-114-rtr-v4\/\"]}]},{\"@type\":\"BreadcrumbList\",\"@id\":\"https:\/\/www.technic-toys.com\/hr\/proizvod\/bager-potpuno-metal-u-koznom-kucistu-114-rtr-v4\/#breadcrumb\",\"itemListElement\":[{\"@type\":\"ListItem\",\"position\":1,\"name\":\"Domov\",\"item\":\"https:\/\/www.technic-toys.com\/hr\/\"},{\"@type\":\"ListItem\",\"position\":2,\"name\":\"Shop\",\"item\":\"https:\/\/www.technic-toys.com\/hr\/shop-2\/\"},{\"@type\":\"ListItem\",\"position\":3,\"name\":\"Bager potpuno metal u ko\u017enom ku\u0107i\u0161tu, 1:14, RTR V4\"}]},{\"@type\":\"WebSite\",\"@id\":\"https:\/\/www.technic-toys.com\/en\/#website\",\"url\":\"https:\/\/www.technic-toys.com\/en\/\",\"name\":\"TECHNIC TOYS SHOP\",\"description\":\"\",\"potentialAction\":[{\"@type\":\"SearchAction\",\"target\":{\"@type\":\"EntryPoint\",\"urlTemplate\":\"https:\/\/www.technic-toys.com\/en\/?s={search_term_string}\"},\"query-input\":\"required name=search_term_string\"}],\"inLanguage\":\"hr\"}]}<\/script>\n<!-- \/ Yoast SEO plugin. -->","yoast_head_json":{"title":"Bager potpuno metal u ko\u017enom ku\u0107i\u0161tu, 1:14, RTR V4 - TECHNIC TOYS SHOP","robots":{"index":"index","follow":"follow","max-snippet":"max-snippet:-1","max-image-preview":"max-image-preview:large","max-video-preview":"max-video-preview:-1"},"canonical":"https:\/\/www.technic-toys.com\/hr\/proizvod\/bager-potpuno-metal-u-koznom-kucistu-114-rtr-v4\/","og_locale":"hr_HR","og_type":"article","og_title":"Bager potpuno metal u ko\u017enom ku\u0107i\u0161tu, 1:14, RTR V4 - TECHNIC TOYS SHOP","og_description":"Na\u0161 najbolji prodava\u010d u visokokvalitetnoj futroli! Ovaj potpuno metalni bager u mjerilu 1:14 ne ostavlja gotovo ni\u0161ta \u0161to se \u017eeli. Ruka, lopata, cijela konstrukcija i svaki lanac mogu se kontrolirati zasebno. Model tako\u0111er ima generator zvuka i dima. Toranj se mo\u017ee rotirati za 360\u00b0 beskona\u010dno! Ovaj visokokvalitetni, pravi model bagera gusjeni\u010dara zatvara jaz izme\u0111u igra\u010daka [&hellip;]","og_url":"https:\/\/www.technic-toys.com\/hr\/proizvod\/bager-potpuno-metal-u-koznom-kucistu-114-rtr-v4\/","og_site_name":"TECHNIC TOYS SHOP","article_modified_time":"2022-08-01T10:45:06+00:00","og_image":[{"width":2560,"height":1468,"url":"https:\/\/www.technic-toys.com\/wp-content\/uploads\/2022\/04\/22344tYlDSXI62iyEq.jpg","type":"image\/jpeg"}],"twitter_card":"summary_large_image","twitter_misc":{"Procijenjeno vrijeme \u010ditanja":"2 minute"},"schema":{"@context":"https:\/\/schema.org","@graph":[{"@type":"WebPage","@id":"https:\/\/www.technic-toys.com\/hr\/proizvod\/bager-potpuno-metal-u-koznom-kucistu-114-rtr-v4\/","url":"https:\/\/www.technic-toys.com\/hr\/proizvod\/bager-potpuno-metal-u-koznom-kucistu-114-rtr-v4\/","name":"Bager potpuno metal u ko\u017enom ku\u0107i\u0161tu, 1:14, RTR V4 - TECHNIC TOYS SHOP","isPartOf":{"@id":"https:\/\/www.technic-toys.com\/en\/#website"},"datePublished":"2022-04-08T19:32:46+00:00","dateModified":"2022-08-01T10:45:06+00:00","breadcrumb":{"@id":"https:\/\/www.technic-toys.com\/hr\/proizvod\/bager-potpuno-metal-u-koznom-kucistu-114-rtr-v4\/#breadcrumb"},"inLanguage":"hr","potentialAction":[{"@type":"ReadAction","target":["https:\/\/www.technic-toys.com\/hr\/proizvod\/bager-potpuno-metal-u-koznom-kucistu-114-rtr-v4\/"]}]},{"@type":"BreadcrumbList","@id":"https:\/\/www.technic-toys.com\/hr\/proizvod\/bager-potpuno-metal-u-koznom-kucistu-114-rtr-v4\/#breadcrumb","itemListElement":[{"@type":"ListItem","position":1,"name":"Domov","item":"https:\/\/www.technic-toys.com\/hr\/"},{"@type":"ListItem","position":2,"name":"Shop","item":"https:\/\/www.technic-toys.com\/hr\/shop-2\/"},{"@type":"ListItem","position":3,"name":"Bager potpuno metal u ko\u017enom ku\u0107i\u0161tu, 1:14, RTR V4"}]},{"@type":"WebSite","@id":"https:\/\/www.technic-toys.com\/en\/#website","url":"https:\/\/www.technic-toys.com\/en\/","name":"TECHNIC TOYS SHOP","description":"","potentialAction":[{"@type":"SearchAction","target":{"@type":"EntryPoint","urlTemplate":"https:\/\/www.technic-toys.com\/en\/?s={search_term_string}"},"query-input":"required name=search_term_string"}],"inLanguage":"hr"}]}},"_links":{"self":[{"href":"https:\/\/www.technic-toys.com\/hr\/wp-json\/wp\/v2\/product\/19480"}],"collection":[{"href":"https:\/\/www.technic-toys.com\/hr\/wp-json\/wp\/v2\/product"}],"about":[{"href":"https:\/\/www.technic-toys.com\/hr\/wp-json\/wp\/v2\/types\/product"}],"wp:featuredmedia":[{"embeddable":true,"href":"https:\/\/www.technic-toys.com\/hr\/wp-json\/wp\/v2\/media\/11893"}],"wp:attachment":[{"href":"https:\/\/www.technic-toys.com\/hr\/wp-json\/wp\/v2\/media?parent=19480"}],"wp:term":[{"taxonomy":"product_cat","embeddable":true,"href":"https:\/\/www.technic-toys.com\/hr\/wp-json\/wp\/v2\/product_cat?post=19480"},{"taxonomy":"product_tag","embeddable":true,"href":"https:\/\/www.technic-toys.com\/hr\/wp-json\/wp\/v2\/product_tag?post=19480"}],"curies":[{"name":"wp","href":"https:\/\/api.w.org\/{rel}","templated":true}]}}