{"id":19496,"date":"2022-04-08T16:06:09","date_gmt":"2022-04-08T19:33:03","guid":{"rendered":"https:\/\/www.technic-toys.com\/izdelek\/vojni-kamion-ural-b36-6wd-rtr-116-zeleni\/"},"modified":"2022-08-01T12:45:07","modified_gmt":"2022-08-01T10:45:07","slug":"vojni-kamion-ural-b36-6wd-rtr-116-zeleni","status":"publish","type":"product","link":"https:\/\/www.technic-toys.com\/hr\/proizvod\/vojni-kamion-ural-b36-6wd-rtr-116-zeleni\/","title":{"rendered":"Vojni kamion Ural B36 6WD RTR 1:16, zeleni"},"content":{"rendered":"<p>Replika poznatog i veoma popularnog vojnog kamiona &#8220;URAL B36&#8221; u razmeri 1:16. Vozilo je potpuno proporcionalno i opremljeno sna\u017enim 6WD pogonom. Osim toga, model je otporan na prskanje i stoga je u potpunosti pogodan za terensku upotrebu. Svi detalji vage su potpuno funkcionalni. Sva vrata se mogu otvoriti, a poklopac motora se tako\u0111e mo\u017ee otvoriti i slu\u017ei kao odeljak za baterije. Zadnja kutija je ve\u0107 opremljena svim dijelovima koje ima original. Ovaj sjajan model \u010dini srca svih ljubitelja skale i gusjenica br\u017ee kucati, a omjer cijene i performansi je nenadma\u0161an.<\/p>\n<p>Karakteristike:<br \/>6WD pogon<br \/>2,4 GHz kontrola<br \/ > Za\u0161ti\u0107ena od prskanja vode<br \/>Potpuno proporcionalna kontrola<br \/>Optika super skale<br \/>Dugo vrijeme vo\u017enje (pribli\u017eno 20 min.)<br \/>Kratko vrijeme punjenja (pribli\u017eno 120 min.)<br \/>Domet. pribli\u017eno 50 &#8211; 100m<br \/>Nagib do 30\u00b0<br \/>Li-Ion baterija 7.4V 500mAh uklj.<br \/>USB kabl za punjenje<\/p>\n<p>Tehni\u010dki podaci:<br \/>Du\u017eina : 420mm< br \/>\u0160irina: 145mm<br \/>Visina: 210mm<br \/>Te\u017eina: pribli\u017eno 1600g<br \/>Razmjer: 1:16<br \/>Baterija: 7.4V Li-Ion 500mAh<br \/> Punja\u010d: USB<br \/>Kontrola: 2,4GHz<\/p>\n<p>Obim isporuke:<br \/>1x sovjetski vojni kamion URAL<br \/>1x USB punja\u010d<br \/>1x baterija 7,4V Li-Ion 500mAh< br \/>1x predajnik 2.4GHz<br \/>Upute DE\/EN\/FR\/IT<\/p>\n<p>Potreban pribor:<br \/>2x 1.5V Mignon AA baterije za predajnik<\/p>\n","protected":false},"excerpt":{"rendered":"<p>Replika poznatog i veoma popularnog vojnog kamiona &#8220;URAL B36&#8221; u razmeri 1:16. Vozilo je potpuno proporcionalno i opremljeno sna\u017enim 6WD pogonom. Osim toga, model je otporan na prskanje i stoga je u potpunosti pogodan za terensku upotrebu. Svi detalji vage su potpuno funkcionalni. Sva vrata se mogu otvoriti, a poklopac motora se tako\u0111e mo\u017ee otvoriti [&hellip;]<\/p>\n","protected":false},"featured_media":12266,"template":"","meta":[],"product_cat":[514,422,421],"product_tag":[],"acf":[],"yoast_head":"<!-- This site is optimized with the Yoast SEO plugin v21.7 - https:\/\/yoast.com\/wordpress\/plugins\/seo\/ -->\n<title>Vojni kamion Ural B36 6WD RTR 1:16, zeleni - TECHNIC TOYS SHOP<\/title>\n<meta name=\"robots\" content=\"index, follow, max-snippet:-1, max-image-preview:large, max-video-preview:-1\" \/>\n<link rel=\"canonical\" href=\"https:\/\/www.technic-toys.com\/hr\/proizvod\/vojni-kamion-ural-b36-6wd-rtr-116-zeleni\/\" \/>\n<meta property=\"og:locale\" content=\"hr_HR\" \/>\n<meta property=\"og:type\" content=\"article\" \/>\n<meta property=\"og:title\" content=\"Vojni kamion Ural B36 6WD RTR 1:16, zeleni - TECHNIC TOYS SHOP\" \/>\n<meta property=\"og:description\" content=\"Replika poznatog i veoma popularnog vojnog kamiona &#8220;URAL B36&#8221; u razmeri 1:16. Vozilo je potpuno proporcionalno i opremljeno sna\u017enim 6WD pogonom. Osim toga, model je otporan na prskanje i stoga je u potpunosti pogodan za terensku upotrebu. Svi detalji vage su potpuno funkcionalni. Sva vrata se mogu otvoriti, a poklopac motora se tako\u0111e mo\u017ee otvoriti [&hellip;]\" \/>\n<meta property=\"og:url\" content=\"https:\/\/www.technic-toys.com\/hr\/proizvod\/vojni-kamion-ural-b36-6wd-rtr-116-zeleni\/\" \/>\n<meta property=\"og:site_name\" content=\"TECHNIC TOYS SHOP\" \/>\n<meta property=\"article:modified_time\" content=\"2022-08-01T10:45:07+00:00\" \/>\n<meta property=\"og:image\" content=\"https:\/\/www.technic-toys.com\/wp-content\/uploads\/2022\/04\/22371.jpg\" \/>\n\t<meta property=\"og:image:width\" content=\"1280\" \/>\n\t<meta property=\"og:image:height\" content=\"734\" \/>\n\t<meta property=\"og:image:type\" content=\"image\/jpeg\" \/>\n<meta name=\"twitter:card\" content=\"summary_large_image\" \/>\n<meta name=\"twitter:label1\" content=\"Procijenjeno vrijeme \u010ditanja\" \/>\n\t<meta name=\"twitter:data1\" content=\"1 minuta\" \/>\n<script type=\"application\/ld+json\" class=\"yoast-schema-graph\">{\"@context\":\"https:\/\/schema.org\",\"@graph\":[{\"@type\":\"WebPage\",\"@id\":\"https:\/\/www.technic-toys.com\/hr\/proizvod\/vojni-kamion-ural-b36-6wd-rtr-116-zeleni\/\",\"url\":\"https:\/\/www.technic-toys.com\/hr\/proizvod\/vojni-kamion-ural-b36-6wd-rtr-116-zeleni\/\",\"name\":\"Vojni kamion Ural B36 6WD RTR 1:16, zeleni - TECHNIC TOYS SHOP\",\"isPartOf\":{\"@id\":\"https:\/\/www.technic-toys.com\/en\/#website\"},\"datePublished\":\"2022-04-08T19:33:03+00:00\",\"dateModified\":\"2022-08-01T10:45:07+00:00\",\"breadcrumb\":{\"@id\":\"https:\/\/www.technic-toys.com\/hr\/proizvod\/vojni-kamion-ural-b36-6wd-rtr-116-zeleni\/#breadcrumb\"},\"inLanguage\":\"hr\",\"potentialAction\":[{\"@type\":\"ReadAction\",\"target\":[\"https:\/\/www.technic-toys.com\/hr\/proizvod\/vojni-kamion-ural-b36-6wd-rtr-116-zeleni\/\"]}]},{\"@type\":\"BreadcrumbList\",\"@id\":\"https:\/\/www.technic-toys.com\/hr\/proizvod\/vojni-kamion-ural-b36-6wd-rtr-116-zeleni\/#breadcrumb\",\"itemListElement\":[{\"@type\":\"ListItem\",\"position\":1,\"name\":\"Domov\",\"item\":\"https:\/\/www.technic-toys.com\/hr\/\"},{\"@type\":\"ListItem\",\"position\":2,\"name\":\"Shop\",\"item\":\"https:\/\/www.technic-toys.com\/hr\/shop-2\/\"},{\"@type\":\"ListItem\",\"position\":3,\"name\":\"Vojni kamion Ural B36 6WD RTR 1:16, zeleni\"}]},{\"@type\":\"WebSite\",\"@id\":\"https:\/\/www.technic-toys.com\/en\/#website\",\"url\":\"https:\/\/www.technic-toys.com\/en\/\",\"name\":\"TECHNIC TOYS SHOP\",\"description\":\"\",\"potentialAction\":[{\"@type\":\"SearchAction\",\"target\":{\"@type\":\"EntryPoint\",\"urlTemplate\":\"https:\/\/www.technic-toys.com\/en\/?s={search_term_string}\"},\"query-input\":\"required name=search_term_string\"}],\"inLanguage\":\"hr\"}]}<\/script>\n<!-- \/ Yoast SEO plugin. -->","yoast_head_json":{"title":"Vojni kamion Ural B36 6WD RTR 1:16, zeleni - TECHNIC TOYS SHOP","robots":{"index":"index","follow":"follow","max-snippet":"max-snippet:-1","max-image-preview":"max-image-preview:large","max-video-preview":"max-video-preview:-1"},"canonical":"https:\/\/www.technic-toys.com\/hr\/proizvod\/vojni-kamion-ural-b36-6wd-rtr-116-zeleni\/","og_locale":"hr_HR","og_type":"article","og_title":"Vojni kamion Ural B36 6WD RTR 1:16, zeleni - TECHNIC TOYS SHOP","og_description":"Replika poznatog i veoma popularnog vojnog kamiona &#8220;URAL B36&#8221; u razmeri 1:16. Vozilo je potpuno proporcionalno i opremljeno sna\u017enim 6WD pogonom. Osim toga, model je otporan na prskanje i stoga je u potpunosti pogodan za terensku upotrebu. Svi detalji vage su potpuno funkcionalni. Sva vrata se mogu otvoriti, a poklopac motora se tako\u0111e mo\u017ee otvoriti [&hellip;]","og_url":"https:\/\/www.technic-toys.com\/hr\/proizvod\/vojni-kamion-ural-b36-6wd-rtr-116-zeleni\/","og_site_name":"TECHNIC TOYS SHOP","article_modified_time":"2022-08-01T10:45:07+00:00","og_image":[{"width":1280,"height":734,"url":"https:\/\/www.technic-toys.com\/wp-content\/uploads\/2022\/04\/22371.jpg","type":"image\/jpeg"}],"twitter_card":"summary_large_image","twitter_misc":{"Procijenjeno vrijeme \u010ditanja":"1 minuta"},"schema":{"@context":"https:\/\/schema.org","@graph":[{"@type":"WebPage","@id":"https:\/\/www.technic-toys.com\/hr\/proizvod\/vojni-kamion-ural-b36-6wd-rtr-116-zeleni\/","url":"https:\/\/www.technic-toys.com\/hr\/proizvod\/vojni-kamion-ural-b36-6wd-rtr-116-zeleni\/","name":"Vojni kamion Ural B36 6WD RTR 1:16, zeleni - TECHNIC TOYS SHOP","isPartOf":{"@id":"https:\/\/www.technic-toys.com\/en\/#website"},"datePublished":"2022-04-08T19:33:03+00:00","dateModified":"2022-08-01T10:45:07+00:00","breadcrumb":{"@id":"https:\/\/www.technic-toys.com\/hr\/proizvod\/vojni-kamion-ural-b36-6wd-rtr-116-zeleni\/#breadcrumb"},"inLanguage":"hr","potentialAction":[{"@type":"ReadAction","target":["https:\/\/www.technic-toys.com\/hr\/proizvod\/vojni-kamion-ural-b36-6wd-rtr-116-zeleni\/"]}]},{"@type":"BreadcrumbList","@id":"https:\/\/www.technic-toys.com\/hr\/proizvod\/vojni-kamion-ural-b36-6wd-rtr-116-zeleni\/#breadcrumb","itemListElement":[{"@type":"ListItem","position":1,"name":"Domov","item":"https:\/\/www.technic-toys.com\/hr\/"},{"@type":"ListItem","position":2,"name":"Shop","item":"https:\/\/www.technic-toys.com\/hr\/shop-2\/"},{"@type":"ListItem","position":3,"name":"Vojni kamion Ural B36 6WD RTR 1:16, zeleni"}]},{"@type":"WebSite","@id":"https:\/\/www.technic-toys.com\/en\/#website","url":"https:\/\/www.technic-toys.com\/en\/","name":"TECHNIC TOYS SHOP","description":"","potentialAction":[{"@type":"SearchAction","target":{"@type":"EntryPoint","urlTemplate":"https:\/\/www.technic-toys.com\/en\/?s={search_term_string}"},"query-input":"required name=search_term_string"}],"inLanguage":"hr"}]}},"_links":{"self":[{"href":"https:\/\/www.technic-toys.com\/hr\/wp-json\/wp\/v2\/product\/19496"}],"collection":[{"href":"https:\/\/www.technic-toys.com\/hr\/wp-json\/wp\/v2\/product"}],"about":[{"href":"https:\/\/www.technic-toys.com\/hr\/wp-json\/wp\/v2\/types\/product"}],"wp:featuredmedia":[{"embeddable":true,"href":"https:\/\/www.technic-toys.com\/hr\/wp-json\/wp\/v2\/media\/12266"}],"wp:attachment":[{"href":"https:\/\/www.technic-toys.com\/hr\/wp-json\/wp\/v2\/media?parent=19496"}],"wp:term":[{"taxonomy":"product_cat","embeddable":true,"href":"https:\/\/www.technic-toys.com\/hr\/wp-json\/wp\/v2\/product_cat?post=19496"},{"taxonomy":"product_tag","embeddable":true,"href":"https:\/\/www.technic-toys.com\/hr\/wp-json\/wp\/v2\/product_tag?post=19496"}],"curies":[{"name":"wp","href":"https:\/\/api.w.org\/{rel}","templated":true}]}}