{"id":19510,"date":"2022-04-08T16:10:22","date_gmt":"2022-04-08T19:33:22","guid":{"rendered":"https:\/\/www.technic-toys.com\/izdelek\/americko-vojno-terensko-vozilo-114-4wd-rtr-vojno-zeleno\/"},"modified":"2022-08-01T12:45:04","modified_gmt":"2022-08-01T10:45:04","slug":"americko-vojno-terensko-vozilo-114-4wd-rtr-vojno-zeleno","status":"publish","type":"product","link":"https:\/\/www.technic-toys.com\/hr\/proizvod\/americko-vojno-terensko-vozilo-114-4wd-rtr-vojno-zeleno\/","title":{"rendered":"Ameri\u010dko vojno terensko vozilo 1:14 4WD RTR, vojno zeleno"},"content":{"rendered":"<p>Polu maketa ameri\u010dkog modela iz Drugog svetskog rata. Izgled i oprema ovog off-roadera ne ostavljaju ni\u0161ta \u0161to se \u017eeli. Potpuno proporcionalne funkcije upravljanja gasom i upravljanjem, 4WD pogon, LED rasvjeta, 3 diferencijala i neki dodaci za skale kao \u0161to su alati, rezervoar za ulje, itd. postavljaju nove standarde u klasi RTR skale za vozila ovog tipa. Model je potpuno isklju\u010den. sposoban za put i elektronika je otporna na prskanje. To zna\u010di da je off-roader siguran na bilo kom terenu, a dugo vrijeme vo\u017enje do 20 minuta zaokru\u017euje ovaj paket! Domet sistema od 2,4 GHz je otprilike 50 &#8211; 100 m, a maksimalna brzina od oko 15 km\/h je vi\u0161e nego dovoljna za zabavu van puta. Zbog svoje veli\u010dine (1:14), model tako\u0111e izgleda dobro na svakom skupu skalera i guseni\u010dara. KarakteristikeProporcionalno upravljanjeProporcionalna putanja gasa LED osvetljenje napred. Dodaci su uklju\u010deni. \u0160asija sa \u010deli\u010dnim okvirom 2,4GHz sistem. Elektronika otporna na prskanje. Potpuna terenska sposobnost. Ovaj video je ugra\u0111en sa Youtube-a.<\/p>\n","protected":false},"excerpt":{"rendered":"<p>Polu maketa ameri\u010dkog modela iz Drugog svetskog rata. Izgled i oprema ovog off-roadera ne ostavljaju ni\u0161ta \u0161to se \u017eeli. Potpuno proporcionalne funkcije upravljanja gasom i upravljanjem, 4WD pogon, LED rasvjeta, 3 diferencijala i neki dodaci za skale kao \u0161to su alati, rezervoar za ulje, itd. postavljaju nove standarde u klasi RTR skale za vozila ovog [&hellip;]<\/p>\n","protected":false},"featured_media":12601,"template":"","meta":[],"product_cat":[514,421],"product_tag":[],"acf":[],"yoast_head":"<!-- This site is optimized with the Yoast SEO plugin v21.7 - https:\/\/yoast.com\/wordpress\/plugins\/seo\/ -->\n<title>Ameri\u010dko vojno terensko vozilo 1:14 4WD RTR, vojno zeleno - TECHNIC TOYS SHOP<\/title>\n<meta name=\"robots\" content=\"index, follow, max-snippet:-1, max-image-preview:large, max-video-preview:-1\" \/>\n<link rel=\"canonical\" href=\"https:\/\/www.technic-toys.com\/hr\/proizvod\/americko-vojno-terensko-vozilo-114-4wd-rtr-vojno-zeleno\/\" \/>\n<meta property=\"og:locale\" content=\"hr_HR\" \/>\n<meta property=\"og:type\" content=\"article\" \/>\n<meta property=\"og:title\" content=\"Ameri\u010dko vojno terensko vozilo 1:14 4WD RTR, vojno zeleno - TECHNIC TOYS SHOP\" \/>\n<meta property=\"og:description\" content=\"Polu maketa ameri\u010dkog modela iz Drugog svetskog rata. Izgled i oprema ovog off-roadera ne ostavljaju ni\u0161ta \u0161to se \u017eeli. Potpuno proporcionalne funkcije upravljanja gasom i upravljanjem, 4WD pogon, LED rasvjeta, 3 diferencijala i neki dodaci za skale kao \u0161to su alati, rezervoar za ulje, itd. postavljaju nove standarde u klasi RTR skale za vozila ovog [&hellip;]\" \/>\n<meta property=\"og:url\" content=\"https:\/\/www.technic-toys.com\/hr\/proizvod\/americko-vojno-terensko-vozilo-114-4wd-rtr-vojno-zeleno\/\" \/>\n<meta property=\"og:site_name\" content=\"TECHNIC TOYS SHOP\" \/>\n<meta property=\"article:modified_time\" content=\"2022-08-01T10:45:04+00:00\" \/>\n<meta property=\"og:image\" content=\"https:\/\/www.technic-toys.com\/wp-content\/uploads\/2022\/04\/22386.jpg\" \/>\n\t<meta property=\"og:image:width\" content=\"1280\" \/>\n\t<meta property=\"og:image:height\" content=\"734\" \/>\n\t<meta property=\"og:image:type\" content=\"image\/jpeg\" \/>\n<meta name=\"twitter:card\" content=\"summary_large_image\" \/>\n<meta name=\"twitter:label1\" content=\"Procijenjeno vrijeme \u010ditanja\" \/>\n\t<meta name=\"twitter:data1\" content=\"1 minuta\" \/>\n<script type=\"application\/ld+json\" class=\"yoast-schema-graph\">{\"@context\":\"https:\/\/schema.org\",\"@graph\":[{\"@type\":\"WebPage\",\"@id\":\"https:\/\/www.technic-toys.com\/hr\/proizvod\/americko-vojno-terensko-vozilo-114-4wd-rtr-vojno-zeleno\/\",\"url\":\"https:\/\/www.technic-toys.com\/hr\/proizvod\/americko-vojno-terensko-vozilo-114-4wd-rtr-vojno-zeleno\/\",\"name\":\"Ameri\u010dko vojno terensko vozilo 1:14 4WD RTR, vojno zeleno - TECHNIC TOYS SHOP\",\"isPartOf\":{\"@id\":\"https:\/\/www.technic-toys.com\/en\/#website\"},\"datePublished\":\"2022-04-08T19:33:22+00:00\",\"dateModified\":\"2022-08-01T10:45:04+00:00\",\"breadcrumb\":{\"@id\":\"https:\/\/www.technic-toys.com\/hr\/proizvod\/americko-vojno-terensko-vozilo-114-4wd-rtr-vojno-zeleno\/#breadcrumb\"},\"inLanguage\":\"hr\",\"potentialAction\":[{\"@type\":\"ReadAction\",\"target\":[\"https:\/\/www.technic-toys.com\/hr\/proizvod\/americko-vojno-terensko-vozilo-114-4wd-rtr-vojno-zeleno\/\"]}]},{\"@type\":\"BreadcrumbList\",\"@id\":\"https:\/\/www.technic-toys.com\/hr\/proizvod\/americko-vojno-terensko-vozilo-114-4wd-rtr-vojno-zeleno\/#breadcrumb\",\"itemListElement\":[{\"@type\":\"ListItem\",\"position\":1,\"name\":\"Domov\",\"item\":\"https:\/\/www.technic-toys.com\/hr\/\"},{\"@type\":\"ListItem\",\"position\":2,\"name\":\"Shop\",\"item\":\"https:\/\/www.technic-toys.com\/hr\/shop-2\/\"},{\"@type\":\"ListItem\",\"position\":3,\"name\":\"Ameri\u010dko vojno terensko vozilo 1:14 4WD RTR, vojno zeleno\"}]},{\"@type\":\"WebSite\",\"@id\":\"https:\/\/www.technic-toys.com\/en\/#website\",\"url\":\"https:\/\/www.technic-toys.com\/en\/\",\"name\":\"TECHNIC TOYS SHOP\",\"description\":\"\",\"potentialAction\":[{\"@type\":\"SearchAction\",\"target\":{\"@type\":\"EntryPoint\",\"urlTemplate\":\"https:\/\/www.technic-toys.com\/en\/?s={search_term_string}\"},\"query-input\":\"required name=search_term_string\"}],\"inLanguage\":\"hr\"}]}<\/script>\n<!-- \/ Yoast SEO plugin. -->","yoast_head_json":{"title":"Ameri\u010dko vojno terensko vozilo 1:14 4WD RTR, vojno zeleno - TECHNIC TOYS SHOP","robots":{"index":"index","follow":"follow","max-snippet":"max-snippet:-1","max-image-preview":"max-image-preview:large","max-video-preview":"max-video-preview:-1"},"canonical":"https:\/\/www.technic-toys.com\/hr\/proizvod\/americko-vojno-terensko-vozilo-114-4wd-rtr-vojno-zeleno\/","og_locale":"hr_HR","og_type":"article","og_title":"Ameri\u010dko vojno terensko vozilo 1:14 4WD RTR, vojno zeleno - TECHNIC TOYS SHOP","og_description":"Polu maketa ameri\u010dkog modela iz Drugog svetskog rata. Izgled i oprema ovog off-roadera ne ostavljaju ni\u0161ta \u0161to se \u017eeli. Potpuno proporcionalne funkcije upravljanja gasom i upravljanjem, 4WD pogon, LED rasvjeta, 3 diferencijala i neki dodaci za skale kao \u0161to su alati, rezervoar za ulje, itd. postavljaju nove standarde u klasi RTR skale za vozila ovog [&hellip;]","og_url":"https:\/\/www.technic-toys.com\/hr\/proizvod\/americko-vojno-terensko-vozilo-114-4wd-rtr-vojno-zeleno\/","og_site_name":"TECHNIC TOYS SHOP","article_modified_time":"2022-08-01T10:45:04+00:00","og_image":[{"width":1280,"height":734,"url":"https:\/\/www.technic-toys.com\/wp-content\/uploads\/2022\/04\/22386.jpg","type":"image\/jpeg"}],"twitter_card":"summary_large_image","twitter_misc":{"Procijenjeno vrijeme \u010ditanja":"1 minuta"},"schema":{"@context":"https:\/\/schema.org","@graph":[{"@type":"WebPage","@id":"https:\/\/www.technic-toys.com\/hr\/proizvod\/americko-vojno-terensko-vozilo-114-4wd-rtr-vojno-zeleno\/","url":"https:\/\/www.technic-toys.com\/hr\/proizvod\/americko-vojno-terensko-vozilo-114-4wd-rtr-vojno-zeleno\/","name":"Ameri\u010dko vojno terensko vozilo 1:14 4WD RTR, vojno zeleno - TECHNIC TOYS SHOP","isPartOf":{"@id":"https:\/\/www.technic-toys.com\/en\/#website"},"datePublished":"2022-04-08T19:33:22+00:00","dateModified":"2022-08-01T10:45:04+00:00","breadcrumb":{"@id":"https:\/\/www.technic-toys.com\/hr\/proizvod\/americko-vojno-terensko-vozilo-114-4wd-rtr-vojno-zeleno\/#breadcrumb"},"inLanguage":"hr","potentialAction":[{"@type":"ReadAction","target":["https:\/\/www.technic-toys.com\/hr\/proizvod\/americko-vojno-terensko-vozilo-114-4wd-rtr-vojno-zeleno\/"]}]},{"@type":"BreadcrumbList","@id":"https:\/\/www.technic-toys.com\/hr\/proizvod\/americko-vojno-terensko-vozilo-114-4wd-rtr-vojno-zeleno\/#breadcrumb","itemListElement":[{"@type":"ListItem","position":1,"name":"Domov","item":"https:\/\/www.technic-toys.com\/hr\/"},{"@type":"ListItem","position":2,"name":"Shop","item":"https:\/\/www.technic-toys.com\/hr\/shop-2\/"},{"@type":"ListItem","position":3,"name":"Ameri\u010dko vojno terensko vozilo 1:14 4WD RTR, vojno zeleno"}]},{"@type":"WebSite","@id":"https:\/\/www.technic-toys.com\/en\/#website","url":"https:\/\/www.technic-toys.com\/en\/","name":"TECHNIC TOYS SHOP","description":"","potentialAction":[{"@type":"SearchAction","target":{"@type":"EntryPoint","urlTemplate":"https:\/\/www.technic-toys.com\/en\/?s={search_term_string}"},"query-input":"required name=search_term_string"}],"inLanguage":"hr"}]}},"_links":{"self":[{"href":"https:\/\/www.technic-toys.com\/hr\/wp-json\/wp\/v2\/product\/19510"}],"collection":[{"href":"https:\/\/www.technic-toys.com\/hr\/wp-json\/wp\/v2\/product"}],"about":[{"href":"https:\/\/www.technic-toys.com\/hr\/wp-json\/wp\/v2\/types\/product"}],"wp:featuredmedia":[{"embeddable":true,"href":"https:\/\/www.technic-toys.com\/hr\/wp-json\/wp\/v2\/media\/12601"}],"wp:attachment":[{"href":"https:\/\/www.technic-toys.com\/hr\/wp-json\/wp\/v2\/media?parent=19510"}],"wp:term":[{"taxonomy":"product_cat","embeddable":true,"href":"https:\/\/www.technic-toys.com\/hr\/wp-json\/wp\/v2\/product_cat?post=19510"},{"taxonomy":"product_tag","embeddable":true,"href":"https:\/\/www.technic-toys.com\/hr\/wp-json\/wp\/v2\/product_tag?post=19510"}],"curies":[{"name":"wp","href":"https:\/\/api.w.org\/{rel}","templated":true}]}}