{"id":19518,"date":"2022-04-08T16:10:22","date_gmt":"2022-04-08T19:33:22","guid":{"rendered":"https:\/\/www.technic-toys.com\/izdelek\/amx-rock-terensko-vozilo-4wd-135-kit\/"},"modified":"2022-08-01T12:45:05","modified_gmt":"2022-08-01T10:45:05","slug":"amx-rock-terensko-vozilo-4wd-135-kit","status":"publish","type":"product","link":"https:\/\/www.technic-toys.com\/hr\/proizvod\/amx-rock-terensko-vozilo-4wd-135-kit\/","title":{"rendered":"AMX-Rock terensko vozilo 4WD 1:35 kit"},"content":{"rendered":"<p>Komplet legendarnog terenskog vozila D110. Ovaj model se isporu\u010duje kao kompletan komplet za entuzijaste u izgradnji modela i uklju\u010duje sve \u0161to je potrebno osim oda\u0161ilja\u010da, prijemnika i kontrolera. Baterija, kvalitetan motor i dobar servo upravlja\u010d su uklju\u010deni u komplet. Karoserija je neobojena i mo\u017ee se slobodno dizajnirati. Kvalitet ovog sjajnog modela je apsolutno vrhunska i \u010dini da srce svakog ljubitelja vage br\u017ee kuca. Struktura vozila je dizajnirana kao guseni\u010darska i stoga je ovaj model sa odgovaraju\u0107im kontrolerom (mountain break) u potpunosti sposoban za terensku vo\u017enju! Izgradite vlastitu gusjenicu u dnevnoj sobi ili u vrtu i u\u017eivajte u odli\u010dnim voznim karakteristikama na\u0161eg modela D110 u najmanjim prostorima. Tehni\u010dki podaci: Du\u017eina: 151 mm \u0160irina: 59 mm Visina: 62 mm Te\u017eina: pribli\u017eno. kontrolerLiPo baterija 2S 260mAh Konstrukcijski priru\u010dnik D \/ Eng Potreban pribor Oda\u0161ilja\u010d i prijemnik Kontroler (npr. Hobbywing ili Castle Creation)<\/p>\n","protected":false},"excerpt":{"rendered":"<p>Komplet legendarnog terenskog vozila D110. Ovaj model se isporu\u010duje kao kompletan komplet za entuzijaste u izgradnji modela i uklju\u010duje sve \u0161to je potrebno osim oda\u0161ilja\u010da, prijemnika i kontrolera. Baterija, kvalitetan motor i dobar servo upravlja\u010d su uklju\u010deni u komplet. Karoserija je neobojena i mo\u017ee se slobodno dizajnirati. Kvalitet ovog sjajnog modela je apsolutno vrhunska i [&hellip;]<\/p>\n","protected":false},"featured_media":12816,"template":"","meta":[],"product_cat":[514,515],"product_tag":[],"acf":[],"yoast_head":"<!-- This site is optimized with the Yoast SEO plugin v21.7 - https:\/\/yoast.com\/wordpress\/plugins\/seo\/ -->\n<title>AMX-Rock terensko vozilo 4WD 1:35 kit - TECHNIC TOYS SHOP<\/title>\n<meta name=\"robots\" content=\"index, follow, max-snippet:-1, max-image-preview:large, max-video-preview:-1\" \/>\n<link rel=\"canonical\" href=\"https:\/\/www.technic-toys.com\/hr\/proizvod\/amx-rock-terensko-vozilo-4wd-135-kit\/\" \/>\n<meta property=\"og:locale\" content=\"hr_HR\" \/>\n<meta property=\"og:type\" content=\"article\" \/>\n<meta property=\"og:title\" content=\"AMX-Rock terensko vozilo 4WD 1:35 kit - TECHNIC TOYS SHOP\" \/>\n<meta property=\"og:description\" content=\"Komplet legendarnog terenskog vozila D110. Ovaj model se isporu\u010duje kao kompletan komplet za entuzijaste u izgradnji modela i uklju\u010duje sve \u0161to je potrebno osim oda\u0161ilja\u010da, prijemnika i kontrolera. Baterija, kvalitetan motor i dobar servo upravlja\u010d su uklju\u010deni u komplet. Karoserija je neobojena i mo\u017ee se slobodno dizajnirati. Kvalitet ovog sjajnog modela je apsolutno vrhunska i [&hellip;]\" \/>\n<meta property=\"og:url\" content=\"https:\/\/www.technic-toys.com\/hr\/proizvod\/amx-rock-terensko-vozilo-4wd-135-kit\/\" \/>\n<meta property=\"og:site_name\" content=\"TECHNIC TOYS SHOP\" \/>\n<meta property=\"article:modified_time\" content=\"2022-08-01T10:45:05+00:00\" \/>\n<meta property=\"og:image\" content=\"https:\/\/www.technic-toys.com\/wp-content\/uploads\/2022\/04\/22395.jpg\" \/>\n\t<meta property=\"og:image:width\" content=\"2500\" \/>\n\t<meta property=\"og:image:height\" content=\"1321\" \/>\n\t<meta property=\"og:image:type\" content=\"image\/jpeg\" \/>\n<meta name=\"twitter:card\" content=\"summary_large_image\" \/>\n<meta name=\"twitter:label1\" content=\"Procijenjeno vrijeme \u010ditanja\" \/>\n\t<meta name=\"twitter:data1\" content=\"1 minuta\" \/>\n<script type=\"application\/ld+json\" class=\"yoast-schema-graph\">{\"@context\":\"https:\/\/schema.org\",\"@graph\":[{\"@type\":\"WebPage\",\"@id\":\"https:\/\/www.technic-toys.com\/hr\/proizvod\/amx-rock-terensko-vozilo-4wd-135-kit\/\",\"url\":\"https:\/\/www.technic-toys.com\/hr\/proizvod\/amx-rock-terensko-vozilo-4wd-135-kit\/\",\"name\":\"AMX-Rock terensko vozilo 4WD 1:35 kit - TECHNIC TOYS SHOP\",\"isPartOf\":{\"@id\":\"https:\/\/www.technic-toys.com\/en\/#website\"},\"datePublished\":\"2022-04-08T19:33:22+00:00\",\"dateModified\":\"2022-08-01T10:45:05+00:00\",\"breadcrumb\":{\"@id\":\"https:\/\/www.technic-toys.com\/hr\/proizvod\/amx-rock-terensko-vozilo-4wd-135-kit\/#breadcrumb\"},\"inLanguage\":\"hr\",\"potentialAction\":[{\"@type\":\"ReadAction\",\"target\":[\"https:\/\/www.technic-toys.com\/hr\/proizvod\/amx-rock-terensko-vozilo-4wd-135-kit\/\"]}]},{\"@type\":\"BreadcrumbList\",\"@id\":\"https:\/\/www.technic-toys.com\/hr\/proizvod\/amx-rock-terensko-vozilo-4wd-135-kit\/#breadcrumb\",\"itemListElement\":[{\"@type\":\"ListItem\",\"position\":1,\"name\":\"Domov\",\"item\":\"https:\/\/www.technic-toys.com\/hr\/\"},{\"@type\":\"ListItem\",\"position\":2,\"name\":\"Shop\",\"item\":\"https:\/\/www.technic-toys.com\/hr\/shop-2\/\"},{\"@type\":\"ListItem\",\"position\":3,\"name\":\"AMX-Rock terensko vozilo 4WD 1:35 kit\"}]},{\"@type\":\"WebSite\",\"@id\":\"https:\/\/www.technic-toys.com\/en\/#website\",\"url\":\"https:\/\/www.technic-toys.com\/en\/\",\"name\":\"TECHNIC TOYS SHOP\",\"description\":\"\",\"potentialAction\":[{\"@type\":\"SearchAction\",\"target\":{\"@type\":\"EntryPoint\",\"urlTemplate\":\"https:\/\/www.technic-toys.com\/en\/?s={search_term_string}\"},\"query-input\":\"required name=search_term_string\"}],\"inLanguage\":\"hr\"}]}<\/script>\n<!-- \/ Yoast SEO plugin. -->","yoast_head_json":{"title":"AMX-Rock terensko vozilo 4WD 1:35 kit - TECHNIC TOYS SHOP","robots":{"index":"index","follow":"follow","max-snippet":"max-snippet:-1","max-image-preview":"max-image-preview:large","max-video-preview":"max-video-preview:-1"},"canonical":"https:\/\/www.technic-toys.com\/hr\/proizvod\/amx-rock-terensko-vozilo-4wd-135-kit\/","og_locale":"hr_HR","og_type":"article","og_title":"AMX-Rock terensko vozilo 4WD 1:35 kit - TECHNIC TOYS SHOP","og_description":"Komplet legendarnog terenskog vozila D110. Ovaj model se isporu\u010duje kao kompletan komplet za entuzijaste u izgradnji modela i uklju\u010duje sve \u0161to je potrebno osim oda\u0161ilja\u010da, prijemnika i kontrolera. Baterija, kvalitetan motor i dobar servo upravlja\u010d su uklju\u010deni u komplet. Karoserija je neobojena i mo\u017ee se slobodno dizajnirati. Kvalitet ovog sjajnog modela je apsolutno vrhunska i [&hellip;]","og_url":"https:\/\/www.technic-toys.com\/hr\/proizvod\/amx-rock-terensko-vozilo-4wd-135-kit\/","og_site_name":"TECHNIC TOYS SHOP","article_modified_time":"2022-08-01T10:45:05+00:00","og_image":[{"width":2500,"height":1321,"url":"https:\/\/www.technic-toys.com\/wp-content\/uploads\/2022\/04\/22395.jpg","type":"image\/jpeg"}],"twitter_card":"summary_large_image","twitter_misc":{"Procijenjeno vrijeme \u010ditanja":"1 minuta"},"schema":{"@context":"https:\/\/schema.org","@graph":[{"@type":"WebPage","@id":"https:\/\/www.technic-toys.com\/hr\/proizvod\/amx-rock-terensko-vozilo-4wd-135-kit\/","url":"https:\/\/www.technic-toys.com\/hr\/proizvod\/amx-rock-terensko-vozilo-4wd-135-kit\/","name":"AMX-Rock terensko vozilo 4WD 1:35 kit - TECHNIC TOYS SHOP","isPartOf":{"@id":"https:\/\/www.technic-toys.com\/en\/#website"},"datePublished":"2022-04-08T19:33:22+00:00","dateModified":"2022-08-01T10:45:05+00:00","breadcrumb":{"@id":"https:\/\/www.technic-toys.com\/hr\/proizvod\/amx-rock-terensko-vozilo-4wd-135-kit\/#breadcrumb"},"inLanguage":"hr","potentialAction":[{"@type":"ReadAction","target":["https:\/\/www.technic-toys.com\/hr\/proizvod\/amx-rock-terensko-vozilo-4wd-135-kit\/"]}]},{"@type":"BreadcrumbList","@id":"https:\/\/www.technic-toys.com\/hr\/proizvod\/amx-rock-terensko-vozilo-4wd-135-kit\/#breadcrumb","itemListElement":[{"@type":"ListItem","position":1,"name":"Domov","item":"https:\/\/www.technic-toys.com\/hr\/"},{"@type":"ListItem","position":2,"name":"Shop","item":"https:\/\/www.technic-toys.com\/hr\/shop-2\/"},{"@type":"ListItem","position":3,"name":"AMX-Rock terensko vozilo 4WD 1:35 kit"}]},{"@type":"WebSite","@id":"https:\/\/www.technic-toys.com\/en\/#website","url":"https:\/\/www.technic-toys.com\/en\/","name":"TECHNIC TOYS SHOP","description":"","potentialAction":[{"@type":"SearchAction","target":{"@type":"EntryPoint","urlTemplate":"https:\/\/www.technic-toys.com\/en\/?s={search_term_string}"},"query-input":"required name=search_term_string"}],"inLanguage":"hr"}]}},"_links":{"self":[{"href":"https:\/\/www.technic-toys.com\/hr\/wp-json\/wp\/v2\/product\/19518"}],"collection":[{"href":"https:\/\/www.technic-toys.com\/hr\/wp-json\/wp\/v2\/product"}],"about":[{"href":"https:\/\/www.technic-toys.com\/hr\/wp-json\/wp\/v2\/types\/product"}],"wp:featuredmedia":[{"embeddable":true,"href":"https:\/\/www.technic-toys.com\/hr\/wp-json\/wp\/v2\/media\/12816"}],"wp:attachment":[{"href":"https:\/\/www.technic-toys.com\/hr\/wp-json\/wp\/v2\/media?parent=19518"}],"wp:term":[{"taxonomy":"product_cat","embeddable":true,"href":"https:\/\/www.technic-toys.com\/hr\/wp-json\/wp\/v2\/product_cat?post=19518"},{"taxonomy":"product_tag","embeddable":true,"href":"https:\/\/www.technic-toys.com\/hr\/wp-json\/wp\/v2\/product_tag?post=19518"}],"curies":[{"name":"wp","href":"https:\/\/api.w.org\/{rel}","templated":true}]}}