{"id":19528,"date":"2022-04-08T16:15:12","date_gmt":"2022-04-08T19:33:22","guid":{"rendered":"https:\/\/www.technic-toys.com\/izdelek\/mercedes-benz-arocs-licencni-kamion-kiper-2-4ghz-rtr-red\/"},"modified":"2022-08-01T12:45:01","modified_gmt":"2022-08-01T10:45:01","slug":"mercedes-benz-arocs-licencni-kamion-kiper-2-4ghz-rtr-red","status":"publish","type":"product","link":"https:\/\/www.technic-toys.com\/hr\/proizvod\/mercedes-benz-arocs-licencni-kamion-kiper-2-4ghz-rtr-red\/","title":{"rendered":"Mercedes-Benz Arocs licencni kamion kiper 2.4GHz RTR red"},"content":{"rendered":"<p>Sjajan originalni Mercedes-Benz model Arocs kipera. Arocs je naziv poznate serije Mercedes-Benz kamiona iz Daimler AG. Vozila za gradili\u0161te Arocs su prvi put predstavljena 2013. godine i od tada su prona\u0111ena na mnogim gradili\u0161tima \u0161irom svijeta. Odlikuju ih visoke performanse, pouzdanost i robusnost. Sa ovim licenciranim modelom, gotovo sve funkcije se mogu kontrolisati kao kod velikog brata, \u010dine\u0107i da srca ljubitelja skalera br\u017ee kucaju. Model ima 4WD pogon i kapsulirani mjenja\u010d, stoga je za\u0161ti\u0107en od prskanja vode i stoga je pogodan i za terensku upotrebu. Struktura i boja ovog visokokvalitetnog modela odgovaraju originalu, \u0161to ovaj model \u010dini posebnim u pogledu dizajna i prezentacije. Model se isporu\u010duje RTR (ready to run) a u obim isporuke je sve \u0161to je potrebno za rad. (Osim baterija za oda\u0161ilja\u010d) Karakteristike Originalni licencirani Mercedes-Benz model 10 kanala koji se mo\u017ee kontrolisati 2.4GHz sistem (bez gre\u0161ke) Funkcije: naprijed\/nazad\/desno\/lijevo, zvuk uklju\u010den\/isklju\u010den, svjetlo, kroz odvojeno kontrolisano dugo vrijeme vo\u017enje (do 20 min.)Uklju\u010dena baterija (Ni-MH 7.2V 400mAh) punja\u010d uklju\u010den, predajnik uklju\u010den, originalna simulacija svih funkcija tehni\u010dki podaci: du\u017eina: 422 mm \u0161irina: 152 mm visina: 181 mm te\u017eina: 2600 g vrijeme vo\u017enje do 20 min (u zavisnosti od stil vo\u017enje) vrijeme punjenja pribli\u017eno 1,5 sati domet: pribli\u017eno 30m USB kabl za punjenje baterija: 7,2 V 400 mAh Ni-Mh BEC priklju\u010dak obim isporuke: model Arocs kiper predajnik 2,4 Ghz baterija 7,2 V 400 mAh Ni-Mh punja\u010d USB upute: njema\u010dki \/ engleski \/ Ita \/ Fra potrebna dodatna oprema 4x AA Mignon baterija za predajnik 1,5 V pogodna od 8 godina<\/p>\n","protected":false},"excerpt":{"rendered":"<p>Sjajan originalni Mercedes-Benz model Arocs kipera. Arocs je naziv poznate serije Mercedes-Benz kamiona iz Daimler AG. Vozila za gradili\u0161te Arocs su prvi put predstavljena 2013. godine i od tada su prona\u0111ena na mnogim gradili\u0161tima \u0161irom svijeta. Odlikuju ih visoke performanse, pouzdanost i robusnost. Sa ovim licenciranim modelom, gotovo sve funkcije se mogu kontrolisati kao kod [&hellip;]<\/p>\n","protected":false},"featured_media":13027,"template":"","meta":[],"product_cat":[514,422],"product_tag":[],"acf":[],"yoast_head":"<!-- This site is optimized with the Yoast SEO plugin v21.7 - https:\/\/yoast.com\/wordpress\/plugins\/seo\/ -->\n<title>Mercedes-Benz Arocs licencni kamion kiper 2.4GHz RTR red - TECHNIC TOYS SHOP<\/title>\n<meta name=\"robots\" content=\"index, follow, max-snippet:-1, max-image-preview:large, max-video-preview:-1\" \/>\n<link rel=\"canonical\" href=\"https:\/\/www.technic-toys.com\/hr\/proizvod\/mercedes-benz-arocs-licencni-kamion-kiper-2-4ghz-rtr-red\/\" \/>\n<meta property=\"og:locale\" content=\"hr_HR\" \/>\n<meta property=\"og:type\" content=\"article\" \/>\n<meta property=\"og:title\" content=\"Mercedes-Benz Arocs licencni kamion kiper 2.4GHz RTR red - TECHNIC TOYS SHOP\" \/>\n<meta property=\"og:description\" content=\"Sjajan originalni Mercedes-Benz model Arocs kipera. Arocs je naziv poznate serije Mercedes-Benz kamiona iz Daimler AG. Vozila za gradili\u0161te Arocs su prvi put predstavljena 2013. godine i od tada su prona\u0111ena na mnogim gradili\u0161tima \u0161irom svijeta. Odlikuju ih visoke performanse, pouzdanost i robusnost. Sa ovim licenciranim modelom, gotovo sve funkcije se mogu kontrolisati kao kod [&hellip;]\" \/>\n<meta property=\"og:url\" content=\"https:\/\/www.technic-toys.com\/hr\/proizvod\/mercedes-benz-arocs-licencni-kamion-kiper-2-4ghz-rtr-red\/\" \/>\n<meta property=\"og:site_name\" content=\"TECHNIC TOYS SHOP\" \/>\n<meta property=\"article:modified_time\" content=\"2022-08-01T10:45:01+00:00\" \/>\n<meta property=\"og:image\" content=\"https:\/\/www.technic-toys.com\/wp-content\/uploads\/2022\/04\/22407.jpg\" \/>\n\t<meta property=\"og:image:width\" content=\"2560\" \/>\n\t<meta property=\"og:image:height\" content=\"1468\" \/>\n\t<meta property=\"og:image:type\" content=\"image\/jpeg\" \/>\n<meta name=\"twitter:card\" content=\"summary_large_image\" \/>\n<meta name=\"twitter:label1\" content=\"Procijenjeno vrijeme \u010ditanja\" \/>\n\t<meta name=\"twitter:data1\" content=\"1 minuta\" \/>\n<script type=\"application\/ld+json\" class=\"yoast-schema-graph\">{\"@context\":\"https:\/\/schema.org\",\"@graph\":[{\"@type\":\"WebPage\",\"@id\":\"https:\/\/www.technic-toys.com\/hr\/proizvod\/mercedes-benz-arocs-licencni-kamion-kiper-2-4ghz-rtr-red\/\",\"url\":\"https:\/\/www.technic-toys.com\/hr\/proizvod\/mercedes-benz-arocs-licencni-kamion-kiper-2-4ghz-rtr-red\/\",\"name\":\"Mercedes-Benz Arocs licencni kamion kiper 2.4GHz RTR red - TECHNIC TOYS SHOP\",\"isPartOf\":{\"@id\":\"https:\/\/www.technic-toys.com\/en\/#website\"},\"datePublished\":\"2022-04-08T19:33:22+00:00\",\"dateModified\":\"2022-08-01T10:45:01+00:00\",\"breadcrumb\":{\"@id\":\"https:\/\/www.technic-toys.com\/hr\/proizvod\/mercedes-benz-arocs-licencni-kamion-kiper-2-4ghz-rtr-red\/#breadcrumb\"},\"inLanguage\":\"hr\",\"potentialAction\":[{\"@type\":\"ReadAction\",\"target\":[\"https:\/\/www.technic-toys.com\/hr\/proizvod\/mercedes-benz-arocs-licencni-kamion-kiper-2-4ghz-rtr-red\/\"]}]},{\"@type\":\"BreadcrumbList\",\"@id\":\"https:\/\/www.technic-toys.com\/hr\/proizvod\/mercedes-benz-arocs-licencni-kamion-kiper-2-4ghz-rtr-red\/#breadcrumb\",\"itemListElement\":[{\"@type\":\"ListItem\",\"position\":1,\"name\":\"Domov\",\"item\":\"https:\/\/www.technic-toys.com\/hr\/\"},{\"@type\":\"ListItem\",\"position\":2,\"name\":\"Shop\",\"item\":\"https:\/\/www.technic-toys.com\/hr\/shop-2\/\"},{\"@type\":\"ListItem\",\"position\":3,\"name\":\"Mercedes-Benz Arocs licencni kamion kiper 2.4GHz RTR red\"}]},{\"@type\":\"WebSite\",\"@id\":\"https:\/\/www.technic-toys.com\/en\/#website\",\"url\":\"https:\/\/www.technic-toys.com\/en\/\",\"name\":\"TECHNIC TOYS SHOP\",\"description\":\"\",\"potentialAction\":[{\"@type\":\"SearchAction\",\"target\":{\"@type\":\"EntryPoint\",\"urlTemplate\":\"https:\/\/www.technic-toys.com\/en\/?s={search_term_string}\"},\"query-input\":\"required name=search_term_string\"}],\"inLanguage\":\"hr\"}]}<\/script>\n<!-- \/ Yoast SEO plugin. -->","yoast_head_json":{"title":"Mercedes-Benz Arocs licencni kamion kiper 2.4GHz RTR red - TECHNIC TOYS SHOP","robots":{"index":"index","follow":"follow","max-snippet":"max-snippet:-1","max-image-preview":"max-image-preview:large","max-video-preview":"max-video-preview:-1"},"canonical":"https:\/\/www.technic-toys.com\/hr\/proizvod\/mercedes-benz-arocs-licencni-kamion-kiper-2-4ghz-rtr-red\/","og_locale":"hr_HR","og_type":"article","og_title":"Mercedes-Benz Arocs licencni kamion kiper 2.4GHz RTR red - TECHNIC TOYS SHOP","og_description":"Sjajan originalni Mercedes-Benz model Arocs kipera. Arocs je naziv poznate serije Mercedes-Benz kamiona iz Daimler AG. Vozila za gradili\u0161te Arocs su prvi put predstavljena 2013. godine i od tada su prona\u0111ena na mnogim gradili\u0161tima \u0161irom svijeta. Odlikuju ih visoke performanse, pouzdanost i robusnost. Sa ovim licenciranim modelom, gotovo sve funkcije se mogu kontrolisati kao kod [&hellip;]","og_url":"https:\/\/www.technic-toys.com\/hr\/proizvod\/mercedes-benz-arocs-licencni-kamion-kiper-2-4ghz-rtr-red\/","og_site_name":"TECHNIC TOYS SHOP","article_modified_time":"2022-08-01T10:45:01+00:00","og_image":[{"width":2560,"height":1468,"url":"https:\/\/www.technic-toys.com\/wp-content\/uploads\/2022\/04\/22407.jpg","type":"image\/jpeg"}],"twitter_card":"summary_large_image","twitter_misc":{"Procijenjeno vrijeme \u010ditanja":"1 minuta"},"schema":{"@context":"https:\/\/schema.org","@graph":[{"@type":"WebPage","@id":"https:\/\/www.technic-toys.com\/hr\/proizvod\/mercedes-benz-arocs-licencni-kamion-kiper-2-4ghz-rtr-red\/","url":"https:\/\/www.technic-toys.com\/hr\/proizvod\/mercedes-benz-arocs-licencni-kamion-kiper-2-4ghz-rtr-red\/","name":"Mercedes-Benz Arocs licencni kamion kiper 2.4GHz RTR red - TECHNIC TOYS SHOP","isPartOf":{"@id":"https:\/\/www.technic-toys.com\/en\/#website"},"datePublished":"2022-04-08T19:33:22+00:00","dateModified":"2022-08-01T10:45:01+00:00","breadcrumb":{"@id":"https:\/\/www.technic-toys.com\/hr\/proizvod\/mercedes-benz-arocs-licencni-kamion-kiper-2-4ghz-rtr-red\/#breadcrumb"},"inLanguage":"hr","potentialAction":[{"@type":"ReadAction","target":["https:\/\/www.technic-toys.com\/hr\/proizvod\/mercedes-benz-arocs-licencni-kamion-kiper-2-4ghz-rtr-red\/"]}]},{"@type":"BreadcrumbList","@id":"https:\/\/www.technic-toys.com\/hr\/proizvod\/mercedes-benz-arocs-licencni-kamion-kiper-2-4ghz-rtr-red\/#breadcrumb","itemListElement":[{"@type":"ListItem","position":1,"name":"Domov","item":"https:\/\/www.technic-toys.com\/hr\/"},{"@type":"ListItem","position":2,"name":"Shop","item":"https:\/\/www.technic-toys.com\/hr\/shop-2\/"},{"@type":"ListItem","position":3,"name":"Mercedes-Benz Arocs licencni kamion kiper 2.4GHz RTR red"}]},{"@type":"WebSite","@id":"https:\/\/www.technic-toys.com\/en\/#website","url":"https:\/\/www.technic-toys.com\/en\/","name":"TECHNIC TOYS SHOP","description":"","potentialAction":[{"@type":"SearchAction","target":{"@type":"EntryPoint","urlTemplate":"https:\/\/www.technic-toys.com\/en\/?s={search_term_string}"},"query-input":"required name=search_term_string"}],"inLanguage":"hr"}]}},"_links":{"self":[{"href":"https:\/\/www.technic-toys.com\/hr\/wp-json\/wp\/v2\/product\/19528"}],"collection":[{"href":"https:\/\/www.technic-toys.com\/hr\/wp-json\/wp\/v2\/product"}],"about":[{"href":"https:\/\/www.technic-toys.com\/hr\/wp-json\/wp\/v2\/types\/product"}],"wp:featuredmedia":[{"embeddable":true,"href":"https:\/\/www.technic-toys.com\/hr\/wp-json\/wp\/v2\/media\/13027"}],"wp:attachment":[{"href":"https:\/\/www.technic-toys.com\/hr\/wp-json\/wp\/v2\/media?parent=19528"}],"wp:term":[{"taxonomy":"product_cat","embeddable":true,"href":"https:\/\/www.technic-toys.com\/hr\/wp-json\/wp\/v2\/product_cat?post=19528"},{"taxonomy":"product_tag","embeddable":true,"href":"https:\/\/www.technic-toys.com\/hr\/wp-json\/wp\/v2\/product_tag?post=19528"}],"curies":[{"name":"wp","href":"https:\/\/api.w.org\/{rel}","templated":true}]}}