{"id":19531,"date":"2022-04-08T16:15:12","date_gmt":"2022-04-08T19:33:40","guid":{"rendered":"https:\/\/www.technic-toys.com\/izdelek\/mercedes-kamion-kiper-pro-metal-2-4ghz-rtr-bijeli\/"},"modified":"2024-09-08T12:12:41","modified_gmt":"2024-09-08T10:12:41","slug":"mercedes-kamion-kiper-pro-metal-2-4ghz-rtr-bijeli","status":"publish","type":"product","link":"https:\/\/www.technic-toys.com\/hr\/proizvod\/mercedes-kamion-kiper-pro-metal-2-4ghz-rtr-bijeli\/","title":{"rendered":"Mercedes kamion kiper PRO metal 2.4GHz RTR bijeli"},"content":{"rendered":"<p>Odli\u010dan model Mercedes Arocs kipera u ekskluzivnoj bijeloj boji koji odgovara na\u0161im bagerima od punog metala i utovariva\u010dima na kota\u010dima. (22415 \/ 22416) Arocs je naziv poznate serije Mercedes-Benz kamiona iz Daimler AG-a.<br \/>Vozila za gradili\u0161te Arocs su prvi put predstavljena 2013. godine i od tada se nalaze na mnogim gradili\u0161tima \u0161irom svijeta. Odlikuju ih visoke performanse, pouzdanost i robusnost. Sa ovim licenciranim modelom, gotovo sve funkcije se mogu kontrolisati kao kod velikog brata.<br \/>Model ima 4WD pogon, inkapsuliran mjenja\u010d i potpuno proporcionalnu kontrolu. Otporan je na prskanje i stoga je u potpunosti pogodan za terensku upotrebu. Struktura i boja ovog visokokvalitetnog modela u potpuno metalnoj konstrukciji odgovaraju originalu i to \u010dini ovaj model jedinstvenim u pogledu dizajna i funkcije. Model se isporu\u010duje RTR a u obim isporuke je sve \u0161to je potrebno za rad. (osim baterija za predajnik)<\/p>\n<p>Karakteristike:<br \/>Visokokvalitetna bela zavr\u0161na obrada<br \/>10 kanala koji se mogu kontrolirati<br \/>2,4GHz sistem (bez gre\u0161aka) Funkcije: naprijed \/ nazad \/ desno \/ lijevo, zvuk uklju\u010den \/ isklju\u010den, svjetlo, kroz korito se mo\u017ee zasebno kontrolisati<br \/>dugo vrijeme vo\u017enje (do 30 min.)<br \/>uklju\u010dena baterija (Li-Ion 2000mAh 7.4V)<br \/>baterija je tako\u0111er uklju\u010den u bager i utovariva\u010d na kota\u010dima koji se koriste<br \/>Punja\u010d uklju\u010den (Li-Ion \/ USB)<br \/>Priklju\u010den predajnik (crni \/ gumiran)<br \/>Vjerna simulacija svih funkcija<br \/>Konstrukcija od punog metala uklju\u010duju\u0107i produ\u017eetak kabine<br \/> Potpuno proporcionalne kontrole 187mm<br \/>Te\u017eina: 3212g<br \/>Upravljanje: Proporcionalno<br \/>Plin: Proporcionalno<br \/>Kiper: Proporcionalno<br \/>Nosivost do 3,5kg<br \/>Prijenos: 2.4GHz<\/p>\n<p>Obim isporuke:<br \/>Model Mercedes AROCS licenca<br \/>Oda\u0161ilja\u010d 2.4GHz<br \/>Baterija 2000mAh Li-Ion 7.4V<br \/>USB Kabl za punjenje<br \/>Upute njema\u010dki \/ engleski<\/p>\n<p>Potreban pribor:<br \/>4x AA Mignon baterija za predajnik 1.5V<br \/>prikladno od 8 godina<\/p>\n","protected":false},"excerpt":{"rendered":"<p>Odli\u010dan model Mercedes Arocs kipera u ekskluzivnoj bijeloj boji koji odgovara na\u0161im bagerima od punog metala i utovariva\u010dima na kota\u010dima. (22415 \/ 22416) Arocs je naziv poznate serije Mercedes-Benz kamiona iz Daimler AG-a.Vozila za gradili\u0161te Arocs su prvi put predstavljena 2013. godine i od tada se nalaze na mnogim gradili\u0161tima \u0161irom svijeta. Odlikuju ih visoke [&hellip;]<\/p>\n","protected":false},"featured_media":13117,"template":"","meta":[],"product_cat":[514,422],"product_tag":[],"acf":[],"yoast_head":"<!-- This site is optimized with the Yoast SEO plugin v21.7 - https:\/\/yoast.com\/wordpress\/plugins\/seo\/ -->\n<title>Mercedes kamion kiper PRO metal 2.4GHz RTR bijeli - TECHNIC TOYS SHOP<\/title>\n<meta name=\"robots\" content=\"index, follow, max-snippet:-1, max-image-preview:large, max-video-preview:-1\" \/>\n<link rel=\"canonical\" href=\"https:\/\/www.technic-toys.com\/hr\/proizvod\/mercedes-kamion-kiper-pro-metal-2-4ghz-rtr-bijeli\/\" \/>\n<meta property=\"og:locale\" content=\"hr_HR\" \/>\n<meta property=\"og:type\" content=\"article\" \/>\n<meta property=\"og:title\" content=\"Mercedes kamion kiper PRO metal 2.4GHz RTR bijeli - TECHNIC TOYS SHOP\" \/>\n<meta property=\"og:description\" content=\"Odli\u010dan model Mercedes Arocs kipera u ekskluzivnoj bijeloj boji koji odgovara na\u0161im bagerima od punog metala i utovariva\u010dima na kota\u010dima. (22415 \/ 22416) Arocs je naziv poznate serije Mercedes-Benz kamiona iz Daimler AG-a.Vozila za gradili\u0161te Arocs su prvi put predstavljena 2013. godine i od tada se nalaze na mnogim gradili\u0161tima \u0161irom svijeta. Odlikuju ih visoke [&hellip;]\" \/>\n<meta property=\"og:url\" content=\"https:\/\/www.technic-toys.com\/hr\/proizvod\/mercedes-kamion-kiper-pro-metal-2-4ghz-rtr-bijeli\/\" \/>\n<meta property=\"og:site_name\" content=\"TECHNIC TOYS SHOP\" \/>\n<meta property=\"article:modified_time\" content=\"2024-09-08T10:12:41+00:00\" \/>\n<meta property=\"og:image\" content=\"https:\/\/www.technic-toys.com\/wp-content\/uploads\/2022\/04\/22413jCDqL4xBq0fpT.jpg\" \/>\n\t<meta property=\"og:image:width\" content=\"2560\" \/>\n\t<meta property=\"og:image:height\" content=\"1468\" \/>\n\t<meta property=\"og:image:type\" content=\"image\/jpeg\" \/>\n<meta name=\"twitter:card\" content=\"summary_large_image\" \/>\n<meta name=\"twitter:label1\" content=\"Procijenjeno vrijeme \u010ditanja\" \/>\n\t<meta name=\"twitter:data1\" content=\"1 minuta\" \/>\n<script type=\"application\/ld+json\" class=\"yoast-schema-graph\">{\"@context\":\"https:\/\/schema.org\",\"@graph\":[{\"@type\":\"WebPage\",\"@id\":\"https:\/\/www.technic-toys.com\/hr\/proizvod\/mercedes-kamion-kiper-pro-metal-2-4ghz-rtr-bijeli\/\",\"url\":\"https:\/\/www.technic-toys.com\/hr\/proizvod\/mercedes-kamion-kiper-pro-metal-2-4ghz-rtr-bijeli\/\",\"name\":\"Mercedes kamion kiper PRO metal 2.4GHz RTR bijeli - TECHNIC TOYS SHOP\",\"isPartOf\":{\"@id\":\"https:\/\/www.technic-toys.com\/en\/#website\"},\"datePublished\":\"2022-04-08T19:33:40+00:00\",\"dateModified\":\"2024-09-08T10:12:41+00:00\",\"breadcrumb\":{\"@id\":\"https:\/\/www.technic-toys.com\/hr\/proizvod\/mercedes-kamion-kiper-pro-metal-2-4ghz-rtr-bijeli\/#breadcrumb\"},\"inLanguage\":\"hr\",\"potentialAction\":[{\"@type\":\"ReadAction\",\"target\":[\"https:\/\/www.technic-toys.com\/hr\/proizvod\/mercedes-kamion-kiper-pro-metal-2-4ghz-rtr-bijeli\/\"]}]},{\"@type\":\"BreadcrumbList\",\"@id\":\"https:\/\/www.technic-toys.com\/hr\/proizvod\/mercedes-kamion-kiper-pro-metal-2-4ghz-rtr-bijeli\/#breadcrumb\",\"itemListElement\":[{\"@type\":\"ListItem\",\"position\":1,\"name\":\"Domov\",\"item\":\"https:\/\/www.technic-toys.com\/hr\/\"},{\"@type\":\"ListItem\",\"position\":2,\"name\":\"Shop\",\"item\":\"https:\/\/www.technic-toys.com\/hr\/shop-2\/\"},{\"@type\":\"ListItem\",\"position\":3,\"name\":\"Mercedes kamion kiper PRO metal 2.4GHz RTR bijeli\"}]},{\"@type\":\"WebSite\",\"@id\":\"https:\/\/www.technic-toys.com\/en\/#website\",\"url\":\"https:\/\/www.technic-toys.com\/en\/\",\"name\":\"TECHNIC TOYS SHOP\",\"description\":\"\",\"potentialAction\":[{\"@type\":\"SearchAction\",\"target\":{\"@type\":\"EntryPoint\",\"urlTemplate\":\"https:\/\/www.technic-toys.com\/en\/?s={search_term_string}\"},\"query-input\":\"required name=search_term_string\"}],\"inLanguage\":\"hr\"}]}<\/script>\n<!-- \/ Yoast SEO plugin. -->","yoast_head_json":{"title":"Mercedes kamion kiper PRO metal 2.4GHz RTR bijeli - TECHNIC TOYS SHOP","robots":{"index":"index","follow":"follow","max-snippet":"max-snippet:-1","max-image-preview":"max-image-preview:large","max-video-preview":"max-video-preview:-1"},"canonical":"https:\/\/www.technic-toys.com\/hr\/proizvod\/mercedes-kamion-kiper-pro-metal-2-4ghz-rtr-bijeli\/","og_locale":"hr_HR","og_type":"article","og_title":"Mercedes kamion kiper PRO metal 2.4GHz RTR bijeli - TECHNIC TOYS SHOP","og_description":"Odli\u010dan model Mercedes Arocs kipera u ekskluzivnoj bijeloj boji koji odgovara na\u0161im bagerima od punog metala i utovariva\u010dima na kota\u010dima. (22415 \/ 22416) Arocs je naziv poznate serije Mercedes-Benz kamiona iz Daimler AG-a.Vozila za gradili\u0161te Arocs su prvi put predstavljena 2013. godine i od tada se nalaze na mnogim gradili\u0161tima \u0161irom svijeta. Odlikuju ih visoke [&hellip;]","og_url":"https:\/\/www.technic-toys.com\/hr\/proizvod\/mercedes-kamion-kiper-pro-metal-2-4ghz-rtr-bijeli\/","og_site_name":"TECHNIC TOYS SHOP","article_modified_time":"2024-09-08T10:12:41+00:00","og_image":[{"width":2560,"height":1468,"url":"https:\/\/www.technic-toys.com\/wp-content\/uploads\/2022\/04\/22413jCDqL4xBq0fpT.jpg","type":"image\/jpeg"}],"twitter_card":"summary_large_image","twitter_misc":{"Procijenjeno vrijeme \u010ditanja":"1 minuta"},"schema":{"@context":"https:\/\/schema.org","@graph":[{"@type":"WebPage","@id":"https:\/\/www.technic-toys.com\/hr\/proizvod\/mercedes-kamion-kiper-pro-metal-2-4ghz-rtr-bijeli\/","url":"https:\/\/www.technic-toys.com\/hr\/proizvod\/mercedes-kamion-kiper-pro-metal-2-4ghz-rtr-bijeli\/","name":"Mercedes kamion kiper PRO metal 2.4GHz RTR bijeli - TECHNIC TOYS SHOP","isPartOf":{"@id":"https:\/\/www.technic-toys.com\/en\/#website"},"datePublished":"2022-04-08T19:33:40+00:00","dateModified":"2024-09-08T10:12:41+00:00","breadcrumb":{"@id":"https:\/\/www.technic-toys.com\/hr\/proizvod\/mercedes-kamion-kiper-pro-metal-2-4ghz-rtr-bijeli\/#breadcrumb"},"inLanguage":"hr","potentialAction":[{"@type":"ReadAction","target":["https:\/\/www.technic-toys.com\/hr\/proizvod\/mercedes-kamion-kiper-pro-metal-2-4ghz-rtr-bijeli\/"]}]},{"@type":"BreadcrumbList","@id":"https:\/\/www.technic-toys.com\/hr\/proizvod\/mercedes-kamion-kiper-pro-metal-2-4ghz-rtr-bijeli\/#breadcrumb","itemListElement":[{"@type":"ListItem","position":1,"name":"Domov","item":"https:\/\/www.technic-toys.com\/hr\/"},{"@type":"ListItem","position":2,"name":"Shop","item":"https:\/\/www.technic-toys.com\/hr\/shop-2\/"},{"@type":"ListItem","position":3,"name":"Mercedes kamion kiper PRO metal 2.4GHz RTR bijeli"}]},{"@type":"WebSite","@id":"https:\/\/www.technic-toys.com\/en\/#website","url":"https:\/\/www.technic-toys.com\/en\/","name":"TECHNIC TOYS SHOP","description":"","potentialAction":[{"@type":"SearchAction","target":{"@type":"EntryPoint","urlTemplate":"https:\/\/www.technic-toys.com\/en\/?s={search_term_string}"},"query-input":"required name=search_term_string"}],"inLanguage":"hr"}]}},"_links":{"self":[{"href":"https:\/\/www.technic-toys.com\/hr\/wp-json\/wp\/v2\/product\/19531"}],"collection":[{"href":"https:\/\/www.technic-toys.com\/hr\/wp-json\/wp\/v2\/product"}],"about":[{"href":"https:\/\/www.technic-toys.com\/hr\/wp-json\/wp\/v2\/types\/product"}],"wp:featuredmedia":[{"embeddable":true,"href":"https:\/\/www.technic-toys.com\/hr\/wp-json\/wp\/v2\/media\/13117"}],"wp:attachment":[{"href":"https:\/\/www.technic-toys.com\/hr\/wp-json\/wp\/v2\/media?parent=19531"}],"wp:term":[{"taxonomy":"product_cat","embeddable":true,"href":"https:\/\/www.technic-toys.com\/hr\/wp-json\/wp\/v2\/product_cat?post=19531"},{"taxonomy":"product_tag","embeddable":true,"href":"https:\/\/www.technic-toys.com\/hr\/wp-json\/wp\/v2\/product_tag?post=19531"}],"curies":[{"name":"wp","href":"https:\/\/api.w.org\/{rel}","templated":true}]}}