{"id":19536,"date":"2022-04-08T16:15:12","date_gmt":"2022-04-08T19:33:40","guid":{"rendered":"https:\/\/www.technic-toys.com\/izdelek\/4x4-americki-vojni-kamion-110-pustinjski-pijesak\/"},"modified":"2022-08-01T12:45:03","modified_gmt":"2022-08-01T10:45:03","slug":"4x4-americki-vojni-kamion-110-pustinjski-pijesak","status":"publish","type":"product","link":"https:\/\/www.technic-toys.com\/hr\/proizvod\/4x4-americki-vojni-kamion-110-pustinjski-pijesak\/","title":{"rendered":"4&#215;4 ameri\u010dki vojni kamion 1:10 Pustinjski pijesak"},"content":{"rendered":"<p>Ameri\u010dki vojni kamion 4 x 4, M 1:10 vojni pustinjski pijesak.<br \/>Tehni\u010dko remek-djelo napravljeno od djelomi\u010dnog metala kao prekrasan skaler sa mnogo dodataka i brojnim detaljima. Spreman za rad (RTR). Ovo plemenito vozilo u razmeri 1:10 postavlja nove standarde sa neverovatnom pa\u017enjom prema detaljima i odli\u010dnom tehnologijom. Model impresionira savr\u0161enom bojom, 2-brzinskim ru\u010dnim mjenja\u010dem, potpuno za\u0161ti\u0107enom \u0161asijom, elektronikom za\u0161ti\u0107enom od vode, mnogim opcijskim dodacima kao \u0161to su zvu\u010dni ili svjetlosni moduli.<br \/>Portalne osovine i \u0161asija skale s kompletnim podvozjem su tako\u0111e deo standardne opreme ovog terenskog vozila. Sva vrata se lako otvaraju spolja, a unutra\u0161njost je potpuno pro\u0161irena (\u010dak su i sedi\u0161ta obra\u0111ena gumiranom povr\u0161inom).Vrata prtlja\u017enika su opremljena sa 2 metalna amortizera koji dr\u017ee poklopac otvorenim. Poklopac je \u010dak opremljen sa 2 bo\u010dna metalna zasuna. Ispod je lutka motora vage i prijemnik sa 16 kanala. Sljede\u0107e funkcije se tako\u0111er mogu kontrolirati sa predajnika (tako\u0111er 16 kanala): svjetlo, zvuk, dim, vitlo, upravljanje (prilikom pretvaranja u vi\u0161eosovinsko upravljanje) itd. Postoji i nekoliko besplatnih kanala, jedan ili drugi opcioni dodatak treba dodati kasnije. U krovu se nalazi otvor na \u0161arkama za mitraljeza.<\/p>\n<p>Karakteristike:<br \/>Deo metal (podkonstrukcija je potpuno metalna)<br \/>2-brzinski ru\u010dni menja\u010d<br \/>Metalni zup\u010danici<br \/ >Razlike koje se mogu zaklju\u010dati putem klinova<br \/>Opcionalno mogu\u0107e vi\u0161eosno upravljanje<br \/>Puni dizajn do najsitnijih detalja<br \/>Pogon na 4 kota\u010da<br \/>Gume za terenske terene visokog prianjanja<br \/>Portalne osovine <br \/>Sna\u017ean motor<br \/>Vodootporna elektronika<br \/>16-kanalni sistem 2.4GHz<br \/>RTR model sa predajnikom, baterijom (LiPo) itd.<br \/>potpuno pogodan za terensku upotrebu<br \/ >dostupno dosta opcionih dodataka<br \/>predajnik sa USB ulazom i izlazom, npr. za punjenje pametnog telefona<\/p>\n<p>Tehni\u010dki podaci:<br \/>Du\u017eina: 470mm<br \/>\u0160irina: 220mm<br \/>Visina : 190mm<br \/>Te\u017eina: pribli\u017eno 5kg<br \/>2. Ru\u010dni mjenja\u010d<br \/>1. Brzina: pribli\u017eno 12 &#8211; 15km\/h<br \/>2. brzina. Brzina: pribli\u017eno 18 &#8211; 20km\/h<br \/>Motor: KRK 550-6526-87D<br \/>Baterija: LiPo 4500mAh 7.4V 2S<br \/>Omjer prijenosa: 1:1.4<br \/>Gume: 25 x 38 x 52 R100<br \/>Aluminijumski amortizer<br \/>2.4GHz sistem<br \/>RTR verzija (sve uklju\u010deno)<\/p>\n<p>Obim isporuke:<br \/>Vozilo<br \/>Po\u0161iljalac 2,4GHz 16 kanala \/>Baterije za predajnik 6x Mignon AA<\/p>\n","protected":false},"excerpt":{"rendered":"<p>Ameri\u010dki vojni kamion 4 x 4, M 1:10 vojni pustinjski pijesak.Tehni\u010dko remek-djelo napravljeno od djelomi\u010dnog metala kao prekrasan skaler sa mnogo dodataka i brojnim detaljima. Spreman za rad (RTR). Ovo plemenito vozilo u razmeri 1:10 postavlja nove standarde sa neverovatnom pa\u017enjom prema detaljima i odli\u010dnom tehnologijom. Model impresionira savr\u0161enom bojom, 2-brzinskim ru\u010dnim mjenja\u010dem, potpuno za\u0161ti\u0107enom [&hellip;]<\/p>\n","protected":false},"featured_media":13251,"template":"","meta":[],"product_cat":[514,422,421],"product_tag":[],"acf":[],"yoast_head":"<!-- This site is optimized with the Yoast SEO plugin v21.7 - https:\/\/yoast.com\/wordpress\/plugins\/seo\/ -->\n<title>4x4 ameri\u010dki vojni kamion 1:10 Pustinjski pijesak - TECHNIC TOYS SHOP<\/title>\n<meta name=\"robots\" content=\"index, follow, max-snippet:-1, max-image-preview:large, max-video-preview:-1\" \/>\n<link rel=\"canonical\" href=\"https:\/\/www.technic-toys.com\/hr\/proizvod\/4x4-americki-vojni-kamion-110-pustinjski-pijesak\/\" \/>\n<meta property=\"og:locale\" content=\"hr_HR\" \/>\n<meta property=\"og:type\" content=\"article\" \/>\n<meta property=\"og:title\" content=\"4x4 ameri\u010dki vojni kamion 1:10 Pustinjski pijesak - TECHNIC TOYS SHOP\" \/>\n<meta property=\"og:description\" content=\"Ameri\u010dki vojni kamion 4 x 4, M 1:10 vojni pustinjski pijesak.Tehni\u010dko remek-djelo napravljeno od djelomi\u010dnog metala kao prekrasan skaler sa mnogo dodataka i brojnim detaljima. Spreman za rad (RTR). Ovo plemenito vozilo u razmeri 1:10 postavlja nove standarde sa neverovatnom pa\u017enjom prema detaljima i odli\u010dnom tehnologijom. Model impresionira savr\u0161enom bojom, 2-brzinskim ru\u010dnim mjenja\u010dem, potpuno za\u0161ti\u0107enom [&hellip;]\" \/>\n<meta property=\"og:url\" content=\"https:\/\/www.technic-toys.com\/hr\/proizvod\/4x4-americki-vojni-kamion-110-pustinjski-pijesak\/\" \/>\n<meta property=\"og:site_name\" content=\"TECHNIC TOYS SHOP\" \/>\n<meta property=\"article:modified_time\" content=\"2022-08-01T10:45:03+00:00\" \/>\n<meta property=\"og:image\" content=\"https:\/\/www.technic-toys.com\/wp-content\/uploads\/2022\/04\/22418.jpg\" \/>\n\t<meta property=\"og:image:width\" content=\"2560\" \/>\n\t<meta property=\"og:image:height\" content=\"1468\" \/>\n\t<meta property=\"og:image:type\" content=\"image\/jpeg\" \/>\n<meta name=\"twitter:card\" content=\"summary_large_image\" \/>\n<meta name=\"twitter:label1\" content=\"Procijenjeno vrijeme \u010ditanja\" \/>\n\t<meta name=\"twitter:data1\" content=\"2 minute\" \/>\n<script type=\"application\/ld+json\" class=\"yoast-schema-graph\">{\"@context\":\"https:\/\/schema.org\",\"@graph\":[{\"@type\":\"WebPage\",\"@id\":\"https:\/\/www.technic-toys.com\/hr\/proizvod\/4x4-americki-vojni-kamion-110-pustinjski-pijesak\/\",\"url\":\"https:\/\/www.technic-toys.com\/hr\/proizvod\/4x4-americki-vojni-kamion-110-pustinjski-pijesak\/\",\"name\":\"4x4 ameri\u010dki vojni kamion 1:10 Pustinjski pijesak - TECHNIC TOYS SHOP\",\"isPartOf\":{\"@id\":\"https:\/\/www.technic-toys.com\/en\/#website\"},\"datePublished\":\"2022-04-08T19:33:40+00:00\",\"dateModified\":\"2022-08-01T10:45:03+00:00\",\"breadcrumb\":{\"@id\":\"https:\/\/www.technic-toys.com\/hr\/proizvod\/4x4-americki-vojni-kamion-110-pustinjski-pijesak\/#breadcrumb\"},\"inLanguage\":\"hr\",\"potentialAction\":[{\"@type\":\"ReadAction\",\"target\":[\"https:\/\/www.technic-toys.com\/hr\/proizvod\/4x4-americki-vojni-kamion-110-pustinjski-pijesak\/\"]}]},{\"@type\":\"BreadcrumbList\",\"@id\":\"https:\/\/www.technic-toys.com\/hr\/proizvod\/4x4-americki-vojni-kamion-110-pustinjski-pijesak\/#breadcrumb\",\"itemListElement\":[{\"@type\":\"ListItem\",\"position\":1,\"name\":\"Domov\",\"item\":\"https:\/\/www.technic-toys.com\/hr\/\"},{\"@type\":\"ListItem\",\"position\":2,\"name\":\"Shop\",\"item\":\"https:\/\/www.technic-toys.com\/hr\/shop-2\/\"},{\"@type\":\"ListItem\",\"position\":3,\"name\":\"4&#215;4 ameri\u010dki vojni kamion 1:10 Pustinjski pijesak\"}]},{\"@type\":\"WebSite\",\"@id\":\"https:\/\/www.technic-toys.com\/en\/#website\",\"url\":\"https:\/\/www.technic-toys.com\/en\/\",\"name\":\"TECHNIC TOYS SHOP\",\"description\":\"\",\"potentialAction\":[{\"@type\":\"SearchAction\",\"target\":{\"@type\":\"EntryPoint\",\"urlTemplate\":\"https:\/\/www.technic-toys.com\/en\/?s={search_term_string}\"},\"query-input\":\"required name=search_term_string\"}],\"inLanguage\":\"hr\"}]}<\/script>\n<!-- \/ Yoast SEO plugin. -->","yoast_head_json":{"title":"4x4 ameri\u010dki vojni kamion 1:10 Pustinjski pijesak - TECHNIC TOYS SHOP","robots":{"index":"index","follow":"follow","max-snippet":"max-snippet:-1","max-image-preview":"max-image-preview:large","max-video-preview":"max-video-preview:-1"},"canonical":"https:\/\/www.technic-toys.com\/hr\/proizvod\/4x4-americki-vojni-kamion-110-pustinjski-pijesak\/","og_locale":"hr_HR","og_type":"article","og_title":"4x4 ameri\u010dki vojni kamion 1:10 Pustinjski pijesak - TECHNIC TOYS SHOP","og_description":"Ameri\u010dki vojni kamion 4 x 4, M 1:10 vojni pustinjski pijesak.Tehni\u010dko remek-djelo napravljeno od djelomi\u010dnog metala kao prekrasan skaler sa mnogo dodataka i brojnim detaljima. Spreman za rad (RTR). Ovo plemenito vozilo u razmeri 1:10 postavlja nove standarde sa neverovatnom pa\u017enjom prema detaljima i odli\u010dnom tehnologijom. Model impresionira savr\u0161enom bojom, 2-brzinskim ru\u010dnim mjenja\u010dem, potpuno za\u0161ti\u0107enom [&hellip;]","og_url":"https:\/\/www.technic-toys.com\/hr\/proizvod\/4x4-americki-vojni-kamion-110-pustinjski-pijesak\/","og_site_name":"TECHNIC TOYS SHOP","article_modified_time":"2022-08-01T10:45:03+00:00","og_image":[{"width":2560,"height":1468,"url":"https:\/\/www.technic-toys.com\/wp-content\/uploads\/2022\/04\/22418.jpg","type":"image\/jpeg"}],"twitter_card":"summary_large_image","twitter_misc":{"Procijenjeno vrijeme \u010ditanja":"2 minute"},"schema":{"@context":"https:\/\/schema.org","@graph":[{"@type":"WebPage","@id":"https:\/\/www.technic-toys.com\/hr\/proizvod\/4x4-americki-vojni-kamion-110-pustinjski-pijesak\/","url":"https:\/\/www.technic-toys.com\/hr\/proizvod\/4x4-americki-vojni-kamion-110-pustinjski-pijesak\/","name":"4x4 ameri\u010dki vojni kamion 1:10 Pustinjski pijesak - TECHNIC TOYS SHOP","isPartOf":{"@id":"https:\/\/www.technic-toys.com\/en\/#website"},"datePublished":"2022-04-08T19:33:40+00:00","dateModified":"2022-08-01T10:45:03+00:00","breadcrumb":{"@id":"https:\/\/www.technic-toys.com\/hr\/proizvod\/4x4-americki-vojni-kamion-110-pustinjski-pijesak\/#breadcrumb"},"inLanguage":"hr","potentialAction":[{"@type":"ReadAction","target":["https:\/\/www.technic-toys.com\/hr\/proizvod\/4x4-americki-vojni-kamion-110-pustinjski-pijesak\/"]}]},{"@type":"BreadcrumbList","@id":"https:\/\/www.technic-toys.com\/hr\/proizvod\/4x4-americki-vojni-kamion-110-pustinjski-pijesak\/#breadcrumb","itemListElement":[{"@type":"ListItem","position":1,"name":"Domov","item":"https:\/\/www.technic-toys.com\/hr\/"},{"@type":"ListItem","position":2,"name":"Shop","item":"https:\/\/www.technic-toys.com\/hr\/shop-2\/"},{"@type":"ListItem","position":3,"name":"4&#215;4 ameri\u010dki vojni kamion 1:10 Pustinjski pijesak"}]},{"@type":"WebSite","@id":"https:\/\/www.technic-toys.com\/en\/#website","url":"https:\/\/www.technic-toys.com\/en\/","name":"TECHNIC TOYS SHOP","description":"","potentialAction":[{"@type":"SearchAction","target":{"@type":"EntryPoint","urlTemplate":"https:\/\/www.technic-toys.com\/en\/?s={search_term_string}"},"query-input":"required name=search_term_string"}],"inLanguage":"hr"}]}},"_links":{"self":[{"href":"https:\/\/www.technic-toys.com\/hr\/wp-json\/wp\/v2\/product\/19536"}],"collection":[{"href":"https:\/\/www.technic-toys.com\/hr\/wp-json\/wp\/v2\/product"}],"about":[{"href":"https:\/\/www.technic-toys.com\/hr\/wp-json\/wp\/v2\/types\/product"}],"wp:featuredmedia":[{"embeddable":true,"href":"https:\/\/www.technic-toys.com\/hr\/wp-json\/wp\/v2\/media\/13251"}],"wp:attachment":[{"href":"https:\/\/www.technic-toys.com\/hr\/wp-json\/wp\/v2\/media?parent=19536"}],"wp:term":[{"taxonomy":"product_cat","embeddable":true,"href":"https:\/\/www.technic-toys.com\/hr\/wp-json\/wp\/v2\/product_cat?post=19536"},{"taxonomy":"product_tag","embeddable":true,"href":"https:\/\/www.technic-toys.com\/hr\/wp-json\/wp\/v2\/product_tag?post=19536"}],"curies":[{"name":"wp","href":"https:\/\/api.w.org\/{rel}","templated":true}]}}