{"id":19543,"date":"2022-04-08T16:22:35","date_gmt":"2022-04-08T19:33:40","guid":{"rendered":"https:\/\/www.technic-toys.com\/izdelek\/dirt-climbing-suv-crawler-4wd-110-rtr\/"},"modified":"2022-08-01T12:44:58","modified_gmt":"2022-08-01T10:44:58","slug":"dirt-climbing-suv-crawler-4wd-110-rtr","status":"publish","type":"product","link":"https:\/\/www.technic-toys.com\/hr\/proizvod\/dirt-climbing-suv-crawler-4wd-110-rtr\/","title":{"rendered":"Dirt Climbing SUV Crawler 4WD 1:10 RTR"},"content":{"rendered":"<p>Kul cross-country izgled ispunjava najmodernije karakteristike. Zahvaljuju\u0107i sna\u017enom motoru, 4WD pogonu na sva \u010detiri to\u010dka i velikim gumama, Climbing SUV uvijek prona\u0111e izlaz iz divljine. Svijetle LED diode poma\u017eu u orijentaciji. Male stvari se mogu transportovati na krovnom nosa\u010du &#8211; odli\u010dna zabava za pilote. Plasti\u010dni okvir je dizajniran na na\u010din da efikasno \u0161titi vozilo u slu\u010daju sudara. Metalni kugli\u010dni le\u017eajevi, elektronika otporna na prskanje, amortizeri sa pravim metalnim oprugama, udoban i osjetljiv pi\u0161toljski daljinski upravlja\u010d s modernom radio tehnologijom bez smetnji od 2,4 GHz nagla\u0161avaju vrijedan utisak o modelu. Dirt Climbing SUV se isporu\u010duje RTR (spreman za rad) &#8211; sve komponente potrebne za rad &#8211; \u010dak i baterije za daljinski upravlja\u010d su ve\u0107 uklju\u010dene u obim isporuke. Crno zatamnjena stakla tako\u0111e savr\u0161eno odgovaraju divljem izgledu ove penja\u010dice.<br \/>Karakteristike: Elektronika za\u0161ti\u0107ena od prskanja vode Kugli\u010dni le\u017eajevi napravljeni od metala \u010celi\u010dne opruge Okvir otporan na sudare 2,4GHz daljinski upravlja\u010d za pi\u0161tolj, 4 x 1,5V AA Mignon baterija za daljinski upravlja\u010d Podesiv ugao upravljanja Velike gume LED osvetljenje, prednje i zadnje<br \/>Tehni\u010dki podaci: Razmer 1:10 4WD (na sva \u010detiri to\u010dka) pogon Du\u017eina: 475mm \u0160irina: 200mm Visina: 235mm Me\u0111uosovinsko rastojanje: 255mm Te\u017eina, cca.300 mm. Baterija: LiIon 7.4V 1500mAh Vrijeme putovanja: 20 minuta Vrijeme punjenja: 180-240 minuta Domet: 60 metara Maksimalna brzina: pribli\u017eno 15+ km\/h Obim isporuke: 1 x Dirt Climbing King SUV 1 x 2.4 GHz radio daljinski upravlja\u010d 1 x Li-ion baterija 1500MaH 1 x USB kabel za punjenje 1 x Upute za rad (njema\u010dki\/engleski) 4 x 1.5V AA Mignon baterije<br \/>od 8 godina<\/p>\n","protected":false},"excerpt":{"rendered":"<p>Kul cross-country izgled ispunjava najmodernije karakteristike. Zahvaljuju\u0107i sna\u017enom motoru, 4WD pogonu na sva \u010detiri to\u010dka i velikim gumama, Climbing SUV uvijek prona\u0111e izlaz iz divljine. Svijetle LED diode poma\u017eu u orijentaciji. Male stvari se mogu transportovati na krovnom nosa\u010du &#8211; odli\u010dna zabava za pilote. Plasti\u010dni okvir je dizajniran na na\u010din da efikasno \u0161titi vozilo u [&hellip;]<\/p>\n","protected":false},"featured_media":13420,"template":"","meta":[],"product_cat":[514,515],"product_tag":[],"acf":[],"yoast_head":"<!-- This site is optimized with the Yoast SEO plugin v21.7 - https:\/\/yoast.com\/wordpress\/plugins\/seo\/ -->\n<title>Dirt Climbing SUV Crawler 4WD 1:10 RTR - TECHNIC TOYS SHOP<\/title>\n<meta name=\"robots\" content=\"index, follow, max-snippet:-1, max-image-preview:large, max-video-preview:-1\" \/>\n<link rel=\"canonical\" href=\"https:\/\/www.technic-toys.com\/hr\/proizvod\/dirt-climbing-suv-crawler-4wd-110-rtr\/\" \/>\n<meta property=\"og:locale\" content=\"hr_HR\" \/>\n<meta property=\"og:type\" content=\"article\" \/>\n<meta property=\"og:title\" content=\"Dirt Climbing SUV Crawler 4WD 1:10 RTR - TECHNIC TOYS SHOP\" \/>\n<meta property=\"og:description\" content=\"Kul cross-country izgled ispunjava najmodernije karakteristike. Zahvaljuju\u0107i sna\u017enom motoru, 4WD pogonu na sva \u010detiri to\u010dka i velikim gumama, Climbing SUV uvijek prona\u0111e izlaz iz divljine. Svijetle LED diode poma\u017eu u orijentaciji. Male stvari se mogu transportovati na krovnom nosa\u010du &#8211; odli\u010dna zabava za pilote. Plasti\u010dni okvir je dizajniran na na\u010din da efikasno \u0161titi vozilo u [&hellip;]\" \/>\n<meta property=\"og:url\" content=\"https:\/\/www.technic-toys.com\/hr\/proizvod\/dirt-climbing-suv-crawler-4wd-110-rtr\/\" \/>\n<meta property=\"og:site_name\" content=\"TECHNIC TOYS SHOP\" \/>\n<meta property=\"article:modified_time\" content=\"2022-08-01T10:44:58+00:00\" \/>\n<meta property=\"og:image\" content=\"https:\/\/www.technic-toys.com\/wp-content\/uploads\/2022\/04\/22426.jpg\" \/>\n\t<meta property=\"og:image:width\" content=\"2560\" \/>\n\t<meta property=\"og:image:height\" content=\"1468\" \/>\n\t<meta property=\"og:image:type\" content=\"image\/jpeg\" \/>\n<meta name=\"twitter:card\" content=\"summary_large_image\" \/>\n<meta name=\"twitter:label1\" content=\"Procijenjeno vrijeme \u010ditanja\" \/>\n\t<meta name=\"twitter:data1\" content=\"1 minuta\" \/>\n<script type=\"application\/ld+json\" class=\"yoast-schema-graph\">{\"@context\":\"https:\/\/schema.org\",\"@graph\":[{\"@type\":\"WebPage\",\"@id\":\"https:\/\/www.technic-toys.com\/hr\/proizvod\/dirt-climbing-suv-crawler-4wd-110-rtr\/\",\"url\":\"https:\/\/www.technic-toys.com\/hr\/proizvod\/dirt-climbing-suv-crawler-4wd-110-rtr\/\",\"name\":\"Dirt Climbing SUV Crawler 4WD 1:10 RTR - TECHNIC TOYS SHOP\",\"isPartOf\":{\"@id\":\"https:\/\/www.technic-toys.com\/en\/#website\"},\"datePublished\":\"2022-04-08T19:33:40+00:00\",\"dateModified\":\"2022-08-01T10:44:58+00:00\",\"breadcrumb\":{\"@id\":\"https:\/\/www.technic-toys.com\/hr\/proizvod\/dirt-climbing-suv-crawler-4wd-110-rtr\/#breadcrumb\"},\"inLanguage\":\"hr\",\"potentialAction\":[{\"@type\":\"ReadAction\",\"target\":[\"https:\/\/www.technic-toys.com\/hr\/proizvod\/dirt-climbing-suv-crawler-4wd-110-rtr\/\"]}]},{\"@type\":\"BreadcrumbList\",\"@id\":\"https:\/\/www.technic-toys.com\/hr\/proizvod\/dirt-climbing-suv-crawler-4wd-110-rtr\/#breadcrumb\",\"itemListElement\":[{\"@type\":\"ListItem\",\"position\":1,\"name\":\"Domov\",\"item\":\"https:\/\/www.technic-toys.com\/hr\/\"},{\"@type\":\"ListItem\",\"position\":2,\"name\":\"Shop\",\"item\":\"https:\/\/www.technic-toys.com\/hr\/shop-2\/\"},{\"@type\":\"ListItem\",\"position\":3,\"name\":\"Dirt Climbing SUV Crawler 4WD 1:10 RTR\"}]},{\"@type\":\"WebSite\",\"@id\":\"https:\/\/www.technic-toys.com\/en\/#website\",\"url\":\"https:\/\/www.technic-toys.com\/en\/\",\"name\":\"TECHNIC TOYS SHOP\",\"description\":\"\",\"potentialAction\":[{\"@type\":\"SearchAction\",\"target\":{\"@type\":\"EntryPoint\",\"urlTemplate\":\"https:\/\/www.technic-toys.com\/en\/?s={search_term_string}\"},\"query-input\":\"required name=search_term_string\"}],\"inLanguage\":\"hr\"}]}<\/script>\n<!-- \/ Yoast SEO plugin. -->","yoast_head_json":{"title":"Dirt Climbing SUV Crawler 4WD 1:10 RTR - TECHNIC TOYS SHOP","robots":{"index":"index","follow":"follow","max-snippet":"max-snippet:-1","max-image-preview":"max-image-preview:large","max-video-preview":"max-video-preview:-1"},"canonical":"https:\/\/www.technic-toys.com\/hr\/proizvod\/dirt-climbing-suv-crawler-4wd-110-rtr\/","og_locale":"hr_HR","og_type":"article","og_title":"Dirt Climbing SUV Crawler 4WD 1:10 RTR - TECHNIC TOYS SHOP","og_description":"Kul cross-country izgled ispunjava najmodernije karakteristike. Zahvaljuju\u0107i sna\u017enom motoru, 4WD pogonu na sva \u010detiri to\u010dka i velikim gumama, Climbing SUV uvijek prona\u0111e izlaz iz divljine. Svijetle LED diode poma\u017eu u orijentaciji. Male stvari se mogu transportovati na krovnom nosa\u010du &#8211; odli\u010dna zabava za pilote. Plasti\u010dni okvir je dizajniran na na\u010din da efikasno \u0161titi vozilo u [&hellip;]","og_url":"https:\/\/www.technic-toys.com\/hr\/proizvod\/dirt-climbing-suv-crawler-4wd-110-rtr\/","og_site_name":"TECHNIC TOYS SHOP","article_modified_time":"2022-08-01T10:44:58+00:00","og_image":[{"width":2560,"height":1468,"url":"https:\/\/www.technic-toys.com\/wp-content\/uploads\/2022\/04\/22426.jpg","type":"image\/jpeg"}],"twitter_card":"summary_large_image","twitter_misc":{"Procijenjeno vrijeme \u010ditanja":"1 minuta"},"schema":{"@context":"https:\/\/schema.org","@graph":[{"@type":"WebPage","@id":"https:\/\/www.technic-toys.com\/hr\/proizvod\/dirt-climbing-suv-crawler-4wd-110-rtr\/","url":"https:\/\/www.technic-toys.com\/hr\/proizvod\/dirt-climbing-suv-crawler-4wd-110-rtr\/","name":"Dirt Climbing SUV Crawler 4WD 1:10 RTR - TECHNIC TOYS SHOP","isPartOf":{"@id":"https:\/\/www.technic-toys.com\/en\/#website"},"datePublished":"2022-04-08T19:33:40+00:00","dateModified":"2022-08-01T10:44:58+00:00","breadcrumb":{"@id":"https:\/\/www.technic-toys.com\/hr\/proizvod\/dirt-climbing-suv-crawler-4wd-110-rtr\/#breadcrumb"},"inLanguage":"hr","potentialAction":[{"@type":"ReadAction","target":["https:\/\/www.technic-toys.com\/hr\/proizvod\/dirt-climbing-suv-crawler-4wd-110-rtr\/"]}]},{"@type":"BreadcrumbList","@id":"https:\/\/www.technic-toys.com\/hr\/proizvod\/dirt-climbing-suv-crawler-4wd-110-rtr\/#breadcrumb","itemListElement":[{"@type":"ListItem","position":1,"name":"Domov","item":"https:\/\/www.technic-toys.com\/hr\/"},{"@type":"ListItem","position":2,"name":"Shop","item":"https:\/\/www.technic-toys.com\/hr\/shop-2\/"},{"@type":"ListItem","position":3,"name":"Dirt Climbing SUV Crawler 4WD 1:10 RTR"}]},{"@type":"WebSite","@id":"https:\/\/www.technic-toys.com\/en\/#website","url":"https:\/\/www.technic-toys.com\/en\/","name":"TECHNIC TOYS SHOP","description":"","potentialAction":[{"@type":"SearchAction","target":{"@type":"EntryPoint","urlTemplate":"https:\/\/www.technic-toys.com\/en\/?s={search_term_string}"},"query-input":"required name=search_term_string"}],"inLanguage":"hr"}]}},"_links":{"self":[{"href":"https:\/\/www.technic-toys.com\/hr\/wp-json\/wp\/v2\/product\/19543"}],"collection":[{"href":"https:\/\/www.technic-toys.com\/hr\/wp-json\/wp\/v2\/product"}],"about":[{"href":"https:\/\/www.technic-toys.com\/hr\/wp-json\/wp\/v2\/types\/product"}],"wp:featuredmedia":[{"embeddable":true,"href":"https:\/\/www.technic-toys.com\/hr\/wp-json\/wp\/v2\/media\/13420"}],"wp:attachment":[{"href":"https:\/\/www.technic-toys.com\/hr\/wp-json\/wp\/v2\/media?parent=19543"}],"wp:term":[{"taxonomy":"product_cat","embeddable":true,"href":"https:\/\/www.technic-toys.com\/hr\/wp-json\/wp\/v2\/product_cat?post=19543"},{"taxonomy":"product_tag","embeddable":true,"href":"https:\/\/www.technic-toys.com\/hr\/wp-json\/wp\/v2\/product_tag?post=19543"}],"curies":[{"name":"wp","href":"https:\/\/api.w.org\/{rel}","templated":true}]}}