{"id":19544,"date":"2022-04-08T16:22:35","date_gmt":"2022-04-08T19:33:40","guid":{"rendered":"https:\/\/www.technic-toys.com\/izdelek\/americko-vojno-vozilo-mrap-6x6-112-rtr\/"},"modified":"2022-08-01T12:44:59","modified_gmt":"2022-08-01T10:44:59","slug":"americko-vojno-vozilo-mrap-6x6-112-rtr","status":"publish","type":"product","link":"https:\/\/www.technic-toys.com\/hr\/proizvod\/americko-vojno-vozilo-mrap-6x6-112-rtr\/","title":{"rendered":"Ameri\u010dko vojno vozilo MRAP 6&#215;6 1:12 RTR"},"content":{"rendered":"<p>Ogroman, masivan, masivan, super razmjera! Ne postoji drugi na\u010din da se opi\u0161e ovaj superlativan model. Svaki detalj je reproduciran do najsitnijeg detalja. Svaka vrata, svaki poklopac, svaki poklopac i svaki pretinac na vozilu mogu se otvoriti i koristiti kao original. Kupola se mo\u017ee rotirati za 360\u00b0 pomo\u0107u prilo\u017eenog 2,4GHz 16-kanalnog predajnika. Pogon se distribuira preko 2-brzinskog ru\u010dnog mjenja\u010da (koji se tako\u0111er mo\u017ee prebaciti preko predajnika) na tri visokokvalitetna diferencijala i odatle na kota\u010de. Zbog izuzetno kvalitetnih guma\/felga, cjelokupna snaga vozila se pretvara u pogon u svakoj situaciji i uprkos ukupnoj te\u017eini od skoro 7 kg, model se ne mo\u017ee ko\u010diti \u010dak ni na labavom terenu. Pored vozila, obim isporuke modela uklju\u010duje 16-kanalni 2.4GHz predajnik, 4500mAh 2S 7.4V LiPo bateriju, set naljepnica, alate, pribor i LiPo punja\u010d. Za predajnik su potrebne samo baterije (6x AA Mignon 1.5V). Maksimalno vrijeme vo\u017enje je oko 20 minuta, a vrijeme punjenja je oko 4 sata. Maksimalna mogu\u0107a brzina je oko 18 km\/h u 1. brzini i oko 25 km\/h u 2. brzini.<br \/>Karakteristike: Metalna podkonstrukcija (osovine, itd.) Kompletna unutra\u0161nja oprema (skala) Sva vrata i poklopci za otvaranje 360 \u00b0 rotiraju\u0107a kupola 2-brzinski ru\u010dni mjenja\u010d 16-kanalni oda\u0161ilja\u010d\/prijemnik 2,4 GHz vodootporan potpuno pogodan za terensku upotrebu Pogon na 6 kota\u010da jak motor (bru\u0161eni) digitalni upravlja\u010dki servo sa metalnim zup\u010danikom rasponom pribli\u017eno 7 kg Me\u0111uosovinsko rastojanje: 314\/115 mm \u0160irina gusjenice: 222 mm Veli\u010dina kota\u010da: 100 mm Baterija: LiPo 7,4 V 4500 mAh 30C Vrijeme vo\u017enje: pribli\u017eno 30 minuta Vrijeme punjenja: 240 minuta Domet: pribli\u017eno 80 &#8211; 100 metara Maksimalna brzina: max.pribli\u017eno 2,4GHz baterija LiPo 300mAh4 pribor za punjenje 0<\/p>\n","protected":false},"excerpt":{"rendered":"<p>Ogroman, masivan, masivan, super razmjera! Ne postoji drugi na\u010din da se opi\u0161e ovaj superlativan model. Svaki detalj je reproduciran do najsitnijeg detalja. Svaka vrata, svaki poklopac, svaki poklopac i svaki pretinac na vozilu mogu se otvoriti i koristiti kao original. Kupola se mo\u017ee rotirati za 360\u00b0 pomo\u0107u prilo\u017eenog 2,4GHz 16-kanalnog predajnika. Pogon se distribuira preko [&hellip;]<\/p>\n","protected":false},"featured_media":13451,"template":"","meta":[],"product_cat":[514,422,421],"product_tag":[],"acf":[],"yoast_head":"<!-- This site is optimized with the Yoast SEO plugin v21.7 - https:\/\/yoast.com\/wordpress\/plugins\/seo\/ -->\n<title>Ameri\u010dko vojno vozilo MRAP 6x6 1:12 RTR - TECHNIC TOYS SHOP<\/title>\n<meta name=\"robots\" content=\"index, follow, max-snippet:-1, max-image-preview:large, max-video-preview:-1\" \/>\n<link rel=\"canonical\" href=\"https:\/\/www.technic-toys.com\/hr\/proizvod\/americko-vojno-vozilo-mrap-6x6-112-rtr\/\" \/>\n<meta property=\"og:locale\" content=\"hr_HR\" \/>\n<meta property=\"og:type\" content=\"article\" \/>\n<meta property=\"og:title\" content=\"Ameri\u010dko vojno vozilo MRAP 6x6 1:12 RTR - TECHNIC TOYS SHOP\" \/>\n<meta property=\"og:description\" content=\"Ogroman, masivan, masivan, super razmjera! Ne postoji drugi na\u010din da se opi\u0161e ovaj superlativan model. Svaki detalj je reproduciran do najsitnijeg detalja. Svaka vrata, svaki poklopac, svaki poklopac i svaki pretinac na vozilu mogu se otvoriti i koristiti kao original. Kupola se mo\u017ee rotirati za 360\u00b0 pomo\u0107u prilo\u017eenog 2,4GHz 16-kanalnog predajnika. Pogon se distribuira preko [&hellip;]\" \/>\n<meta property=\"og:url\" content=\"https:\/\/www.technic-toys.com\/hr\/proizvod\/americko-vojno-vozilo-mrap-6x6-112-rtr\/\" \/>\n<meta property=\"og:site_name\" content=\"TECHNIC TOYS SHOP\" \/>\n<meta property=\"article:modified_time\" content=\"2022-08-01T10:44:59+00:00\" \/>\n<meta property=\"og:image\" content=\"https:\/\/www.technic-toys.com\/wp-content\/uploads\/2022\/04\/22427lIROCB1uO1w6O.jpg\" \/>\n\t<meta property=\"og:image:width\" content=\"2560\" \/>\n\t<meta property=\"og:image:height\" content=\"1468\" \/>\n\t<meta property=\"og:image:type\" content=\"image\/jpeg\" \/>\n<meta name=\"twitter:card\" content=\"summary_large_image\" \/>\n<meta name=\"twitter:label1\" content=\"Procijenjeno vrijeme \u010ditanja\" \/>\n\t<meta name=\"twitter:data1\" content=\"1 minuta\" \/>\n<script type=\"application\/ld+json\" class=\"yoast-schema-graph\">{\"@context\":\"https:\/\/schema.org\",\"@graph\":[{\"@type\":\"WebPage\",\"@id\":\"https:\/\/www.technic-toys.com\/hr\/proizvod\/americko-vojno-vozilo-mrap-6x6-112-rtr\/\",\"url\":\"https:\/\/www.technic-toys.com\/hr\/proizvod\/americko-vojno-vozilo-mrap-6x6-112-rtr\/\",\"name\":\"Ameri\u010dko vojno vozilo MRAP 6x6 1:12 RTR - TECHNIC TOYS SHOP\",\"isPartOf\":{\"@id\":\"https:\/\/www.technic-toys.com\/en\/#website\"},\"datePublished\":\"2022-04-08T19:33:40+00:00\",\"dateModified\":\"2022-08-01T10:44:59+00:00\",\"breadcrumb\":{\"@id\":\"https:\/\/www.technic-toys.com\/hr\/proizvod\/americko-vojno-vozilo-mrap-6x6-112-rtr\/#breadcrumb\"},\"inLanguage\":\"hr\",\"potentialAction\":[{\"@type\":\"ReadAction\",\"target\":[\"https:\/\/www.technic-toys.com\/hr\/proizvod\/americko-vojno-vozilo-mrap-6x6-112-rtr\/\"]}]},{\"@type\":\"BreadcrumbList\",\"@id\":\"https:\/\/www.technic-toys.com\/hr\/proizvod\/americko-vojno-vozilo-mrap-6x6-112-rtr\/#breadcrumb\",\"itemListElement\":[{\"@type\":\"ListItem\",\"position\":1,\"name\":\"Domov\",\"item\":\"https:\/\/www.technic-toys.com\/hr\/\"},{\"@type\":\"ListItem\",\"position\":2,\"name\":\"Shop\",\"item\":\"https:\/\/www.technic-toys.com\/hr\/shop-2\/\"},{\"@type\":\"ListItem\",\"position\":3,\"name\":\"Ameri\u010dko vojno vozilo MRAP 6&#215;6 1:12 RTR\"}]},{\"@type\":\"WebSite\",\"@id\":\"https:\/\/www.technic-toys.com\/en\/#website\",\"url\":\"https:\/\/www.technic-toys.com\/en\/\",\"name\":\"TECHNIC TOYS SHOP\",\"description\":\"\",\"potentialAction\":[{\"@type\":\"SearchAction\",\"target\":{\"@type\":\"EntryPoint\",\"urlTemplate\":\"https:\/\/www.technic-toys.com\/en\/?s={search_term_string}\"},\"query-input\":\"required name=search_term_string\"}],\"inLanguage\":\"hr\"}]}<\/script>\n<!-- \/ Yoast SEO plugin. -->","yoast_head_json":{"title":"Ameri\u010dko vojno vozilo MRAP 6x6 1:12 RTR - TECHNIC TOYS SHOP","robots":{"index":"index","follow":"follow","max-snippet":"max-snippet:-1","max-image-preview":"max-image-preview:large","max-video-preview":"max-video-preview:-1"},"canonical":"https:\/\/www.technic-toys.com\/hr\/proizvod\/americko-vojno-vozilo-mrap-6x6-112-rtr\/","og_locale":"hr_HR","og_type":"article","og_title":"Ameri\u010dko vojno vozilo MRAP 6x6 1:12 RTR - TECHNIC TOYS SHOP","og_description":"Ogroman, masivan, masivan, super razmjera! Ne postoji drugi na\u010din da se opi\u0161e ovaj superlativan model. Svaki detalj je reproduciran do najsitnijeg detalja. Svaka vrata, svaki poklopac, svaki poklopac i svaki pretinac na vozilu mogu se otvoriti i koristiti kao original. Kupola se mo\u017ee rotirati za 360\u00b0 pomo\u0107u prilo\u017eenog 2,4GHz 16-kanalnog predajnika. Pogon se distribuira preko [&hellip;]","og_url":"https:\/\/www.technic-toys.com\/hr\/proizvod\/americko-vojno-vozilo-mrap-6x6-112-rtr\/","og_site_name":"TECHNIC TOYS SHOP","article_modified_time":"2022-08-01T10:44:59+00:00","og_image":[{"width":2560,"height":1468,"url":"https:\/\/www.technic-toys.com\/wp-content\/uploads\/2022\/04\/22427lIROCB1uO1w6O.jpg","type":"image\/jpeg"}],"twitter_card":"summary_large_image","twitter_misc":{"Procijenjeno vrijeme \u010ditanja":"1 minuta"},"schema":{"@context":"https:\/\/schema.org","@graph":[{"@type":"WebPage","@id":"https:\/\/www.technic-toys.com\/hr\/proizvod\/americko-vojno-vozilo-mrap-6x6-112-rtr\/","url":"https:\/\/www.technic-toys.com\/hr\/proizvod\/americko-vojno-vozilo-mrap-6x6-112-rtr\/","name":"Ameri\u010dko vojno vozilo MRAP 6x6 1:12 RTR - TECHNIC TOYS SHOP","isPartOf":{"@id":"https:\/\/www.technic-toys.com\/en\/#website"},"datePublished":"2022-04-08T19:33:40+00:00","dateModified":"2022-08-01T10:44:59+00:00","breadcrumb":{"@id":"https:\/\/www.technic-toys.com\/hr\/proizvod\/americko-vojno-vozilo-mrap-6x6-112-rtr\/#breadcrumb"},"inLanguage":"hr","potentialAction":[{"@type":"ReadAction","target":["https:\/\/www.technic-toys.com\/hr\/proizvod\/americko-vojno-vozilo-mrap-6x6-112-rtr\/"]}]},{"@type":"BreadcrumbList","@id":"https:\/\/www.technic-toys.com\/hr\/proizvod\/americko-vojno-vozilo-mrap-6x6-112-rtr\/#breadcrumb","itemListElement":[{"@type":"ListItem","position":1,"name":"Domov","item":"https:\/\/www.technic-toys.com\/hr\/"},{"@type":"ListItem","position":2,"name":"Shop","item":"https:\/\/www.technic-toys.com\/hr\/shop-2\/"},{"@type":"ListItem","position":3,"name":"Ameri\u010dko vojno vozilo MRAP 6&#215;6 1:12 RTR"}]},{"@type":"WebSite","@id":"https:\/\/www.technic-toys.com\/en\/#website","url":"https:\/\/www.technic-toys.com\/en\/","name":"TECHNIC TOYS SHOP","description":"","potentialAction":[{"@type":"SearchAction","target":{"@type":"EntryPoint","urlTemplate":"https:\/\/www.technic-toys.com\/en\/?s={search_term_string}"},"query-input":"required name=search_term_string"}],"inLanguage":"hr"}]}},"_links":{"self":[{"href":"https:\/\/www.technic-toys.com\/hr\/wp-json\/wp\/v2\/product\/19544"}],"collection":[{"href":"https:\/\/www.technic-toys.com\/hr\/wp-json\/wp\/v2\/product"}],"about":[{"href":"https:\/\/www.technic-toys.com\/hr\/wp-json\/wp\/v2\/types\/product"}],"wp:featuredmedia":[{"embeddable":true,"href":"https:\/\/www.technic-toys.com\/hr\/wp-json\/wp\/v2\/media\/13451"}],"wp:attachment":[{"href":"https:\/\/www.technic-toys.com\/hr\/wp-json\/wp\/v2\/media?parent=19544"}],"wp:term":[{"taxonomy":"product_cat","embeddable":true,"href":"https:\/\/www.technic-toys.com\/hr\/wp-json\/wp\/v2\/product_cat?post=19544"},{"taxonomy":"product_tag","embeddable":true,"href":"https:\/\/www.technic-toys.com\/hr\/wp-json\/wp\/v2\/product_tag?post=19544"}],"curies":[{"name":"wp","href":"https:\/\/api.w.org\/{rel}","templated":true}]}}