{"id":19549,"date":"2022-04-08T16:22:35","date_gmt":"2022-04-08T19:33:59","guid":{"rendered":"https:\/\/www.technic-toys.com\/izdelek\/amxrock-rcx10b-scale-crawler-pick-up-110-rtr-bijeli\/"},"modified":"2022-08-01T12:44:59","modified_gmt":"2022-08-01T10:44:59","slug":"amxrock-rcx10b-scale-crawler-pick-up-110-rtr-bijeli","status":"publish","type":"product","link":"https:\/\/www.technic-toys.com\/hr\/proizvod\/amxrock-rcx10b-scale-crawler-pick-up-110-rtr-bijeli\/","title":{"rendered":"AMXRock RCX10B Scale Crawler Pick-Up 1:10, RTR bijeli"},"content":{"rendered":"<p>Ovaj vrhunski gusjeni\u010dar u mjerilu 1:10 kombinuje super tehnologiju sa genijalnim karakteristikama vo\u017enje. Opremljeno masivnim metalnim okvirom debljine 5 mm, portalnim osovinama, aluminijskim podupira\u010dima, visokokvalitetnim, potpuno za\u0161ti\u0107enim amortizerima pritiska ulja, motorom s \u010detkicom 550, podstavljenim upravlja\u010dkim sistemom i 2-brzinskim ru\u010dnim mjenja\u010dem, ovo vozilo ne ostavlja ni\u0161ta \u0161to se \u017eeli po\u017eeljeti. . Ovo vozilo je potpuno nov razvoj i mnoge njegove karakteristike se mogu na\u0107i po prvi put u ovoj formi na tr\u017ei\u0161tu Karakteristike: 5mm CNC obra\u0111en 6061 aluminijumski okvir CVD pogonske osovine Jedinstven dizajn amortizera sa \u010dizmama za za\u0161titu od pra\u0161ine Jedinstveni sistem prigu\u0161enja upravlja\u010da Trajno zaklju\u010dane osovine (razlike) Jedinstveni 2-brzinski ru\u010dni mjenja\u010d sa za\u0161titnom funkcijom visokokvalitetno ku\u0107i\u0161te sa magnetnom bravom 1,2mm PVC 4 kanalni sistem daljinskog upravljanja Hobbywing WP-1060 ESC (Li-Po sposoban) Deans550 gusjeni\u010darski motor bru\u0161en Podesivi aluminijumski nosa\u010d motora CNC glodani motor servo zup\u010danik 9kg Servo mjenja\u010da 0,9 kg potpuno kugli\u010dni le\u017eaj Super mekane gume visokog prianjanja Aluminijumske veze sportske osovine za pove\u0107an razmak od tla. Tehni\u010dki podaci: Du\u017eina: 530 mm \u0160irina: 220 mm Visina postolja: 265 mm Osoblje kota\u010da: 265 mm : 313 mm Razmak od tla: Pre\u010dnik od tla: Wheel 2 mm: 5 mm 2 mm min. brushedESC: Hobbywing WP-1060 (Li-Po sposoban) Deans T-plug Daljinski upravlja\u010d: 2,4GHz 4-kanalno tijelo: 1, 2mm PVC lakiran Okvir: 5mm CNC aluminijum 6061 Obim isporuke: Potpuno sastavljeno vozilo 4x gume i felge 2.4GHz daljinski upravlja\u010d Uputstva Potrebna dodatna oprema: Baterija (Ni-Mh 7.2V ili Li-Po 7.4V) Odgovaraju\u0107i punja\u010d 4x baterija 1.5V za transmi AA signal<\/p>\n","protected":false},"excerpt":{"rendered":"<p>Ovaj vrhunski gusjeni\u010dar u mjerilu 1:10 kombinuje super tehnologiju sa genijalnim karakteristikama vo\u017enje. Opremljeno masivnim metalnim okvirom debljine 5 mm, portalnim osovinama, aluminijskim podupira\u010dima, visokokvalitetnim, potpuno za\u0161ti\u0107enim amortizerima pritiska ulja, motorom s \u010detkicom 550, podstavljenim upravlja\u010dkim sistemom i 2-brzinskim ru\u010dnim mjenja\u010dem, ovo vozilo ne ostavlja ni\u0161ta \u0161to se \u017eeli po\u017eeljeti. . Ovo vozilo je potpuno [&hellip;]<\/p>\n","protected":false},"featured_media":13588,"template":"","meta":[],"product_cat":[514,515],"product_tag":[],"acf":[],"yoast_head":"<!-- This site is optimized with the Yoast SEO plugin v21.7 - https:\/\/yoast.com\/wordpress\/plugins\/seo\/ -->\n<title>AMXRock RCX10B Scale Crawler Pick-Up 1:10, RTR bijeli - TECHNIC TOYS SHOP<\/title>\n<meta name=\"robots\" content=\"index, follow, max-snippet:-1, max-image-preview:large, max-video-preview:-1\" \/>\n<link rel=\"canonical\" href=\"https:\/\/www.technic-toys.com\/hr\/proizvod\/amxrock-rcx10b-scale-crawler-pick-up-110-rtr-bijeli\/\" \/>\n<meta property=\"og:locale\" content=\"hr_HR\" \/>\n<meta property=\"og:type\" content=\"article\" \/>\n<meta property=\"og:title\" content=\"AMXRock RCX10B Scale Crawler Pick-Up 1:10, RTR bijeli - TECHNIC TOYS SHOP\" \/>\n<meta property=\"og:description\" content=\"Ovaj vrhunski gusjeni\u010dar u mjerilu 1:10 kombinuje super tehnologiju sa genijalnim karakteristikama vo\u017enje. Opremljeno masivnim metalnim okvirom debljine 5 mm, portalnim osovinama, aluminijskim podupira\u010dima, visokokvalitetnim, potpuno za\u0161ti\u0107enim amortizerima pritiska ulja, motorom s \u010detkicom 550, podstavljenim upravlja\u010dkim sistemom i 2-brzinskim ru\u010dnim mjenja\u010dem, ovo vozilo ne ostavlja ni\u0161ta \u0161to se \u017eeli po\u017eeljeti. . Ovo vozilo je potpuno [&hellip;]\" \/>\n<meta property=\"og:url\" content=\"https:\/\/www.technic-toys.com\/hr\/proizvod\/amxrock-rcx10b-scale-crawler-pick-up-110-rtr-bijeli\/\" \/>\n<meta property=\"og:site_name\" content=\"TECHNIC TOYS SHOP\" \/>\n<meta property=\"article:modified_time\" content=\"2022-08-01T10:44:59+00:00\" \/>\n<meta property=\"og:image\" content=\"https:\/\/www.technic-toys.com\/wp-content\/uploads\/2022\/04\/22432.jpg\" \/>\n\t<meta property=\"og:image:width\" content=\"2560\" \/>\n\t<meta property=\"og:image:height\" content=\"1468\" \/>\n\t<meta property=\"og:image:type\" content=\"image\/jpeg\" \/>\n<meta name=\"twitter:card\" content=\"summary_large_image\" \/>\n<meta name=\"twitter:label1\" content=\"Procijenjeno vrijeme \u010ditanja\" \/>\n\t<meta name=\"twitter:data1\" content=\"1 minuta\" \/>\n<script type=\"application\/ld+json\" class=\"yoast-schema-graph\">{\"@context\":\"https:\/\/schema.org\",\"@graph\":[{\"@type\":\"WebPage\",\"@id\":\"https:\/\/www.technic-toys.com\/hr\/proizvod\/amxrock-rcx10b-scale-crawler-pick-up-110-rtr-bijeli\/\",\"url\":\"https:\/\/www.technic-toys.com\/hr\/proizvod\/amxrock-rcx10b-scale-crawler-pick-up-110-rtr-bijeli\/\",\"name\":\"AMXRock RCX10B Scale Crawler Pick-Up 1:10, RTR bijeli - TECHNIC TOYS SHOP\",\"isPartOf\":{\"@id\":\"https:\/\/www.technic-toys.com\/en\/#website\"},\"datePublished\":\"2022-04-08T19:33:59+00:00\",\"dateModified\":\"2022-08-01T10:44:59+00:00\",\"breadcrumb\":{\"@id\":\"https:\/\/www.technic-toys.com\/hr\/proizvod\/amxrock-rcx10b-scale-crawler-pick-up-110-rtr-bijeli\/#breadcrumb\"},\"inLanguage\":\"hr\",\"potentialAction\":[{\"@type\":\"ReadAction\",\"target\":[\"https:\/\/www.technic-toys.com\/hr\/proizvod\/amxrock-rcx10b-scale-crawler-pick-up-110-rtr-bijeli\/\"]}]},{\"@type\":\"BreadcrumbList\",\"@id\":\"https:\/\/www.technic-toys.com\/hr\/proizvod\/amxrock-rcx10b-scale-crawler-pick-up-110-rtr-bijeli\/#breadcrumb\",\"itemListElement\":[{\"@type\":\"ListItem\",\"position\":1,\"name\":\"Domov\",\"item\":\"https:\/\/www.technic-toys.com\/hr\/\"},{\"@type\":\"ListItem\",\"position\":2,\"name\":\"Shop\",\"item\":\"https:\/\/www.technic-toys.com\/hr\/shop-2\/\"},{\"@type\":\"ListItem\",\"position\":3,\"name\":\"AMXRock RCX10B Scale Crawler Pick-Up 1:10, RTR bijeli\"}]},{\"@type\":\"WebSite\",\"@id\":\"https:\/\/www.technic-toys.com\/en\/#website\",\"url\":\"https:\/\/www.technic-toys.com\/en\/\",\"name\":\"TECHNIC TOYS SHOP\",\"description\":\"\",\"potentialAction\":[{\"@type\":\"SearchAction\",\"target\":{\"@type\":\"EntryPoint\",\"urlTemplate\":\"https:\/\/www.technic-toys.com\/en\/?s={search_term_string}\"},\"query-input\":\"required name=search_term_string\"}],\"inLanguage\":\"hr\"}]}<\/script>\n<!-- \/ Yoast SEO plugin. -->","yoast_head_json":{"title":"AMXRock RCX10B Scale Crawler Pick-Up 1:10, RTR bijeli - TECHNIC TOYS SHOP","robots":{"index":"index","follow":"follow","max-snippet":"max-snippet:-1","max-image-preview":"max-image-preview:large","max-video-preview":"max-video-preview:-1"},"canonical":"https:\/\/www.technic-toys.com\/hr\/proizvod\/amxrock-rcx10b-scale-crawler-pick-up-110-rtr-bijeli\/","og_locale":"hr_HR","og_type":"article","og_title":"AMXRock RCX10B Scale Crawler Pick-Up 1:10, RTR bijeli - TECHNIC TOYS SHOP","og_description":"Ovaj vrhunski gusjeni\u010dar u mjerilu 1:10 kombinuje super tehnologiju sa genijalnim karakteristikama vo\u017enje. Opremljeno masivnim metalnim okvirom debljine 5 mm, portalnim osovinama, aluminijskim podupira\u010dima, visokokvalitetnim, potpuno za\u0161ti\u0107enim amortizerima pritiska ulja, motorom s \u010detkicom 550, podstavljenim upravlja\u010dkim sistemom i 2-brzinskim ru\u010dnim mjenja\u010dem, ovo vozilo ne ostavlja ni\u0161ta \u0161to se \u017eeli po\u017eeljeti. . Ovo vozilo je potpuno [&hellip;]","og_url":"https:\/\/www.technic-toys.com\/hr\/proizvod\/amxrock-rcx10b-scale-crawler-pick-up-110-rtr-bijeli\/","og_site_name":"TECHNIC TOYS SHOP","article_modified_time":"2022-08-01T10:44:59+00:00","og_image":[{"width":2560,"height":1468,"url":"https:\/\/www.technic-toys.com\/wp-content\/uploads\/2022\/04\/22432.jpg","type":"image\/jpeg"}],"twitter_card":"summary_large_image","twitter_misc":{"Procijenjeno vrijeme \u010ditanja":"1 minuta"},"schema":{"@context":"https:\/\/schema.org","@graph":[{"@type":"WebPage","@id":"https:\/\/www.technic-toys.com\/hr\/proizvod\/amxrock-rcx10b-scale-crawler-pick-up-110-rtr-bijeli\/","url":"https:\/\/www.technic-toys.com\/hr\/proizvod\/amxrock-rcx10b-scale-crawler-pick-up-110-rtr-bijeli\/","name":"AMXRock RCX10B Scale Crawler Pick-Up 1:10, RTR bijeli - TECHNIC TOYS SHOP","isPartOf":{"@id":"https:\/\/www.technic-toys.com\/en\/#website"},"datePublished":"2022-04-08T19:33:59+00:00","dateModified":"2022-08-01T10:44:59+00:00","breadcrumb":{"@id":"https:\/\/www.technic-toys.com\/hr\/proizvod\/amxrock-rcx10b-scale-crawler-pick-up-110-rtr-bijeli\/#breadcrumb"},"inLanguage":"hr","potentialAction":[{"@type":"ReadAction","target":["https:\/\/www.technic-toys.com\/hr\/proizvod\/amxrock-rcx10b-scale-crawler-pick-up-110-rtr-bijeli\/"]}]},{"@type":"BreadcrumbList","@id":"https:\/\/www.technic-toys.com\/hr\/proizvod\/amxrock-rcx10b-scale-crawler-pick-up-110-rtr-bijeli\/#breadcrumb","itemListElement":[{"@type":"ListItem","position":1,"name":"Domov","item":"https:\/\/www.technic-toys.com\/hr\/"},{"@type":"ListItem","position":2,"name":"Shop","item":"https:\/\/www.technic-toys.com\/hr\/shop-2\/"},{"@type":"ListItem","position":3,"name":"AMXRock RCX10B Scale Crawler Pick-Up 1:10, RTR bijeli"}]},{"@type":"WebSite","@id":"https:\/\/www.technic-toys.com\/en\/#website","url":"https:\/\/www.technic-toys.com\/en\/","name":"TECHNIC TOYS SHOP","description":"","potentialAction":[{"@type":"SearchAction","target":{"@type":"EntryPoint","urlTemplate":"https:\/\/www.technic-toys.com\/en\/?s={search_term_string}"},"query-input":"required name=search_term_string"}],"inLanguage":"hr"}]}},"_links":{"self":[{"href":"https:\/\/www.technic-toys.com\/hr\/wp-json\/wp\/v2\/product\/19549"}],"collection":[{"href":"https:\/\/www.technic-toys.com\/hr\/wp-json\/wp\/v2\/product"}],"about":[{"href":"https:\/\/www.technic-toys.com\/hr\/wp-json\/wp\/v2\/types\/product"}],"wp:featuredmedia":[{"embeddable":true,"href":"https:\/\/www.technic-toys.com\/hr\/wp-json\/wp\/v2\/media\/13588"}],"wp:attachment":[{"href":"https:\/\/www.technic-toys.com\/hr\/wp-json\/wp\/v2\/media?parent=19549"}],"wp:term":[{"taxonomy":"product_cat","embeddable":true,"href":"https:\/\/www.technic-toys.com\/hr\/wp-json\/wp\/v2\/product_cat?post=19549"},{"taxonomy":"product_tag","embeddable":true,"href":"https:\/\/www.technic-toys.com\/hr\/wp-json\/wp\/v2\/product_tag?post=19549"}],"curies":[{"name":"wp","href":"https:\/\/api.w.org\/{rel}","templated":true}]}}