{"id":19553,"date":"2022-04-08T16:22:35","date_gmt":"2022-04-08T19:33:59","guid":{"rendered":"https:\/\/www.technic-toys.com\/izdelek\/americki-vojni-kamion-v2-8x8-112-traktor-boje-pijeska\/"},"modified":"2022-08-01T12:45:00","modified_gmt":"2022-08-01T10:45:00","slug":"americki-vojni-kamion-v2-8x8-112-traktor-boje-pijeska","status":"publish","type":"product","link":"https:\/\/www.technic-toys.com\/hr\/proizvod\/americki-vojni-kamion-v2-8x8-112-traktor-boje-pijeska\/","title":{"rendered":"Ameri\u010dki vojni kamion V2 8&#215;8 1:12 traktor boje pijeska"},"content":{"rendered":"<p>Super lijep model s najboljom opremom! Model dolazi kao RTR vozilo i ne ostavlja ni\u0161ta \u0161to se \u017eeli po pitanju performansi i izgleda! Mno\u0161tvo detalja u mjerilu i originalna naljepnica za oplemenjivanje vozila zaokru\u017euju ukupan utisak. Ovaj kamion ne samo da dobro izgleda, ve\u0107 mo\u017ee i ne\u0161to! Zbog robusne konstrukcije u vezi sa vrlo osjetljivim oda\u0161ilja\u010dem, model se osje\u0107a ugodno na bilo kojoj podlozi i stoga je u potpunosti pogodan za terensku upotrebu. Osim toga, elektri\u010dna oprema je otporna na prskanje i mo\u017ee izdr\u017eati \u010dak i najte\u017ee terene. Dvije prednje osovine su povezane jedna s drugom preko kablovske veze i omogu\u0107avaju vezu bez zazora. Krug okretanja modela je vrlo mali zbog ugra\u0111enih osovinskih diferencijala i \u010dini vozilo vrlo upravljivim. Sve osovine se pokre\u0107u kardanskim vratilima i, u kombinaciji sa 550 motorom, stvaraju vrlo dobar obrtni moment tako da mo\u017eete lako napredovati van puta. U pogledu cijene\/performanse, ovaj model \u0107e postaviti nove standarde i imati trajan utjecaj na scenu razmjera. Karoserija je ve\u0107 pripremljena za uklju\u010divanje rasvjetnog seta Karakteristike: V2 verzija sa modificiranim oda\u0161ilja\u010dem (stick daljinski upravlja\u010d) ve\u0107 monta\u017eno za uklju\u010divanje modula dizalice 550 bru\u0161eni motor Za\u0161ti\u0107en od vode BEC \/ ESC sistem Preklopni 2-brzinski mjenja\u010d Preklopni sedlo 2,4 GHz 8-kanalni daljinski upravlja\u010d Metalni okvir Metalne osovine Metalne pogonske osovine Opru\u017eni \u010delik i teleskop Dvostruki amortizer Nezavisno ovjes kota\u010da Gume na skali Dupli upravlja\u010d (obje prednje osovine) 8 x 8 pogon na sve kota\u010de<br \/>Tehni\u010dki podaci: Du\u017eina: 740 mm \u0160irina : 220 mm Visina: 240 mm Te\u017eina: 7,1 kg Spreman za vo\u017enju Baterija: Litijum 7,4 V 3000 mAh Vrijeme vo\u017enje: 20-30 minuta Vrijeme punjenja: otprilike 240 minuta Brzina 1. brzina 12 km \/ h brzina 2. brzina 2. brzina \/ h Sk. 8&#215;8 RTR2.4GHz 8-kanalni daljinski upravlja\u010d Litijumska baterija 7.4V 3000mAh punja\u010d<\/p>\n","protected":false},"excerpt":{"rendered":"<p>Super lijep model s najboljom opremom! Model dolazi kao RTR vozilo i ne ostavlja ni\u0161ta \u0161to se \u017eeli po pitanju performansi i izgleda! Mno\u0161tvo detalja u mjerilu i originalna naljepnica za oplemenjivanje vozila zaokru\u017euju ukupan utisak. Ovaj kamion ne samo da dobro izgleda, ve\u0107 mo\u017ee i ne\u0161to! Zbog robusne konstrukcije u vezi sa vrlo osjetljivim [&hellip;]<\/p>\n","protected":false},"featured_media":13700,"template":"","meta":[],"product_cat":[514,422,421],"product_tag":[],"acf":[],"yoast_head":"<!-- This site is optimized with the Yoast SEO plugin v21.7 - https:\/\/yoast.com\/wordpress\/plugins\/seo\/ -->\n<title>Ameri\u010dki vojni kamion V2 8x8 1:12 traktor boje pijeska - TECHNIC TOYS SHOP<\/title>\n<meta name=\"robots\" content=\"index, follow, max-snippet:-1, max-image-preview:large, max-video-preview:-1\" \/>\n<link rel=\"canonical\" href=\"https:\/\/www.technic-toys.com\/hr\/proizvod\/americki-vojni-kamion-v2-8x8-112-traktor-boje-pijeska\/\" \/>\n<meta property=\"og:locale\" content=\"hr_HR\" \/>\n<meta property=\"og:type\" content=\"article\" \/>\n<meta property=\"og:title\" content=\"Ameri\u010dki vojni kamion V2 8x8 1:12 traktor boje pijeska - TECHNIC TOYS SHOP\" \/>\n<meta property=\"og:description\" content=\"Super lijep model s najboljom opremom! Model dolazi kao RTR vozilo i ne ostavlja ni\u0161ta \u0161to se \u017eeli po pitanju performansi i izgleda! Mno\u0161tvo detalja u mjerilu i originalna naljepnica za oplemenjivanje vozila zaokru\u017euju ukupan utisak. Ovaj kamion ne samo da dobro izgleda, ve\u0107 mo\u017ee i ne\u0161to! Zbog robusne konstrukcije u vezi sa vrlo osjetljivim [&hellip;]\" \/>\n<meta property=\"og:url\" content=\"https:\/\/www.technic-toys.com\/hr\/proizvod\/americki-vojni-kamion-v2-8x8-112-traktor-boje-pijeska\/\" \/>\n<meta property=\"og:site_name\" content=\"TECHNIC TOYS SHOP\" \/>\n<meta property=\"article:modified_time\" content=\"2022-08-01T10:45:00+00:00\" \/>\n<meta property=\"og:image\" content=\"https:\/\/www.technic-toys.com\/wp-content\/uploads\/2022\/04\/22436.jpg\" \/>\n\t<meta property=\"og:image:width\" content=\"1280\" \/>\n\t<meta property=\"og:image:height\" content=\"734\" \/>\n\t<meta property=\"og:image:type\" content=\"image\/jpeg\" \/>\n<meta name=\"twitter:card\" content=\"summary_large_image\" \/>\n<meta name=\"twitter:label1\" content=\"Procijenjeno vrijeme \u010ditanja\" \/>\n\t<meta name=\"twitter:data1\" content=\"2 minute\" \/>\n<script type=\"application\/ld+json\" class=\"yoast-schema-graph\">{\"@context\":\"https:\/\/schema.org\",\"@graph\":[{\"@type\":\"WebPage\",\"@id\":\"https:\/\/www.technic-toys.com\/hr\/proizvod\/americki-vojni-kamion-v2-8x8-112-traktor-boje-pijeska\/\",\"url\":\"https:\/\/www.technic-toys.com\/hr\/proizvod\/americki-vojni-kamion-v2-8x8-112-traktor-boje-pijeska\/\",\"name\":\"Ameri\u010dki vojni kamion V2 8x8 1:12 traktor boje pijeska - TECHNIC TOYS SHOP\",\"isPartOf\":{\"@id\":\"https:\/\/www.technic-toys.com\/en\/#website\"},\"datePublished\":\"2022-04-08T19:33:59+00:00\",\"dateModified\":\"2022-08-01T10:45:00+00:00\",\"breadcrumb\":{\"@id\":\"https:\/\/www.technic-toys.com\/hr\/proizvod\/americki-vojni-kamion-v2-8x8-112-traktor-boje-pijeska\/#breadcrumb\"},\"inLanguage\":\"hr\",\"potentialAction\":[{\"@type\":\"ReadAction\",\"target\":[\"https:\/\/www.technic-toys.com\/hr\/proizvod\/americki-vojni-kamion-v2-8x8-112-traktor-boje-pijeska\/\"]}]},{\"@type\":\"BreadcrumbList\",\"@id\":\"https:\/\/www.technic-toys.com\/hr\/proizvod\/americki-vojni-kamion-v2-8x8-112-traktor-boje-pijeska\/#breadcrumb\",\"itemListElement\":[{\"@type\":\"ListItem\",\"position\":1,\"name\":\"Domov\",\"item\":\"https:\/\/www.technic-toys.com\/hr\/\"},{\"@type\":\"ListItem\",\"position\":2,\"name\":\"Shop\",\"item\":\"https:\/\/www.technic-toys.com\/hr\/shop-2\/\"},{\"@type\":\"ListItem\",\"position\":3,\"name\":\"Ameri\u010dki vojni kamion V2 8&#215;8 1:12 traktor boje pijeska\"}]},{\"@type\":\"WebSite\",\"@id\":\"https:\/\/www.technic-toys.com\/en\/#website\",\"url\":\"https:\/\/www.technic-toys.com\/en\/\",\"name\":\"TECHNIC TOYS SHOP\",\"description\":\"\",\"potentialAction\":[{\"@type\":\"SearchAction\",\"target\":{\"@type\":\"EntryPoint\",\"urlTemplate\":\"https:\/\/www.technic-toys.com\/en\/?s={search_term_string}\"},\"query-input\":\"required name=search_term_string\"}],\"inLanguage\":\"hr\"}]}<\/script>\n<!-- \/ Yoast SEO plugin. -->","yoast_head_json":{"title":"Ameri\u010dki vojni kamion V2 8x8 1:12 traktor boje pijeska - TECHNIC TOYS SHOP","robots":{"index":"index","follow":"follow","max-snippet":"max-snippet:-1","max-image-preview":"max-image-preview:large","max-video-preview":"max-video-preview:-1"},"canonical":"https:\/\/www.technic-toys.com\/hr\/proizvod\/americki-vojni-kamion-v2-8x8-112-traktor-boje-pijeska\/","og_locale":"hr_HR","og_type":"article","og_title":"Ameri\u010dki vojni kamion V2 8x8 1:12 traktor boje pijeska - TECHNIC TOYS SHOP","og_description":"Super lijep model s najboljom opremom! Model dolazi kao RTR vozilo i ne ostavlja ni\u0161ta \u0161to se \u017eeli po pitanju performansi i izgleda! Mno\u0161tvo detalja u mjerilu i originalna naljepnica za oplemenjivanje vozila zaokru\u017euju ukupan utisak. Ovaj kamion ne samo da dobro izgleda, ve\u0107 mo\u017ee i ne\u0161to! Zbog robusne konstrukcije u vezi sa vrlo osjetljivim [&hellip;]","og_url":"https:\/\/www.technic-toys.com\/hr\/proizvod\/americki-vojni-kamion-v2-8x8-112-traktor-boje-pijeska\/","og_site_name":"TECHNIC TOYS SHOP","article_modified_time":"2022-08-01T10:45:00+00:00","og_image":[{"width":1280,"height":734,"url":"https:\/\/www.technic-toys.com\/wp-content\/uploads\/2022\/04\/22436.jpg","type":"image\/jpeg"}],"twitter_card":"summary_large_image","twitter_misc":{"Procijenjeno vrijeme \u010ditanja":"2 minute"},"schema":{"@context":"https:\/\/schema.org","@graph":[{"@type":"WebPage","@id":"https:\/\/www.technic-toys.com\/hr\/proizvod\/americki-vojni-kamion-v2-8x8-112-traktor-boje-pijeska\/","url":"https:\/\/www.technic-toys.com\/hr\/proizvod\/americki-vojni-kamion-v2-8x8-112-traktor-boje-pijeska\/","name":"Ameri\u010dki vojni kamion V2 8x8 1:12 traktor boje pijeska - TECHNIC TOYS SHOP","isPartOf":{"@id":"https:\/\/www.technic-toys.com\/en\/#website"},"datePublished":"2022-04-08T19:33:59+00:00","dateModified":"2022-08-01T10:45:00+00:00","breadcrumb":{"@id":"https:\/\/www.technic-toys.com\/hr\/proizvod\/americki-vojni-kamion-v2-8x8-112-traktor-boje-pijeska\/#breadcrumb"},"inLanguage":"hr","potentialAction":[{"@type":"ReadAction","target":["https:\/\/www.technic-toys.com\/hr\/proizvod\/americki-vojni-kamion-v2-8x8-112-traktor-boje-pijeska\/"]}]},{"@type":"BreadcrumbList","@id":"https:\/\/www.technic-toys.com\/hr\/proizvod\/americki-vojni-kamion-v2-8x8-112-traktor-boje-pijeska\/#breadcrumb","itemListElement":[{"@type":"ListItem","position":1,"name":"Domov","item":"https:\/\/www.technic-toys.com\/hr\/"},{"@type":"ListItem","position":2,"name":"Shop","item":"https:\/\/www.technic-toys.com\/hr\/shop-2\/"},{"@type":"ListItem","position":3,"name":"Ameri\u010dki vojni kamion V2 8&#215;8 1:12 traktor boje pijeska"}]},{"@type":"WebSite","@id":"https:\/\/www.technic-toys.com\/en\/#website","url":"https:\/\/www.technic-toys.com\/en\/","name":"TECHNIC TOYS SHOP","description":"","potentialAction":[{"@type":"SearchAction","target":{"@type":"EntryPoint","urlTemplate":"https:\/\/www.technic-toys.com\/en\/?s={search_term_string}"},"query-input":"required name=search_term_string"}],"inLanguage":"hr"}]}},"_links":{"self":[{"href":"https:\/\/www.technic-toys.com\/hr\/wp-json\/wp\/v2\/product\/19553"}],"collection":[{"href":"https:\/\/www.technic-toys.com\/hr\/wp-json\/wp\/v2\/product"}],"about":[{"href":"https:\/\/www.technic-toys.com\/hr\/wp-json\/wp\/v2\/types\/product"}],"wp:featuredmedia":[{"embeddable":true,"href":"https:\/\/www.technic-toys.com\/hr\/wp-json\/wp\/v2\/media\/13700"}],"wp:attachment":[{"href":"https:\/\/www.technic-toys.com\/hr\/wp-json\/wp\/v2\/media?parent=19553"}],"wp:term":[{"taxonomy":"product_cat","embeddable":true,"href":"https:\/\/www.technic-toys.com\/hr\/wp-json\/wp\/v2\/product_cat?post=19553"},{"taxonomy":"product_tag","embeddable":true,"href":"https:\/\/www.technic-toys.com\/hr\/wp-json\/wp\/v2\/product_tag?post=19553"}],"curies":[{"name":"wp","href":"https:\/\/api.w.org\/{rel}","templated":true}]}}