{"id":19554,"date":"2022-04-08T16:22:35","date_gmt":"2022-04-08T19:33:59","guid":{"rendered":"https:\/\/www.technic-toys.com\/izdelek\/americki-vojni-kamion-8x8-kipper-112-vojno-zeleni\/"},"modified":"2022-08-01T12:45:00","modified_gmt":"2022-08-01T10:45:00","slug":"americki-vojni-kamion-8x8-kipper-112-vojno-zeleni","status":"publish","type":"product","link":"https:\/\/www.technic-toys.com\/hr\/proizvod\/americki-vojni-kamion-8x8-kipper-112-vojno-zeleni\/","title":{"rendered":"Ameri\u010dki vojni kamion 8&#215;8 Kipper 1:12 vojno zeleni"},"content":{"rendered":"<p>Super lijep model s najboljom opremom! Model dolazi kao RTR vozilo i ne ostavlja ni\u0161ta \u0161to se \u017eeli po pitanju performansi i izgleda! Mno\u0161tvo detalja u mjerilu i originalna naljepnica za oplemenjivanje vozila zaokru\u017euju ukupan utisak. Ovaj kamion ne samo da dobro izgleda, ve\u0107 mo\u017ee i ne\u0161to! Zbog robusne konstrukcije u vezi sa vrlo osjetljivim oda\u0161ilja\u010dem, model se osje\u0107a ugodno na bilo kojoj podlozi i stoga je u potpunosti pogodan za terensku upotrebu. Osim toga, elektri\u010dna oprema je otporna na prskanje i mo\u017ee izdr\u017eati \u010dak i najte\u017ee terene. Dvije prednje osovine su povezane jedna s drugom preko kablovske veze i omogu\u0107avaju vezu bez zazora. Krug okretanja modela je veoma mali zbog ugra\u0111enih osovinskih diferencijala i \u010dini vozilo veoma upravljivim.Da bi se bez problema kretalo po terenu, sve osovine se pokre\u0107u preko kardanskih vratila i stvaraju veoma dobar obrtni moment u vezu sa 550 motorom. U pogledu cijene\/performanse, ovaj model \u0107e postaviti nove standarde i imati trajan utjecaj na scenu razmjera. Ku\u0107i\u0161te je ve\u0107 opremljeno visokokvalitetnim setom rasvjete i zvu\u010dnim modulom! U ovoj verziji, podru\u010dje utovara se tako\u0111e mo\u017ee nagnuti preko novog 8-kanalnog 2,4 GHz predajnika. Sa dvije \u0161ipke za podizanje (vretena) u vezi sa mo\u0107nim E &#8211; motorom, te\u0161ki tereti se tako\u0111er mogu ispustiti bez ikakvih problema!<br \/>Karakteristike: 550 bru\u0161eni motor Preklopni 2-brzinski mjenja\u010d2.4GHz 8-kanalni daljinski upravlja\u010d koji se mo\u017ee naginjati Ugra\u0111eno osvjetljenje setUgra\u0111eni zvu\u010dni modulMetalni okvirMetalne osovineMetalne pogonske osovine\u010celik za opruge i teleskopski dvostruki amortizeri Individualni ovjes kota\u010da Gume na skali Gumeni gra\u0111evinski voz Dvostruko upravljanje (obje prednje osovine) 8&#215;8 pogon na sva \u010detiri kota\u010da<br \/>Tehni\u010dki podaci:Du\u017eina: 740mm2kg \u0160irina:08mm. za vo\u017enju Baterija: Litijum 7.4V 3000mAh Vrijeme vo\u017enje: 20-30 minuta Vrijeme punjenja: pribli\u017eno 240 minuta Brzina 1. brzina 12km\/hBrzina 2. brzina 18km \/h<br \/>Obim isporuke: Scale Truck-8x 8z daljinski upravlja\u010d litijumska baterija 7.4V 3000mAhUpute za punja\u010d (DE \/ EN)<\/p>\n","protected":false},"excerpt":{"rendered":"<p>Super lijep model s najboljom opremom! Model dolazi kao RTR vozilo i ne ostavlja ni\u0161ta \u0161to se \u017eeli po pitanju performansi i izgleda! Mno\u0161tvo detalja u mjerilu i originalna naljepnica za oplemenjivanje vozila zaokru\u017euju ukupan utisak. Ovaj kamion ne samo da dobro izgleda, ve\u0107 mo\u017ee i ne\u0161to! Zbog robusne konstrukcije u vezi sa vrlo osjetljivim [&hellip;]<\/p>\n","protected":false},"featured_media":13731,"template":"","meta":[],"product_cat":[514,422,421],"product_tag":[],"acf":[],"yoast_head":"<!-- This site is optimized with the Yoast SEO plugin v21.7 - https:\/\/yoast.com\/wordpress\/plugins\/seo\/ -->\n<title>Ameri\u010dki vojni kamion 8x8 Kipper 1:12 vojno zeleni - TECHNIC TOYS SHOP<\/title>\n<meta name=\"robots\" content=\"index, follow, max-snippet:-1, max-image-preview:large, max-video-preview:-1\" \/>\n<link rel=\"canonical\" href=\"https:\/\/www.technic-toys.com\/hr\/proizvod\/americki-vojni-kamion-8x8-kipper-112-vojno-zeleni\/\" \/>\n<meta property=\"og:locale\" content=\"hr_HR\" \/>\n<meta property=\"og:type\" content=\"article\" \/>\n<meta property=\"og:title\" content=\"Ameri\u010dki vojni kamion 8x8 Kipper 1:12 vojno zeleni - TECHNIC TOYS SHOP\" \/>\n<meta property=\"og:description\" content=\"Super lijep model s najboljom opremom! Model dolazi kao RTR vozilo i ne ostavlja ni\u0161ta \u0161to se \u017eeli po pitanju performansi i izgleda! Mno\u0161tvo detalja u mjerilu i originalna naljepnica za oplemenjivanje vozila zaokru\u017euju ukupan utisak. Ovaj kamion ne samo da dobro izgleda, ve\u0107 mo\u017ee i ne\u0161to! Zbog robusne konstrukcije u vezi sa vrlo osjetljivim [&hellip;]\" \/>\n<meta property=\"og:url\" content=\"https:\/\/www.technic-toys.com\/hr\/proizvod\/americki-vojni-kamion-8x8-kipper-112-vojno-zeleni\/\" \/>\n<meta property=\"og:site_name\" content=\"TECHNIC TOYS SHOP\" \/>\n<meta property=\"article:modified_time\" content=\"2022-08-01T10:45:00+00:00\" \/>\n<meta property=\"og:image\" content=\"https:\/\/www.technic-toys.com\/wp-content\/uploads\/2022\/04\/224373TttRXldpdM1o.jpg\" \/>\n\t<meta property=\"og:image:width\" content=\"2560\" \/>\n\t<meta property=\"og:image:height\" content=\"1468\" \/>\n\t<meta property=\"og:image:type\" content=\"image\/jpeg\" \/>\n<meta name=\"twitter:card\" content=\"summary_large_image\" \/>\n<meta name=\"twitter:label1\" content=\"Procijenjeno vrijeme \u010ditanja\" \/>\n\t<meta name=\"twitter:data1\" content=\"2 minute\" \/>\n<script type=\"application\/ld+json\" class=\"yoast-schema-graph\">{\"@context\":\"https:\/\/schema.org\",\"@graph\":[{\"@type\":\"WebPage\",\"@id\":\"https:\/\/www.technic-toys.com\/hr\/proizvod\/americki-vojni-kamion-8x8-kipper-112-vojno-zeleni\/\",\"url\":\"https:\/\/www.technic-toys.com\/hr\/proizvod\/americki-vojni-kamion-8x8-kipper-112-vojno-zeleni\/\",\"name\":\"Ameri\u010dki vojni kamion 8x8 Kipper 1:12 vojno zeleni - TECHNIC TOYS SHOP\",\"isPartOf\":{\"@id\":\"https:\/\/www.technic-toys.com\/en\/#website\"},\"datePublished\":\"2022-04-08T19:33:59+00:00\",\"dateModified\":\"2022-08-01T10:45:00+00:00\",\"breadcrumb\":{\"@id\":\"https:\/\/www.technic-toys.com\/hr\/proizvod\/americki-vojni-kamion-8x8-kipper-112-vojno-zeleni\/#breadcrumb\"},\"inLanguage\":\"hr\",\"potentialAction\":[{\"@type\":\"ReadAction\",\"target\":[\"https:\/\/www.technic-toys.com\/hr\/proizvod\/americki-vojni-kamion-8x8-kipper-112-vojno-zeleni\/\"]}]},{\"@type\":\"BreadcrumbList\",\"@id\":\"https:\/\/www.technic-toys.com\/hr\/proizvod\/americki-vojni-kamion-8x8-kipper-112-vojno-zeleni\/#breadcrumb\",\"itemListElement\":[{\"@type\":\"ListItem\",\"position\":1,\"name\":\"Domov\",\"item\":\"https:\/\/www.technic-toys.com\/hr\/\"},{\"@type\":\"ListItem\",\"position\":2,\"name\":\"Shop\",\"item\":\"https:\/\/www.technic-toys.com\/hr\/shop-2\/\"},{\"@type\":\"ListItem\",\"position\":3,\"name\":\"Ameri\u010dki vojni kamion 8&#215;8 Kipper 1:12 vojno zeleni\"}]},{\"@type\":\"WebSite\",\"@id\":\"https:\/\/www.technic-toys.com\/en\/#website\",\"url\":\"https:\/\/www.technic-toys.com\/en\/\",\"name\":\"TECHNIC TOYS SHOP\",\"description\":\"\",\"potentialAction\":[{\"@type\":\"SearchAction\",\"target\":{\"@type\":\"EntryPoint\",\"urlTemplate\":\"https:\/\/www.technic-toys.com\/en\/?s={search_term_string}\"},\"query-input\":\"required name=search_term_string\"}],\"inLanguage\":\"hr\"}]}<\/script>\n<!-- \/ Yoast SEO plugin. -->","yoast_head_json":{"title":"Ameri\u010dki vojni kamion 8x8 Kipper 1:12 vojno zeleni - TECHNIC TOYS SHOP","robots":{"index":"index","follow":"follow","max-snippet":"max-snippet:-1","max-image-preview":"max-image-preview:large","max-video-preview":"max-video-preview:-1"},"canonical":"https:\/\/www.technic-toys.com\/hr\/proizvod\/americki-vojni-kamion-8x8-kipper-112-vojno-zeleni\/","og_locale":"hr_HR","og_type":"article","og_title":"Ameri\u010dki vojni kamion 8x8 Kipper 1:12 vojno zeleni - TECHNIC TOYS SHOP","og_description":"Super lijep model s najboljom opremom! Model dolazi kao RTR vozilo i ne ostavlja ni\u0161ta \u0161to se \u017eeli po pitanju performansi i izgleda! Mno\u0161tvo detalja u mjerilu i originalna naljepnica za oplemenjivanje vozila zaokru\u017euju ukupan utisak. Ovaj kamion ne samo da dobro izgleda, ve\u0107 mo\u017ee i ne\u0161to! Zbog robusne konstrukcije u vezi sa vrlo osjetljivim [&hellip;]","og_url":"https:\/\/www.technic-toys.com\/hr\/proizvod\/americki-vojni-kamion-8x8-kipper-112-vojno-zeleni\/","og_site_name":"TECHNIC TOYS SHOP","article_modified_time":"2022-08-01T10:45:00+00:00","og_image":[{"width":2560,"height":1468,"url":"https:\/\/www.technic-toys.com\/wp-content\/uploads\/2022\/04\/224373TttRXldpdM1o.jpg","type":"image\/jpeg"}],"twitter_card":"summary_large_image","twitter_misc":{"Procijenjeno vrijeme \u010ditanja":"2 minute"},"schema":{"@context":"https:\/\/schema.org","@graph":[{"@type":"WebPage","@id":"https:\/\/www.technic-toys.com\/hr\/proizvod\/americki-vojni-kamion-8x8-kipper-112-vojno-zeleni\/","url":"https:\/\/www.technic-toys.com\/hr\/proizvod\/americki-vojni-kamion-8x8-kipper-112-vojno-zeleni\/","name":"Ameri\u010dki vojni kamion 8x8 Kipper 1:12 vojno zeleni - TECHNIC TOYS SHOP","isPartOf":{"@id":"https:\/\/www.technic-toys.com\/en\/#website"},"datePublished":"2022-04-08T19:33:59+00:00","dateModified":"2022-08-01T10:45:00+00:00","breadcrumb":{"@id":"https:\/\/www.technic-toys.com\/hr\/proizvod\/americki-vojni-kamion-8x8-kipper-112-vojno-zeleni\/#breadcrumb"},"inLanguage":"hr","potentialAction":[{"@type":"ReadAction","target":["https:\/\/www.technic-toys.com\/hr\/proizvod\/americki-vojni-kamion-8x8-kipper-112-vojno-zeleni\/"]}]},{"@type":"BreadcrumbList","@id":"https:\/\/www.technic-toys.com\/hr\/proizvod\/americki-vojni-kamion-8x8-kipper-112-vojno-zeleni\/#breadcrumb","itemListElement":[{"@type":"ListItem","position":1,"name":"Domov","item":"https:\/\/www.technic-toys.com\/hr\/"},{"@type":"ListItem","position":2,"name":"Shop","item":"https:\/\/www.technic-toys.com\/hr\/shop-2\/"},{"@type":"ListItem","position":3,"name":"Ameri\u010dki vojni kamion 8&#215;8 Kipper 1:12 vojno zeleni"}]},{"@type":"WebSite","@id":"https:\/\/www.technic-toys.com\/en\/#website","url":"https:\/\/www.technic-toys.com\/en\/","name":"TECHNIC TOYS SHOP","description":"","potentialAction":[{"@type":"SearchAction","target":{"@type":"EntryPoint","urlTemplate":"https:\/\/www.technic-toys.com\/en\/?s={search_term_string}"},"query-input":"required name=search_term_string"}],"inLanguage":"hr"}]}},"_links":{"self":[{"href":"https:\/\/www.technic-toys.com\/hr\/wp-json\/wp\/v2\/product\/19554"}],"collection":[{"href":"https:\/\/www.technic-toys.com\/hr\/wp-json\/wp\/v2\/product"}],"about":[{"href":"https:\/\/www.technic-toys.com\/hr\/wp-json\/wp\/v2\/types\/product"}],"wp:featuredmedia":[{"embeddable":true,"href":"https:\/\/www.technic-toys.com\/hr\/wp-json\/wp\/v2\/media\/13731"}],"wp:attachment":[{"href":"https:\/\/www.technic-toys.com\/hr\/wp-json\/wp\/v2\/media?parent=19554"}],"wp:term":[{"taxonomy":"product_cat","embeddable":true,"href":"https:\/\/www.technic-toys.com\/hr\/wp-json\/wp\/v2\/product_cat?post=19554"},{"taxonomy":"product_tag","embeddable":true,"href":"https:\/\/www.technic-toys.com\/hr\/wp-json\/wp\/v2\/product_tag?post=19554"}],"curies":[{"name":"wp","href":"https:\/\/api.w.org\/{rel}","templated":true}]}}