{"id":19570,"date":"2022-04-08T16:30:37","date_gmt":"2022-04-08T19:34:17","guid":{"rendered":"https:\/\/www.technic-toys.com\/izdelek\/amxrock-rcx10pts-scale-crawler-pick-up-110-rtr-siva\/"},"modified":"2022-08-01T12:44:58","modified_gmt":"2022-08-01T10:44:58","slug":"amxrock-rcx10pts-scale-crawler-pick-up-110-rtr-siva","status":"publish","type":"product","link":"https:\/\/www.technic-toys.com\/hr\/proizvod\/amxrock-rcx10pts-scale-crawler-pick-up-110-rtr-siva\/","title":{"rendered":"AMXRock RCX10PTS Scale Crawler Pick-Up 1:10, RTR siva"},"content":{"rendered":"<p>AMXRock RCX10PTS (Profi RTR) u vojno zelenoj boji uklju\u010duju\u0107i \u0161asiju gusjeni\u010dara Ovaj vrhunski gusjeni\u010dar u mjerilu 1:10 kombinuje super tehnologiju sa genijalnim karakteristikama vo\u017enje. Opremljen masivnim metalnim okvirom debljine 5 mm, portalnim osovinama, aluminijumskim podupira\u010dima, metalnim pogonskim vratilima, visokokvalitetnim, potpuno za\u0161ti\u0107enim amortizerima pritiska ulja sa za\u0161titom od pra\u0161ine, 21T 550 motorom sa \u010detkicom, prigu\u0161enim upravlja\u010dkim sistemom, diferencijalima (prednji\/stra\u017enji) koji mo\u017ee se zaklju\u010dati pojedina\u010dno preko oda\u0161ilja\u010da i 2-brzinskog manuelnog mjenja\u010da jedva da su \u017eelje neispunjene. Ovo vozilo je potpuno nov razvoj i po prvi put donosi nekoliko novih sistema na tr\u017ei\u0161te. Isporu\u010dena lan\u010dana \u0161asija osigurava ekstremne terenske karakteristike na bilo kojoj povr\u0161ini Karakteristike: 5mm CNC glodani 6061 aluminijumski okvir CVD pogonske osovine Zavrtnjene 12mm glav\u010dine kota\u010da aluminijum metalne teleskopske pogonske osovine Diffs V\/H mogu se zaklju\u010dati pojedina\u010dno preko predajnika Jedinstven dizajn amortizera sa pra\u0161inom za\u0161titni rukavi Jedinstveni sistem prigu\u0161ivanja upravljanja Jedinstveni ru\u010dni mjenja\u010d sa 2 brzine sa za\u0161titnom funkcijom Visokokvalitetno ku\u0107i\u0161te s magnetnom bravom 1,2 mm PVC6 kanalni sistem daljinskog upravljanja Hobbywing WP-1060 ESC (Li-Po sposoban) Deans21T 550 gusjeni\u010darski motor bru\u0161eni Podesivi Allu nosa\u010d motora CNC glodani nosa\u010d motora servo 9 kg metalni zup\u010danik servo Shift 0,9 kg servo diferencijali 2x 0,9 kg potpuno kugli\u010dni le\u017eaj \u0160asija lanca, podesiva, prigu\u0161ena Tehni\u010dki podaci: Du\u017eina: 530 mm \u0160irina: 220 mm Visina: 270 mm Boja Zazor: mekana baterija: 270 mm pre\u010dnika 1 mm pre\u010dnika min. 3,3 kg motor: 21 550 bru\u0161eniESC: Hobbywing WP-1060 ( Li-Po sposoban) DeansRemote control: 2,4 GHz 6 kanala Ku\u0107i\u0161te: 1,2 mm PVC farbano Okvir: 5 mm CNC aluminijum 6061 Obim isporuke: Potpuno sastavljena Auto4x gusjenica podesiva, prigu\u0161ena, adapter za TRX4 i SCX10 II 2,4 GHz daljinski upravlja\u010d Upute DE \/ EN Potreban pribor: baterija (Ni-Mh 7,2V ili Li-Po 7,4V) npr. Amewi artikal 28895, 28899, 28900, 289024x baterija 1,5V AA Mignon za punja\u010d predajnika<\/p>\n","protected":false},"excerpt":{"rendered":"<p>Sa lan\u010danom \u0161asijom i metalnim kavezom<\/p>\n","protected":false},"featured_media":14131,"template":"","meta":[],"product_cat":[514,421],"product_tag":[],"acf":[],"yoast_head":"<!-- This site is optimized with the Yoast SEO plugin v21.7 - https:\/\/yoast.com\/wordpress\/plugins\/seo\/ -->\n<title>AMXRock RCX10PTS Scale Crawler Pick-Up 1:10, RTR siva - TECHNIC TOYS SHOP<\/title>\n<meta name=\"robots\" content=\"index, follow, max-snippet:-1, max-image-preview:large, max-video-preview:-1\" \/>\n<link rel=\"canonical\" href=\"https:\/\/www.technic-toys.com\/hr\/proizvod\/amxrock-rcx10pts-scale-crawler-pick-up-110-rtr-siva\/\" \/>\n<meta property=\"og:locale\" content=\"hr_HR\" \/>\n<meta property=\"og:type\" content=\"article\" \/>\n<meta property=\"og:title\" content=\"AMXRock RCX10PTS Scale Crawler Pick-Up 1:10, RTR siva - TECHNIC TOYS SHOP\" \/>\n<meta property=\"og:description\" content=\"Sa lan\u010danom \u0161asijom i metalnim kavezom\" \/>\n<meta property=\"og:url\" content=\"https:\/\/www.technic-toys.com\/hr\/proizvod\/amxrock-rcx10pts-scale-crawler-pick-up-110-rtr-siva\/\" \/>\n<meta property=\"og:site_name\" content=\"TECHNIC TOYS SHOP\" \/>\n<meta property=\"article:modified_time\" content=\"2022-08-01T10:44:58+00:00\" \/>\n<meta property=\"og:image\" content=\"https:\/\/www.technic-toys.com\/wp-content\/uploads\/2022\/04\/22463.jpg\" \/>\n\t<meta property=\"og:image:width\" content=\"2560\" \/>\n\t<meta property=\"og:image:height\" content=\"1468\" \/>\n\t<meta property=\"og:image:type\" content=\"image\/jpeg\" \/>\n<meta name=\"twitter:card\" content=\"summary_large_image\" \/>\n<meta name=\"twitter:label1\" content=\"Procijenjeno vrijeme \u010ditanja\" \/>\n\t<meta name=\"twitter:data1\" content=\"2 minute\" \/>\n<script type=\"application\/ld+json\" class=\"yoast-schema-graph\">{\"@context\":\"https:\/\/schema.org\",\"@graph\":[{\"@type\":\"WebPage\",\"@id\":\"https:\/\/www.technic-toys.com\/hr\/proizvod\/amxrock-rcx10pts-scale-crawler-pick-up-110-rtr-siva\/\",\"url\":\"https:\/\/www.technic-toys.com\/hr\/proizvod\/amxrock-rcx10pts-scale-crawler-pick-up-110-rtr-siva\/\",\"name\":\"AMXRock RCX10PTS Scale Crawler Pick-Up 1:10, RTR siva - TECHNIC TOYS SHOP\",\"isPartOf\":{\"@id\":\"https:\/\/www.technic-toys.com\/en\/#website\"},\"datePublished\":\"2022-04-08T19:34:17+00:00\",\"dateModified\":\"2022-08-01T10:44:58+00:00\",\"breadcrumb\":{\"@id\":\"https:\/\/www.technic-toys.com\/hr\/proizvod\/amxrock-rcx10pts-scale-crawler-pick-up-110-rtr-siva\/#breadcrumb\"},\"inLanguage\":\"hr\",\"potentialAction\":[{\"@type\":\"ReadAction\",\"target\":[\"https:\/\/www.technic-toys.com\/hr\/proizvod\/amxrock-rcx10pts-scale-crawler-pick-up-110-rtr-siva\/\"]}]},{\"@type\":\"BreadcrumbList\",\"@id\":\"https:\/\/www.technic-toys.com\/hr\/proizvod\/amxrock-rcx10pts-scale-crawler-pick-up-110-rtr-siva\/#breadcrumb\",\"itemListElement\":[{\"@type\":\"ListItem\",\"position\":1,\"name\":\"Domov\",\"item\":\"https:\/\/www.technic-toys.com\/hr\/\"},{\"@type\":\"ListItem\",\"position\":2,\"name\":\"Shop\",\"item\":\"https:\/\/www.technic-toys.com\/hr\/shop-2\/\"},{\"@type\":\"ListItem\",\"position\":3,\"name\":\"AMXRock RCX10PTS Scale Crawler Pick-Up 1:10, RTR siva\"}]},{\"@type\":\"WebSite\",\"@id\":\"https:\/\/www.technic-toys.com\/en\/#website\",\"url\":\"https:\/\/www.technic-toys.com\/en\/\",\"name\":\"TECHNIC TOYS SHOP\",\"description\":\"\",\"potentialAction\":[{\"@type\":\"SearchAction\",\"target\":{\"@type\":\"EntryPoint\",\"urlTemplate\":\"https:\/\/www.technic-toys.com\/en\/?s={search_term_string}\"},\"query-input\":\"required name=search_term_string\"}],\"inLanguage\":\"hr\"}]}<\/script>\n<!-- \/ Yoast SEO plugin. -->","yoast_head_json":{"title":"AMXRock RCX10PTS Scale Crawler Pick-Up 1:10, RTR siva - TECHNIC TOYS SHOP","robots":{"index":"index","follow":"follow","max-snippet":"max-snippet:-1","max-image-preview":"max-image-preview:large","max-video-preview":"max-video-preview:-1"},"canonical":"https:\/\/www.technic-toys.com\/hr\/proizvod\/amxrock-rcx10pts-scale-crawler-pick-up-110-rtr-siva\/","og_locale":"hr_HR","og_type":"article","og_title":"AMXRock RCX10PTS Scale Crawler Pick-Up 1:10, RTR siva - TECHNIC TOYS SHOP","og_description":"Sa lan\u010danom \u0161asijom i metalnim kavezom","og_url":"https:\/\/www.technic-toys.com\/hr\/proizvod\/amxrock-rcx10pts-scale-crawler-pick-up-110-rtr-siva\/","og_site_name":"TECHNIC TOYS SHOP","article_modified_time":"2022-08-01T10:44:58+00:00","og_image":[{"width":2560,"height":1468,"url":"https:\/\/www.technic-toys.com\/wp-content\/uploads\/2022\/04\/22463.jpg","type":"image\/jpeg"}],"twitter_card":"summary_large_image","twitter_misc":{"Procijenjeno vrijeme \u010ditanja":"2 minute"},"schema":{"@context":"https:\/\/schema.org","@graph":[{"@type":"WebPage","@id":"https:\/\/www.technic-toys.com\/hr\/proizvod\/amxrock-rcx10pts-scale-crawler-pick-up-110-rtr-siva\/","url":"https:\/\/www.technic-toys.com\/hr\/proizvod\/amxrock-rcx10pts-scale-crawler-pick-up-110-rtr-siva\/","name":"AMXRock RCX10PTS Scale Crawler Pick-Up 1:10, RTR siva - TECHNIC TOYS SHOP","isPartOf":{"@id":"https:\/\/www.technic-toys.com\/en\/#website"},"datePublished":"2022-04-08T19:34:17+00:00","dateModified":"2022-08-01T10:44:58+00:00","breadcrumb":{"@id":"https:\/\/www.technic-toys.com\/hr\/proizvod\/amxrock-rcx10pts-scale-crawler-pick-up-110-rtr-siva\/#breadcrumb"},"inLanguage":"hr","potentialAction":[{"@type":"ReadAction","target":["https:\/\/www.technic-toys.com\/hr\/proizvod\/amxrock-rcx10pts-scale-crawler-pick-up-110-rtr-siva\/"]}]},{"@type":"BreadcrumbList","@id":"https:\/\/www.technic-toys.com\/hr\/proizvod\/amxrock-rcx10pts-scale-crawler-pick-up-110-rtr-siva\/#breadcrumb","itemListElement":[{"@type":"ListItem","position":1,"name":"Domov","item":"https:\/\/www.technic-toys.com\/hr\/"},{"@type":"ListItem","position":2,"name":"Shop","item":"https:\/\/www.technic-toys.com\/hr\/shop-2\/"},{"@type":"ListItem","position":3,"name":"AMXRock RCX10PTS Scale Crawler Pick-Up 1:10, RTR siva"}]},{"@type":"WebSite","@id":"https:\/\/www.technic-toys.com\/en\/#website","url":"https:\/\/www.technic-toys.com\/en\/","name":"TECHNIC TOYS SHOP","description":"","potentialAction":[{"@type":"SearchAction","target":{"@type":"EntryPoint","urlTemplate":"https:\/\/www.technic-toys.com\/en\/?s={search_term_string}"},"query-input":"required name=search_term_string"}],"inLanguage":"hr"}]}},"_links":{"self":[{"href":"https:\/\/www.technic-toys.com\/hr\/wp-json\/wp\/v2\/product\/19570"}],"collection":[{"href":"https:\/\/www.technic-toys.com\/hr\/wp-json\/wp\/v2\/product"}],"about":[{"href":"https:\/\/www.technic-toys.com\/hr\/wp-json\/wp\/v2\/types\/product"}],"wp:featuredmedia":[{"embeddable":true,"href":"https:\/\/www.technic-toys.com\/hr\/wp-json\/wp\/v2\/media\/14131"}],"wp:attachment":[{"href":"https:\/\/www.technic-toys.com\/hr\/wp-json\/wp\/v2\/media?parent=19570"}],"wp:term":[{"taxonomy":"product_cat","embeddable":true,"href":"https:\/\/www.technic-toys.com\/hr\/wp-json\/wp\/v2\/product_cat?post=19570"},{"taxonomy":"product_tag","embeddable":true,"href":"https:\/\/www.technic-toys.com\/hr\/wp-json\/wp\/v2\/product_tag?post=19570"}],"curies":[{"name":"wp","href":"https:\/\/api.w.org\/{rel}","templated":true}]}}