{"id":19571,"date":"2022-04-08T16:30:37","date_gmt":"2022-04-08T19:34:17","guid":{"rendered":"https:\/\/www.technic-toys.com\/izdelek\/amxrock-rcx8b-scale-crawler-pick-up-18-rtr-plava\/"},"modified":"2022-08-01T12:44:58","modified_gmt":"2022-08-01T10:44:58","slug":"amxrock-rcx8b-scale-crawler-pick-up-18-rtr-plava","status":"publish","type":"product","link":"https:\/\/www.technic-toys.com\/hr\/proizvod\/amxrock-rcx8b-scale-crawler-pick-up-18-rtr-plava\/","title":{"rendered":"AMXRock RCX8B Scale Crawler Pick-Up 1:8, RTR plava"},"content":{"rendered":"<p>AMXRock RCX8B (RTR osnova) u plavoj Ovaj vrhunski gusjeni\u010dar u skali 1:8 kombinuje sjajnu tehnologiju sa genijalnim karakteristikama vo\u017enje. Opremljen \u010dvrstim metalnim okvirom debljine 5 mm, portalnim osovinama, aluminijskim podupira\u010dima, visokokvalitetnim, potpuno za\u0161ti\u0107enim amortizerima pritiska ulja sa 500 ulja, 650 bru\u0161enim motorom sa 23T, prigu\u0161enim upravlja\u010dkim sistemom i 2-brzinskim ru\u010dnim mjenja\u010dem, ovo vozilo ne ostavlja ni\u0161ta po\u017eeljeti. Ovo vozilo je potpuno novi razvoj i po prvi put donosi neke nove sisteme na tr\u017ei\u0161te Karakteristike: 5mm CNC obra\u0111en aluminijumski okvir 6061 CVD pogonske osovine Jedinstven dizajn amortizera sa rukavima za za\u0161titu od pra\u0161ine Jedinstveni sistem amortizacije upravljanja Trajno zaklju\u010dane osovine (diferencijali) Jedinstveni 2-brzinski ru\u010dni mjenja\u010d sa za\u0161titnom funkcijom Visokokvalitetno ku\u0107i\u0161te sa magnetnom bravom 1,2mm PVC4 kanalni sistem daljinskog upravljanja Hobbywing WP-1060 ESC (Li-Po sposoban) Deans650 Gusjenica Motor bru\u0161eni 23T Podesivi aluminijumski nosa\u010d motora CNC glodani zup\u010danik motora Upravlja\u010dki servo 15kg Metalni nosa\u010d WP preklopni servo 0.9kg, 17g Potpuno s kugli\u010dnim le\u017eajem.Tehni\u010dki podaci: Du\u017eina: 648mm \u0160irina: 293mm Visina: 278mm Me\u0111uosovinsko rastojanje: 375mm Grip 1.43mm Pre\u010dnik to\u010dka: Super High 61mm Razmak od tla: min Soft gume: 5 mm Meke gume ili felge 7 mm oko 3,6 kg Motor: 650 bru\u0161eni 23TESC: Hobbywing WP-1060 (Li-Po sposoban) Deans daljinski upravlja\u010d: 2,4 GHz 4 kanala Ku\u0107i\u0161te: 1,2 mm PVC farbano Okvir: 5 mm CNC aluminijum 6061 Obim isporuke: kompletan m Instalirani auto 2,4GHz daljinski upravlja\u010d Upute DE \/ EN Potreban pribor: Baterija (Ni-Mh 7,2V ili Li-Po 7,4V) npr. Amewi artikl 28895, 28899, 28900, 289024x baterija 1,5V AA Mignon punja\u010d za transmitter<\/p>\n","protected":false},"excerpt":{"rendered":"<p>AMXRock RCX8B (RTR osnova) u plavoj Ovaj vrhunski gusjeni\u010dar u skali 1:8 kombinuje sjajnu tehnologiju sa genijalnim karakteristikama vo\u017enje. Opremljen \u010dvrstim metalnim okvirom debljine 5 mm, portalnim osovinama, aluminijskim podupira\u010dima, visokokvalitetnim, potpuno za\u0161ti\u0107enim amortizerima pritiska ulja sa 500 ulja, 650 bru\u0161enim motorom sa 23T, prigu\u0161enim upravlja\u010dkim sistemom i 2-brzinskim ru\u010dnim mjenja\u010dem, ovo vozilo ne ostavlja [&hellip;]<\/p>\n","protected":false},"featured_media":14159,"template":"","meta":[],"product_cat":[514,515],"product_tag":[],"acf":[],"yoast_head":"<!-- This site is optimized with the Yoast SEO plugin v21.7 - https:\/\/yoast.com\/wordpress\/plugins\/seo\/ -->\n<title>AMXRock RCX8B Scale Crawler Pick-Up 1:8, RTR plava - TECHNIC TOYS SHOP<\/title>\n<meta name=\"robots\" content=\"index, follow, max-snippet:-1, max-image-preview:large, max-video-preview:-1\" \/>\n<link rel=\"canonical\" href=\"https:\/\/www.technic-toys.com\/hr\/proizvod\/amxrock-rcx8b-scale-crawler-pick-up-18-rtr-plava\/\" \/>\n<meta property=\"og:locale\" content=\"hr_HR\" \/>\n<meta property=\"og:type\" content=\"article\" \/>\n<meta property=\"og:title\" content=\"AMXRock RCX8B Scale Crawler Pick-Up 1:8, RTR plava - TECHNIC TOYS SHOP\" \/>\n<meta property=\"og:description\" content=\"AMXRock RCX8B (RTR osnova) u plavoj Ovaj vrhunski gusjeni\u010dar u skali 1:8 kombinuje sjajnu tehnologiju sa genijalnim karakteristikama vo\u017enje. Opremljen \u010dvrstim metalnim okvirom debljine 5 mm, portalnim osovinama, aluminijskim podupira\u010dima, visokokvalitetnim, potpuno za\u0161ti\u0107enim amortizerima pritiska ulja sa 500 ulja, 650 bru\u0161enim motorom sa 23T, prigu\u0161enim upravlja\u010dkim sistemom i 2-brzinskim ru\u010dnim mjenja\u010dem, ovo vozilo ne ostavlja [&hellip;]\" \/>\n<meta property=\"og:url\" content=\"https:\/\/www.technic-toys.com\/hr\/proizvod\/amxrock-rcx8b-scale-crawler-pick-up-18-rtr-plava\/\" \/>\n<meta property=\"og:site_name\" content=\"TECHNIC TOYS SHOP\" \/>\n<meta property=\"article:modified_time\" content=\"2022-08-01T10:44:58+00:00\" \/>\n<meta property=\"og:image\" content=\"https:\/\/www.technic-toys.com\/wp-content\/uploads\/2022\/04\/22465.jpg\" \/>\n\t<meta property=\"og:image:width\" content=\"2560\" \/>\n\t<meta property=\"og:image:height\" content=\"1468\" \/>\n\t<meta property=\"og:image:type\" content=\"image\/jpeg\" \/>\n<meta name=\"twitter:card\" content=\"summary_large_image\" \/>\n<meta name=\"twitter:label1\" content=\"Procijenjeno vrijeme \u010ditanja\" \/>\n\t<meta name=\"twitter:data1\" content=\"1 minuta\" \/>\n<script type=\"application\/ld+json\" class=\"yoast-schema-graph\">{\"@context\":\"https:\/\/schema.org\",\"@graph\":[{\"@type\":\"WebPage\",\"@id\":\"https:\/\/www.technic-toys.com\/hr\/proizvod\/amxrock-rcx8b-scale-crawler-pick-up-18-rtr-plava\/\",\"url\":\"https:\/\/www.technic-toys.com\/hr\/proizvod\/amxrock-rcx8b-scale-crawler-pick-up-18-rtr-plava\/\",\"name\":\"AMXRock RCX8B Scale Crawler Pick-Up 1:8, RTR plava - TECHNIC TOYS SHOP\",\"isPartOf\":{\"@id\":\"https:\/\/www.technic-toys.com\/en\/#website\"},\"datePublished\":\"2022-04-08T19:34:17+00:00\",\"dateModified\":\"2022-08-01T10:44:58+00:00\",\"breadcrumb\":{\"@id\":\"https:\/\/www.technic-toys.com\/hr\/proizvod\/amxrock-rcx8b-scale-crawler-pick-up-18-rtr-plava\/#breadcrumb\"},\"inLanguage\":\"hr\",\"potentialAction\":[{\"@type\":\"ReadAction\",\"target\":[\"https:\/\/www.technic-toys.com\/hr\/proizvod\/amxrock-rcx8b-scale-crawler-pick-up-18-rtr-plava\/\"]}]},{\"@type\":\"BreadcrumbList\",\"@id\":\"https:\/\/www.technic-toys.com\/hr\/proizvod\/amxrock-rcx8b-scale-crawler-pick-up-18-rtr-plava\/#breadcrumb\",\"itemListElement\":[{\"@type\":\"ListItem\",\"position\":1,\"name\":\"Domov\",\"item\":\"https:\/\/www.technic-toys.com\/hr\/\"},{\"@type\":\"ListItem\",\"position\":2,\"name\":\"Shop\",\"item\":\"https:\/\/www.technic-toys.com\/hr\/shop-2\/\"},{\"@type\":\"ListItem\",\"position\":3,\"name\":\"AMXRock RCX8B Scale Crawler Pick-Up 1:8, RTR plava\"}]},{\"@type\":\"WebSite\",\"@id\":\"https:\/\/www.technic-toys.com\/en\/#website\",\"url\":\"https:\/\/www.technic-toys.com\/en\/\",\"name\":\"TECHNIC TOYS SHOP\",\"description\":\"\",\"potentialAction\":[{\"@type\":\"SearchAction\",\"target\":{\"@type\":\"EntryPoint\",\"urlTemplate\":\"https:\/\/www.technic-toys.com\/en\/?s={search_term_string}\"},\"query-input\":\"required name=search_term_string\"}],\"inLanguage\":\"hr\"}]}<\/script>\n<!-- \/ Yoast SEO plugin. -->","yoast_head_json":{"title":"AMXRock RCX8B Scale Crawler Pick-Up 1:8, RTR plava - TECHNIC TOYS SHOP","robots":{"index":"index","follow":"follow","max-snippet":"max-snippet:-1","max-image-preview":"max-image-preview:large","max-video-preview":"max-video-preview:-1"},"canonical":"https:\/\/www.technic-toys.com\/hr\/proizvod\/amxrock-rcx8b-scale-crawler-pick-up-18-rtr-plava\/","og_locale":"hr_HR","og_type":"article","og_title":"AMXRock RCX8B Scale Crawler Pick-Up 1:8, RTR plava - TECHNIC TOYS SHOP","og_description":"AMXRock RCX8B (RTR osnova) u plavoj Ovaj vrhunski gusjeni\u010dar u skali 1:8 kombinuje sjajnu tehnologiju sa genijalnim karakteristikama vo\u017enje. Opremljen \u010dvrstim metalnim okvirom debljine 5 mm, portalnim osovinama, aluminijskim podupira\u010dima, visokokvalitetnim, potpuno za\u0161ti\u0107enim amortizerima pritiska ulja sa 500 ulja, 650 bru\u0161enim motorom sa 23T, prigu\u0161enim upravlja\u010dkim sistemom i 2-brzinskim ru\u010dnim mjenja\u010dem, ovo vozilo ne ostavlja [&hellip;]","og_url":"https:\/\/www.technic-toys.com\/hr\/proizvod\/amxrock-rcx8b-scale-crawler-pick-up-18-rtr-plava\/","og_site_name":"TECHNIC TOYS SHOP","article_modified_time":"2022-08-01T10:44:58+00:00","og_image":[{"width":2560,"height":1468,"url":"https:\/\/www.technic-toys.com\/wp-content\/uploads\/2022\/04\/22465.jpg","type":"image\/jpeg"}],"twitter_card":"summary_large_image","twitter_misc":{"Procijenjeno vrijeme \u010ditanja":"1 minuta"},"schema":{"@context":"https:\/\/schema.org","@graph":[{"@type":"WebPage","@id":"https:\/\/www.technic-toys.com\/hr\/proizvod\/amxrock-rcx8b-scale-crawler-pick-up-18-rtr-plava\/","url":"https:\/\/www.technic-toys.com\/hr\/proizvod\/amxrock-rcx8b-scale-crawler-pick-up-18-rtr-plava\/","name":"AMXRock RCX8B Scale Crawler Pick-Up 1:8, RTR plava - TECHNIC TOYS SHOP","isPartOf":{"@id":"https:\/\/www.technic-toys.com\/en\/#website"},"datePublished":"2022-04-08T19:34:17+00:00","dateModified":"2022-08-01T10:44:58+00:00","breadcrumb":{"@id":"https:\/\/www.technic-toys.com\/hr\/proizvod\/amxrock-rcx8b-scale-crawler-pick-up-18-rtr-plava\/#breadcrumb"},"inLanguage":"hr","potentialAction":[{"@type":"ReadAction","target":["https:\/\/www.technic-toys.com\/hr\/proizvod\/amxrock-rcx8b-scale-crawler-pick-up-18-rtr-plava\/"]}]},{"@type":"BreadcrumbList","@id":"https:\/\/www.technic-toys.com\/hr\/proizvod\/amxrock-rcx8b-scale-crawler-pick-up-18-rtr-plava\/#breadcrumb","itemListElement":[{"@type":"ListItem","position":1,"name":"Domov","item":"https:\/\/www.technic-toys.com\/hr\/"},{"@type":"ListItem","position":2,"name":"Shop","item":"https:\/\/www.technic-toys.com\/hr\/shop-2\/"},{"@type":"ListItem","position":3,"name":"AMXRock RCX8B Scale Crawler Pick-Up 1:8, RTR plava"}]},{"@type":"WebSite","@id":"https:\/\/www.technic-toys.com\/en\/#website","url":"https:\/\/www.technic-toys.com\/en\/","name":"TECHNIC TOYS SHOP","description":"","potentialAction":[{"@type":"SearchAction","target":{"@type":"EntryPoint","urlTemplate":"https:\/\/www.technic-toys.com\/en\/?s={search_term_string}"},"query-input":"required name=search_term_string"}],"inLanguage":"hr"}]}},"_links":{"self":[{"href":"https:\/\/www.technic-toys.com\/hr\/wp-json\/wp\/v2\/product\/19571"}],"collection":[{"href":"https:\/\/www.technic-toys.com\/hr\/wp-json\/wp\/v2\/product"}],"about":[{"href":"https:\/\/www.technic-toys.com\/hr\/wp-json\/wp\/v2\/types\/product"}],"wp:featuredmedia":[{"embeddable":true,"href":"https:\/\/www.technic-toys.com\/hr\/wp-json\/wp\/v2\/media\/14159"}],"wp:attachment":[{"href":"https:\/\/www.technic-toys.com\/hr\/wp-json\/wp\/v2\/media?parent=19571"}],"wp:term":[{"taxonomy":"product_cat","embeddable":true,"href":"https:\/\/www.technic-toys.com\/hr\/wp-json\/wp\/v2\/product_cat?post=19571"},{"taxonomy":"product_tag","embeddable":true,"href":"https:\/\/www.technic-toys.com\/hr\/wp-json\/wp\/v2\/product_tag?post=19571"}],"curies":[{"name":"wp","href":"https:\/\/api.w.org\/{rel}","templated":true}]}}