{"id":19599,"date":"2022-04-08T16:46:08","date_gmt":"2022-04-08T19:34:37","guid":{"rendered":"https:\/\/www.technic-toys.com\/izdelek\/warrior-monster-truck-110-rtr-crno-zlatno\/"},"modified":"2022-08-01T12:44:53","modified_gmt":"2022-08-01T10:44:53","slug":"warrior-monster-truck-110-rtr-crno-zlatno","status":"publish","type":"product","link":"https:\/\/www.technic-toys.com\/hr\/proizvod\/warrior-monster-truck-110-rtr-crno-zlatno\/","title":{"rendered":"Warrior Monster Truck 1:10 RTR crno\/zlatno"},"content":{"rendered":"<p>Cool i \u010dvrst kamion \u010dudovi\u0161te sa odli\u010dnim izgledom u mjerilu 1:10. Sna\u017eni 4WD pogon na sva \u010detiri to\u010dka razvija Warrior do 45 km\/h. Gume od prave gume osiguravaju odli\u010dno prianjanje &#8211; u zatvorenom i na otvorenom. Visokokvalitetne i izdr\u017eljive komponente kao \u0161to su zup\u010danici, diferencijali, CVD pogonske osovine, dr\u017ea\u010di poluga i kugli\u010dni le\u017eajevi izra\u0111eni su od metala. 3-u-1 elektronika bez stresa i otporna na prskanje. Prednje LED osvjetljenje za najbolju vidljivost. Realisti\u010dan dizajn sa krovnim nosa\u010dem i crno obojenim i perforiranim daskama za tr\u010danje u tipi\u010dnom stilu ameri\u010dkih trka\u0107ih dasaka. (tako\u0111er slu\u017ei kao dodatna za\u0161tita od bo\u010dnog udara). Unutra\u0161njost ima hladan karbonski izgled. Pogonski sklop je inkapsuliran i stoga je efikasno za\u0161ti\u0107en od o\u0161te\u0107enja. Crne, klasi\u010dne felge sa 5 krakova nagla\u0161avaju dinami\u010dan dojam ovog sjajnog kamioneta. Mat crvene opruge amortizera \u010dine harmoni\u010dan kontrast crnoj \u0161asiji za te\u0161ke uslove. Kamion se kontroli\u0161e osetljivim, sigurnim i lakim za doziranje daljinskim upravlja\u010dem sa pi\u0161toljem sa najnovijom tehnologijom od 2,4 GHz Karakteristike: Bru\u0161eni motor Metalni diferencijal Metalni CVD pogonske osovine prednje i zadnje gume visokog obrtnog momenta Servo gume Kugli\u010dni le\u017eajevi 3-u-1 elektronika IPX4 otporan na prskanje Tehni\u010dki podaci: du\u017eina: 44 mm \u0161irina: 26 mm visina: 22 mm te\u017eina: 2,0 kg baterija: 1500 mAh LiIon, 7,4 V sa 5600 utika\u010d) balans punja\u010d 110-240 V 800 mAh vrijeme vo\u017enje pribli\u017eno: 15 minuta vrijeme punjenja pribli\u017eno: 180 minuta domet pribli\u017eno 50 metara frekvencija: 2 ,4GHz Maks. Brzina: 40-45 km\/h Obim isporuke: Desert Truck Warrior monster kamion 2,4 GHz pi\u0161tolj radio daljinski upravlja\u010d Punja\u010d baterija Odvija\u010d Klju\u010d krst Ilustrovano uputstvo za upotrebu (DE\/EN, FR) od 8 godina Potreban pribor: 3x 1,5V AA Mignon baterije za predajnik<\/p>\n","protected":false},"excerpt":{"rendered":"<p>Cool i \u010dvrst kamion \u010dudovi\u0161te sa odli\u010dnim izgledom u mjerilu 1:10. Sna\u017eni 4WD pogon na sva \u010detiri to\u010dka razvija Warrior do 45 km\/h. Gume od prave gume osiguravaju odli\u010dno prianjanje &#8211; u zatvorenom i na otvorenom. Visokokvalitetne i izdr\u017eljive komponente kao \u0161to su zup\u010danici, diferencijali, CVD pogonske osovine, dr\u017ea\u010di poluga i kugli\u010dni le\u017eajevi izra\u0111eni su [&hellip;]<\/p>\n","protected":false},"featured_media":14823,"template":"","meta":[],"product_cat":[514,515],"product_tag":[],"acf":[],"yoast_head":"<!-- This site is optimized with the Yoast SEO plugin v21.7 - https:\/\/yoast.com\/wordpress\/plugins\/seo\/ -->\n<title>Warrior Monster Truck 1:10 RTR crno\/zlatno - TECHNIC TOYS SHOP<\/title>\n<meta name=\"robots\" content=\"index, follow, max-snippet:-1, max-image-preview:large, max-video-preview:-1\" \/>\n<link rel=\"canonical\" href=\"https:\/\/www.technic-toys.com\/hr\/proizvod\/warrior-monster-truck-110-rtr-crno-zlatno\/\" \/>\n<meta property=\"og:locale\" content=\"hr_HR\" \/>\n<meta property=\"og:type\" content=\"article\" \/>\n<meta property=\"og:title\" content=\"Warrior Monster Truck 1:10 RTR crno\/zlatno - TECHNIC TOYS SHOP\" \/>\n<meta property=\"og:description\" content=\"Cool i \u010dvrst kamion \u010dudovi\u0161te sa odli\u010dnim izgledom u mjerilu 1:10. Sna\u017eni 4WD pogon na sva \u010detiri to\u010dka razvija Warrior do 45 km\/h. Gume od prave gume osiguravaju odli\u010dno prianjanje &#8211; u zatvorenom i na otvorenom. Visokokvalitetne i izdr\u017eljive komponente kao \u0161to su zup\u010danici, diferencijali, CVD pogonske osovine, dr\u017ea\u010di poluga i kugli\u010dni le\u017eajevi izra\u0111eni su [&hellip;]\" \/>\n<meta property=\"og:url\" content=\"https:\/\/www.technic-toys.com\/hr\/proizvod\/warrior-monster-truck-110-rtr-crno-zlatno\/\" \/>\n<meta property=\"og:site_name\" content=\"TECHNIC TOYS SHOP\" \/>\n<meta property=\"article:modified_time\" content=\"2022-08-01T10:44:53+00:00\" \/>\n<meta property=\"og:image\" content=\"https:\/\/www.technic-toys.com\/wp-content\/uploads\/2022\/04\/22493.jpg\" \/>\n\t<meta property=\"og:image:width\" content=\"2560\" \/>\n\t<meta property=\"og:image:height\" content=\"1468\" \/>\n\t<meta property=\"og:image:type\" content=\"image\/jpeg\" \/>\n<meta name=\"twitter:card\" content=\"summary_large_image\" \/>\n<meta name=\"twitter:label1\" content=\"Procijenjeno vrijeme \u010ditanja\" \/>\n\t<meta name=\"twitter:data1\" content=\"2 minute\" \/>\n<script type=\"application\/ld+json\" class=\"yoast-schema-graph\">{\"@context\":\"https:\/\/schema.org\",\"@graph\":[{\"@type\":\"WebPage\",\"@id\":\"https:\/\/www.technic-toys.com\/hr\/proizvod\/warrior-monster-truck-110-rtr-crno-zlatno\/\",\"url\":\"https:\/\/www.technic-toys.com\/hr\/proizvod\/warrior-monster-truck-110-rtr-crno-zlatno\/\",\"name\":\"Warrior Monster Truck 1:10 RTR crno\/zlatno - TECHNIC TOYS SHOP\",\"isPartOf\":{\"@id\":\"https:\/\/www.technic-toys.com\/en\/#website\"},\"datePublished\":\"2022-04-08T19:34:37+00:00\",\"dateModified\":\"2022-08-01T10:44:53+00:00\",\"breadcrumb\":{\"@id\":\"https:\/\/www.technic-toys.com\/hr\/proizvod\/warrior-monster-truck-110-rtr-crno-zlatno\/#breadcrumb\"},\"inLanguage\":\"hr\",\"potentialAction\":[{\"@type\":\"ReadAction\",\"target\":[\"https:\/\/www.technic-toys.com\/hr\/proizvod\/warrior-monster-truck-110-rtr-crno-zlatno\/\"]}]},{\"@type\":\"BreadcrumbList\",\"@id\":\"https:\/\/www.technic-toys.com\/hr\/proizvod\/warrior-monster-truck-110-rtr-crno-zlatno\/#breadcrumb\",\"itemListElement\":[{\"@type\":\"ListItem\",\"position\":1,\"name\":\"Domov\",\"item\":\"https:\/\/www.technic-toys.com\/hr\/\"},{\"@type\":\"ListItem\",\"position\":2,\"name\":\"Shop\",\"item\":\"https:\/\/www.technic-toys.com\/hr\/shop-2\/\"},{\"@type\":\"ListItem\",\"position\":3,\"name\":\"Warrior Monster Truck 1:10 RTR crno\/zlatno\"}]},{\"@type\":\"WebSite\",\"@id\":\"https:\/\/www.technic-toys.com\/en\/#website\",\"url\":\"https:\/\/www.technic-toys.com\/en\/\",\"name\":\"TECHNIC TOYS SHOP\",\"description\":\"\",\"potentialAction\":[{\"@type\":\"SearchAction\",\"target\":{\"@type\":\"EntryPoint\",\"urlTemplate\":\"https:\/\/www.technic-toys.com\/en\/?s={search_term_string}\"},\"query-input\":\"required name=search_term_string\"}],\"inLanguage\":\"hr\"}]}<\/script>\n<!-- \/ Yoast SEO plugin. -->","yoast_head_json":{"title":"Warrior Monster Truck 1:10 RTR crno\/zlatno - TECHNIC TOYS SHOP","robots":{"index":"index","follow":"follow","max-snippet":"max-snippet:-1","max-image-preview":"max-image-preview:large","max-video-preview":"max-video-preview:-1"},"canonical":"https:\/\/www.technic-toys.com\/hr\/proizvod\/warrior-monster-truck-110-rtr-crno-zlatno\/","og_locale":"hr_HR","og_type":"article","og_title":"Warrior Monster Truck 1:10 RTR crno\/zlatno - TECHNIC TOYS SHOP","og_description":"Cool i \u010dvrst kamion \u010dudovi\u0161te sa odli\u010dnim izgledom u mjerilu 1:10. Sna\u017eni 4WD pogon na sva \u010detiri to\u010dka razvija Warrior do 45 km\/h. Gume od prave gume osiguravaju odli\u010dno prianjanje &#8211; u zatvorenom i na otvorenom. Visokokvalitetne i izdr\u017eljive komponente kao \u0161to su zup\u010danici, diferencijali, CVD pogonske osovine, dr\u017ea\u010di poluga i kugli\u010dni le\u017eajevi izra\u0111eni su [&hellip;]","og_url":"https:\/\/www.technic-toys.com\/hr\/proizvod\/warrior-monster-truck-110-rtr-crno-zlatno\/","og_site_name":"TECHNIC TOYS SHOP","article_modified_time":"2022-08-01T10:44:53+00:00","og_image":[{"width":2560,"height":1468,"url":"https:\/\/www.technic-toys.com\/wp-content\/uploads\/2022\/04\/22493.jpg","type":"image\/jpeg"}],"twitter_card":"summary_large_image","twitter_misc":{"Procijenjeno vrijeme \u010ditanja":"2 minute"},"schema":{"@context":"https:\/\/schema.org","@graph":[{"@type":"WebPage","@id":"https:\/\/www.technic-toys.com\/hr\/proizvod\/warrior-monster-truck-110-rtr-crno-zlatno\/","url":"https:\/\/www.technic-toys.com\/hr\/proizvod\/warrior-monster-truck-110-rtr-crno-zlatno\/","name":"Warrior Monster Truck 1:10 RTR crno\/zlatno - TECHNIC TOYS SHOP","isPartOf":{"@id":"https:\/\/www.technic-toys.com\/en\/#website"},"datePublished":"2022-04-08T19:34:37+00:00","dateModified":"2022-08-01T10:44:53+00:00","breadcrumb":{"@id":"https:\/\/www.technic-toys.com\/hr\/proizvod\/warrior-monster-truck-110-rtr-crno-zlatno\/#breadcrumb"},"inLanguage":"hr","potentialAction":[{"@type":"ReadAction","target":["https:\/\/www.technic-toys.com\/hr\/proizvod\/warrior-monster-truck-110-rtr-crno-zlatno\/"]}]},{"@type":"BreadcrumbList","@id":"https:\/\/www.technic-toys.com\/hr\/proizvod\/warrior-monster-truck-110-rtr-crno-zlatno\/#breadcrumb","itemListElement":[{"@type":"ListItem","position":1,"name":"Domov","item":"https:\/\/www.technic-toys.com\/hr\/"},{"@type":"ListItem","position":2,"name":"Shop","item":"https:\/\/www.technic-toys.com\/hr\/shop-2\/"},{"@type":"ListItem","position":3,"name":"Warrior Monster Truck 1:10 RTR crno\/zlatno"}]},{"@type":"WebSite","@id":"https:\/\/www.technic-toys.com\/en\/#website","url":"https:\/\/www.technic-toys.com\/en\/","name":"TECHNIC TOYS SHOP","description":"","potentialAction":[{"@type":"SearchAction","target":{"@type":"EntryPoint","urlTemplate":"https:\/\/www.technic-toys.com\/en\/?s={search_term_string}"},"query-input":"required name=search_term_string"}],"inLanguage":"hr"}]}},"_links":{"self":[{"href":"https:\/\/www.technic-toys.com\/hr\/wp-json\/wp\/v2\/product\/19599"}],"collection":[{"href":"https:\/\/www.technic-toys.com\/hr\/wp-json\/wp\/v2\/product"}],"about":[{"href":"https:\/\/www.technic-toys.com\/hr\/wp-json\/wp\/v2\/types\/product"}],"wp:featuredmedia":[{"embeddable":true,"href":"https:\/\/www.technic-toys.com\/hr\/wp-json\/wp\/v2\/media\/14823"}],"wp:attachment":[{"href":"https:\/\/www.technic-toys.com\/hr\/wp-json\/wp\/v2\/media?parent=19599"}],"wp:term":[{"taxonomy":"product_cat","embeddable":true,"href":"https:\/\/www.technic-toys.com\/hr\/wp-json\/wp\/v2\/product_cat?post=19599"},{"taxonomy":"product_tag","embeddable":true,"href":"https:\/\/www.technic-toys.com\/hr\/wp-json\/wp\/v2\/product_tag?post=19599"}],"curies":[{"name":"wp","href":"https:\/\/api.w.org\/{rel}","templated":true}]}}