{"id":19606,"date":"2022-04-08T16:46:08","date_gmt":"2022-04-08T19:34:37","guid":{"rendered":"https:\/\/www.technic-toys.com\/izdelek\/utovarivac-na-kotacima-g484e-se-benzin-114-djelomicno-metalni-rtr\/"},"modified":"2022-08-01T12:44:54","modified_gmt":"2022-08-01T10:44:54","slug":"utovarivac-na-kotacima-g484e-se-benzin-114-djelomicno-metalni-rtr","status":"publish","type":"product","link":"https:\/\/www.technic-toys.com\/hr\/proizvod\/utovarivac-na-kotacima-g484e-se-benzin-114-djelomicno-metalni-rtr\/","title":{"rendered":"Utovariva\u010d na kota\u010dima G484E SE benzin 1:14, djelomi\u010dno metalni RTR"},"content":{"rendered":"<p>Ekskluzivni Amewi utovariva\u010d na to\u010dkovima G484 1:14, RTR, 10-kanalni u specijalnom izdanju sa rotiraju\u0107im farom.<br \/>Promjene u pore\u0111enju sa V3:<br \/>Potpuno proporcionalna kontrolna lopata<br \/>Potpuno proporcionalna kontrolna lopata<br \/ >Br\u017ee upravljanje<br \/>Svjetlo za rotiranje \u017euto<br \/>Svjetlo sprijeda bijelo, pozadi crveno<br \/>Oda\u0161ilja\u010d od metala<br \/>Nova V4 elektronika (pobolj\u0161ana)<\/p>\n<p>Utovariva\u010d na kota\u010dima u mjerilo 1:14 \/ dio metalne skale u jednom Specijalna boja i promjenjivi rotiraju\u0107i svjetionik. Ovaj visokokvalitetni utovariva\u010d na to\u010dkovima zatvara jaz izme\u0111u RC igra\u010daka i profesionalne izrade modela. Grana, lopata \u0161irine 190 mm i dijelovi nadgradnje izra\u0111eni su od pravog metala. Propovjedaonica je izra\u0111ena od plastike otporne na udarce. Vizuelne i tehni\u010dke karakteristike ovog modela 1:14 ne\u0107e impresionirati samo iskusne proizvo\u0111a\u010de modela. Zglobni zglob utovariva\u010da na kota\u010dima je proporcionalan i omogu\u0107ava osjetljivu kontrolu. Tako\u0111er proporcionalne su funkcije gore\/dolje, otvaranje\/zatvaranje lopate i gas. Precizan rad sa ovim visokokvalitetnim modelom stoga nije problem. Sila pokretanja 2 pogona vretena je vi\u0161e nego dovoljna da nema problema \u010dak i kod ve\u0107ih optere\u0107enja. <\/p>\n<p>Karakteristike:<br \/>Proporcionalna kontrola na svim kanalima za osjetljivu kontrolu.<br \/>Zvuk vo\u017enje i funkcije mogu se uklju\u010diti\/isklju\u010diti.<br \/>Kontrola od 2,4 GHz sa 10 kanala.< br \/>Velika Li-Ion baterija od 2000mAh za dugu vo\u017enju.<br \/>Verzija RTR &#8211; spremna za vo\u017enju. Samo napunite bateriju i krenite.<br \/>Gumene gume za najbolje prianjanje<br \/>Sna\u017eni motori za najbolji rad<\/p>\n<p>Tehni\u010dki podaci:<br \/>Du\u017eina: 540 mm<br \/ >\u0160irina: 200 mm<br \/>Visina: 210mm<br \/>Te\u017eina: pribli\u017eno 4,8kg<br \/>Lopata: 190mm<br \/>Motor \u010detke \/ pogon<br \/>Pogoni vretena \/ lopata + ruka<br \/> 1 x baterija 7 ,4V Li-Ion 2000mAh, 93g, 69x37x18mm, XT30 utika\u010d (utika\u010d)<\/p>\n<p>Obim isporuke:<br \/>Utovariva\u010d na to\u010dkovima 1:14 djelomi\u010dno metalni benzinski lak<br \/>Baterija 2000mAh Li-Ion 7.4V< br \/>Punja\u010d<br \/>Oda\u0161ilja\u010d 10 kanala 2.4 GHz<br \/>Upute DE \/ EN<\/p>\n<p>Potreban pribor:<br \/>4 x AA Mignon baterije za predajnik<br \/>< br \/><\/p>\n","protected":false},"excerpt":{"rendered":"<p>Zvuk, svjetlo, 10 kanala<\/p>\n","protected":false},"featured_media":15010,"template":"","meta":[],"product_cat":[514,420],"product_tag":[],"acf":[],"yoast_head":"<!-- This site is optimized with the Yoast SEO plugin v21.7 - https:\/\/yoast.com\/wordpress\/plugins\/seo\/ -->\n<title>Utovariva\u010d na kota\u010dima G484E SE benzin 1:14, djelomi\u010dno metalni RTR - TECHNIC TOYS SHOP<\/title>\n<meta name=\"robots\" content=\"index, follow, max-snippet:-1, max-image-preview:large, max-video-preview:-1\" \/>\n<link rel=\"canonical\" href=\"https:\/\/www.technic-toys.com\/hr\/proizvod\/utovarivac-na-kotacima-g484e-se-benzin-114-djelomicno-metalni-rtr\/\" \/>\n<meta property=\"og:locale\" content=\"hr_HR\" \/>\n<meta property=\"og:type\" content=\"article\" \/>\n<meta property=\"og:title\" content=\"Utovariva\u010d na kota\u010dima G484E SE benzin 1:14, djelomi\u010dno metalni RTR - TECHNIC TOYS SHOP\" \/>\n<meta property=\"og:description\" content=\"Zvuk, svjetlo, 10 kanala\" \/>\n<meta property=\"og:url\" content=\"https:\/\/www.technic-toys.com\/hr\/proizvod\/utovarivac-na-kotacima-g484e-se-benzin-114-djelomicno-metalni-rtr\/\" \/>\n<meta property=\"og:site_name\" content=\"TECHNIC TOYS SHOP\" \/>\n<meta property=\"article:modified_time\" content=\"2022-08-01T10:44:54+00:00\" \/>\n<meta property=\"og:image\" content=\"https:\/\/www.technic-toys.com\/wp-content\/uploads\/2022\/04\/22500.jpg\" \/>\n\t<meta property=\"og:image:width\" content=\"2560\" \/>\n\t<meta property=\"og:image:height\" content=\"1468\" \/>\n\t<meta property=\"og:image:type\" content=\"image\/jpeg\" \/>\n<meta name=\"twitter:card\" content=\"summary_large_image\" \/>\n<meta name=\"twitter:label1\" content=\"Procijenjeno vrijeme \u010ditanja\" \/>\n\t<meta name=\"twitter:data1\" content=\"1 minuta\" \/>\n<script type=\"application\/ld+json\" class=\"yoast-schema-graph\">{\"@context\":\"https:\/\/schema.org\",\"@graph\":[{\"@type\":\"WebPage\",\"@id\":\"https:\/\/www.technic-toys.com\/hr\/proizvod\/utovarivac-na-kotacima-g484e-se-benzin-114-djelomicno-metalni-rtr\/\",\"url\":\"https:\/\/www.technic-toys.com\/hr\/proizvod\/utovarivac-na-kotacima-g484e-se-benzin-114-djelomicno-metalni-rtr\/\",\"name\":\"Utovariva\u010d na kota\u010dima G484E SE benzin 1:14, djelomi\u010dno metalni RTR - TECHNIC TOYS SHOP\",\"isPartOf\":{\"@id\":\"https:\/\/www.technic-toys.com\/en\/#website\"},\"datePublished\":\"2022-04-08T19:34:37+00:00\",\"dateModified\":\"2022-08-01T10:44:54+00:00\",\"breadcrumb\":{\"@id\":\"https:\/\/www.technic-toys.com\/hr\/proizvod\/utovarivac-na-kotacima-g484e-se-benzin-114-djelomicno-metalni-rtr\/#breadcrumb\"},\"inLanguage\":\"hr\",\"potentialAction\":[{\"@type\":\"ReadAction\",\"target\":[\"https:\/\/www.technic-toys.com\/hr\/proizvod\/utovarivac-na-kotacima-g484e-se-benzin-114-djelomicno-metalni-rtr\/\"]}]},{\"@type\":\"BreadcrumbList\",\"@id\":\"https:\/\/www.technic-toys.com\/hr\/proizvod\/utovarivac-na-kotacima-g484e-se-benzin-114-djelomicno-metalni-rtr\/#breadcrumb\",\"itemListElement\":[{\"@type\":\"ListItem\",\"position\":1,\"name\":\"Domov\",\"item\":\"https:\/\/www.technic-toys.com\/hr\/\"},{\"@type\":\"ListItem\",\"position\":2,\"name\":\"Shop\",\"item\":\"https:\/\/www.technic-toys.com\/hr\/shop-2\/\"},{\"@type\":\"ListItem\",\"position\":3,\"name\":\"Utovariva\u010d na kota\u010dima G484E SE benzin 1:14, djelomi\u010dno metalni RTR\"}]},{\"@type\":\"WebSite\",\"@id\":\"https:\/\/www.technic-toys.com\/en\/#website\",\"url\":\"https:\/\/www.technic-toys.com\/en\/\",\"name\":\"TECHNIC TOYS SHOP\",\"description\":\"\",\"potentialAction\":[{\"@type\":\"SearchAction\",\"target\":{\"@type\":\"EntryPoint\",\"urlTemplate\":\"https:\/\/www.technic-toys.com\/en\/?s={search_term_string}\"},\"query-input\":\"required name=search_term_string\"}],\"inLanguage\":\"hr\"}]}<\/script>\n<!-- \/ Yoast SEO plugin. -->","yoast_head_json":{"title":"Utovariva\u010d na kota\u010dima G484E SE benzin 1:14, djelomi\u010dno metalni RTR - TECHNIC TOYS SHOP","robots":{"index":"index","follow":"follow","max-snippet":"max-snippet:-1","max-image-preview":"max-image-preview:large","max-video-preview":"max-video-preview:-1"},"canonical":"https:\/\/www.technic-toys.com\/hr\/proizvod\/utovarivac-na-kotacima-g484e-se-benzin-114-djelomicno-metalni-rtr\/","og_locale":"hr_HR","og_type":"article","og_title":"Utovariva\u010d na kota\u010dima G484E SE benzin 1:14, djelomi\u010dno metalni RTR - TECHNIC TOYS SHOP","og_description":"Zvuk, svjetlo, 10 kanala","og_url":"https:\/\/www.technic-toys.com\/hr\/proizvod\/utovarivac-na-kotacima-g484e-se-benzin-114-djelomicno-metalni-rtr\/","og_site_name":"TECHNIC TOYS SHOP","article_modified_time":"2022-08-01T10:44:54+00:00","og_image":[{"width":2560,"height":1468,"url":"https:\/\/www.technic-toys.com\/wp-content\/uploads\/2022\/04\/22500.jpg","type":"image\/jpeg"}],"twitter_card":"summary_large_image","twitter_misc":{"Procijenjeno vrijeme \u010ditanja":"1 minuta"},"schema":{"@context":"https:\/\/schema.org","@graph":[{"@type":"WebPage","@id":"https:\/\/www.technic-toys.com\/hr\/proizvod\/utovarivac-na-kotacima-g484e-se-benzin-114-djelomicno-metalni-rtr\/","url":"https:\/\/www.technic-toys.com\/hr\/proizvod\/utovarivac-na-kotacima-g484e-se-benzin-114-djelomicno-metalni-rtr\/","name":"Utovariva\u010d na kota\u010dima G484E SE benzin 1:14, djelomi\u010dno metalni RTR - TECHNIC TOYS SHOP","isPartOf":{"@id":"https:\/\/www.technic-toys.com\/en\/#website"},"datePublished":"2022-04-08T19:34:37+00:00","dateModified":"2022-08-01T10:44:54+00:00","breadcrumb":{"@id":"https:\/\/www.technic-toys.com\/hr\/proizvod\/utovarivac-na-kotacima-g484e-se-benzin-114-djelomicno-metalni-rtr\/#breadcrumb"},"inLanguage":"hr","potentialAction":[{"@type":"ReadAction","target":["https:\/\/www.technic-toys.com\/hr\/proizvod\/utovarivac-na-kotacima-g484e-se-benzin-114-djelomicno-metalni-rtr\/"]}]},{"@type":"BreadcrumbList","@id":"https:\/\/www.technic-toys.com\/hr\/proizvod\/utovarivac-na-kotacima-g484e-se-benzin-114-djelomicno-metalni-rtr\/#breadcrumb","itemListElement":[{"@type":"ListItem","position":1,"name":"Domov","item":"https:\/\/www.technic-toys.com\/hr\/"},{"@type":"ListItem","position":2,"name":"Shop","item":"https:\/\/www.technic-toys.com\/hr\/shop-2\/"},{"@type":"ListItem","position":3,"name":"Utovariva\u010d na kota\u010dima G484E SE benzin 1:14, djelomi\u010dno metalni RTR"}]},{"@type":"WebSite","@id":"https:\/\/www.technic-toys.com\/en\/#website","url":"https:\/\/www.technic-toys.com\/en\/","name":"TECHNIC TOYS SHOP","description":"","potentialAction":[{"@type":"SearchAction","target":{"@type":"EntryPoint","urlTemplate":"https:\/\/www.technic-toys.com\/en\/?s={search_term_string}"},"query-input":"required name=search_term_string"}],"inLanguage":"hr"}]}},"_links":{"self":[{"href":"https:\/\/www.technic-toys.com\/hr\/wp-json\/wp\/v2\/product\/19606"}],"collection":[{"href":"https:\/\/www.technic-toys.com\/hr\/wp-json\/wp\/v2\/product"}],"about":[{"href":"https:\/\/www.technic-toys.com\/hr\/wp-json\/wp\/v2\/types\/product"}],"wp:featuredmedia":[{"embeddable":true,"href":"https:\/\/www.technic-toys.com\/hr\/wp-json\/wp\/v2\/media\/15010"}],"wp:attachment":[{"href":"https:\/\/www.technic-toys.com\/hr\/wp-json\/wp\/v2\/media?parent=19606"}],"wp:term":[{"taxonomy":"product_cat","embeddable":true,"href":"https:\/\/www.technic-toys.com\/hr\/wp-json\/wp\/v2\/product_cat?post=19606"},{"taxonomy":"product_tag","embeddable":true,"href":"https:\/\/www.technic-toys.com\/hr\/wp-json\/wp\/v2\/product_tag?post=19606"}],"curies":[{"name":"wp","href":"https:\/\/api.w.org\/{rel}","templated":true}]}}