{"id":19609,"date":"2022-04-08T16:46:08","date_gmt":"2022-04-08T19:34:54","guid":{"rendered":"https:\/\/www.technic-toys.com\/izdelek\/mercedes-benz-vatrogasno-vozilo-118-rtr\/"},"modified":"2022-08-01T12:44:54","modified_gmt":"2022-08-01T10:44:54","slug":"mercedes-benz-vatrogasno-vozilo-118-rtr","status":"publish","type":"product","link":"https:\/\/www.technic-toys.com\/hr\/proizvod\/mercedes-benz-vatrogasno-vozilo-118-rtr\/","title":{"rendered":"Mercedes-Benz vatrogasno vozilo 1:18 RTR"},"content":{"rendered":"<p>Ekskluzivni licencni model Mercedes AROCS vatrogasnog vozila u mjerilu 1:18. Ova prekrasna replika njema\u010dke vatrogasne brigade impresionira svojom pa\u017enjom na detalje, potpuno proporcionalnim funkcijama vo\u017enje, zvukom (Martinshorn, motor) i LED rasvjetom. Vodeni top sa funkcijom prskanja (raspr\u0161uje cca. jedan metar), mo\u017ee se rotirati za 360\u00b0 i podesiti po visini. Svim ovim funkcijama, uklju\u010duju\u0107i podrezivanje upravlja\u010da, mo\u017ee se upravljati pomo\u0107u prilo\u017eenog oda\u0161ilja\u010da od 2,4 Ghz u elegantnoj crno-crvenoj boji s aluminijskim palicama. Domet je oko 30 &#8211; 50m. Sna\u017ean 2WD pogon na stra\u017enje kota\u010de sa gumenim gumama pru\u017ea dovoljnu vu\u010du da se stigne do te\u0161kih mjesta. Isporu\u010dena Li-Ion baterija od 1200mAh osigurava vrijeme vo\u017enje od pribli\u017eno 10 &#8211; 15 minuta u zavisnosti od povr\u0161ine i upotrebe (sa svjetlom\/zvukom, modulom za prskanje vode itd.). Baterija se mo\u017ee ukloniti i duga zabava je zagarantovana uz opcione zamjenske baterije. Uklju\u010den je USB kabl za punjenje za punjenje baterije, koji se mo\u017ee povezati na napajanje ra\u010dunara, laptopa ili pametnog telefona. Svi dodatni dijelovi i aplikacije su vrlo detaljni i odgovaraju originalnom vozilu. Isporuka se odvija u visokokvalitetnoj crnoj kutiji sa Mercedes otiskom i hologramom sa serijskim brojem Daimler AG.<br \/>\nKarakteristike: Vrlo visok nivo detalja Zvani\u010dna Mercedes ekskluzivna licenca Njema\u010dko vatrogasno vozilo (slova i zvuk) 2,4 GHz sistem sa 12 kanala kojima se mo\u017ee upravljati Visokokvalitetni oda\u0161ilja\u010d sa aluminijskim \u0161tapovima Detaljan enterijer Prozirni prozori za pogled u voza\u010dku kabinu Veliki baterija (1200 mAh Li-Ion 7.4V) Potpuno proporcionalno upravljiva Profilisane gumene gume 2WD pogon na zadnje to\u010dkove<br \/>\nTehni\u010dki podaci: Du\u017eina: 480mm \u0160irina: 150 Visina: 220mm Te\u017eina: 2398g uklju\u010duju\u0107i baterijski sistem: 2.4GHz-kanal: 2.4 baterija: Li-Ion 7.4V 1200mAh BEC konekcija Dx\u0160xV 70 x 36.5 x 18.5mm, te\u017eina 77g punja\u010d: USB kabl za punjenje balanser 0.8A izlaz<br \/>\nObim isporuke: model oda\u0161ilja\u010da za vatrogasna kola 2.4Ghz baterija Li-Ion 1204V h kabl za punjenje USB oda\u0161ilja\u010d \u0161tap aluminijum uputstvo DE \/ EN \/ IT \/ FR<br \/>\nPotreban pribor: 4x Mignon 1.5V AA baterije<\/p>\n","protected":false},"excerpt":{"rendered":"<p>Licencirano vozilo sa 2.4GHz daljinskim upravlja\u010dem<\/p>\n","protected":false},"featured_media":15094,"template":"","meta":[],"product_cat":[514,422],"product_tag":[],"acf":[],"yoast_head":"<!-- This site is optimized with the Yoast SEO plugin v21.7 - https:\/\/yoast.com\/wordpress\/plugins\/seo\/ -->\n<title>Mercedes-Benz vatrogasno vozilo 1:18 RTR - TECHNIC TOYS SHOP<\/title>\n<meta name=\"robots\" content=\"index, follow, max-snippet:-1, max-image-preview:large, max-video-preview:-1\" \/>\n<link rel=\"canonical\" href=\"https:\/\/www.technic-toys.com\/hr\/proizvod\/mercedes-benz-vatrogasno-vozilo-118-rtr\/\" \/>\n<meta property=\"og:locale\" content=\"hr_HR\" \/>\n<meta property=\"og:type\" content=\"article\" \/>\n<meta property=\"og:title\" content=\"Mercedes-Benz vatrogasno vozilo 1:18 RTR - TECHNIC TOYS SHOP\" \/>\n<meta property=\"og:description\" content=\"Licencirano vozilo sa 2.4GHz daljinskim upravlja\u010dem\" \/>\n<meta property=\"og:url\" content=\"https:\/\/www.technic-toys.com\/hr\/proizvod\/mercedes-benz-vatrogasno-vozilo-118-rtr\/\" \/>\n<meta property=\"og:site_name\" content=\"TECHNIC TOYS SHOP\" \/>\n<meta property=\"article:modified_time\" content=\"2022-08-01T10:44:54+00:00\" \/>\n<meta property=\"og:image\" content=\"https:\/\/www.technic-toys.com\/wp-content\/uploads\/2022\/04\/22503.jpg\" \/>\n\t<meta property=\"og:image:width\" content=\"2560\" \/>\n\t<meta property=\"og:image:height\" content=\"1468\" \/>\n\t<meta property=\"og:image:type\" content=\"image\/jpeg\" \/>\n<meta name=\"twitter:card\" content=\"summary_large_image\" \/>\n<meta name=\"twitter:label1\" content=\"Procijenjeno vrijeme \u010ditanja\" \/>\n\t<meta name=\"twitter:data1\" content=\"2 minute\" \/>\n<script type=\"application\/ld+json\" class=\"yoast-schema-graph\">{\"@context\":\"https:\/\/schema.org\",\"@graph\":[{\"@type\":\"WebPage\",\"@id\":\"https:\/\/www.technic-toys.com\/hr\/proizvod\/mercedes-benz-vatrogasno-vozilo-118-rtr\/\",\"url\":\"https:\/\/www.technic-toys.com\/hr\/proizvod\/mercedes-benz-vatrogasno-vozilo-118-rtr\/\",\"name\":\"Mercedes-Benz vatrogasno vozilo 1:18 RTR - TECHNIC TOYS SHOP\",\"isPartOf\":{\"@id\":\"https:\/\/www.technic-toys.com\/en\/#website\"},\"datePublished\":\"2022-04-08T19:34:54+00:00\",\"dateModified\":\"2022-08-01T10:44:54+00:00\",\"breadcrumb\":{\"@id\":\"https:\/\/www.technic-toys.com\/hr\/proizvod\/mercedes-benz-vatrogasno-vozilo-118-rtr\/#breadcrumb\"},\"inLanguage\":\"hr\",\"potentialAction\":[{\"@type\":\"ReadAction\",\"target\":[\"https:\/\/www.technic-toys.com\/hr\/proizvod\/mercedes-benz-vatrogasno-vozilo-118-rtr\/\"]}]},{\"@type\":\"BreadcrumbList\",\"@id\":\"https:\/\/www.technic-toys.com\/hr\/proizvod\/mercedes-benz-vatrogasno-vozilo-118-rtr\/#breadcrumb\",\"itemListElement\":[{\"@type\":\"ListItem\",\"position\":1,\"name\":\"Domov\",\"item\":\"https:\/\/www.technic-toys.com\/hr\/\"},{\"@type\":\"ListItem\",\"position\":2,\"name\":\"Shop\",\"item\":\"https:\/\/www.technic-toys.com\/hr\/shop-2\/\"},{\"@type\":\"ListItem\",\"position\":3,\"name\":\"Mercedes-Benz vatrogasno vozilo 1:18 RTR\"}]},{\"@type\":\"WebSite\",\"@id\":\"https:\/\/www.technic-toys.com\/en\/#website\",\"url\":\"https:\/\/www.technic-toys.com\/en\/\",\"name\":\"TECHNIC TOYS SHOP\",\"description\":\"\",\"potentialAction\":[{\"@type\":\"SearchAction\",\"target\":{\"@type\":\"EntryPoint\",\"urlTemplate\":\"https:\/\/www.technic-toys.com\/en\/?s={search_term_string}\"},\"query-input\":\"required name=search_term_string\"}],\"inLanguage\":\"hr\"}]}<\/script>\n<!-- \/ Yoast SEO plugin. -->","yoast_head_json":{"title":"Mercedes-Benz vatrogasno vozilo 1:18 RTR - TECHNIC TOYS SHOP","robots":{"index":"index","follow":"follow","max-snippet":"max-snippet:-1","max-image-preview":"max-image-preview:large","max-video-preview":"max-video-preview:-1"},"canonical":"https:\/\/www.technic-toys.com\/hr\/proizvod\/mercedes-benz-vatrogasno-vozilo-118-rtr\/","og_locale":"hr_HR","og_type":"article","og_title":"Mercedes-Benz vatrogasno vozilo 1:18 RTR - TECHNIC TOYS SHOP","og_description":"Licencirano vozilo sa 2.4GHz daljinskim upravlja\u010dem","og_url":"https:\/\/www.technic-toys.com\/hr\/proizvod\/mercedes-benz-vatrogasno-vozilo-118-rtr\/","og_site_name":"TECHNIC TOYS SHOP","article_modified_time":"2022-08-01T10:44:54+00:00","og_image":[{"width":2560,"height":1468,"url":"https:\/\/www.technic-toys.com\/wp-content\/uploads\/2022\/04\/22503.jpg","type":"image\/jpeg"}],"twitter_card":"summary_large_image","twitter_misc":{"Procijenjeno vrijeme \u010ditanja":"2 minute"},"schema":{"@context":"https:\/\/schema.org","@graph":[{"@type":"WebPage","@id":"https:\/\/www.technic-toys.com\/hr\/proizvod\/mercedes-benz-vatrogasno-vozilo-118-rtr\/","url":"https:\/\/www.technic-toys.com\/hr\/proizvod\/mercedes-benz-vatrogasno-vozilo-118-rtr\/","name":"Mercedes-Benz vatrogasno vozilo 1:18 RTR - TECHNIC TOYS SHOP","isPartOf":{"@id":"https:\/\/www.technic-toys.com\/en\/#website"},"datePublished":"2022-04-08T19:34:54+00:00","dateModified":"2022-08-01T10:44:54+00:00","breadcrumb":{"@id":"https:\/\/www.technic-toys.com\/hr\/proizvod\/mercedes-benz-vatrogasno-vozilo-118-rtr\/#breadcrumb"},"inLanguage":"hr","potentialAction":[{"@type":"ReadAction","target":["https:\/\/www.technic-toys.com\/hr\/proizvod\/mercedes-benz-vatrogasno-vozilo-118-rtr\/"]}]},{"@type":"BreadcrumbList","@id":"https:\/\/www.technic-toys.com\/hr\/proizvod\/mercedes-benz-vatrogasno-vozilo-118-rtr\/#breadcrumb","itemListElement":[{"@type":"ListItem","position":1,"name":"Domov","item":"https:\/\/www.technic-toys.com\/hr\/"},{"@type":"ListItem","position":2,"name":"Shop","item":"https:\/\/www.technic-toys.com\/hr\/shop-2\/"},{"@type":"ListItem","position":3,"name":"Mercedes-Benz vatrogasno vozilo 1:18 RTR"}]},{"@type":"WebSite","@id":"https:\/\/www.technic-toys.com\/en\/#website","url":"https:\/\/www.technic-toys.com\/en\/","name":"TECHNIC TOYS SHOP","description":"","potentialAction":[{"@type":"SearchAction","target":{"@type":"EntryPoint","urlTemplate":"https:\/\/www.technic-toys.com\/en\/?s={search_term_string}"},"query-input":"required name=search_term_string"}],"inLanguage":"hr"}]}},"_links":{"self":[{"href":"https:\/\/www.technic-toys.com\/hr\/wp-json\/wp\/v2\/product\/19609"}],"collection":[{"href":"https:\/\/www.technic-toys.com\/hr\/wp-json\/wp\/v2\/product"}],"about":[{"href":"https:\/\/www.technic-toys.com\/hr\/wp-json\/wp\/v2\/types\/product"}],"wp:featuredmedia":[{"embeddable":true,"href":"https:\/\/www.technic-toys.com\/hr\/wp-json\/wp\/v2\/media\/15094"}],"wp:attachment":[{"href":"https:\/\/www.technic-toys.com\/hr\/wp-json\/wp\/v2\/media?parent=19609"}],"wp:term":[{"taxonomy":"product_cat","embeddable":true,"href":"https:\/\/www.technic-toys.com\/hr\/wp-json\/wp\/v2\/product_cat?post=19609"},{"taxonomy":"product_tag","embeddable":true,"href":"https:\/\/www.technic-toys.com\/hr\/wp-json\/wp\/v2\/product_tag?post=19609"}],"curies":[{"name":"wp","href":"https:\/\/api.w.org\/{rel}","templated":true}]}}