{"id":19620,"date":"2022-04-08T16:54:54","date_gmt":"2022-04-08T19:34:54","guid":{"rendered":"https:\/\/www.technic-toys.com\/izdelek\/raven-4x4-monster-truggy-bez-cetkica-110-rtr\/"},"modified":"2022-08-01T12:43:47","modified_gmt":"2022-08-01T10:43:47","slug":"raven-4x4-monster-truggy-bez-cetkica-110-rtr","status":"publish","type":"product","link":"https:\/\/www.technic-toys.com\/hr\/proizvod\/raven-4x4-monster-truggy-bez-cetkica-110-rtr\/","title":{"rendered":"Raven 4&#215;4 Monster Truggy bez \u010detkica 1:10 RTR"},"content":{"rendered":"<p>Komponente grubog pogona, koje se sastoje od 2650KV motora bez \u010detkica i 120A kontrolera bez \u010detkica, u kombinaciji sa isporu\u010denim LiPo 3S 11.1V 4000mAh, omogu\u0107avaju ovom Truggyju u skali 1:10 da postigne impresivne maksimalne brzine do 80 km\/h. <\/p>\n<p>Ovaj izuzetan model baziran je na na\u0161em popularnom AM10T, koji je kontinuirano unapre\u0111ivan tokom godina &#8211; rezultat je sada Raven 4&#215;4. Sva pobolj\u0161anja koja su u\u0161la u serijsku proizvodnju \u010dine ga pravim zabavlja\u010dem koji garantuje u\u017eitak u vo\u017enji.<\/p>\n<p>Monster Truggy ima \u010ditav niz korisnih karakteristika: 4&#215;4 pogon na sve to\u010dkove, nezavisno ogibljenje to\u010dkova, nezavisno ogibljenje to\u010dkova , visokokvalitetni kugli\u010dni le\u017eajevi, kaljene CVD pogonske osovine, takmi\u010darski amortizeri koji se lako klize, glavni diferencijal otporan na pra\u0161inu i prskanje, le\u017eajevi i kaljeni pogoni i kaljeno kardansko vratilo gotovo bez otvora. Meka i fleksibilna plastika, ku\u0107i\u0161te od izdr\u017eljivog polikarbonata i dodatni poklopac za pra\u0161inu za elektroniku i podru\u010dje motora osiguravaju dug vijek trajanja komponenti. Robusna plasti\u010dna \u0161asija je u sredini oja\u010dana aluminijskom sredi\u0161njom plo\u010dom koja apsorbira \u010dak i najte\u017ee udarce. Amortizeri, poja\u010danja transmisije i zglobovi upravlja\u010da izra\u0111eni su od visokokvalitetnog anodiziranog aluminija.<\/p>\n<p>Da bi Raven bio spreman za upotrebu, 3S 11.1V 4000mAh LiPo baterija je ve\u0107 uklju\u010dena u obim isporuke. Uklju\u010den je i multifunkcionalni punja\u010d od 10A od 80W za brzo punjenje. Raven 4&#215;4 se isporu\u010duje sa 4-kanalnim daljinskim upravlja\u010dem od 2,4 GHz. Traka za to\u010dkove i preklopna LED rasvjeta sprijeda i straga upotpunjuju paket. Raven 4&#215;4 je sastavljen spreman za vo\u017enju &#8211; samo napunite bateriju i mo\u017eete.<\/p>\n<p>Karakteristike:<br \/>Visokokvalitetni aluminijski dijelovi kao \u0161to su amortizeri, nosa\u010d prijenosa, zglob upravlja\u010da<br \/ >CVD pogonska vratila napravljena od kaljenog \u010delika<br \/ >Glavni zup\u010danik od \u010delika sa 52 zuba<br \/>2650KV motor bez \u010detkica<br \/>120A vodootporni kontroler bez \u010detkica<br \/>Promenljiva LED rasvjeta<br \/>Plo\u010da \u0161asije oja\u010dana aluminijumom<br \/ >Za\u0161tita od pra\u0161ine za elektroniku<br \/>4-kanalni daljinski upravlja\u010d<br \/>Vi\u0161efunkcijski brzi punja\u010d<\/p>\n<p>Tehni\u010dki podaci:<br \/>Du\u017eina: 560mm<br \/>\u0160irina: 360mm<br \/ >Visina: 190mm<br \/>Te\u017eina: 3455g uklju\u010duju\u0107i bateriju<br \/>Me\u0111uosovinsko rastojanje: 330mm<br \/>\u0160irina prednjeg traga: 310mm<br \/>\u0160irina zadnjeg traga: 310mm<br \/>Razmak: 50mm<br \/ >Prednji to\u010dkovi: Spoljni pre\u010dnik\/\u0161irina 135mm\/75mm<br \/>Zadnji to\u010dkovi:Spoljni pre\u010dnik\/\u0161irina 135mm\/75mm<br \/>Pre\u010dnik felne: 86mm<br \/>glav\u010dina: 17mm<br \/>zup\u010danik: metal<br \/>prednji amortizer: 50 x 18 mm, 1.6 mm 500CPS silikonsko ulje <br \/> zadnji amortizer: 63 x 15 mm, 1.6 mm , 500CPS silikonsko ulje<br \/>Ulje za prednji diferencijal: 50,000CPS<br \/>Ulje za sredi\u0161nji diferencijal: 100,000 CPS<br \/>Stra\u017enji diferencijal: silikonska mast<br \/>Ko\u010dnica: elektronska<br \/>Kontroler: bez \u010detkica 120A<br \/ >Motor: 36 x 70 2650KV<br \/>Pogonski sistem: kardan<br \/>Servo upravlja\u010da: 9kg MG<br \/>Glavni materijal: plastika<br \/>Maksimalna brzina: pribli\u017eno 80km\/h<br \/>Vo\u017enja vrijeme: 10-15 min.<br \/>Dimenzije odjeljka za baterije: 135 &#8211; 165x50mm<br \/>Baterija: Li-Po, 3S, 11.1V, 4000mAh, 25C, tvrdo ku\u0107i\u0161te, utika\u010d: Deans \/ T-Plug, Dx\u0160xV: 140x45x24mm, te\u017eina: 291g<br \/>Daljinski upravlja\u010d: 4-kanalni, 2,4 GHz<br \/>Domet: pribli\u017eno 150m<br \/>Punja\u010d: 80W 8A 12-18V DC \/ 220V AC<br \/>Vrijeme punjenja: -60 min.<\/p>\n<p>Obim isporuke:<br \/>Trggy Raven 4&#215;4<br \/>4-kanalni daljinski upravlja\u010d <br \/>LiPo baterija<br \/>Multifunkcionalni punja\u010d I6AC<br \/>Dust za\u0161titni poklopac<br \/>Detaljno ilustrovano uputstvo za upotrebu DE\/EN< br \/><br \/>Potreban pribor:<br \/>4x AA baterije za daljinski upravlja\u010d<\/p>\n","protected":false},"excerpt":{"rendered":"<p>Komponente grubog pogona, koje se sastoje od 2650KV motora bez \u010detkica i 120A kontrolera bez \u010detkica, u kombinaciji sa isporu\u010denim LiPo 3S 11.1V 4000mAh, omogu\u0107avaju ovom Truggyju u skali 1:10 da postigne impresivne maksimalne brzine do 80 km\/h. Ovaj izuzetan model baziran je na na\u0161em popularnom AM10T, koji je kontinuirano unapre\u0111ivan tokom godina &#8211; rezultat [&hellip;]<\/p>\n","protected":false},"featured_media":10170,"template":"","meta":[],"product_cat":[514,515],"product_tag":[],"acf":[],"yoast_head":"<!-- This site is optimized with the Yoast SEO plugin v21.7 - https:\/\/yoast.com\/wordpress\/plugins\/seo\/ -->\n<title>Raven 4x4 Monster Truggy bez \u010detkica 1:10 RTR - TECHNIC TOYS SHOP<\/title>\n<meta name=\"robots\" content=\"index, follow, max-snippet:-1, max-image-preview:large, max-video-preview:-1\" \/>\n<link rel=\"canonical\" href=\"https:\/\/www.technic-toys.com\/hr\/proizvod\/raven-4x4-monster-truggy-bez-cetkica-110-rtr\/\" \/>\n<meta property=\"og:locale\" content=\"hr_HR\" \/>\n<meta property=\"og:type\" content=\"article\" \/>\n<meta property=\"og:title\" content=\"Raven 4x4 Monster Truggy bez \u010detkica 1:10 RTR - TECHNIC TOYS SHOP\" \/>\n<meta property=\"og:description\" content=\"Komponente grubog pogona, koje se sastoje od 2650KV motora bez \u010detkica i 120A kontrolera bez \u010detkica, u kombinaciji sa isporu\u010denim LiPo 3S 11.1V 4000mAh, omogu\u0107avaju ovom Truggyju u skali 1:10 da postigne impresivne maksimalne brzine do 80 km\/h. Ovaj izuzetan model baziran je na na\u0161em popularnom AM10T, koji je kontinuirano unapre\u0111ivan tokom godina &#8211; rezultat [&hellip;]\" \/>\n<meta property=\"og:url\" content=\"https:\/\/www.technic-toys.com\/hr\/proizvod\/raven-4x4-monster-truggy-bez-cetkica-110-rtr\/\" \/>\n<meta property=\"og:site_name\" content=\"TECHNIC TOYS SHOP\" \/>\n<meta property=\"article:modified_time\" content=\"2022-08-01T10:43:47+00:00\" \/>\n<meta property=\"og:image\" content=\"https:\/\/www.technic-toys.com\/wp-content\/uploads\/2022\/01\/22514.jpg\" \/>\n\t<meta property=\"og:image:width\" content=\"2560\" \/>\n\t<meta property=\"og:image:height\" content=\"1468\" \/>\n\t<meta property=\"og:image:type\" content=\"image\/jpeg\" \/>\n<meta name=\"twitter:card\" content=\"summary_large_image\" \/>\n<meta name=\"twitter:label1\" content=\"Procijenjeno vrijeme \u010ditanja\" \/>\n\t<meta name=\"twitter:data1\" content=\"3 minute\" \/>\n<script type=\"application\/ld+json\" class=\"yoast-schema-graph\">{\"@context\":\"https:\/\/schema.org\",\"@graph\":[{\"@type\":\"WebPage\",\"@id\":\"https:\/\/www.technic-toys.com\/hr\/proizvod\/raven-4x4-monster-truggy-bez-cetkica-110-rtr\/\",\"url\":\"https:\/\/www.technic-toys.com\/hr\/proizvod\/raven-4x4-monster-truggy-bez-cetkica-110-rtr\/\",\"name\":\"Raven 4x4 Monster Truggy bez \u010detkica 1:10 RTR - TECHNIC TOYS SHOP\",\"isPartOf\":{\"@id\":\"https:\/\/www.technic-toys.com\/en\/#website\"},\"datePublished\":\"2022-04-08T19:34:54+00:00\",\"dateModified\":\"2022-08-01T10:43:47+00:00\",\"breadcrumb\":{\"@id\":\"https:\/\/www.technic-toys.com\/hr\/proizvod\/raven-4x4-monster-truggy-bez-cetkica-110-rtr\/#breadcrumb\"},\"inLanguage\":\"hr\",\"potentialAction\":[{\"@type\":\"ReadAction\",\"target\":[\"https:\/\/www.technic-toys.com\/hr\/proizvod\/raven-4x4-monster-truggy-bez-cetkica-110-rtr\/\"]}]},{\"@type\":\"BreadcrumbList\",\"@id\":\"https:\/\/www.technic-toys.com\/hr\/proizvod\/raven-4x4-monster-truggy-bez-cetkica-110-rtr\/#breadcrumb\",\"itemListElement\":[{\"@type\":\"ListItem\",\"position\":1,\"name\":\"Domov\",\"item\":\"https:\/\/www.technic-toys.com\/hr\/\"},{\"@type\":\"ListItem\",\"position\":2,\"name\":\"Shop\",\"item\":\"https:\/\/www.technic-toys.com\/hr\/shop-2\/\"},{\"@type\":\"ListItem\",\"position\":3,\"name\":\"Raven 4&#215;4 Monster Truggy bez \u010detkica 1:10 RTR\"}]},{\"@type\":\"WebSite\",\"@id\":\"https:\/\/www.technic-toys.com\/en\/#website\",\"url\":\"https:\/\/www.technic-toys.com\/en\/\",\"name\":\"TECHNIC TOYS SHOP\",\"description\":\"\",\"potentialAction\":[{\"@type\":\"SearchAction\",\"target\":{\"@type\":\"EntryPoint\",\"urlTemplate\":\"https:\/\/www.technic-toys.com\/en\/?s={search_term_string}\"},\"query-input\":\"required name=search_term_string\"}],\"inLanguage\":\"hr\"}]}<\/script>\n<!-- \/ Yoast SEO plugin. -->","yoast_head_json":{"title":"Raven 4x4 Monster Truggy bez \u010detkica 1:10 RTR - TECHNIC TOYS SHOP","robots":{"index":"index","follow":"follow","max-snippet":"max-snippet:-1","max-image-preview":"max-image-preview:large","max-video-preview":"max-video-preview:-1"},"canonical":"https:\/\/www.technic-toys.com\/hr\/proizvod\/raven-4x4-monster-truggy-bez-cetkica-110-rtr\/","og_locale":"hr_HR","og_type":"article","og_title":"Raven 4x4 Monster Truggy bez \u010detkica 1:10 RTR - TECHNIC TOYS SHOP","og_description":"Komponente grubog pogona, koje se sastoje od 2650KV motora bez \u010detkica i 120A kontrolera bez \u010detkica, u kombinaciji sa isporu\u010denim LiPo 3S 11.1V 4000mAh, omogu\u0107avaju ovom Truggyju u skali 1:10 da postigne impresivne maksimalne brzine do 80 km\/h. Ovaj izuzetan model baziran je na na\u0161em popularnom AM10T, koji je kontinuirano unapre\u0111ivan tokom godina &#8211; rezultat [&hellip;]","og_url":"https:\/\/www.technic-toys.com\/hr\/proizvod\/raven-4x4-monster-truggy-bez-cetkica-110-rtr\/","og_site_name":"TECHNIC TOYS SHOP","article_modified_time":"2022-08-01T10:43:47+00:00","og_image":[{"width":2560,"height":1468,"url":"https:\/\/www.technic-toys.com\/wp-content\/uploads\/2022\/01\/22514.jpg","type":"image\/jpeg"}],"twitter_card":"summary_large_image","twitter_misc":{"Procijenjeno vrijeme \u010ditanja":"3 minute"},"schema":{"@context":"https:\/\/schema.org","@graph":[{"@type":"WebPage","@id":"https:\/\/www.technic-toys.com\/hr\/proizvod\/raven-4x4-monster-truggy-bez-cetkica-110-rtr\/","url":"https:\/\/www.technic-toys.com\/hr\/proizvod\/raven-4x4-monster-truggy-bez-cetkica-110-rtr\/","name":"Raven 4x4 Monster Truggy bez \u010detkica 1:10 RTR - TECHNIC TOYS SHOP","isPartOf":{"@id":"https:\/\/www.technic-toys.com\/en\/#website"},"datePublished":"2022-04-08T19:34:54+00:00","dateModified":"2022-08-01T10:43:47+00:00","breadcrumb":{"@id":"https:\/\/www.technic-toys.com\/hr\/proizvod\/raven-4x4-monster-truggy-bez-cetkica-110-rtr\/#breadcrumb"},"inLanguage":"hr","potentialAction":[{"@type":"ReadAction","target":["https:\/\/www.technic-toys.com\/hr\/proizvod\/raven-4x4-monster-truggy-bez-cetkica-110-rtr\/"]}]},{"@type":"BreadcrumbList","@id":"https:\/\/www.technic-toys.com\/hr\/proizvod\/raven-4x4-monster-truggy-bez-cetkica-110-rtr\/#breadcrumb","itemListElement":[{"@type":"ListItem","position":1,"name":"Domov","item":"https:\/\/www.technic-toys.com\/hr\/"},{"@type":"ListItem","position":2,"name":"Shop","item":"https:\/\/www.technic-toys.com\/hr\/shop-2\/"},{"@type":"ListItem","position":3,"name":"Raven 4&#215;4 Monster Truggy bez \u010detkica 1:10 RTR"}]},{"@type":"WebSite","@id":"https:\/\/www.technic-toys.com\/en\/#website","url":"https:\/\/www.technic-toys.com\/en\/","name":"TECHNIC TOYS SHOP","description":"","potentialAction":[{"@type":"SearchAction","target":{"@type":"EntryPoint","urlTemplate":"https:\/\/www.technic-toys.com\/en\/?s={search_term_string}"},"query-input":"required name=search_term_string"}],"inLanguage":"hr"}]}},"_links":{"self":[{"href":"https:\/\/www.technic-toys.com\/hr\/wp-json\/wp\/v2\/product\/19620"}],"collection":[{"href":"https:\/\/www.technic-toys.com\/hr\/wp-json\/wp\/v2\/product"}],"about":[{"href":"https:\/\/www.technic-toys.com\/hr\/wp-json\/wp\/v2\/types\/product"}],"wp:featuredmedia":[{"embeddable":true,"href":"https:\/\/www.technic-toys.com\/hr\/wp-json\/wp\/v2\/media\/10170"}],"wp:attachment":[{"href":"https:\/\/www.technic-toys.com\/hr\/wp-json\/wp\/v2\/media?parent=19620"}],"wp:term":[{"taxonomy":"product_cat","embeddable":true,"href":"https:\/\/www.technic-toys.com\/hr\/wp-json\/wp\/v2\/product_cat?post=19620"},{"taxonomy":"product_tag","embeddable":true,"href":"https:\/\/www.technic-toys.com\/hr\/wp-json\/wp\/v2\/product_tag?post=19620"}],"curies":[{"name":"wp","href":"https:\/\/api.w.org\/{rel}","templated":true}]}}