{"id":19623,"date":"2022-04-08T16:54:54","date_gmt":"2022-04-08T19:34:54","guid":{"rendered":"https:\/\/www.technic-toys.com\/izdelek\/utovarivac-na-kotacima-124-24ghz-rtr\/"},"modified":"2022-08-01T12:43:47","modified_gmt":"2022-08-01T10:43:47","slug":"utovarivac-na-kotacima-124-24ghz-rtr","status":"publish","type":"product","link":"https:\/\/www.technic-toys.com\/hr\/proizvod\/utovarivac-na-kotacima-124-24ghz-rtr\/","title":{"rendered":"Utovariva\u010d na kota\u010dima 1:24, 2,4GHz RTR"},"content":{"rendered":"<p>Mali RC utovariva\u010d na kota\u010dima za po\u010detnike u mjerilu 1:24 sa svim uobi\u010dajenim funkcijama kao \u0161to su naprijed\/nazad, desno\/lijevo, podizanje\/spu\u0161tanje lopate &#8211; zvuk i svjetlo se tako\u0111er mogu prebaciti preko predajnika (uklju\u010deno \/isklju\u010deno). Model ima 2WD pogon na stra\u017enje kota\u010de sa sna\u017enim elektri\u010dnim motorom i brzim zglobnim upravljanjem, koji omogu\u0107ava utovariva\u010du da se okre\u0107e lijevo i desno u sredini kako bi promijenio smjer vo\u017enje. Glavna ruka s lopatom tako\u0111er daje dovoljno snage za ve\u0107a optere\u0107enja. Sa gumenim gumama za optimalan pogon van puta i dizajnom otpornim na prskanje, ovo komercijalno vozilo je u potpunosti pogodno za upotrebu na otvorenom. Sve \u0161to je potrebno za rad modela uklju\u010deno je u obim isporuke &#8211; potrebno je nabaviti samo baterije za siguran daljinski upravlja\u010d od 2,4 GHz (2x 1,5 V AA baterije). Uklju\u010dena 7,4V 600mAh Li-Ion baterija sa BEC konektorom mo\u017ee se napuniti u kratkom vremenu pomo\u0107u prilo\u017eenog USB kabla za punjenje. Zahvaljuju\u0107i ugra\u0111enom priklju\u010dnom utika\u010du regulatora brzine (JST-BEC), u model se uklapa i veliki broj drugih dodatnih baterija. Isporu\u010den u visokokvalitetnoj transportnoj kutiji s lijepim otiskom i umetkom od polistirena, utovariva\u010d na kota\u010dima mo\u017ee se odlo\u017eiti dobro za\u0161ti\u0107en kada nije u upotrebi. <br \/>Istaknuto: Funkcije zvuka i svjetla: Mogu se lako uklju\u010diti (uklju\u010diti\/isklju\u010diti) preko oda\u0161ilja\u010da Sna\u017ean pogon i velika nosivost u lopati: Za najbolju mogu\u0107u zabavu na otvorenom na realisti\u010dnom terenu 2,4 GHz radio tehnologija: Bez problema rad, sa promjenjivim demo modom za sve funkcije modela na predajniku<br \/>Ostale karakteristike: RTR paket u mjerilu 1:24 (spreman za rad) uklju\u010duju\u0107i daljinski upravlja\u010d, bateriju i kabl za punjenje. gumene gume Sna\u017ean 2WD pogon na zadnje to\u010dkove Brzo zglobno upravljanje Realisti\u010dne funkcije Zajedni\u010dki sistem priklju\u010dka na bateriji i na kontroleru (JST-BEC) Li-Ion 14500 baterija 2S 7.4V 600mAh USB kabl za punjenje uklju\u010den Visokokvalitetna transportna kutija sa prekrasan print ulo\u017eak od stiropora za za\u0161titu modela Tehni\u010dki podaci: Razmjer: 1 :24 Du\u017eina: 390 mm \u0160irina: 147 mm Visina: 170 mm Te\u017eina (uklju\u010duju\u0107i bateriju): 1152 g uklj. Zup\u010danik: Plastika Motor: Bru\u0161en Glavni materijal: Plastika Sistem: 2.4GHz Funkcije : 12 kontrolisanih funkcija (naprijed\/nazad, desno\/lijevo, Sc haufel gore\/dolje, svjetlo uklju\u010deno\/isklju\u010deno, zvuk uklju\u010den\/isklju\u010den, demo na\u010din rada uklju\u010den\/isklju\u010den Baterija: Li-Ion 2S 7.4V 600mAh, JST-BEC utika\u010d i XH-Balancer, 50x27x14mm, 43g Vrijeme putovanja: pribli\u017eno 8-10 min maksimalna brzina 6km\/h daljinski upravlja\u010d: 2,4GHz domet: pribli\u017eno 50m punja\u010d: USB kabl za punjenje vrijeme punjenja: pribli\u017eno 90min kabel za punjenje Upute za rukovanje DE\/EN\/FR\/IT<br \/>Potreban pribor: 2x 1,5V AA mignon baterije za daljinski upravlja\u010d<\/p>\n","protected":false},"excerpt":{"rendered":"<p>Mali RC utovariva\u010d na kota\u010dima za po\u010detnike u mjerilu 1:24 sa svim uobi\u010dajenim funkcijama kao \u0161to su naprijed\/nazad, desno\/lijevo, podizanje\/spu\u0161tanje lopate &#8211; zvuk i svjetlo se tako\u0111er mogu prebaciti preko predajnika (uklju\u010deno \/isklju\u010deno). Model ima 2WD pogon na stra\u017enje kota\u010de sa sna\u017enim elektri\u010dnim motorom i brzim zglobnim upravljanjem, koji omogu\u0107ava utovariva\u010du da se okre\u0107e lijevo [&hellip;]<\/p>\n","protected":false},"featured_media":10196,"template":"","meta":[],"product_cat":[514,420],"product_tag":[],"acf":[],"yoast_head":"<!-- This site is optimized with the Yoast SEO plugin v21.7 - https:\/\/yoast.com\/wordpress\/plugins\/seo\/ -->\n<title>Utovariva\u010d na kota\u010dima 1:24, 2,4GHz RTR - TECHNIC TOYS SHOP<\/title>\n<meta name=\"robots\" content=\"index, follow, max-snippet:-1, max-image-preview:large, max-video-preview:-1\" \/>\n<link rel=\"canonical\" href=\"https:\/\/www.technic-toys.com\/hr\/proizvod\/utovarivac-na-kotacima-124-24ghz-rtr\/\" \/>\n<meta property=\"og:locale\" content=\"hr_HR\" \/>\n<meta property=\"og:type\" content=\"article\" \/>\n<meta property=\"og:title\" content=\"Utovariva\u010d na kota\u010dima 1:24, 2,4GHz RTR - TECHNIC TOYS SHOP\" \/>\n<meta property=\"og:description\" content=\"Mali RC utovariva\u010d na kota\u010dima za po\u010detnike u mjerilu 1:24 sa svim uobi\u010dajenim funkcijama kao \u0161to su naprijed\/nazad, desno\/lijevo, podizanje\/spu\u0161tanje lopate &#8211; zvuk i svjetlo se tako\u0111er mogu prebaciti preko predajnika (uklju\u010deno \/isklju\u010deno). Model ima 2WD pogon na stra\u017enje kota\u010de sa sna\u017enim elektri\u010dnim motorom i brzim zglobnim upravljanjem, koji omogu\u0107ava utovariva\u010du da se okre\u0107e lijevo [&hellip;]\" \/>\n<meta property=\"og:url\" content=\"https:\/\/www.technic-toys.com\/hr\/proizvod\/utovarivac-na-kotacima-124-24ghz-rtr\/\" \/>\n<meta property=\"og:site_name\" content=\"TECHNIC TOYS SHOP\" \/>\n<meta property=\"article:modified_time\" content=\"2022-08-01T10:43:47+00:00\" \/>\n<meta name=\"twitter:card\" content=\"summary_large_image\" \/>\n<meta name=\"twitter:label1\" content=\"Procijenjeno vrijeme \u010ditanja\" \/>\n\t<meta name=\"twitter:data1\" content=\"2 minute\" \/>\n<script type=\"application\/ld+json\" class=\"yoast-schema-graph\">{\"@context\":\"https:\/\/schema.org\",\"@graph\":[{\"@type\":\"WebPage\",\"@id\":\"https:\/\/www.technic-toys.com\/hr\/proizvod\/utovarivac-na-kotacima-124-24ghz-rtr\/\",\"url\":\"https:\/\/www.technic-toys.com\/hr\/proizvod\/utovarivac-na-kotacima-124-24ghz-rtr\/\",\"name\":\"Utovariva\u010d na kota\u010dima 1:24, 2,4GHz RTR - TECHNIC TOYS SHOP\",\"isPartOf\":{\"@id\":\"https:\/\/www.technic-toys.com\/en\/#website\"},\"datePublished\":\"2022-04-08T19:34:54+00:00\",\"dateModified\":\"2022-08-01T10:43:47+00:00\",\"breadcrumb\":{\"@id\":\"https:\/\/www.technic-toys.com\/hr\/proizvod\/utovarivac-na-kotacima-124-24ghz-rtr\/#breadcrumb\"},\"inLanguage\":\"hr\",\"potentialAction\":[{\"@type\":\"ReadAction\",\"target\":[\"https:\/\/www.technic-toys.com\/hr\/proizvod\/utovarivac-na-kotacima-124-24ghz-rtr\/\"]}]},{\"@type\":\"BreadcrumbList\",\"@id\":\"https:\/\/www.technic-toys.com\/hr\/proizvod\/utovarivac-na-kotacima-124-24ghz-rtr\/#breadcrumb\",\"itemListElement\":[{\"@type\":\"ListItem\",\"position\":1,\"name\":\"Domov\",\"item\":\"https:\/\/www.technic-toys.com\/hr\/\"},{\"@type\":\"ListItem\",\"position\":2,\"name\":\"Shop\",\"item\":\"https:\/\/www.technic-toys.com\/hr\/shop-2\/\"},{\"@type\":\"ListItem\",\"position\":3,\"name\":\"Utovariva\u010d na kota\u010dima 1:24, 2,4GHz RTR\"}]},{\"@type\":\"WebSite\",\"@id\":\"https:\/\/www.technic-toys.com\/en\/#website\",\"url\":\"https:\/\/www.technic-toys.com\/en\/\",\"name\":\"TECHNIC TOYS SHOP\",\"description\":\"\",\"potentialAction\":[{\"@type\":\"SearchAction\",\"target\":{\"@type\":\"EntryPoint\",\"urlTemplate\":\"https:\/\/www.technic-toys.com\/en\/?s={search_term_string}\"},\"query-input\":\"required name=search_term_string\"}],\"inLanguage\":\"hr\"}]}<\/script>\n<!-- \/ Yoast SEO plugin. -->","yoast_head_json":{"title":"Utovariva\u010d na kota\u010dima 1:24, 2,4GHz RTR - TECHNIC TOYS SHOP","robots":{"index":"index","follow":"follow","max-snippet":"max-snippet:-1","max-image-preview":"max-image-preview:large","max-video-preview":"max-video-preview:-1"},"canonical":"https:\/\/www.technic-toys.com\/hr\/proizvod\/utovarivac-na-kotacima-124-24ghz-rtr\/","og_locale":"hr_HR","og_type":"article","og_title":"Utovariva\u010d na kota\u010dima 1:24, 2,4GHz RTR - TECHNIC TOYS SHOP","og_description":"Mali RC utovariva\u010d na kota\u010dima za po\u010detnike u mjerilu 1:24 sa svim uobi\u010dajenim funkcijama kao \u0161to su naprijed\/nazad, desno\/lijevo, podizanje\/spu\u0161tanje lopate &#8211; zvuk i svjetlo se tako\u0111er mogu prebaciti preko predajnika (uklju\u010deno \/isklju\u010deno). Model ima 2WD pogon na stra\u017enje kota\u010de sa sna\u017enim elektri\u010dnim motorom i brzim zglobnim upravljanjem, koji omogu\u0107ava utovariva\u010du da se okre\u0107e lijevo [&hellip;]","og_url":"https:\/\/www.technic-toys.com\/hr\/proizvod\/utovarivac-na-kotacima-124-24ghz-rtr\/","og_site_name":"TECHNIC TOYS SHOP","article_modified_time":"2022-08-01T10:43:47+00:00","twitter_card":"summary_large_image","twitter_misc":{"Procijenjeno vrijeme \u010ditanja":"2 minute"},"schema":{"@context":"https:\/\/schema.org","@graph":[{"@type":"WebPage","@id":"https:\/\/www.technic-toys.com\/hr\/proizvod\/utovarivac-na-kotacima-124-24ghz-rtr\/","url":"https:\/\/www.technic-toys.com\/hr\/proizvod\/utovarivac-na-kotacima-124-24ghz-rtr\/","name":"Utovariva\u010d na kota\u010dima 1:24, 2,4GHz RTR - TECHNIC TOYS SHOP","isPartOf":{"@id":"https:\/\/www.technic-toys.com\/en\/#website"},"datePublished":"2022-04-08T19:34:54+00:00","dateModified":"2022-08-01T10:43:47+00:00","breadcrumb":{"@id":"https:\/\/www.technic-toys.com\/hr\/proizvod\/utovarivac-na-kotacima-124-24ghz-rtr\/#breadcrumb"},"inLanguage":"hr","potentialAction":[{"@type":"ReadAction","target":["https:\/\/www.technic-toys.com\/hr\/proizvod\/utovarivac-na-kotacima-124-24ghz-rtr\/"]}]},{"@type":"BreadcrumbList","@id":"https:\/\/www.technic-toys.com\/hr\/proizvod\/utovarivac-na-kotacima-124-24ghz-rtr\/#breadcrumb","itemListElement":[{"@type":"ListItem","position":1,"name":"Domov","item":"https:\/\/www.technic-toys.com\/hr\/"},{"@type":"ListItem","position":2,"name":"Shop","item":"https:\/\/www.technic-toys.com\/hr\/shop-2\/"},{"@type":"ListItem","position":3,"name":"Utovariva\u010d na kota\u010dima 1:24, 2,4GHz RTR"}]},{"@type":"WebSite","@id":"https:\/\/www.technic-toys.com\/en\/#website","url":"https:\/\/www.technic-toys.com\/en\/","name":"TECHNIC TOYS SHOP","description":"","potentialAction":[{"@type":"SearchAction","target":{"@type":"EntryPoint","urlTemplate":"https:\/\/www.technic-toys.com\/en\/?s={search_term_string}"},"query-input":"required name=search_term_string"}],"inLanguage":"hr"}]}},"_links":{"self":[{"href":"https:\/\/www.technic-toys.com\/hr\/wp-json\/wp\/v2\/product\/19623"}],"collection":[{"href":"https:\/\/www.technic-toys.com\/hr\/wp-json\/wp\/v2\/product"}],"about":[{"href":"https:\/\/www.technic-toys.com\/hr\/wp-json\/wp\/v2\/types\/product"}],"wp:featuredmedia":[{"embeddable":true,"href":"https:\/\/www.technic-toys.com\/hr\/wp-json\/wp\/v2\/media\/10196"}],"wp:attachment":[{"href":"https:\/\/www.technic-toys.com\/hr\/wp-json\/wp\/v2\/media?parent=19623"}],"wp:term":[{"taxonomy":"product_cat","embeddable":true,"href":"https:\/\/www.technic-toys.com\/hr\/wp-json\/wp\/v2\/product_cat?post=19623"},{"taxonomy":"product_tag","embeddable":true,"href":"https:\/\/www.technic-toys.com\/hr\/wp-json\/wp\/v2\/product_tag?post=19623"}],"curies":[{"name":"wp","href":"https:\/\/api.w.org\/{rel}","templated":true}]}}