{"id":19624,"date":"2022-04-08T16:54:54","date_gmt":"2022-04-08T19:34:54","guid":{"rendered":"https:\/\/www.technic-toys.com\/izdelek\/buldozer-124-skala-24-ghz-rtr\/"},"modified":"2022-08-01T12:43:48","modified_gmt":"2022-08-01T10:43:48","slug":"buldozer-124-skala-24-ghz-rtr","status":"publish","type":"product","link":"https:\/\/www.technic-toys.com\/hr\/proizvod\/buldozer-124-skala-24-ghz-rtr\/","title":{"rendered":"Buldo\u017eer 1:24 Skala 2,4 GHz, RTR"},"content":{"rendered":"<p>Mali buldo\u017eer u mjerilu 1:24 s mnogim uzbudljivim funkcijama kao \u0161to su podizanje\/spu\u0161tanje o\u0161trice, okretanje naprijed\/nazad i na licu mjesta, \u0161to omogu\u0107ava reprodukciju aktivnog rada u malom obimu u raznovrsnosti na\u010dina i sa velikim zadovoljstvom. Zahvaljuju\u0107i preklopnom zvu\u010dnom modulu, osigurana je i autenti\u010dna akustika. Osim toga, ovaj sjajni RC buldo\u017eer opremljen je kukom za cijepanje koja se mo\u017ee spustiti na stra\u017enjoj strani, na primjer za otpu\u0161tanje tla. Sa izuzetno \u0161irokim radnim no\u017eem i sna\u017enim pogonom uklju\u010duju\u0107i gumene gusjenice, model se mo\u017ee lako pomicati \u010dak i na te\u0161kim terenima. Svako ko \u017eeli, na primjer, gurati pijesak ili \u0161ljunak, ovdje \u0107e prona\u0107i svoju pravu radost. Rad lijevog i desnog lanca mo\u017ee se kontrolirati nezavisno za brza okretanja. Integrirana za\u0161tita od prskanja vode u kombinaciji s visokokvalitetnim oda\u0161ilja\u010dem od 2,4 GHz i 600 mAh 7,4 V Li-Ion baterijom garantiraju trajnu zabavu u vo\u017enji na gradili\u0161tu ku\u0107e. Uz USB kabl za punjenje koji je tako\u0111er uklju\u010den u obim isporuke, model je tako\u0111er brzo spreman za ponovnu upotrebu, \u010dak i ako voza\u010d predahne. Sve u svemu, ovaj buldo\u017eer je odli\u010dan dodatak na\u0161oj postoje\u0107oj floti vozila za gradili\u0161te i, zahvaljuju\u0107i svojoj robusnoj i jednostavnoj strukturi, idealan je za djecu od 8 i vi\u0161e godina. Ni\u0161ta ne stoji na putu radosnoj rekonstrukciji radova na gradili\u0161tu, \u0161to ujedno budi znati\u017eelju prema tehnologiji. <br \/>Istaknuto: Ekstra \u0161iroka radna o\u0161trica: Mo\u017ee se pomicati gore\/dolje putem daljinskog upravlja\u010da i tako\u0111er je pogodna za specijalne terenske operacije Kuka za kidanje na stra\u017enjoj strani: Omogu\u0107uje otpu\u0161tanje tla, na primjer, ba\u0161 kao u stvarnosti \u017eivotni vijek Za\u0161tita od preoptere\u0107enja za pogone o\u0161trice i kuke: Dodatna sigurnost u kori\u0161tenju za sigurnu zabavu<br \/>Dodatne karakteristike: RTR paket uklju\u010duju\u0107i daljinski upravlja\u010d, bateriju i kabel za punjenje Sna\u017ean pogon s gumenim gusicama \u010cvrsta konstrukcija, vrlo robusna i pogodna za upotrebu na otvorenom koristite elektroniku otpornu na prskanje 2,4 GHz sistem 9 kanala koji se mogu kontrolisati preko predajnika Li-Ion baterija 7,4V 600mAh JST BEC konektor uklju\u010den USB kabl za punjenje uklju\u010den<br \/>Tehni\u010dki podaci: Razmjer: 1:24 Du\u017eina: 360 mm \u0160irina: 200 mm Visina: 0 mm Te\u017eina (uklju\u010duju\u0107i bateriju): 1049g Glavni materijal: Plastika Baterija: Li-Ion 2S 7.4V 600mAh, JST BEC, 55x28x15mm, 40g Vrijeme putovanja: pribli\u017eno 10-15min Maksimalna brzina: pribli\u017eno 5km\/h Domet 4GHz sistem: : pribli\u017eno 60m Punja\u010d: USB kabel za punjenje sa Izlaz 800mAh Vrijeme punjenja: pribli\u017eno 1h<br \/>Obim isporuke: Model, spreman za vo\u017enju daljinski upravlja\u010d 2,4GHz baterija Li-Ion 7,4V 600mAh USB kabel za punjenje sa 800mAh izlaz Upute za rukovanje DE\/EN\/FR\/IT Pregled mapa Amewi proizvodi sa QR kodovima< br \/>Potreban pribor: 2x 1,5V AA mignon baterije za oda\u0161ilja\u010d<\/p>\n","protected":false},"excerpt":{"rendered":"<p>Mali buldo\u017eer u mjerilu 1:24 s mnogim uzbudljivim funkcijama kao \u0161to su podizanje\/spu\u0161tanje o\u0161trice, okretanje naprijed\/nazad i na licu mjesta, \u0161to omogu\u0107ava reprodukciju aktivnog rada u malom obimu u raznovrsnosti na\u010dina i sa velikim zadovoljstvom. Zahvaljuju\u0107i preklopnom zvu\u010dnom modulu, osigurana je i autenti\u010dna akustika. Osim toga, ovaj sjajni RC buldo\u017eer opremljen je kukom za cijepanje [&hellip;]<\/p>\n","protected":false},"featured_media":10203,"template":"","meta":[],"product_cat":[514,420],"product_tag":[],"acf":[],"yoast_head":"<!-- This site is optimized with the Yoast SEO plugin v21.7 - https:\/\/yoast.com\/wordpress\/plugins\/seo\/ -->\n<title>Buldo\u017eer 1:24 Skala 2,4 GHz, RTR - TECHNIC TOYS SHOP<\/title>\n<meta name=\"robots\" content=\"index, follow, max-snippet:-1, max-image-preview:large, max-video-preview:-1\" \/>\n<link rel=\"canonical\" href=\"https:\/\/www.technic-toys.com\/hr\/proizvod\/buldozer-124-skala-24-ghz-rtr\/\" \/>\n<meta property=\"og:locale\" content=\"hr_HR\" \/>\n<meta property=\"og:type\" content=\"article\" \/>\n<meta property=\"og:title\" content=\"Buldo\u017eer 1:24 Skala 2,4 GHz, RTR - TECHNIC TOYS SHOP\" \/>\n<meta property=\"og:description\" content=\"Mali buldo\u017eer u mjerilu 1:24 s mnogim uzbudljivim funkcijama kao \u0161to su podizanje\/spu\u0161tanje o\u0161trice, okretanje naprijed\/nazad i na licu mjesta, \u0161to omogu\u0107ava reprodukciju aktivnog rada u malom obimu u raznovrsnosti na\u010dina i sa velikim zadovoljstvom. Zahvaljuju\u0107i preklopnom zvu\u010dnom modulu, osigurana je i autenti\u010dna akustika. Osim toga, ovaj sjajni RC buldo\u017eer opremljen je kukom za cijepanje [&hellip;]\" \/>\n<meta property=\"og:url\" content=\"https:\/\/www.technic-toys.com\/hr\/proizvod\/buldozer-124-skala-24-ghz-rtr\/\" \/>\n<meta property=\"og:site_name\" content=\"TECHNIC TOYS SHOP\" \/>\n<meta property=\"article:modified_time\" content=\"2022-08-01T10:43:48+00:00\" \/>\n<meta name=\"twitter:card\" content=\"summary_large_image\" \/>\n<meta name=\"twitter:label1\" content=\"Procijenjeno vrijeme \u010ditanja\" \/>\n\t<meta name=\"twitter:data1\" content=\"2 minute\" \/>\n<script type=\"application\/ld+json\" class=\"yoast-schema-graph\">{\"@context\":\"https:\/\/schema.org\",\"@graph\":[{\"@type\":\"WebPage\",\"@id\":\"https:\/\/www.technic-toys.com\/hr\/proizvod\/buldozer-124-skala-24-ghz-rtr\/\",\"url\":\"https:\/\/www.technic-toys.com\/hr\/proizvod\/buldozer-124-skala-24-ghz-rtr\/\",\"name\":\"Buldo\u017eer 1:24 Skala 2,4 GHz, RTR - TECHNIC TOYS SHOP\",\"isPartOf\":{\"@id\":\"https:\/\/www.technic-toys.com\/en\/#website\"},\"datePublished\":\"2022-04-08T19:34:54+00:00\",\"dateModified\":\"2022-08-01T10:43:48+00:00\",\"breadcrumb\":{\"@id\":\"https:\/\/www.technic-toys.com\/hr\/proizvod\/buldozer-124-skala-24-ghz-rtr\/#breadcrumb\"},\"inLanguage\":\"hr\",\"potentialAction\":[{\"@type\":\"ReadAction\",\"target\":[\"https:\/\/www.technic-toys.com\/hr\/proizvod\/buldozer-124-skala-24-ghz-rtr\/\"]}]},{\"@type\":\"BreadcrumbList\",\"@id\":\"https:\/\/www.technic-toys.com\/hr\/proizvod\/buldozer-124-skala-24-ghz-rtr\/#breadcrumb\",\"itemListElement\":[{\"@type\":\"ListItem\",\"position\":1,\"name\":\"Domov\",\"item\":\"https:\/\/www.technic-toys.com\/hr\/\"},{\"@type\":\"ListItem\",\"position\":2,\"name\":\"Shop\",\"item\":\"https:\/\/www.technic-toys.com\/hr\/shop-2\/\"},{\"@type\":\"ListItem\",\"position\":3,\"name\":\"Buldo\u017eer 1:24 Skala 2,4 GHz, RTR\"}]},{\"@type\":\"WebSite\",\"@id\":\"https:\/\/www.technic-toys.com\/en\/#website\",\"url\":\"https:\/\/www.technic-toys.com\/en\/\",\"name\":\"TECHNIC TOYS SHOP\",\"description\":\"\",\"potentialAction\":[{\"@type\":\"SearchAction\",\"target\":{\"@type\":\"EntryPoint\",\"urlTemplate\":\"https:\/\/www.technic-toys.com\/en\/?s={search_term_string}\"},\"query-input\":\"required name=search_term_string\"}],\"inLanguage\":\"hr\"}]}<\/script>\n<!-- \/ Yoast SEO plugin. -->","yoast_head_json":{"title":"Buldo\u017eer 1:24 Skala 2,4 GHz, RTR - TECHNIC TOYS SHOP","robots":{"index":"index","follow":"follow","max-snippet":"max-snippet:-1","max-image-preview":"max-image-preview:large","max-video-preview":"max-video-preview:-1"},"canonical":"https:\/\/www.technic-toys.com\/hr\/proizvod\/buldozer-124-skala-24-ghz-rtr\/","og_locale":"hr_HR","og_type":"article","og_title":"Buldo\u017eer 1:24 Skala 2,4 GHz, RTR - TECHNIC TOYS SHOP","og_description":"Mali buldo\u017eer u mjerilu 1:24 s mnogim uzbudljivim funkcijama kao \u0161to su podizanje\/spu\u0161tanje o\u0161trice, okretanje naprijed\/nazad i na licu mjesta, \u0161to omogu\u0107ava reprodukciju aktivnog rada u malom obimu u raznovrsnosti na\u010dina i sa velikim zadovoljstvom. Zahvaljuju\u0107i preklopnom zvu\u010dnom modulu, osigurana je i autenti\u010dna akustika. Osim toga, ovaj sjajni RC buldo\u017eer opremljen je kukom za cijepanje [&hellip;]","og_url":"https:\/\/www.technic-toys.com\/hr\/proizvod\/buldozer-124-skala-24-ghz-rtr\/","og_site_name":"TECHNIC TOYS SHOP","article_modified_time":"2022-08-01T10:43:48+00:00","twitter_card":"summary_large_image","twitter_misc":{"Procijenjeno vrijeme \u010ditanja":"2 minute"},"schema":{"@context":"https:\/\/schema.org","@graph":[{"@type":"WebPage","@id":"https:\/\/www.technic-toys.com\/hr\/proizvod\/buldozer-124-skala-24-ghz-rtr\/","url":"https:\/\/www.technic-toys.com\/hr\/proizvod\/buldozer-124-skala-24-ghz-rtr\/","name":"Buldo\u017eer 1:24 Skala 2,4 GHz, RTR - TECHNIC TOYS SHOP","isPartOf":{"@id":"https:\/\/www.technic-toys.com\/en\/#website"},"datePublished":"2022-04-08T19:34:54+00:00","dateModified":"2022-08-01T10:43:48+00:00","breadcrumb":{"@id":"https:\/\/www.technic-toys.com\/hr\/proizvod\/buldozer-124-skala-24-ghz-rtr\/#breadcrumb"},"inLanguage":"hr","potentialAction":[{"@type":"ReadAction","target":["https:\/\/www.technic-toys.com\/hr\/proizvod\/buldozer-124-skala-24-ghz-rtr\/"]}]},{"@type":"BreadcrumbList","@id":"https:\/\/www.technic-toys.com\/hr\/proizvod\/buldozer-124-skala-24-ghz-rtr\/#breadcrumb","itemListElement":[{"@type":"ListItem","position":1,"name":"Domov","item":"https:\/\/www.technic-toys.com\/hr\/"},{"@type":"ListItem","position":2,"name":"Shop","item":"https:\/\/www.technic-toys.com\/hr\/shop-2\/"},{"@type":"ListItem","position":3,"name":"Buldo\u017eer 1:24 Skala 2,4 GHz, RTR"}]},{"@type":"WebSite","@id":"https:\/\/www.technic-toys.com\/en\/#website","url":"https:\/\/www.technic-toys.com\/en\/","name":"TECHNIC TOYS SHOP","description":"","potentialAction":[{"@type":"SearchAction","target":{"@type":"EntryPoint","urlTemplate":"https:\/\/www.technic-toys.com\/en\/?s={search_term_string}"},"query-input":"required name=search_term_string"}],"inLanguage":"hr"}]}},"_links":{"self":[{"href":"https:\/\/www.technic-toys.com\/hr\/wp-json\/wp\/v2\/product\/19624"}],"collection":[{"href":"https:\/\/www.technic-toys.com\/hr\/wp-json\/wp\/v2\/product"}],"about":[{"href":"https:\/\/www.technic-toys.com\/hr\/wp-json\/wp\/v2\/types\/product"}],"wp:featuredmedia":[{"embeddable":true,"href":"https:\/\/www.technic-toys.com\/hr\/wp-json\/wp\/v2\/media\/10203"}],"wp:attachment":[{"href":"https:\/\/www.technic-toys.com\/hr\/wp-json\/wp\/v2\/media?parent=19624"}],"wp:term":[{"taxonomy":"product_cat","embeddable":true,"href":"https:\/\/www.technic-toys.com\/hr\/wp-json\/wp\/v2\/product_cat?post=19624"},{"taxonomy":"product_tag","embeddable":true,"href":"https:\/\/www.technic-toys.com\/hr\/wp-json\/wp\/v2\/product_tag?post=19624"}],"curies":[{"name":"wp","href":"https:\/\/api.w.org\/{rel}","templated":true}]}}