{"id":19629,"date":"2022-04-08T16:54:54","date_gmt":"2022-04-08T19:35:12","guid":{"rendered":"https:\/\/www.technic-toys.com\/izdelek\/amxrock-am18-harvest-scale-crawler-118-rtr-plava\/"},"modified":"2022-08-01T12:43:48","modified_gmt":"2022-08-01T10:43:48","slug":"amxrock-am18-harvest-scale-crawler-118-rtr-plava","status":"publish","type":"product","link":"https:\/\/www.technic-toys.com\/hr\/proizvod\/amxrock-am18-harvest-scale-crawler-118-rtr-plava\/","title":{"rendered":"AMXRock AM18 Harvest Scale Crawler 1:18 RTR, plava"},"content":{"rendered":"<p>Efikasna tehnologija susre\u0107e se sa impresivnom optikom &#8211; ovaj mali guseni\u010dar u dizajnu kamioneta ima sve \u0161to vam je potrebno da igrate u ligi super guseni\u010dara. AMXRock AM18 Harvest ima \u010ditav niz produktivnih karakteristika koje su potrebne pravim vrhunskim penja\u010dima: potpuni odmor u planinama, osjetljivi 3-u-1 kontroler sa JR servo vezom, ekstra mekane gume sa vrlo dobrim profilom za najbolje prianjanje \u010dak i na skliskim povr\u0161inama, blokirani diferencijali, LED osvjetljenje sprijeda i pozadi, amortizeri velikog hoda za ekstremnu torziju \u0161asije, za\u0161ti\u0107eni glavni mjenja\u010d sa redukcijom 104:1 i sna\u017ean 050\/55T motor za veliki obrtni moment. Osim toga, model u mjerilu 1:18 je potpuno vodootporan i isporu\u010duje se spreman za vo\u017enju kao RTR vozilo. Samo baterije za predajnik (4x 1.5V AAA Micro) nisu uklju\u010dene. Kao mala posebnost, kontroler dolazi sa dva dodatna izlaza kao standard, na primjer za povezivanje krovnog svjetla ili FPV kamere. Kablovi su ve\u0107 opremljeni Micro JST utika\u010dem i spremni su za povezivanje. Disalica na karoseriji i mnogi drugi dodaci za vagu tako\u0111er nagla\u0161avaju robustan karakter vozila. Uklju\u010dena LiPo baterija 2S 7.4V 600mAh osigurava dugo vrijeme vo\u017enje do 15 minuta. Ova komercijalna baterija je zamjenjiva i ima Molex konektor i XH balanser. <\/p>\n<p>Karakteristike:<br \/>Super scale optika<br \/>Izuzetno mekane gume<br \/>LED osvjetljenje (prednje i stra\u017enje)<br \/>Potpuno proporcionalne funkcije vo\u017enje<br \/>Vodootporne <br \/ >Zaklju\u010dani diferencijali<br \/>Kompletni metalni okvir<br \/>Osetljivi 2.4GHz predajnik sa FHSS modulacijom<br \/>3-u-1 kontroler sa planinom, JR servo vezom i dve dodatne linije za dodatne module kao \u0161to su osvetljenje i FPV cam< br \/><br \/>Tehni\u010dki podaci:<br \/>Razmjer: 1:18<br \/>Du\u017eina: 260mm<br \/>\u0160irina: 110mm<br \/>Visina: 125mm<br \/>Te\u017eina (uklju\u010duju\u0107i baterija) : 300g<br \/>Me\u0111uosovinsko rastojanje: 155mm<br \/>\u0160irina prednjeg traga: 108mm<br \/>\u0160irina stra\u017enjeg traga: 108mm<br \/>Razmak od tla: 30mm<br \/>Prednji to\u010dkovi: 55\/15mm<br \/ >Zadnji to\u010dkovi: 55\/15mm <br \/>Pre\u010dnik naplatka: 25mm<br \/>Mjenja\u010d: 104:1 FDL <br \/>Prednji amortizer: 25mm<br \/>Zadnji amortizer: 25mm<br \/>Ovjes: spiralna opruga< br \/>Regulator: 3-u-1 jedinica, vodootporan sa JR servo vezom<br \/>Motor: 050\/55T bru\u0161eni<br \/>Pogonski sistem: kardan<br \/>Servo: 1kg<br \/>Ku\u0107i\u0161te: Lexan, oslikana sa nastavcima za vagu u retro izgledu<br \/>Okvir: metal<br \/>Dimenzije pretinca za bateriju: 53x22x20mm<br \/>Baterija: LiPo 2S 7.4V 600mAh 25C, Molex utika\u010d, 51x20x15mm, 28g vrijeme: do rigola<br \/>D do 15 min<br \/>Daljinski upravlja\u010d: 2.4GHz, sa FHSS modulacijom<br \/>Punja\u010d: USB kabl za punjenje<\/p>\n<p>Obim isporuke:<br \/>Model, spreman za vo\u017enju<br \/>Daljinski kontrola 2.4GHz <br \/>LiPo baterija 2S 7.4V 600mAh<br \/>USB kabl za punjenje<br \/>Korisni\u010dki priru\u010dnik DE\/EN<\/p>\n<p>Potreban pribor:<br \/>4x 1.5V AAA mikro baterije za daljinski upravlja\u010d<\/p>\n","protected":false},"excerpt":{"rendered":"<p>Efikasna tehnologija susre\u0107e se sa impresivnom optikom &#8211; ovaj mali guseni\u010dar u dizajnu kamioneta ima sve \u0161to vam je potrebno da igrate u ligi super guseni\u010dara. AMXRock AM18 Harvest ima \u010ditav niz produktivnih karakteristika koje su potrebne pravim vrhunskim penja\u010dima: potpuni odmor u planinama, osjetljivi 3-u-1 kontroler sa JR servo vezom, ekstra mekane gume sa [&hellip;]<\/p>\n","protected":false},"featured_media":10251,"template":"","meta":[],"product_cat":[514,515],"product_tag":[],"acf":[],"yoast_head":"<!-- This site is optimized with the Yoast SEO plugin v21.7 - https:\/\/yoast.com\/wordpress\/plugins\/seo\/ -->\n<title>AMXRock AM18 Harvest Scale Crawler 1:18 RTR, plava - TECHNIC TOYS SHOP<\/title>\n<meta name=\"robots\" content=\"index, follow, max-snippet:-1, max-image-preview:large, max-video-preview:-1\" \/>\n<link rel=\"canonical\" href=\"https:\/\/www.technic-toys.com\/hr\/proizvod\/amxrock-am18-harvest-scale-crawler-118-rtr-plava\/\" \/>\n<meta property=\"og:locale\" content=\"hr_HR\" \/>\n<meta property=\"og:type\" content=\"article\" \/>\n<meta property=\"og:title\" content=\"AMXRock AM18 Harvest Scale Crawler 1:18 RTR, plava - TECHNIC TOYS SHOP\" \/>\n<meta property=\"og:description\" content=\"Efikasna tehnologija susre\u0107e se sa impresivnom optikom &#8211; ovaj mali guseni\u010dar u dizajnu kamioneta ima sve \u0161to vam je potrebno da igrate u ligi super guseni\u010dara. AMXRock AM18 Harvest ima \u010ditav niz produktivnih karakteristika koje su potrebne pravim vrhunskim penja\u010dima: potpuni odmor u planinama, osjetljivi 3-u-1 kontroler sa JR servo vezom, ekstra mekane gume sa [&hellip;]\" \/>\n<meta property=\"og:url\" content=\"https:\/\/www.technic-toys.com\/hr\/proizvod\/amxrock-am18-harvest-scale-crawler-118-rtr-plava\/\" \/>\n<meta property=\"og:site_name\" content=\"TECHNIC TOYS SHOP\" \/>\n<meta property=\"article:modified_time\" content=\"2022-08-01T10:43:48+00:00\" \/>\n<meta property=\"og:image\" content=\"https:\/\/www.technic-toys.com\/wp-content\/uploads\/2022\/01\/22523.jpg\" \/>\n\t<meta property=\"og:image:width\" content=\"2560\" \/>\n\t<meta property=\"og:image:height\" content=\"1468\" \/>\n\t<meta property=\"og:image:type\" content=\"image\/jpeg\" \/>\n<meta name=\"twitter:card\" content=\"summary_large_image\" \/>\n<meta name=\"twitter:label1\" content=\"Procijenjeno vrijeme \u010ditanja\" \/>\n\t<meta name=\"twitter:data1\" content=\"2 minute\" \/>\n<script type=\"application\/ld+json\" class=\"yoast-schema-graph\">{\"@context\":\"https:\/\/schema.org\",\"@graph\":[{\"@type\":\"WebPage\",\"@id\":\"https:\/\/www.technic-toys.com\/hr\/proizvod\/amxrock-am18-harvest-scale-crawler-118-rtr-plava\/\",\"url\":\"https:\/\/www.technic-toys.com\/hr\/proizvod\/amxrock-am18-harvest-scale-crawler-118-rtr-plava\/\",\"name\":\"AMXRock AM18 Harvest Scale Crawler 1:18 RTR, plava - TECHNIC TOYS SHOP\",\"isPartOf\":{\"@id\":\"https:\/\/www.technic-toys.com\/en\/#website\"},\"datePublished\":\"2022-04-08T19:35:12+00:00\",\"dateModified\":\"2022-08-01T10:43:48+00:00\",\"breadcrumb\":{\"@id\":\"https:\/\/www.technic-toys.com\/hr\/proizvod\/amxrock-am18-harvest-scale-crawler-118-rtr-plava\/#breadcrumb\"},\"inLanguage\":\"hr\",\"potentialAction\":[{\"@type\":\"ReadAction\",\"target\":[\"https:\/\/www.technic-toys.com\/hr\/proizvod\/amxrock-am18-harvest-scale-crawler-118-rtr-plava\/\"]}]},{\"@type\":\"BreadcrumbList\",\"@id\":\"https:\/\/www.technic-toys.com\/hr\/proizvod\/amxrock-am18-harvest-scale-crawler-118-rtr-plava\/#breadcrumb\",\"itemListElement\":[{\"@type\":\"ListItem\",\"position\":1,\"name\":\"Domov\",\"item\":\"https:\/\/www.technic-toys.com\/hr\/\"},{\"@type\":\"ListItem\",\"position\":2,\"name\":\"Shop\",\"item\":\"https:\/\/www.technic-toys.com\/hr\/shop-2\/\"},{\"@type\":\"ListItem\",\"position\":3,\"name\":\"AMXRock AM18 Harvest Scale Crawler 1:18 RTR, plava\"}]},{\"@type\":\"WebSite\",\"@id\":\"https:\/\/www.technic-toys.com\/en\/#website\",\"url\":\"https:\/\/www.technic-toys.com\/en\/\",\"name\":\"TECHNIC TOYS SHOP\",\"description\":\"\",\"potentialAction\":[{\"@type\":\"SearchAction\",\"target\":{\"@type\":\"EntryPoint\",\"urlTemplate\":\"https:\/\/www.technic-toys.com\/en\/?s={search_term_string}\"},\"query-input\":\"required name=search_term_string\"}],\"inLanguage\":\"hr\"}]}<\/script>\n<!-- \/ Yoast SEO plugin. -->","yoast_head_json":{"title":"AMXRock AM18 Harvest Scale Crawler 1:18 RTR, plava - TECHNIC TOYS SHOP","robots":{"index":"index","follow":"follow","max-snippet":"max-snippet:-1","max-image-preview":"max-image-preview:large","max-video-preview":"max-video-preview:-1"},"canonical":"https:\/\/www.technic-toys.com\/hr\/proizvod\/amxrock-am18-harvest-scale-crawler-118-rtr-plava\/","og_locale":"hr_HR","og_type":"article","og_title":"AMXRock AM18 Harvest Scale Crawler 1:18 RTR, plava - TECHNIC TOYS SHOP","og_description":"Efikasna tehnologija susre\u0107e se sa impresivnom optikom &#8211; ovaj mali guseni\u010dar u dizajnu kamioneta ima sve \u0161to vam je potrebno da igrate u ligi super guseni\u010dara. AMXRock AM18 Harvest ima \u010ditav niz produktivnih karakteristika koje su potrebne pravim vrhunskim penja\u010dima: potpuni odmor u planinama, osjetljivi 3-u-1 kontroler sa JR servo vezom, ekstra mekane gume sa [&hellip;]","og_url":"https:\/\/www.technic-toys.com\/hr\/proizvod\/amxrock-am18-harvest-scale-crawler-118-rtr-plava\/","og_site_name":"TECHNIC TOYS SHOP","article_modified_time":"2022-08-01T10:43:48+00:00","og_image":[{"width":2560,"height":1468,"url":"https:\/\/www.technic-toys.com\/wp-content\/uploads\/2022\/01\/22523.jpg","type":"image\/jpeg"}],"twitter_card":"summary_large_image","twitter_misc":{"Procijenjeno vrijeme \u010ditanja":"2 minute"},"schema":{"@context":"https:\/\/schema.org","@graph":[{"@type":"WebPage","@id":"https:\/\/www.technic-toys.com\/hr\/proizvod\/amxrock-am18-harvest-scale-crawler-118-rtr-plava\/","url":"https:\/\/www.technic-toys.com\/hr\/proizvod\/amxrock-am18-harvest-scale-crawler-118-rtr-plava\/","name":"AMXRock AM18 Harvest Scale Crawler 1:18 RTR, plava - TECHNIC TOYS SHOP","isPartOf":{"@id":"https:\/\/www.technic-toys.com\/en\/#website"},"datePublished":"2022-04-08T19:35:12+00:00","dateModified":"2022-08-01T10:43:48+00:00","breadcrumb":{"@id":"https:\/\/www.technic-toys.com\/hr\/proizvod\/amxrock-am18-harvest-scale-crawler-118-rtr-plava\/#breadcrumb"},"inLanguage":"hr","potentialAction":[{"@type":"ReadAction","target":["https:\/\/www.technic-toys.com\/hr\/proizvod\/amxrock-am18-harvest-scale-crawler-118-rtr-plava\/"]}]},{"@type":"BreadcrumbList","@id":"https:\/\/www.technic-toys.com\/hr\/proizvod\/amxrock-am18-harvest-scale-crawler-118-rtr-plava\/#breadcrumb","itemListElement":[{"@type":"ListItem","position":1,"name":"Domov","item":"https:\/\/www.technic-toys.com\/hr\/"},{"@type":"ListItem","position":2,"name":"Shop","item":"https:\/\/www.technic-toys.com\/hr\/shop-2\/"},{"@type":"ListItem","position":3,"name":"AMXRock AM18 Harvest Scale Crawler 1:18 RTR, plava"}]},{"@type":"WebSite","@id":"https:\/\/www.technic-toys.com\/en\/#website","url":"https:\/\/www.technic-toys.com\/en\/","name":"TECHNIC TOYS SHOP","description":"","potentialAction":[{"@type":"SearchAction","target":{"@type":"EntryPoint","urlTemplate":"https:\/\/www.technic-toys.com\/en\/?s={search_term_string}"},"query-input":"required name=search_term_string"}],"inLanguage":"hr"}]}},"_links":{"self":[{"href":"https:\/\/www.technic-toys.com\/hr\/wp-json\/wp\/v2\/product\/19629"}],"collection":[{"href":"https:\/\/www.technic-toys.com\/hr\/wp-json\/wp\/v2\/product"}],"about":[{"href":"https:\/\/www.technic-toys.com\/hr\/wp-json\/wp\/v2\/types\/product"}],"wp:featuredmedia":[{"embeddable":true,"href":"https:\/\/www.technic-toys.com\/hr\/wp-json\/wp\/v2\/media\/10251"}],"wp:attachment":[{"href":"https:\/\/www.technic-toys.com\/hr\/wp-json\/wp\/v2\/media?parent=19629"}],"wp:term":[{"taxonomy":"product_cat","embeddable":true,"href":"https:\/\/www.technic-toys.com\/hr\/wp-json\/wp\/v2\/product_cat?post=19629"},{"taxonomy":"product_tag","embeddable":true,"href":"https:\/\/www.technic-toys.com\/hr\/wp-json\/wp\/v2\/product_tag?post=19629"}],"curies":[{"name":"wp","href":"https:\/\/api.w.org\/{rel}","templated":true}]}}