{"id":19630,"date":"2022-04-08T16:54:54","date_gmt":"2022-04-08T19:35:12","guid":{"rendered":"https:\/\/www.technic-toys.com\/izdelek\/dirt-climbing-pioneer-suv-crawler-4wd-110-rtr\/"},"modified":"2022-08-01T12:43:49","modified_gmt":"2022-08-01T10:43:49","slug":"dirt-climbing-pioneer-suv-crawler-4wd-110-rtr-2","status":"publish","type":"product","link":"https:\/\/www.technic-toys.com\/hr\/proizvod\/dirt-climbing-pioneer-suv-crawler-4wd-110-rtr-2\/","title":{"rendered":"Dirt Climbing Pioneer SUV Crawler 4WD 1:10 RTR"},"content":{"rendered":"<p>Kul cross-country izgled ispunjava najmodernije karakteristike. Zahvaljuju\u0107i sna\u017enom motoru i 4WD pogonu na sve to\u010dkove sa ogromnim gumama, Pioneer SUV Crawler u razmeri 1:10 uvek prona\u0111e izlaz iz divljine. Svijetle LED diode poma\u017eu u orijentaciji. Male stvari se mogu transportovati na krovnom nosa\u010du &#8211; odli\u010dna zabava za svakog RC pilota. Plasti\u010dni okvir je dizajniran na na\u010din da efikasno \u0161titi vozilo u slu\u010daju sudara. Metalni kugli\u010dni le\u017eajevi, elektronika otporna na prskanje, amortizeri sa pravim metalnim oprugama, udoban i osjetljiv daljinski upravlja\u010d za pi\u0161tolje sa modernom radio tehnologijom bez smetnji od 2,4 GHz nagla\u0161avaju vrijedan utisak o modelu. Pioneer SUV Crawler se isporu\u010duje kao RTR verzija (spremna za pode\u0161avanje) &#8211; sve komponente potrebne za rad, \u010dak i baterije za daljinski upravlja\u010d, ve\u0107 su uklju\u010dene u obim isporuke. Crno zatamnjena stakla tako\u0111er savr\u0161eno odgovaraju cjelokupnom izgledu ovog gusjeni\u010dara.<\/p>\n<p>Istici:<br \/>4WD pogon na sva \u010detiri kota\u010da: Trajni prijenos snage na sve kota\u010de, \u0161to zna\u010dajno pove\u0107ava pogon na terenu i na nagibima<br \/ >Sjajno LED osvjetljenje: Za hladnu no\u0107nu akciju kako biste se dr\u017eali u svakom trenutku<br \/>Gumene gume visokog prianjanja: Za najbolju vu\u010du, bilo u blatu, na kamenitim stazama ili na pje\u0161\u010danom terenu<br \/ ><br \/ >Dodatne karakteristike:<br \/>RTR paket (spreman za rad)<br \/>Vrlo lijep izgled sa sjajnom farbom<br \/>Robusna struktura cijelog modela za potpunu prikladnost na otvorenom<br \/>Splash -elektronika otporna<br \/> Okvir otporan na sudare<br \/>Krovni nosa\u010d<br \/>Metalni kugli\u010dni le\u017eajevi<br \/>\u010celi\u010dne opruge<br \/>Daljinski upravlja\u010d za pi\u0161tolj 2,4 GHz, mo\u017ee se podesiti na upravljanje<br \/>Upravljanje podesivi ugao<br \/>Prevelike gume<br \/>Sna\u017ean motor za velike snage na terenu i brze prolaze na cesti<br \/>Duga vremena vo\u017enje zahvaljuju\u0107i velikom Li-I na bateriju 1500mAh 7.4V<br \/>USB kabl za punjenje sa 500mAh izlazom i utika\u010dem za balansiranje<\/p>\n<p>Tehni\u010dki podaci:<br \/>Razmjer: 1:10<br \/>Du\u017eina: 475mm<br \/>\u0160irina : 200mm<br \/>Visina: 235mm<br \/>Te\u017eina: pribli\u017eno 2.300g<br \/>Me\u0111uosovinsko rastojanje: 260mm<br \/>Kontroler: Sve-u-jednom jedinica<br \/>Motor: 540 bru\u0161eni<br \/ > Pogonski sistem: 4WD<br \/>Servo upravljanja: Midi veli\u010dina 5-pin<br \/>Ko\u010dnica: elektri\u010dna<br \/>Glavni materijal: plastika<br \/>Odjeljak za baterije: 69x35x17mm<br \/>Baterija: Li-Ion, 2S , 7, 4V 1500mAh, Dean, 68x34x16mm, 87g<br \/>Balanser: XH<br \/>Vrijeme vo\u017enje: 20min<br \/>Maksimalna brzina: cca 15+ km\/h<br \/>Daljinski upravlja\u010d: Pi\u0161tolj, 2.4 GHz<br \/> Opseg: 60m<br \/>Punja\u010d: USB kabl za punjenje, 500mAh izlaz<br \/>Vrijeme punjenja: 120-180min<\/p>\n<p>Obim isporuke:<br \/>Model, spreman za pogon<br \/>Daljinski upravlja\u010d 2.4GHz< br \/>Baterija Li-Ion 7.4V 1500mAh<br \/>USB kabl za punjenje<br \/>4x 1.5V AA mignon baterije<br \/>12x kop\u010de za tijelo<br \/>Korisni\u010dki priru\u010dnik DE\/EN<br \/>< br \/><\/p>\n","protected":false},"excerpt":{"rendered":"<p>Kul cross-country izgled ispunjava najmodernije karakteristike. Zahvaljuju\u0107i sna\u017enom motoru i 4WD pogonu na sve to\u010dkove sa ogromnim gumama, Pioneer SUV Crawler u razmeri 1:10 uvek prona\u0111e izlaz iz divljine. Svijetle LED diode poma\u017eu u orijentaciji. Male stvari se mogu transportovati na krovnom nosa\u010du &#8211; odli\u010dna zabava za svakog RC pilota. Plasti\u010dni okvir je dizajniran na [&hellip;]<\/p>\n","protected":false},"featured_media":10260,"template":"","meta":[],"product_cat":[514,515],"product_tag":[],"acf":[],"yoast_head":"<!-- This site is optimized with the Yoast SEO plugin v21.7 - https:\/\/yoast.com\/wordpress\/plugins\/seo\/ -->\n<title>Dirt Climbing Pioneer SUV Crawler 4WD 1:10 RTR - TECHNIC TOYS SHOP<\/title>\n<meta name=\"robots\" content=\"index, follow, max-snippet:-1, max-image-preview:large, max-video-preview:-1\" \/>\n<link rel=\"canonical\" href=\"https:\/\/www.technic-toys.com\/hr\/proizvod\/dirt-climbing-pioneer-suv-crawler-4wd-110-rtr-2\/\" \/>\n<meta property=\"og:locale\" content=\"hr_HR\" \/>\n<meta property=\"og:type\" content=\"article\" \/>\n<meta property=\"og:title\" content=\"Dirt Climbing Pioneer SUV Crawler 4WD 1:10 RTR - TECHNIC TOYS SHOP\" \/>\n<meta property=\"og:description\" content=\"Kul cross-country izgled ispunjava najmodernije karakteristike. Zahvaljuju\u0107i sna\u017enom motoru i 4WD pogonu na sve to\u010dkove sa ogromnim gumama, Pioneer SUV Crawler u razmeri 1:10 uvek prona\u0111e izlaz iz divljine. Svijetle LED diode poma\u017eu u orijentaciji. Male stvari se mogu transportovati na krovnom nosa\u010du &#8211; odli\u010dna zabava za svakog RC pilota. Plasti\u010dni okvir je dizajniran na [&hellip;]\" \/>\n<meta property=\"og:url\" content=\"https:\/\/www.technic-toys.com\/hr\/proizvod\/dirt-climbing-pioneer-suv-crawler-4wd-110-rtr-2\/\" \/>\n<meta property=\"og:site_name\" content=\"TECHNIC TOYS SHOP\" \/>\n<meta property=\"article:modified_time\" content=\"2022-08-01T10:43:49+00:00\" \/>\n<meta property=\"og:image\" content=\"https:\/\/www.technic-toys.com\/wp-content\/uploads\/2022\/01\/22528.jpg\" \/>\n\t<meta property=\"og:image:width\" content=\"2560\" \/>\n\t<meta property=\"og:image:height\" content=\"1468\" \/>\n\t<meta property=\"og:image:type\" content=\"image\/jpeg\" \/>\n<meta name=\"twitter:card\" content=\"summary_large_image\" \/>\n<meta name=\"twitter:label1\" content=\"Procijenjeno vrijeme \u010ditanja\" \/>\n\t<meta name=\"twitter:data1\" content=\"2 minute\" \/>\n<script type=\"application\/ld+json\" class=\"yoast-schema-graph\">{\"@context\":\"https:\/\/schema.org\",\"@graph\":[{\"@type\":\"WebPage\",\"@id\":\"https:\/\/www.technic-toys.com\/hr\/proizvod\/dirt-climbing-pioneer-suv-crawler-4wd-110-rtr-2\/\",\"url\":\"https:\/\/www.technic-toys.com\/hr\/proizvod\/dirt-climbing-pioneer-suv-crawler-4wd-110-rtr-2\/\",\"name\":\"Dirt Climbing Pioneer SUV Crawler 4WD 1:10 RTR - TECHNIC TOYS SHOP\",\"isPartOf\":{\"@id\":\"https:\/\/www.technic-toys.com\/en\/#website\"},\"datePublished\":\"2022-04-08T19:35:12+00:00\",\"dateModified\":\"2022-08-01T10:43:49+00:00\",\"breadcrumb\":{\"@id\":\"https:\/\/www.technic-toys.com\/hr\/proizvod\/dirt-climbing-pioneer-suv-crawler-4wd-110-rtr-2\/#breadcrumb\"},\"inLanguage\":\"hr\",\"potentialAction\":[{\"@type\":\"ReadAction\",\"target\":[\"https:\/\/www.technic-toys.com\/hr\/proizvod\/dirt-climbing-pioneer-suv-crawler-4wd-110-rtr-2\/\"]}]},{\"@type\":\"BreadcrumbList\",\"@id\":\"https:\/\/www.technic-toys.com\/hr\/proizvod\/dirt-climbing-pioneer-suv-crawler-4wd-110-rtr-2\/#breadcrumb\",\"itemListElement\":[{\"@type\":\"ListItem\",\"position\":1,\"name\":\"Domov\",\"item\":\"https:\/\/www.technic-toys.com\/hr\/\"},{\"@type\":\"ListItem\",\"position\":2,\"name\":\"Shop\",\"item\":\"https:\/\/www.technic-toys.com\/hr\/shop-2\/\"},{\"@type\":\"ListItem\",\"position\":3,\"name\":\"Dirt Climbing Pioneer SUV Crawler 4WD 1:10 RTR\"}]},{\"@type\":\"WebSite\",\"@id\":\"https:\/\/www.technic-toys.com\/en\/#website\",\"url\":\"https:\/\/www.technic-toys.com\/en\/\",\"name\":\"TECHNIC TOYS SHOP\",\"description\":\"\",\"potentialAction\":[{\"@type\":\"SearchAction\",\"target\":{\"@type\":\"EntryPoint\",\"urlTemplate\":\"https:\/\/www.technic-toys.com\/en\/?s={search_term_string}\"},\"query-input\":\"required name=search_term_string\"}],\"inLanguage\":\"hr\"}]}<\/script>\n<!-- \/ Yoast SEO plugin. -->","yoast_head_json":{"title":"Dirt Climbing Pioneer SUV Crawler 4WD 1:10 RTR - TECHNIC TOYS SHOP","robots":{"index":"index","follow":"follow","max-snippet":"max-snippet:-1","max-image-preview":"max-image-preview:large","max-video-preview":"max-video-preview:-1"},"canonical":"https:\/\/www.technic-toys.com\/hr\/proizvod\/dirt-climbing-pioneer-suv-crawler-4wd-110-rtr-2\/","og_locale":"hr_HR","og_type":"article","og_title":"Dirt Climbing Pioneer SUV Crawler 4WD 1:10 RTR - TECHNIC TOYS SHOP","og_description":"Kul cross-country izgled ispunjava najmodernije karakteristike. Zahvaljuju\u0107i sna\u017enom motoru i 4WD pogonu na sve to\u010dkove sa ogromnim gumama, Pioneer SUV Crawler u razmeri 1:10 uvek prona\u0111e izlaz iz divljine. Svijetle LED diode poma\u017eu u orijentaciji. Male stvari se mogu transportovati na krovnom nosa\u010du &#8211; odli\u010dna zabava za svakog RC pilota. Plasti\u010dni okvir je dizajniran na [&hellip;]","og_url":"https:\/\/www.technic-toys.com\/hr\/proizvod\/dirt-climbing-pioneer-suv-crawler-4wd-110-rtr-2\/","og_site_name":"TECHNIC TOYS SHOP","article_modified_time":"2022-08-01T10:43:49+00:00","og_image":[{"width":2560,"height":1468,"url":"https:\/\/www.technic-toys.com\/wp-content\/uploads\/2022\/01\/22528.jpg","type":"image\/jpeg"}],"twitter_card":"summary_large_image","twitter_misc":{"Procijenjeno vrijeme \u010ditanja":"2 minute"},"schema":{"@context":"https:\/\/schema.org","@graph":[{"@type":"WebPage","@id":"https:\/\/www.technic-toys.com\/hr\/proizvod\/dirt-climbing-pioneer-suv-crawler-4wd-110-rtr-2\/","url":"https:\/\/www.technic-toys.com\/hr\/proizvod\/dirt-climbing-pioneer-suv-crawler-4wd-110-rtr-2\/","name":"Dirt Climbing Pioneer SUV Crawler 4WD 1:10 RTR - TECHNIC TOYS SHOP","isPartOf":{"@id":"https:\/\/www.technic-toys.com\/en\/#website"},"datePublished":"2022-04-08T19:35:12+00:00","dateModified":"2022-08-01T10:43:49+00:00","breadcrumb":{"@id":"https:\/\/www.technic-toys.com\/hr\/proizvod\/dirt-climbing-pioneer-suv-crawler-4wd-110-rtr-2\/#breadcrumb"},"inLanguage":"hr","potentialAction":[{"@type":"ReadAction","target":["https:\/\/www.technic-toys.com\/hr\/proizvod\/dirt-climbing-pioneer-suv-crawler-4wd-110-rtr-2\/"]}]},{"@type":"BreadcrumbList","@id":"https:\/\/www.technic-toys.com\/hr\/proizvod\/dirt-climbing-pioneer-suv-crawler-4wd-110-rtr-2\/#breadcrumb","itemListElement":[{"@type":"ListItem","position":1,"name":"Domov","item":"https:\/\/www.technic-toys.com\/hr\/"},{"@type":"ListItem","position":2,"name":"Shop","item":"https:\/\/www.technic-toys.com\/hr\/shop-2\/"},{"@type":"ListItem","position":3,"name":"Dirt Climbing Pioneer SUV Crawler 4WD 1:10 RTR"}]},{"@type":"WebSite","@id":"https:\/\/www.technic-toys.com\/en\/#website","url":"https:\/\/www.technic-toys.com\/en\/","name":"TECHNIC TOYS SHOP","description":"","potentialAction":[{"@type":"SearchAction","target":{"@type":"EntryPoint","urlTemplate":"https:\/\/www.technic-toys.com\/en\/?s={search_term_string}"},"query-input":"required name=search_term_string"}],"inLanguage":"hr"}]}},"_links":{"self":[{"href":"https:\/\/www.technic-toys.com\/hr\/wp-json\/wp\/v2\/product\/19630"}],"collection":[{"href":"https:\/\/www.technic-toys.com\/hr\/wp-json\/wp\/v2\/product"}],"about":[{"href":"https:\/\/www.technic-toys.com\/hr\/wp-json\/wp\/v2\/types\/product"}],"wp:featuredmedia":[{"embeddable":true,"href":"https:\/\/www.technic-toys.com\/hr\/wp-json\/wp\/v2\/media\/10260"}],"wp:attachment":[{"href":"https:\/\/www.technic-toys.com\/hr\/wp-json\/wp\/v2\/media?parent=19630"}],"wp:term":[{"taxonomy":"product_cat","embeddable":true,"href":"https:\/\/www.technic-toys.com\/hr\/wp-json\/wp\/v2\/product_cat?post=19630"},{"taxonomy":"product_tag","embeddable":true,"href":"https:\/\/www.technic-toys.com\/hr\/wp-json\/wp\/v2\/product_tag?post=19630"}],"curies":[{"name":"wp","href":"https:\/\/api.w.org\/{rel}","templated":true}]}}