{"id":19635,"date":"2022-04-08T16:54:54","date_gmt":"2022-04-08T19:35:12","guid":{"rendered":"https:\/\/www.technic-toys.com\/izdelek\/mercedes-benz-arocs-licencni-kiper-2-4ghz-rtr-plavi\/"},"modified":"2025-09-15T16:40:47","modified_gmt":"2025-09-15T14:40:47","slug":"mercedes-benz-arocs-licencni-kiper-2-4ghz-rtr-plavi","status":"publish","type":"product","link":"https:\/\/www.technic-toys.com\/hr\/proizvod\/mercedes-benz-arocs-licencni-kiper-2-4ghz-rtr-plavi\/","title":{"rendered":"Mercedes-Benz Arocs licencni kiper 2.4GHz RTR plavi"},"content":{"rendered":"<p>Arocs je naziv poznate serije kamiona Mercedes-Benz kompanije Daimler AG. Vozila za gradili\u0161te Arocs su prvi put predstavljena 2013. godine i od tada su prona\u0111ena na mnogim gradili\u0161tima \u0161irom svijeta. Odlikuju ih visoke performanse, pouzdanost i robusnost. Sa ovim licenciranim modelom, gotovo sve funkcije se mogu kontrolisati kao kod velikog brata, \u010dine\u0107i da srca ljubitelja skalera br\u017ee kucaju. Model ima 4WD pogon i inkapsulirani mjenja\u010d. Zbog toga je za\u0161ti\u0107en od prskanja vode i stoga je pogodan za terensku upotrebu. Struktura i boja ovog visokokvalitetnog modela odgovaraju originalu, \u0161to ovaj model \u010dini posebnim u pogledu dizajna i prezentacije. Model se isporu\u010duje RTR (ready to run) a u obim isporuke je sve \u0161to je potrebno za rad. (osim baterija za oda\u0161ilja\u010d).<\/p>\n<p>Karakteristike:<br \/>\nEkskluzivno Amewi izdanje kamiona Mercedes Benz Arocs u plavoj boji<br \/>\nLED rasvjeta<br \/>\n10 upravljivih kanala&lt; br \/ &gt;2.4Ghz sistem (bez gre\u0161ke)<br \/>\nFunkcije naprijed\/nazad\/desno lijevo, zvuk uklju\u010den\/isklju\u010den, svjetlo, korito se mo\u017ee kontrolisati zasebno<br \/>\nDugo vrijeme vo\u017enje (do 20 min.)&lt; br \/&gt;Baterija uklju\u010dena (NiMH 7.2V 400mAh)<br \/>\nPunja\u010d uklju\u010den<br \/>\nOda\u0161ilja\u010d uklju\u010den<br \/>\nVjerena simulacija svih funkcija<\/p>\n<p>Tehni\u010dki podaci:<br \/>\nRazmjer: 1 :14<br \/>\nDu\u017eina: 422mm \u0160irina: 152mm Visina: 181mm Te\u017eina: pribli\u017eno: 120mm<br \/>\nRazmak: 17mm<br \/>\nGlavni materijal: plastika<br \/>\nDimenzije pretinca za baterije: 90x52x17mm<br \/>\n: NiMH 6 \u0107elija 7.2V 400mAh JST-BEC konektor, 85x50x15mm, te\u017eina 83g<br \/>\nVreme vo\u017enje: pribli\u017eno 20min<br \/>\nMaksimalna brzina: pribli\u017eno 5km\/h<br \/>\nDaljinski upravlja\u010d: 10GHz&lt;2 br \/&gt;Domet: pribli\u017eno 80 m<br \/>\nPunja\u010d: USB kabl za punjenje<br \/>\nVrijeme punjenja: pribli\u017eno 1,5 sati<\/p>\n<p>Obim isporuke<br \/>\nModel, sastavljen spreman za vo\u017enju<br \/>\nDaljinski upravlja\u010d<br \/>\nBaterija<br \/>\nUSB punja\u010d<br \/>\nUpute DE\/EN\/FR\/IT<\/p>\n<p>Potreban pribor:<br \/>\n4x AA mignon baterije 1.5V za daljinski upravlja\u010d<\/p>\n<p>&nbsp;<\/p>\n","protected":false},"excerpt":{"rendered":"<p>Arocs je naziv poznate serije kamiona Mercedes-Benz kompanije Daimler AG. Vozila za gradili\u0161te Arocs su prvi put predstavljena 2013. godine i od tada su prona\u0111ena na mnogim gradili\u0161tima \u0161irom svijeta. Odlikuju ih visoke performanse, pouzdanost i robusnost. Sa ovim licenciranim modelom, gotovo sve funkcije se mogu kontrolisati kao kod velikog brata, \u010dine\u0107i da srca ljubitelja [&hellip;]<\/p>\n","protected":false},"featured_media":10307,"template":"","meta":[],"product_cat":[514,422],"product_tag":[],"acf":[],"yoast_head":"<!-- This site is optimized with the Yoast SEO plugin v21.7 - https:\/\/yoast.com\/wordpress\/plugins\/seo\/ -->\n<title>Mercedes-Benz Arocs licencni kiper 2.4GHz RTR plavi - TECHNIC TOYS SHOP<\/title>\n<meta name=\"robots\" content=\"index, follow, max-snippet:-1, max-image-preview:large, max-video-preview:-1\" \/>\n<link rel=\"canonical\" href=\"https:\/\/www.technic-toys.com\/hr\/proizvod\/mercedes-benz-arocs-licencni-kiper-2-4ghz-rtr-plavi\/\" \/>\n<meta property=\"og:locale\" content=\"hr_HR\" \/>\n<meta property=\"og:type\" content=\"article\" \/>\n<meta property=\"og:title\" content=\"Mercedes-Benz Arocs licencni kiper 2.4GHz RTR plavi - TECHNIC TOYS SHOP\" \/>\n<meta property=\"og:description\" content=\"Arocs je naziv poznate serije kamiona Mercedes-Benz kompanije Daimler AG. Vozila za gradili\u0161te Arocs su prvi put predstavljena 2013. godine i od tada su prona\u0111ena na mnogim gradili\u0161tima \u0161irom svijeta. Odlikuju ih visoke performanse, pouzdanost i robusnost. Sa ovim licenciranim modelom, gotovo sve funkcije se mogu kontrolisati kao kod velikog brata, \u010dine\u0107i da srca ljubitelja [&hellip;]\" \/>\n<meta property=\"og:url\" content=\"https:\/\/www.technic-toys.com\/hr\/proizvod\/mercedes-benz-arocs-licencni-kiper-2-4ghz-rtr-plavi\/\" \/>\n<meta property=\"og:site_name\" content=\"TECHNIC TOYS SHOP\" \/>\n<meta property=\"article:modified_time\" content=\"2025-09-15T14:40:47+00:00\" \/>\n<meta property=\"og:image\" content=\"https:\/\/www.technic-toys.com\/wp-content\/uploads\/2022\/01\/22537.jpg\" \/>\n\t<meta property=\"og:image:width\" content=\"2560\" \/>\n\t<meta property=\"og:image:height\" content=\"1468\" \/>\n\t<meta property=\"og:image:type\" content=\"image\/jpeg\" \/>\n<meta name=\"twitter:card\" content=\"summary_large_image\" \/>\n<meta name=\"twitter:label1\" content=\"Procijenjeno vrijeme \u010ditanja\" \/>\n\t<meta name=\"twitter:data1\" content=\"1 minuta\" \/>\n<script type=\"application\/ld+json\" class=\"yoast-schema-graph\">{\"@context\":\"https:\/\/schema.org\",\"@graph\":[{\"@type\":\"WebPage\",\"@id\":\"https:\/\/www.technic-toys.com\/hr\/proizvod\/mercedes-benz-arocs-licencni-kiper-2-4ghz-rtr-plavi\/\",\"url\":\"https:\/\/www.technic-toys.com\/hr\/proizvod\/mercedes-benz-arocs-licencni-kiper-2-4ghz-rtr-plavi\/\",\"name\":\"Mercedes-Benz Arocs licencni kiper 2.4GHz RTR plavi - TECHNIC TOYS SHOP\",\"isPartOf\":{\"@id\":\"https:\/\/www.technic-toys.com\/en\/#website\"},\"datePublished\":\"2022-04-08T19:35:12+00:00\",\"dateModified\":\"2025-09-15T14:40:47+00:00\",\"breadcrumb\":{\"@id\":\"https:\/\/www.technic-toys.com\/hr\/proizvod\/mercedes-benz-arocs-licencni-kiper-2-4ghz-rtr-plavi\/#breadcrumb\"},\"inLanguage\":\"hr\",\"potentialAction\":[{\"@type\":\"ReadAction\",\"target\":[\"https:\/\/www.technic-toys.com\/hr\/proizvod\/mercedes-benz-arocs-licencni-kiper-2-4ghz-rtr-plavi\/\"]}]},{\"@type\":\"BreadcrumbList\",\"@id\":\"https:\/\/www.technic-toys.com\/hr\/proizvod\/mercedes-benz-arocs-licencni-kiper-2-4ghz-rtr-plavi\/#breadcrumb\",\"itemListElement\":[{\"@type\":\"ListItem\",\"position\":1,\"name\":\"Domov\",\"item\":\"https:\/\/www.technic-toys.com\/hr\/\"},{\"@type\":\"ListItem\",\"position\":2,\"name\":\"Shop\",\"item\":\"https:\/\/www.technic-toys.com\/hr\/shop-2\/\"},{\"@type\":\"ListItem\",\"position\":3,\"name\":\"Mercedes-Benz Arocs licencni kiper 2.4GHz RTR plavi\"}]},{\"@type\":\"WebSite\",\"@id\":\"https:\/\/www.technic-toys.com\/en\/#website\",\"url\":\"https:\/\/www.technic-toys.com\/en\/\",\"name\":\"TECHNIC TOYS SHOP\",\"description\":\"\",\"potentialAction\":[{\"@type\":\"SearchAction\",\"target\":{\"@type\":\"EntryPoint\",\"urlTemplate\":\"https:\/\/www.technic-toys.com\/en\/?s={search_term_string}\"},\"query-input\":\"required name=search_term_string\"}],\"inLanguage\":\"hr\"}]}<\/script>\n<!-- \/ Yoast SEO plugin. -->","yoast_head_json":{"title":"Mercedes-Benz Arocs licencni kiper 2.4GHz RTR plavi - TECHNIC TOYS SHOP","robots":{"index":"index","follow":"follow","max-snippet":"max-snippet:-1","max-image-preview":"max-image-preview:large","max-video-preview":"max-video-preview:-1"},"canonical":"https:\/\/www.technic-toys.com\/hr\/proizvod\/mercedes-benz-arocs-licencni-kiper-2-4ghz-rtr-plavi\/","og_locale":"hr_HR","og_type":"article","og_title":"Mercedes-Benz Arocs licencni kiper 2.4GHz RTR plavi - TECHNIC TOYS SHOP","og_description":"Arocs je naziv poznate serije kamiona Mercedes-Benz kompanije Daimler AG. Vozila za gradili\u0161te Arocs su prvi put predstavljena 2013. godine i od tada su prona\u0111ena na mnogim gradili\u0161tima \u0161irom svijeta. Odlikuju ih visoke performanse, pouzdanost i robusnost. Sa ovim licenciranim modelom, gotovo sve funkcije se mogu kontrolisati kao kod velikog brata, \u010dine\u0107i da srca ljubitelja [&hellip;]","og_url":"https:\/\/www.technic-toys.com\/hr\/proizvod\/mercedes-benz-arocs-licencni-kiper-2-4ghz-rtr-plavi\/","og_site_name":"TECHNIC TOYS SHOP","article_modified_time":"2025-09-15T14:40:47+00:00","og_image":[{"width":2560,"height":1468,"url":"https:\/\/www.technic-toys.com\/wp-content\/uploads\/2022\/01\/22537.jpg","type":"image\/jpeg"}],"twitter_card":"summary_large_image","twitter_misc":{"Procijenjeno vrijeme \u010ditanja":"1 minuta"},"schema":{"@context":"https:\/\/schema.org","@graph":[{"@type":"WebPage","@id":"https:\/\/www.technic-toys.com\/hr\/proizvod\/mercedes-benz-arocs-licencni-kiper-2-4ghz-rtr-plavi\/","url":"https:\/\/www.technic-toys.com\/hr\/proizvod\/mercedes-benz-arocs-licencni-kiper-2-4ghz-rtr-plavi\/","name":"Mercedes-Benz Arocs licencni kiper 2.4GHz RTR plavi - TECHNIC TOYS SHOP","isPartOf":{"@id":"https:\/\/www.technic-toys.com\/en\/#website"},"datePublished":"2022-04-08T19:35:12+00:00","dateModified":"2025-09-15T14:40:47+00:00","breadcrumb":{"@id":"https:\/\/www.technic-toys.com\/hr\/proizvod\/mercedes-benz-arocs-licencni-kiper-2-4ghz-rtr-plavi\/#breadcrumb"},"inLanguage":"hr","potentialAction":[{"@type":"ReadAction","target":["https:\/\/www.technic-toys.com\/hr\/proizvod\/mercedes-benz-arocs-licencni-kiper-2-4ghz-rtr-plavi\/"]}]},{"@type":"BreadcrumbList","@id":"https:\/\/www.technic-toys.com\/hr\/proizvod\/mercedes-benz-arocs-licencni-kiper-2-4ghz-rtr-plavi\/#breadcrumb","itemListElement":[{"@type":"ListItem","position":1,"name":"Domov","item":"https:\/\/www.technic-toys.com\/hr\/"},{"@type":"ListItem","position":2,"name":"Shop","item":"https:\/\/www.technic-toys.com\/hr\/shop-2\/"},{"@type":"ListItem","position":3,"name":"Mercedes-Benz Arocs licencni kiper 2.4GHz RTR plavi"}]},{"@type":"WebSite","@id":"https:\/\/www.technic-toys.com\/en\/#website","url":"https:\/\/www.technic-toys.com\/en\/","name":"TECHNIC TOYS SHOP","description":"","potentialAction":[{"@type":"SearchAction","target":{"@type":"EntryPoint","urlTemplate":"https:\/\/www.technic-toys.com\/en\/?s={search_term_string}"},"query-input":"required name=search_term_string"}],"inLanguage":"hr"}]}},"_links":{"self":[{"href":"https:\/\/www.technic-toys.com\/hr\/wp-json\/wp\/v2\/product\/19635"}],"collection":[{"href":"https:\/\/www.technic-toys.com\/hr\/wp-json\/wp\/v2\/product"}],"about":[{"href":"https:\/\/www.technic-toys.com\/hr\/wp-json\/wp\/v2\/types\/product"}],"wp:featuredmedia":[{"embeddable":true,"href":"https:\/\/www.technic-toys.com\/hr\/wp-json\/wp\/v2\/media\/10307"}],"wp:attachment":[{"href":"https:\/\/www.technic-toys.com\/hr\/wp-json\/wp\/v2\/media?parent=19635"}],"wp:term":[{"taxonomy":"product_cat","embeddable":true,"href":"https:\/\/www.technic-toys.com\/hr\/wp-json\/wp\/v2\/product_cat?post=19635"},{"taxonomy":"product_tag","embeddable":true,"href":"https:\/\/www.technic-toys.com\/hr\/wp-json\/wp\/v2\/product_tag?post=19635"}],"curies":[{"name":"wp","href":"https:\/\/api.w.org\/{rel}","templated":true}]}}