{"id":19637,"date":"2022-04-08T16:54:54","date_gmt":"2022-04-08T19:35:12","guid":{"rendered":"https:\/\/www.technic-toys.com\/izdelek\/dark-rampage-desert-buggy-4wd-112-rtr\/"},"modified":"2022-08-01T12:44:53","modified_gmt":"2022-08-01T10:44:53","slug":"dark-rampage-desert-buggy-4wd-112-rtr-2","status":"publish","type":"product","link":"https:\/\/www.technic-toys.com\/hr\/proizvod\/dark-rampage-desert-buggy-4wd-112-rtr-2\/","title":{"rendered":"Dark Rampage Desert Buggy 4WD 1:12 RTR"},"content":{"rendered":"<p>The Dark Rampage je 4WD Dune Buggy u mjerilu 1:12. Privla\u010dan je ne samo zbog tamnosivog aluminijumskog ku\u0107i\u0161ta. Pustinjski buggy je ve\u0107 potpuno opremljen iz kutije (RTR spreman za rad). Uklju\u010duju\u0107i mo\u0107nu Li-ion<br \/> bateriju od 1500 mAh, klizno kva\u010dilo i \u010dvrstu krutu osovinu pozadi. Sve komponente imaju<br \/>visok kvalitet materijala pa je, na primjer, \u0161asija napravljena od robusne plastike od vlakana. Gumene gume su vrlo prijanjaju\u0107e i otporne na habanje. Osetljivi i visokokvalitetni radio daljinski upravlja\u010d od 2,4 GHz mo\u017ee se brzo prebaciti iz upotrebe za desnu ruku na levoruku jednostavnim guranjem volana kroz predajnik. Sna\u017eni 380 bru\u0161eni elektromotor osigurava dobro ubrzanje i maksimalnu brzinu do 40 km\/h. Opseg isporuke tako\u0111er uklju\u010duje razli\u010dite motorne lan\u010danike kako biste model prilagodili vlastitim mogu\u0107nostima. Stalni pogon na sva \u010detiri to\u010dka osigurava najbolje performanse. Maksimalna brzina vozila se mo\u017ee podesiti na predajniku (po\u010detnici i napredni na\u010din rada) &#8211; tako da je Dark Rampage podjednako pogodan za po\u010detnike i napredne korisnike. Bilo da se radi o zabavnom parku, stazama ili visokim skokovima &#8211; Dark Rampage je spreman za sve zahvaljuju\u0107i svojoj uravnote\u017eenoj konstrukciji. Osim toga, otporan je na prskanje i inkapsuliran tako da se mo\u017ee voziti po bilo kojem terenu.<\/p>\n<p>Karakteristike:<br \/>Velika Li-Ion baterija od 7,4V i 1500mAh za dugo vrijeme vo\u017enje do do 15 minuta. <br \/>Pripremljeno za LED osvjetljenje (prednja i krovna svjetla su pogodna za standardne LED diode pre\u010dnika 5mm)<br \/>Dug hod ovjesa za ekstremno ukr\u0161tanje osovina (vrlo dobro terenska mobilnost zahvaljuju\u0107i velikom razmaku od tla)<br \/> Potpuni rezervni to\u010dak na stra\u017enjoj strani modela<br \/>Potpuno zatvoren mjenja\u010d od kamenja i prljav\u0161tine<br \/>Za\u0161ti\u0107en od prskanja vode za gotovo neograni\u010dene terenske sposobnosti ( potpuno pogodan za upotrebu na otvorenom)<\/p>\n<p>Tehni\u010dki podaci:<br \/>Razmjer: 1:12<br \/>Du\u017eina: 389mm<br \/>\u0160irina: 235mm<br \/>Visina: 175mm<br \/ >Te\u017eina: 1443g uklju\u010duju\u0107i bateriju<br \/>Me\u0111uosovinsko rastojanje: 244mm<br \/>\u0160irina prednjeg traga: 200mm< br \/>\u0160irina traga pozadi: 200mm<br \/>Razmak: 50mm<br \/>Prednji to\u010dkovi: Vanjski pre\u010dnik\/ \u0161irina 98 \/ 35 mm<br \/>Zadnji to\u010dkovi: Vanjski pre\u010dnik\/\u0161irina 98 \/ 35mm< br \/>Pre\u010dnik oboda: 45mm<br \/>Munik: POM glavni zup\u010danik, metalni zup\u010danik motora<br \/>Prednji amortizer: 40mm<br \/>Zadnji amortizer: 80mm<br \/>Ko\u010dnica: elektronska<br \/>Kontroler: Sve in One ESC <br \/>Motor: bru\u0161eni 380<br \/>Pogonski sistem: Kardan<br \/>Servo upravlja\u010da: Midi 5 pin<br \/>Glavni materijal: plastika \/ vlakna<br \/>Dimenzije odjeljka za baterije: 80 x 38 x 25mm<br \/>Baterija: Li-Ion 2S 7.4V 1500mAh 20C Softcase Deans utika\u010d Dx\u0160xV: 65x35x20mm Te\u017eina: 97g<br \/>Vrijeme vo\u017enje: do pribli\u017eno 15 minuta ovisno o povr\u0161ini i brzini<br \/>Max. do pribli\u017eno br \/>Daljinski upravlja\u010d: 2-kanalni 2,4GHz sa trim i dvostrukom brzinom za upravljanje i gas<br \/>Domet: do pribli\u017eno 100m<br \/>Punja\u010d: 220V balans punja\u010d sa izlaznom snagom od 800mA za 2S LiPo i Li-Ion baterije< br \/>Vrijeme punjenja: pribli\u017eno 2 sata<\/p>\n<p>Obim isporuke:<br \/>Model napravljen spreman za vo\u017enju<br \/>2,4 GHz radio daljinski upravlja\u010d<br \/> Baterija<br \/>Punja\u010d<br \/>Klju\u010d za monta\u017eu, rezervni zup\u010danik, specijalni klju\u010d <br \/> za dvostruku funkciju ograni\u010denja gasa <br \/>Ilustrovano uputstvo za upotrebu DE\/EN<\/p>\n<p>Potreban pribor:<br \/>4x AA baterije za daljinski upravlja\u010d<\/p>\n","protected":false},"excerpt":{"rendered":"<p>sa aluminijumskim ku\u0107i\u0161tem<\/p>\n","protected":false},"featured_media":10326,"template":"","meta":[],"product_cat":[514,515],"product_tag":[],"acf":[],"yoast_head":"<!-- This site is optimized with the Yoast SEO plugin v21.7 - https:\/\/yoast.com\/wordpress\/plugins\/seo\/ -->\n<title>Dark Rampage Desert Buggy 4WD 1:12 RTR - TECHNIC TOYS SHOP<\/title>\n<meta name=\"robots\" content=\"index, follow, max-snippet:-1, max-image-preview:large, max-video-preview:-1\" \/>\n<link rel=\"canonical\" href=\"https:\/\/www.technic-toys.com\/hr\/proizvod\/dark-rampage-desert-buggy-4wd-112-rtr-2\/\" \/>\n<meta property=\"og:locale\" content=\"hr_HR\" \/>\n<meta property=\"og:type\" content=\"article\" \/>\n<meta property=\"og:title\" content=\"Dark Rampage Desert Buggy 4WD 1:12 RTR - TECHNIC TOYS SHOP\" \/>\n<meta property=\"og:description\" content=\"sa aluminijumskim ku\u0107i\u0161tem\" \/>\n<meta property=\"og:url\" content=\"https:\/\/www.technic-toys.com\/hr\/proizvod\/dark-rampage-desert-buggy-4wd-112-rtr-2\/\" \/>\n<meta property=\"og:site_name\" content=\"TECHNIC TOYS SHOP\" \/>\n<meta property=\"article:modified_time\" content=\"2022-08-01T10:44:53+00:00\" \/>\n<meta property=\"og:image\" content=\"https:\/\/www.technic-toys.com\/wp-content\/uploads\/2022\/01\/22539.jpg\" \/>\n\t<meta property=\"og:image:width\" content=\"2560\" \/>\n\t<meta property=\"og:image:height\" content=\"1468\" \/>\n\t<meta property=\"og:image:type\" content=\"image\/jpeg\" \/>\n<meta name=\"twitter:card\" content=\"summary_large_image\" \/>\n<meta name=\"twitter:label1\" content=\"Procijenjeno vrijeme \u010ditanja\" \/>\n\t<meta name=\"twitter:data1\" content=\"2 minute\" \/>\n<script type=\"application\/ld+json\" class=\"yoast-schema-graph\">{\"@context\":\"https:\/\/schema.org\",\"@graph\":[{\"@type\":\"WebPage\",\"@id\":\"https:\/\/www.technic-toys.com\/hr\/proizvod\/dark-rampage-desert-buggy-4wd-112-rtr-2\/\",\"url\":\"https:\/\/www.technic-toys.com\/hr\/proizvod\/dark-rampage-desert-buggy-4wd-112-rtr-2\/\",\"name\":\"Dark Rampage Desert Buggy 4WD 1:12 RTR - TECHNIC TOYS SHOP\",\"isPartOf\":{\"@id\":\"https:\/\/www.technic-toys.com\/en\/#website\"},\"datePublished\":\"2022-04-08T19:35:12+00:00\",\"dateModified\":\"2022-08-01T10:44:53+00:00\",\"breadcrumb\":{\"@id\":\"https:\/\/www.technic-toys.com\/hr\/proizvod\/dark-rampage-desert-buggy-4wd-112-rtr-2\/#breadcrumb\"},\"inLanguage\":\"hr\",\"potentialAction\":[{\"@type\":\"ReadAction\",\"target\":[\"https:\/\/www.technic-toys.com\/hr\/proizvod\/dark-rampage-desert-buggy-4wd-112-rtr-2\/\"]}]},{\"@type\":\"BreadcrumbList\",\"@id\":\"https:\/\/www.technic-toys.com\/hr\/proizvod\/dark-rampage-desert-buggy-4wd-112-rtr-2\/#breadcrumb\",\"itemListElement\":[{\"@type\":\"ListItem\",\"position\":1,\"name\":\"Domov\",\"item\":\"https:\/\/www.technic-toys.com\/hr\/\"},{\"@type\":\"ListItem\",\"position\":2,\"name\":\"Shop\",\"item\":\"https:\/\/www.technic-toys.com\/hr\/shop-2\/\"},{\"@type\":\"ListItem\",\"position\":3,\"name\":\"Dark Rampage Desert Buggy 4WD 1:12 RTR\"}]},{\"@type\":\"WebSite\",\"@id\":\"https:\/\/www.technic-toys.com\/en\/#website\",\"url\":\"https:\/\/www.technic-toys.com\/en\/\",\"name\":\"TECHNIC TOYS SHOP\",\"description\":\"\",\"potentialAction\":[{\"@type\":\"SearchAction\",\"target\":{\"@type\":\"EntryPoint\",\"urlTemplate\":\"https:\/\/www.technic-toys.com\/en\/?s={search_term_string}\"},\"query-input\":\"required name=search_term_string\"}],\"inLanguage\":\"hr\"}]}<\/script>\n<!-- \/ Yoast SEO plugin. -->","yoast_head_json":{"title":"Dark Rampage Desert Buggy 4WD 1:12 RTR - TECHNIC TOYS SHOP","robots":{"index":"index","follow":"follow","max-snippet":"max-snippet:-1","max-image-preview":"max-image-preview:large","max-video-preview":"max-video-preview:-1"},"canonical":"https:\/\/www.technic-toys.com\/hr\/proizvod\/dark-rampage-desert-buggy-4wd-112-rtr-2\/","og_locale":"hr_HR","og_type":"article","og_title":"Dark Rampage Desert Buggy 4WD 1:12 RTR - TECHNIC TOYS SHOP","og_description":"sa aluminijumskim ku\u0107i\u0161tem","og_url":"https:\/\/www.technic-toys.com\/hr\/proizvod\/dark-rampage-desert-buggy-4wd-112-rtr-2\/","og_site_name":"TECHNIC TOYS SHOP","article_modified_time":"2022-08-01T10:44:53+00:00","og_image":[{"width":2560,"height":1468,"url":"https:\/\/www.technic-toys.com\/wp-content\/uploads\/2022\/01\/22539.jpg","type":"image\/jpeg"}],"twitter_card":"summary_large_image","twitter_misc":{"Procijenjeno vrijeme \u010ditanja":"2 minute"},"schema":{"@context":"https:\/\/schema.org","@graph":[{"@type":"WebPage","@id":"https:\/\/www.technic-toys.com\/hr\/proizvod\/dark-rampage-desert-buggy-4wd-112-rtr-2\/","url":"https:\/\/www.technic-toys.com\/hr\/proizvod\/dark-rampage-desert-buggy-4wd-112-rtr-2\/","name":"Dark Rampage Desert Buggy 4WD 1:12 RTR - TECHNIC TOYS SHOP","isPartOf":{"@id":"https:\/\/www.technic-toys.com\/en\/#website"},"datePublished":"2022-04-08T19:35:12+00:00","dateModified":"2022-08-01T10:44:53+00:00","breadcrumb":{"@id":"https:\/\/www.technic-toys.com\/hr\/proizvod\/dark-rampage-desert-buggy-4wd-112-rtr-2\/#breadcrumb"},"inLanguage":"hr","potentialAction":[{"@type":"ReadAction","target":["https:\/\/www.technic-toys.com\/hr\/proizvod\/dark-rampage-desert-buggy-4wd-112-rtr-2\/"]}]},{"@type":"BreadcrumbList","@id":"https:\/\/www.technic-toys.com\/hr\/proizvod\/dark-rampage-desert-buggy-4wd-112-rtr-2\/#breadcrumb","itemListElement":[{"@type":"ListItem","position":1,"name":"Domov","item":"https:\/\/www.technic-toys.com\/hr\/"},{"@type":"ListItem","position":2,"name":"Shop","item":"https:\/\/www.technic-toys.com\/hr\/shop-2\/"},{"@type":"ListItem","position":3,"name":"Dark Rampage Desert Buggy 4WD 1:12 RTR"}]},{"@type":"WebSite","@id":"https:\/\/www.technic-toys.com\/en\/#website","url":"https:\/\/www.technic-toys.com\/en\/","name":"TECHNIC TOYS SHOP","description":"","potentialAction":[{"@type":"SearchAction","target":{"@type":"EntryPoint","urlTemplate":"https:\/\/www.technic-toys.com\/en\/?s={search_term_string}"},"query-input":"required name=search_term_string"}],"inLanguage":"hr"}]}},"_links":{"self":[{"href":"https:\/\/www.technic-toys.com\/hr\/wp-json\/wp\/v2\/product\/19637"}],"collection":[{"href":"https:\/\/www.technic-toys.com\/hr\/wp-json\/wp\/v2\/product"}],"about":[{"href":"https:\/\/www.technic-toys.com\/hr\/wp-json\/wp\/v2\/types\/product"}],"wp:featuredmedia":[{"embeddable":true,"href":"https:\/\/www.technic-toys.com\/hr\/wp-json\/wp\/v2\/media\/10326"}],"wp:attachment":[{"href":"https:\/\/www.technic-toys.com\/hr\/wp-json\/wp\/v2\/media?parent=19637"}],"wp:term":[{"taxonomy":"product_cat","embeddable":true,"href":"https:\/\/www.technic-toys.com\/hr\/wp-json\/wp\/v2\/product_cat?post=19637"},{"taxonomy":"product_tag","embeddable":true,"href":"https:\/\/www.technic-toys.com\/hr\/wp-json\/wp\/v2\/product_tag?post=19637"}],"curies":[{"name":"wp","href":"https:\/\/api.w.org\/{rel}","templated":true}]}}