{"id":19645,"date":"2022-04-08T16:55:29","date_gmt":"2022-04-08T19:35:12","guid":{"rendered":"https:\/\/www.technic-toys.com\/izdelek\/amxracing-rxb7-buggy-17-4wd-rtr-crna\/"},"modified":"2022-08-01T12:43:44","modified_gmt":"2022-08-01T10:43:44","slug":"amxracing-rxb7-buggy-17-4wd-rtr-crna","status":"publish","type":"product","link":"https:\/\/www.technic-toys.com\/hr\/proizvod\/amxracing-rxb7-buggy-17-4wd-rtr-crna\/","title":{"rendered":"AMXRacing RXB7 Buggy 1:7 4WD RTR crna"},"content":{"rendered":"<p>Super scale dune buggy u mjerilu 1:7 s najfinijom opremom i maksimalnom brzinom do 130km\/h (opcionalno sa 8S LiPo). RXB7 kombinuje komponente vrlo visokog kvaliteta sa konceptom ekstremnog pogona i vrhunskom opremom kao \u0161to su 2x 3S LiPo baterije uklju\u010dene u obim isporuke, visokokvalitetan i precizan daljinski upravlja\u010d od 2,4 GHz, LiPo punja\u010d i mnogo bru\u0161enih aluminijumskih delova. Ru\u010dna ko\u010dnica koja se mo\u017ee kontrolisati preko oda\u0161ilja\u010da, koja omogu\u0107ava vozilu savr\u0161eno driftanje u krivinama na pra\u0161njavim stazama, samo je jedan vrhunac ovog grubog buggyja. Neobuzdana snaga 4282 motora bez \u010detkica sa specifi\u010dnom brzinom od 2000KV osjetljivo je kontrolirana preko 150A kontrolera i distribuira se preko \u010deli\u010dnih kardanskih vratila do diferencijala, a odatle preko \u010deli\u010dnih CVD pogonskih vratila na 4 kota\u010da (4WD). Sna\u017ean servo upravlja\u010d s metalnim zup\u010danicima i snagom pokretanja od 25 kg uvijek osigurava maksimalne performanse i vrlo direktan odziv upravljanja na bilo kojoj povr\u0161ini. Dva mosta amortizera, dr\u017ea\u010di poluge, ru\u010dice upravlja\u010da i C-glav\u010dine, kao i nosa\u010d \u0161asije su CNC glodani od visokokvalitetnog aluminijuma. Plo\u010da \u0161asije je izra\u0111ena od \u010dvrstog aluminija debljine 4 mm i osigurava savr\u0161enu krutost \u0161asije. <br \/>Glavni i diferencijalni zup\u010danici su napravljeni od \u010delika i garantuju dug radni vek. Svi dijelovi prijenosa su CNC glodani za najbolje mogu\u0107e pristajanje. <br \/>Da bi se sprije\u010dilo pregrijavanje, i motor i 150A kontroler bez \u010detkica opremljeni su ventilatorima koji sprje\u010davaju toplinu koja se stvara tokom vo\u017enje. Mehani\u010dka ko\u010dnica modela je kontrolisana sa 15 kg metalnim servo zup\u010danikom i to se mo\u017ee koristiti kao dodatak elektronskoj ko\u010dnici kontrolera kako bi se model doveo u savr\u0161en ugao zano\u0161enja. Uz potpuno podesivu \u0161asiju, masivni amortizeri pod pritiskom ulja osiguravaju vrlo dobar balans vozila i savr\u0161eno prianjanje specijalno razvijenih guma od 165 mm. Prelijepo tijelo modela od stabilnog polikarbonata je tako\u0111er opti\u010dki apsolutni vrhunac, \u0161to modelu daje vrlo agresivan i tipi\u010dan off-road izgled. RXB7 je opremljen LED sistemom rasvjete, koji se ne mo\u017ee uklju\u010diti i isklju\u010diti samo preko predajnika, ve\u0107 omogu\u0107ava i razli\u010dite na\u010dine osvjetljenja. Vrlo svijetla svjetlosna \u0161ipka na krovu kolica osigurava savr\u0161eno osvjetljenje rute.<\/p>\n<p>Karakteristike:<br \/>\u010cvrsta aluminijumska \u0161asija otporna na torziju od 4mm &#8211; za stabilno rukovanje<br \/>Amortizerski tornjevi sa prednje i zadnje strane CNC glodanog aluminijuma<br \/>Dvostruki nosa\u010d \u0161asije napravljen od aluminijuma<br \/>Pogonska osovina od visokokvalitetnog i kaljenog CVD \u010delika<br \/>Svi dijelovi prijenosa su CNC glodani od visokokvalitetnog \u010delika<br \/>Osovine i kormilarske ruke napravljene od bru\u0161enog aluminijuma<br \/ >Vozilo u potpunosti s kugli\u010dnim le\u017eajem<br \/>Prednji i zadnji ovjes se mogu lako i precizno podesiti i optimizirati za razli\u010dite povr\u0161ine.<br \/>Prijamna kutija za\u0161ti\u0107ena od vode <br \/>Gume sa savr\u0161enom smjesom gume za utrke i drift<br \/>Dr\u017ea\u010d pre\u010dke od bru\u0161enog aluminija za maksimalnu izdr\u017eljivost<br \/>Motor visokih performansi bez \u010detkica sa 2000KV i dvostrukim ventilatorom<br \/>Kontroler visokih performansi sa 150A i XT90 priklju\u010dak<br \/>2x 3S LiPo baterija sa 5000mAh i XT90 A Povezivanje<br \/>Servo za upravljanje i ru\u010dnu ko\u010dnicu sa metalnim zup\u010danicima<br \/>Visokokvalitetni 4-kanalni 2,4GHz daljinski upravlja\u010d sa maksimalnim dometom i osjetljivom kontrolom<br \/>Ru\u010dnom ko\u010dnicom se mo\u017ee upravljati preko predajnika za savr\u0161eno zano\u0161enje<br \/>Chrome- oblo\u017eeni kavez za tijelo<\/p>\n<p>Tehni\u010dki podaci:<br \/>Razmjer: 1:7<br \/>Du\u017eina: 680mm<br \/>\u0160irina: 380mm <br \/>Visina: 225mm<br \/>Te\u017eina: pribli\u017eno 6,2 kg <br \/> Me\u0111uosovinsko rastojanje: 419 mm<br \/>\u0160irina prednjeg traga: 330 mm<br \/>\u0160irina stra\u017enjeg traga: 320 mm<br \/>Razmak od tla: 55 mm<br \/>Prednji to\u010dkovi: vanjski pre\u010dnik\/\u0161irina 165 \/ 63mm<br \/>Stra\u017enji to\u010dkovi: spoljni pre\u010dnik\/ \u0161irina 165 \/ 63mm<br \/>Pre\u010dnik naplatka: 90mm<br \/>Zup\u010danik: \u010delik<br \/>Omer prenosa: 15:1<br \/>Prednji amortizer: 102mm<br \/>Zadnji amortizer: 102mm<br \/>Ko\u010dnica: elektronski i ko\u010dioni disk kontrolisan servo mjenja\u010dem od 15kg<br \/>Kontroler: 150A ESC sa XT90 vezom<br \/>Motor: 4282 motor bez \u010detkica sa 2000KV<br \/>Pogonski sistem : Metalna kardanska osovina<br \/>Servo upravlja\u010da: Standardni servo sa metalnim zup\u010danikom i aktuatorom od 25kg krma<br \/>Glavni materijal: metal<br \/>Dimenzije odjeljka za baterije: 140 x 45 x 50 mm<br \/>Baterija: 2x LiPo, 3S, 11.1V, 5000mAh 35C, meka kutija XT90 konektor Dx\u0160xV: 140&#215;4 mm br \/ >Vrijeme vo\u017enje: pribli\u017eno 10 &#8211; 15 min<br \/>Maksimalna brzina: do maks. 130km\/h (sa 2x 4S LiPo baterijama po izboru)<br \/>Daljinski upravlja\u010d: 4-kanalni 2,4GHz daljinski upravlja\u010d<br \/>Domet: maksimalno 400m <br \/>Punja\u010d: BX3 balans punja\u010d 220V<br \/>Vrijeme punjenja: pribli\u017eno 3 &#8211; 4 sata po bateriji<\/p>\n<p>Obim isporuke:<br \/>Model< br \/>Oda\u0161ilja\u010d<br \/>2x baterija 3S LiPo<br \/>Punja\u010d<br \/>Naljepnica<br \/>Upute DE\/EN<\/p>\n<p>Potreban pribor:<br \/>4x 1.5V Mignon AA baterije za predajnik<br \/>< br \/><\/p>\n","protected":false},"excerpt":{"rendered":"<p>Super scale dune buggy u mjerilu 1:7 s najfinijom opremom i maksimalnom brzinom do 130km\/h (opcionalno sa 8S LiPo). RXB7 kombinuje komponente vrlo visokog kvaliteta sa konceptom ekstremnog pogona i vrhunskom opremom kao \u0161to su 2x 3S LiPo baterije uklju\u010dene u obim isporuke, visokokvalitetan i precizan daljinski upravlja\u010d od 2,4 GHz, LiPo punja\u010d i mnogo [&hellip;]<\/p>\n","protected":false},"featured_media":10407,"template":"","meta":[],"product_cat":[514,515],"product_tag":[],"acf":[],"yoast_head":"<!-- This site is optimized with the Yoast SEO plugin v21.7 - https:\/\/yoast.com\/wordpress\/plugins\/seo\/ -->\n<title>AMXRacing RXB7 Buggy 1:7 4WD RTR crna - TECHNIC TOYS SHOP<\/title>\n<meta name=\"robots\" content=\"index, follow, max-snippet:-1, max-image-preview:large, max-video-preview:-1\" \/>\n<link rel=\"canonical\" href=\"https:\/\/www.technic-toys.com\/hr\/proizvod\/amxracing-rxb7-buggy-17-4wd-rtr-crna\/\" \/>\n<meta property=\"og:locale\" content=\"hr_HR\" \/>\n<meta property=\"og:type\" content=\"article\" \/>\n<meta property=\"og:title\" content=\"AMXRacing RXB7 Buggy 1:7 4WD RTR crna - TECHNIC TOYS SHOP\" \/>\n<meta property=\"og:description\" content=\"Super scale dune buggy u mjerilu 1:7 s najfinijom opremom i maksimalnom brzinom do 130km\/h (opcionalno sa 8S LiPo). RXB7 kombinuje komponente vrlo visokog kvaliteta sa konceptom ekstremnog pogona i vrhunskom opremom kao \u0161to su 2x 3S LiPo baterije uklju\u010dene u obim isporuke, visokokvalitetan i precizan daljinski upravlja\u010d od 2,4 GHz, LiPo punja\u010d i mnogo [&hellip;]\" \/>\n<meta property=\"og:url\" content=\"https:\/\/www.technic-toys.com\/hr\/proizvod\/amxracing-rxb7-buggy-17-4wd-rtr-crna\/\" \/>\n<meta property=\"og:site_name\" content=\"TECHNIC TOYS SHOP\" \/>\n<meta property=\"article:modified_time\" content=\"2022-08-01T10:43:44+00:00\" \/>\n<meta property=\"og:image\" content=\"https:\/\/www.technic-toys.com\/wp-content\/uploads\/2022\/01\/22553.jpg\" \/>\n\t<meta property=\"og:image:width\" content=\"2560\" \/>\n\t<meta property=\"og:image:height\" content=\"1468\" \/>\n\t<meta property=\"og:image:type\" content=\"image\/jpeg\" \/>\n<meta name=\"twitter:card\" content=\"summary_large_image\" \/>\n<meta name=\"twitter:label1\" content=\"Procijenjeno vrijeme \u010ditanja\" \/>\n\t<meta name=\"twitter:data1\" content=\"4 minute\" \/>\n<script type=\"application\/ld+json\" class=\"yoast-schema-graph\">{\"@context\":\"https:\/\/schema.org\",\"@graph\":[{\"@type\":\"WebPage\",\"@id\":\"https:\/\/www.technic-toys.com\/hr\/proizvod\/amxracing-rxb7-buggy-17-4wd-rtr-crna\/\",\"url\":\"https:\/\/www.technic-toys.com\/hr\/proizvod\/amxracing-rxb7-buggy-17-4wd-rtr-crna\/\",\"name\":\"AMXRacing RXB7 Buggy 1:7 4WD RTR crna - TECHNIC TOYS SHOP\",\"isPartOf\":{\"@id\":\"https:\/\/www.technic-toys.com\/en\/#website\"},\"datePublished\":\"2022-04-08T19:35:12+00:00\",\"dateModified\":\"2022-08-01T10:43:44+00:00\",\"breadcrumb\":{\"@id\":\"https:\/\/www.technic-toys.com\/hr\/proizvod\/amxracing-rxb7-buggy-17-4wd-rtr-crna\/#breadcrumb\"},\"inLanguage\":\"hr\",\"potentialAction\":[{\"@type\":\"ReadAction\",\"target\":[\"https:\/\/www.technic-toys.com\/hr\/proizvod\/amxracing-rxb7-buggy-17-4wd-rtr-crna\/\"]}]},{\"@type\":\"BreadcrumbList\",\"@id\":\"https:\/\/www.technic-toys.com\/hr\/proizvod\/amxracing-rxb7-buggy-17-4wd-rtr-crna\/#breadcrumb\",\"itemListElement\":[{\"@type\":\"ListItem\",\"position\":1,\"name\":\"Domov\",\"item\":\"https:\/\/www.technic-toys.com\/hr\/\"},{\"@type\":\"ListItem\",\"position\":2,\"name\":\"Shop\",\"item\":\"https:\/\/www.technic-toys.com\/hr\/shop-2\/\"},{\"@type\":\"ListItem\",\"position\":3,\"name\":\"AMXRacing RXB7 Buggy 1:7 4WD RTR crna\"}]},{\"@type\":\"WebSite\",\"@id\":\"https:\/\/www.technic-toys.com\/en\/#website\",\"url\":\"https:\/\/www.technic-toys.com\/en\/\",\"name\":\"TECHNIC TOYS SHOP\",\"description\":\"\",\"potentialAction\":[{\"@type\":\"SearchAction\",\"target\":{\"@type\":\"EntryPoint\",\"urlTemplate\":\"https:\/\/www.technic-toys.com\/en\/?s={search_term_string}\"},\"query-input\":\"required name=search_term_string\"}],\"inLanguage\":\"hr\"}]}<\/script>\n<!-- \/ Yoast SEO plugin. -->","yoast_head_json":{"title":"AMXRacing RXB7 Buggy 1:7 4WD RTR crna - TECHNIC TOYS SHOP","robots":{"index":"index","follow":"follow","max-snippet":"max-snippet:-1","max-image-preview":"max-image-preview:large","max-video-preview":"max-video-preview:-1"},"canonical":"https:\/\/www.technic-toys.com\/hr\/proizvod\/amxracing-rxb7-buggy-17-4wd-rtr-crna\/","og_locale":"hr_HR","og_type":"article","og_title":"AMXRacing RXB7 Buggy 1:7 4WD RTR crna - TECHNIC TOYS SHOP","og_description":"Super scale dune buggy u mjerilu 1:7 s najfinijom opremom i maksimalnom brzinom do 130km\/h (opcionalno sa 8S LiPo). RXB7 kombinuje komponente vrlo visokog kvaliteta sa konceptom ekstremnog pogona i vrhunskom opremom kao \u0161to su 2x 3S LiPo baterije uklju\u010dene u obim isporuke, visokokvalitetan i precizan daljinski upravlja\u010d od 2,4 GHz, LiPo punja\u010d i mnogo [&hellip;]","og_url":"https:\/\/www.technic-toys.com\/hr\/proizvod\/amxracing-rxb7-buggy-17-4wd-rtr-crna\/","og_site_name":"TECHNIC TOYS SHOP","article_modified_time":"2022-08-01T10:43:44+00:00","og_image":[{"width":2560,"height":1468,"url":"https:\/\/www.technic-toys.com\/wp-content\/uploads\/2022\/01\/22553.jpg","type":"image\/jpeg"}],"twitter_card":"summary_large_image","twitter_misc":{"Procijenjeno vrijeme \u010ditanja":"4 minute"},"schema":{"@context":"https:\/\/schema.org","@graph":[{"@type":"WebPage","@id":"https:\/\/www.technic-toys.com\/hr\/proizvod\/amxracing-rxb7-buggy-17-4wd-rtr-crna\/","url":"https:\/\/www.technic-toys.com\/hr\/proizvod\/amxracing-rxb7-buggy-17-4wd-rtr-crna\/","name":"AMXRacing RXB7 Buggy 1:7 4WD RTR crna - TECHNIC TOYS SHOP","isPartOf":{"@id":"https:\/\/www.technic-toys.com\/en\/#website"},"datePublished":"2022-04-08T19:35:12+00:00","dateModified":"2022-08-01T10:43:44+00:00","breadcrumb":{"@id":"https:\/\/www.technic-toys.com\/hr\/proizvod\/amxracing-rxb7-buggy-17-4wd-rtr-crna\/#breadcrumb"},"inLanguage":"hr","potentialAction":[{"@type":"ReadAction","target":["https:\/\/www.technic-toys.com\/hr\/proizvod\/amxracing-rxb7-buggy-17-4wd-rtr-crna\/"]}]},{"@type":"BreadcrumbList","@id":"https:\/\/www.technic-toys.com\/hr\/proizvod\/amxracing-rxb7-buggy-17-4wd-rtr-crna\/#breadcrumb","itemListElement":[{"@type":"ListItem","position":1,"name":"Domov","item":"https:\/\/www.technic-toys.com\/hr\/"},{"@type":"ListItem","position":2,"name":"Shop","item":"https:\/\/www.technic-toys.com\/hr\/shop-2\/"},{"@type":"ListItem","position":3,"name":"AMXRacing RXB7 Buggy 1:7 4WD RTR crna"}]},{"@type":"WebSite","@id":"https:\/\/www.technic-toys.com\/en\/#website","url":"https:\/\/www.technic-toys.com\/en\/","name":"TECHNIC TOYS SHOP","description":"","potentialAction":[{"@type":"SearchAction","target":{"@type":"EntryPoint","urlTemplate":"https:\/\/www.technic-toys.com\/en\/?s={search_term_string}"},"query-input":"required name=search_term_string"}],"inLanguage":"hr"}]}},"_links":{"self":[{"href":"https:\/\/www.technic-toys.com\/hr\/wp-json\/wp\/v2\/product\/19645"}],"collection":[{"href":"https:\/\/www.technic-toys.com\/hr\/wp-json\/wp\/v2\/product"}],"about":[{"href":"https:\/\/www.technic-toys.com\/hr\/wp-json\/wp\/v2\/types\/product"}],"wp:featuredmedia":[{"embeddable":true,"href":"https:\/\/www.technic-toys.com\/hr\/wp-json\/wp\/v2\/media\/10407"}],"wp:attachment":[{"href":"https:\/\/www.technic-toys.com\/hr\/wp-json\/wp\/v2\/media?parent=19645"}],"wp:term":[{"taxonomy":"product_cat","embeddable":true,"href":"https:\/\/www.technic-toys.com\/hr\/wp-json\/wp\/v2\/product_cat?post=19645"},{"taxonomy":"product_tag","embeddable":true,"href":"https:\/\/www.technic-toys.com\/hr\/wp-json\/wp\/v2\/product_tag?post=19645"}],"curies":[{"name":"wp","href":"https:\/\/api.w.org\/{rel}","templated":true}]}}