{"id":19649,"date":"2022-04-08T16:55:29","date_gmt":"2022-04-08T19:35:29","guid":{"rendered":"https:\/\/www.technic-toys.com\/izdelek\/tiger-i-116-advanced-line-i-ir-bb\/"},"modified":"2022-08-01T12:43:45","modified_gmt":"2022-08-01T10:43:45","slug":"tiger-i-116-advanced-line-i-ir-bb","status":"publish","type":"product","link":"https:\/\/www.technic-toys.com\/hr\/proizvod\/tiger-i-116-advanced-line-i-ir-bb\/","title":{"rendered":"Tiger I 1:16 Advanced Line I IR\/BB"},"content":{"rendered":"<p>Te\u0161ki Panzerkampfwagen VI, poznat i kao Tiger I, proizvodila je kompanija Henschel od 1942. do 1944., a koristio ga je Wehrmacht od kasnog ljeta 1942. godine. Zbog svog mo\u0107nog glavnog oru\u017eja i visokog nivoa oklopne za\u0161tite, Tigar je bio jedan od najmo\u0107nijih tenkova u Drugom svjetskom ratu i strahovali su ga svi protivnici.<\/p>\n<p>AMEWI izdanje je istinito- o\u017eivljena replika u mjerilu 1:16. Ovo je RTR (Ready-to-Run) verzija u najnovijoj verziji (Electronics TK 7.0) i opremljena je inkapsuliranim metalnim zup\u010danikom i metalnim zakretnim polugama za kota\u010de. Spremnik tako\u0111er ima funkciju dima i zvuka. Isporuka se odvija u visokokvalitetnoj \u0161tampanoj kutiji sa odgovaraju\u0107om jezgrom od stiropora. Svaki spremnik se testira na funkcionalnost i kompletnost prije isporuke. Kontrolna lista je uklju\u010dena. U obim isporuke je uklju\u010den i infracrveni borbeni modul, koji omogu\u0107ava uzbudljive duele sa drugim modelima AMEWI Standard, Advanced ili Pro linije. U slu\u010daju direktnog pogotka infracrvenom pu\u0161komitraljezom, pogo\u0111eni tenk se \u201etrese\u201c i time ukazuje na pogodak. Spremnikom se mo\u017ee osjetljivo upravljati, a model impresionira originalnim zvukovima i mnogim funkcijama. Pored infracrvenog borbenog modula, Tigar ima i 6mm BB sistem ga\u0111anja preko glavnog topa (topa). Sve funkcije se mogu kontrolisati potpuno proporcionalno. Pet razli\u010ditih zvukova mo\u017ee se podesiti putem predajnika.<\/p>\n<p>Funkcije:<br \/>\nNaprijed\/nazad<br \/>\nlijevo\/desno<br \/>\nToranj gore\/dolje<br \/>\nRotacija tornja<br \/>\nFunkcija snimanja<br \/>\nDim i zvuk<br \/>\nInfracrveni modul za paljenje<br \/>\nRasvjeta<\/p>\n<p>Istaknuto:<br \/>\nDetaljan model: visok stepen razmjera zahvaljuju\u0107i mnogim dodacima i dodacima<br \/>\nInkapsulirani metalni zup\u010danik: Za savr\u0161en prijenos snage sa sna\u017enih motora na lance<br \/>\nMetalne klackalice na valjcima: Osigurajte ve\u0107u stabilnost i izdr\u017eljivost pogona<\/p>\n<p>Ostale karakteristike:<br \/>\nVelika Li-Ion baterija za du\u017ee vrijeme vo\u017enje i konstantne performanse<br \/>\nOdgovaraju\u0107i Li-Ion \/ Li-Po punja\u010d 220V uklju\u010den<br \/>\nUklju\u010deno dimno ulje i 6mm BB projektili<br \/>\nModerni kontrolni sistem od 2,4GHz sa mnoge dodatne funkcije<br \/>\nNajnovija elektronika (TK7.0)<\/p>\n<p>Tehni\u010dki podaci:<br \/>\nRazmjer: 1:16<br \/>\nDu\u017eina sa topom: 520mm<br \/>\nDu\u017eina bez topa : 390mm<br \/>\n\u0160irina: 230mm&lt; br \/&gt;Visina: 190mm<br \/>\nTe\u017eina: 2547g bez baterije<br \/>\nVrijeme vo\u017enje: pribli\u017eno 20 min<br \/>\nVrijeme punjenja: pribli\u017eno 3h<br \/>\nDim i zvuk (zvuk se mo\u017ee mijenjati)<br \/>\nInkapsulirani metalni mjenja\u010d<br \/>\nMetalne ruke\/zakretne ruke za kota\u010de<br \/>\nInfracrveni borbeni modul<br \/>\nFunkcija dima: kori\u0161tenje dimnog ulja (obratite pa\u017enju na koli\u010dinu punjenja!)<br \/>\nBaterija: Li-Ion 2S 7.4V 1800mAh, 93g, 68x37x22mm, Tamiya utika\u010d<br \/>\nPunja\u010d 2S LiPo \/ Li-Ion Balanser punja\u010da sa 850mAh<br \/>\nKontrola: 2.4GHz<br \/>\nElektronika: TK 7.0<\/p>\n<p>Obim isporuke:<br \/>\nModel, spreman za sklapanje<br \/>\nDaljinski upravlja\u010d<br \/>\nBaterija&lt; br \/&gt;Punja\u010d<br \/>\nRazli\u010diti dodaci<br \/>\nKorisni\u010dki priru\u010dnik DE\/EN<\/p>\n<p>Potreban pribor:<br \/>\n6x 1.5V Mignon AA baterije za daljinski upravlja\u010d<\/p>\n","protected":false},"excerpt":{"rendered":"<p>Sa dimom i zvukom, metalnim zup\u010danicima<\/p>\n","protected":false},"featured_media":15476,"template":"","meta":[],"product_cat":[514,421],"product_tag":[],"acf":[],"yoast_head":"<!-- This site is optimized with the Yoast SEO plugin v21.7 - https:\/\/yoast.com\/wordpress\/plugins\/seo\/ -->\n<title>Tiger I 1:16 Advanced Line I IR\/BB - TECHNIC TOYS SHOP<\/title>\n<meta name=\"robots\" content=\"index, follow, max-snippet:-1, max-image-preview:large, max-video-preview:-1\" \/>\n<link rel=\"canonical\" href=\"https:\/\/www.technic-toys.com\/hr\/proizvod\/tiger-i-116-advanced-line-i-ir-bb\/\" \/>\n<meta property=\"og:locale\" content=\"hr_HR\" \/>\n<meta property=\"og:type\" content=\"article\" \/>\n<meta property=\"og:title\" content=\"Tiger I 1:16 Advanced Line I IR\/BB - TECHNIC TOYS SHOP\" \/>\n<meta property=\"og:description\" content=\"Sa dimom i zvukom, metalnim zup\u010danicima\" \/>\n<meta property=\"og:url\" content=\"https:\/\/www.technic-toys.com\/hr\/proizvod\/tiger-i-116-advanced-line-i-ir-bb\/\" \/>\n<meta property=\"og:site_name\" content=\"TECHNIC TOYS SHOP\" \/>\n<meta property=\"article:modified_time\" content=\"2022-08-01T10:43:45+00:00\" \/>\n<meta property=\"og:image\" content=\"https:\/\/www.technic-toys.com\/wp-content\/uploads\/2022\/04\/230040fFoQlMx4hXFp.jpg\" \/>\n\t<meta property=\"og:image:width\" content=\"2560\" \/>\n\t<meta property=\"og:image:height\" content=\"1468\" \/>\n\t<meta property=\"og:image:type\" content=\"image\/jpeg\" \/>\n<meta name=\"twitter:card\" content=\"summary_large_image\" \/>\n<meta name=\"twitter:label1\" content=\"Procijenjeno vrijeme \u010ditanja\" \/>\n\t<meta name=\"twitter:data1\" content=\"2 minute\" \/>\n<script type=\"application\/ld+json\" class=\"yoast-schema-graph\">{\"@context\":\"https:\/\/schema.org\",\"@graph\":[{\"@type\":\"WebPage\",\"@id\":\"https:\/\/www.technic-toys.com\/hr\/proizvod\/tiger-i-116-advanced-line-i-ir-bb\/\",\"url\":\"https:\/\/www.technic-toys.com\/hr\/proizvod\/tiger-i-116-advanced-line-i-ir-bb\/\",\"name\":\"Tiger I 1:16 Advanced Line I IR\/BB - TECHNIC TOYS SHOP\",\"isPartOf\":{\"@id\":\"https:\/\/www.technic-toys.com\/en\/#website\"},\"datePublished\":\"2022-04-08T19:35:29+00:00\",\"dateModified\":\"2022-08-01T10:43:45+00:00\",\"breadcrumb\":{\"@id\":\"https:\/\/www.technic-toys.com\/hr\/proizvod\/tiger-i-116-advanced-line-i-ir-bb\/#breadcrumb\"},\"inLanguage\":\"hr\",\"potentialAction\":[{\"@type\":\"ReadAction\",\"target\":[\"https:\/\/www.technic-toys.com\/hr\/proizvod\/tiger-i-116-advanced-line-i-ir-bb\/\"]}]},{\"@type\":\"BreadcrumbList\",\"@id\":\"https:\/\/www.technic-toys.com\/hr\/proizvod\/tiger-i-116-advanced-line-i-ir-bb\/#breadcrumb\",\"itemListElement\":[{\"@type\":\"ListItem\",\"position\":1,\"name\":\"Domov\",\"item\":\"https:\/\/www.technic-toys.com\/hr\/\"},{\"@type\":\"ListItem\",\"position\":2,\"name\":\"Shop\",\"item\":\"https:\/\/www.technic-toys.com\/hr\/shop-2\/\"},{\"@type\":\"ListItem\",\"position\":3,\"name\":\"Tiger I 1:16 Advanced Line I IR\/BB\"}]},{\"@type\":\"WebSite\",\"@id\":\"https:\/\/www.technic-toys.com\/en\/#website\",\"url\":\"https:\/\/www.technic-toys.com\/en\/\",\"name\":\"TECHNIC TOYS SHOP\",\"description\":\"\",\"potentialAction\":[{\"@type\":\"SearchAction\",\"target\":{\"@type\":\"EntryPoint\",\"urlTemplate\":\"https:\/\/www.technic-toys.com\/en\/?s={search_term_string}\"},\"query-input\":\"required name=search_term_string\"}],\"inLanguage\":\"hr\"}]}<\/script>\n<!-- \/ Yoast SEO plugin. -->","yoast_head_json":{"title":"Tiger I 1:16 Advanced Line I IR\/BB - TECHNIC TOYS SHOP","robots":{"index":"index","follow":"follow","max-snippet":"max-snippet:-1","max-image-preview":"max-image-preview:large","max-video-preview":"max-video-preview:-1"},"canonical":"https:\/\/www.technic-toys.com\/hr\/proizvod\/tiger-i-116-advanced-line-i-ir-bb\/","og_locale":"hr_HR","og_type":"article","og_title":"Tiger I 1:16 Advanced Line I IR\/BB - TECHNIC TOYS SHOP","og_description":"Sa dimom i zvukom, metalnim zup\u010danicima","og_url":"https:\/\/www.technic-toys.com\/hr\/proizvod\/tiger-i-116-advanced-line-i-ir-bb\/","og_site_name":"TECHNIC TOYS SHOP","article_modified_time":"2022-08-01T10:43:45+00:00","og_image":[{"width":2560,"height":1468,"url":"https:\/\/www.technic-toys.com\/wp-content\/uploads\/2022\/04\/230040fFoQlMx4hXFp.jpg","type":"image\/jpeg"}],"twitter_card":"summary_large_image","twitter_misc":{"Procijenjeno vrijeme \u010ditanja":"2 minute"},"schema":{"@context":"https:\/\/schema.org","@graph":[{"@type":"WebPage","@id":"https:\/\/www.technic-toys.com\/hr\/proizvod\/tiger-i-116-advanced-line-i-ir-bb\/","url":"https:\/\/www.technic-toys.com\/hr\/proizvod\/tiger-i-116-advanced-line-i-ir-bb\/","name":"Tiger I 1:16 Advanced Line I IR\/BB - TECHNIC TOYS SHOP","isPartOf":{"@id":"https:\/\/www.technic-toys.com\/en\/#website"},"datePublished":"2022-04-08T19:35:29+00:00","dateModified":"2022-08-01T10:43:45+00:00","breadcrumb":{"@id":"https:\/\/www.technic-toys.com\/hr\/proizvod\/tiger-i-116-advanced-line-i-ir-bb\/#breadcrumb"},"inLanguage":"hr","potentialAction":[{"@type":"ReadAction","target":["https:\/\/www.technic-toys.com\/hr\/proizvod\/tiger-i-116-advanced-line-i-ir-bb\/"]}]},{"@type":"BreadcrumbList","@id":"https:\/\/www.technic-toys.com\/hr\/proizvod\/tiger-i-116-advanced-line-i-ir-bb\/#breadcrumb","itemListElement":[{"@type":"ListItem","position":1,"name":"Domov","item":"https:\/\/www.technic-toys.com\/hr\/"},{"@type":"ListItem","position":2,"name":"Shop","item":"https:\/\/www.technic-toys.com\/hr\/shop-2\/"},{"@type":"ListItem","position":3,"name":"Tiger I 1:16 Advanced Line I IR\/BB"}]},{"@type":"WebSite","@id":"https:\/\/www.technic-toys.com\/en\/#website","url":"https:\/\/www.technic-toys.com\/en\/","name":"TECHNIC TOYS SHOP","description":"","potentialAction":[{"@type":"SearchAction","target":{"@type":"EntryPoint","urlTemplate":"https:\/\/www.technic-toys.com\/en\/?s={search_term_string}"},"query-input":"required name=search_term_string"}],"inLanguage":"hr"}]}},"_links":{"self":[{"href":"https:\/\/www.technic-toys.com\/hr\/wp-json\/wp\/v2\/product\/19649"}],"collection":[{"href":"https:\/\/www.technic-toys.com\/hr\/wp-json\/wp\/v2\/product"}],"about":[{"href":"https:\/\/www.technic-toys.com\/hr\/wp-json\/wp\/v2\/types\/product"}],"wp:featuredmedia":[{"embeddable":true,"href":"https:\/\/www.technic-toys.com\/hr\/wp-json\/wp\/v2\/media\/15476"}],"wp:attachment":[{"href":"https:\/\/www.technic-toys.com\/hr\/wp-json\/wp\/v2\/media?parent=19649"}],"wp:term":[{"taxonomy":"product_cat","embeddable":true,"href":"https:\/\/www.technic-toys.com\/hr\/wp-json\/wp\/v2\/product_cat?post=19649"},{"taxonomy":"product_tag","embeddable":true,"href":"https:\/\/www.technic-toys.com\/hr\/wp-json\/wp\/v2\/product_tag?post=19649"}],"curies":[{"name":"wp","href":"https:\/\/api.w.org\/{rel}","templated":true}]}}