{"id":19655,"date":"2022-04-08T16:55:29","date_gmt":"2022-04-08T19:35:29","guid":{"rendered":"https:\/\/www.technic-toys.com\/izdelek\/tiger-i-116-professional-line-iii-bb-up\/"},"modified":"2022-08-01T12:43:46","modified_gmt":"2022-08-01T10:43:46","slug":"tiger-i-116-professional-line-iii-bb-up","status":"publish","type":"product","link":"https:\/\/www.technic-toys.com\/hr\/proizvod\/tiger-i-116-professional-line-iii-bb-up\/","title":{"rendered":"Tiger I 1:16 Professional Line III BB\/UP"},"content":{"rendered":"<p>Te\u0161ki Panzerkampfwagen VI &#8220;Tiger I&#8221; proizvodila je kompanija Henschel od 1942. do 1944., a koristio ga je Wehrmacht od kasnog ljeta 1942. &#038;nbsp. Zbog svog sna\u017enog glavnog oru\u017eja i visoke oklopne za\u0161tite, Tigar je bio jedan od najmo\u0107nijih tenkova u Drugom svjetskom ratu i strahovali su ga svi protivnici.<\/p>\n<p>AMEWI izdanje je vjerno- \u017eivotna replika u razmeri 1:16. Ovo je RTR (Ready To Run) verzija. Sve komponente kao \u0161to su podvozje, kupola, valjci, cijev topa, lanci i poklopci itd. su na ovom modelu od metala. Osim toga, proizveden je i metalni glavni zup\u010danik uklju\u010duju\u0107i motore, optimiziran za veliku te\u017einu. Transmisija je vrlo fino prevedena, \u0161to zna\u010di da je cjelokupna slika vo\u017enje vrlo bliska originalu. <br \/>Nefarbani rezervoar se mo\u017ee dizajnirati i ofarbati po \u017eelji.<\/p>\n<p>Karakteristike:<br \/>Nezavisno ogibljenje to\u010dkova sa torizionom<br \/>Lithum 2600mah baterija<br \/>Sve metalne komponente< br \/ >Modul istinskog zvuka visokog kvaliteta<br \/>Razli\u010diti zvu\u010dni efekti za motor, top i mitraljez<br \/>Visokokvalitetni mesingani zup\u010danik<\/p>\n<p>Tehni\u010dki podaci:<br \/>Razmjer: 1:16 <br \/>Ukupna du\u017eina: 530mm <br \/>Du\u017eina bez topa: 400mm<br \/>\u0160irina: 230mm<br \/>Visina: 195mm<br \/>Te\u017eina: 6500g<br \/>Boja: neobojena<br \/>Valjci : metal<br \/>Gusenice: Metal<br \/>Donji trup: metal<br \/>Nosa\u010d kota\u010da: metal<br \/>Kulona: metal<br \/>Okretni prsten: 360\u00b0 okretni prsten<br \/>Zup\u010danik: Inkapsuliran metalni zup\u010danik<br \/>Dizajn: RTR, sastavljen spreman za vo\u017enju, neobojen<br \/>Daljinski upravlja\u010d: 6-kanalni 2,4 GHz<\/p>\n<p>Obim isporuke:<br \/>Model Tiger I Professional Line III <br \/>Daljinski upravlja\u010d<br \/>LiIon baterija<br \/>Punja\u010d< br \/>Korisni\u010dki priru\u010dnik DE\/EN<\/p>\n","protected":false},"excerpt":{"rendered":"<p>Cijeli metal, True Sound, nefarban<\/p>\n","protected":false},"featured_media":15590,"template":"","meta":[],"product_cat":[514,421],"product_tag":[],"acf":[],"yoast_head":"<!-- This site is optimized with the Yoast SEO plugin v21.7 - https:\/\/yoast.com\/wordpress\/plugins\/seo\/ -->\n<title>Tiger I 1:16 Professional Line III BB\/UP - TECHNIC TOYS SHOP<\/title>\n<meta name=\"robots\" content=\"index, follow, max-snippet:-1, max-image-preview:large, max-video-preview:-1\" \/>\n<link rel=\"canonical\" href=\"https:\/\/www.technic-toys.com\/hr\/proizvod\/tiger-i-116-professional-line-iii-bb-up\/\" \/>\n<meta property=\"og:locale\" content=\"hr_HR\" \/>\n<meta property=\"og:type\" content=\"article\" \/>\n<meta property=\"og:title\" content=\"Tiger I 1:16 Professional Line III BB\/UP - TECHNIC TOYS SHOP\" \/>\n<meta property=\"og:description\" content=\"Cijeli metal, True Sound, nefarban\" \/>\n<meta property=\"og:url\" content=\"https:\/\/www.technic-toys.com\/hr\/proizvod\/tiger-i-116-professional-line-iii-bb-up\/\" \/>\n<meta property=\"og:site_name\" content=\"TECHNIC TOYS SHOP\" \/>\n<meta property=\"article:modified_time\" content=\"2022-08-01T10:43:46+00:00\" \/>\n<meta property=\"og:image\" content=\"https:\/\/www.technic-toys.com\/wp-content\/uploads\/2022\/04\/23039.jpg\" \/>\n\t<meta property=\"og:image:width\" content=\"2560\" \/>\n\t<meta property=\"og:image:height\" content=\"1468\" \/>\n\t<meta property=\"og:image:type\" content=\"image\/jpeg\" \/>\n<meta name=\"twitter:card\" content=\"summary_large_image\" \/>\n<meta name=\"twitter:label1\" content=\"Procijenjeno vrijeme \u010ditanja\" \/>\n\t<meta name=\"twitter:data1\" content=\"1 minuta\" \/>\n<script type=\"application\/ld+json\" class=\"yoast-schema-graph\">{\"@context\":\"https:\/\/schema.org\",\"@graph\":[{\"@type\":\"WebPage\",\"@id\":\"https:\/\/www.technic-toys.com\/hr\/proizvod\/tiger-i-116-professional-line-iii-bb-up\/\",\"url\":\"https:\/\/www.technic-toys.com\/hr\/proizvod\/tiger-i-116-professional-line-iii-bb-up\/\",\"name\":\"Tiger I 1:16 Professional Line III BB\/UP - TECHNIC TOYS SHOP\",\"isPartOf\":{\"@id\":\"https:\/\/www.technic-toys.com\/en\/#website\"},\"datePublished\":\"2022-04-08T19:35:29+00:00\",\"dateModified\":\"2022-08-01T10:43:46+00:00\",\"breadcrumb\":{\"@id\":\"https:\/\/www.technic-toys.com\/hr\/proizvod\/tiger-i-116-professional-line-iii-bb-up\/#breadcrumb\"},\"inLanguage\":\"hr\",\"potentialAction\":[{\"@type\":\"ReadAction\",\"target\":[\"https:\/\/www.technic-toys.com\/hr\/proizvod\/tiger-i-116-professional-line-iii-bb-up\/\"]}]},{\"@type\":\"BreadcrumbList\",\"@id\":\"https:\/\/www.technic-toys.com\/hr\/proizvod\/tiger-i-116-professional-line-iii-bb-up\/#breadcrumb\",\"itemListElement\":[{\"@type\":\"ListItem\",\"position\":1,\"name\":\"Domov\",\"item\":\"https:\/\/www.technic-toys.com\/hr\/\"},{\"@type\":\"ListItem\",\"position\":2,\"name\":\"Shop\",\"item\":\"https:\/\/www.technic-toys.com\/hr\/shop-2\/\"},{\"@type\":\"ListItem\",\"position\":3,\"name\":\"Tiger I 1:16 Professional Line III BB\/UP\"}]},{\"@type\":\"WebSite\",\"@id\":\"https:\/\/www.technic-toys.com\/en\/#website\",\"url\":\"https:\/\/www.technic-toys.com\/en\/\",\"name\":\"TECHNIC TOYS SHOP\",\"description\":\"\",\"potentialAction\":[{\"@type\":\"SearchAction\",\"target\":{\"@type\":\"EntryPoint\",\"urlTemplate\":\"https:\/\/www.technic-toys.com\/en\/?s={search_term_string}\"},\"query-input\":\"required name=search_term_string\"}],\"inLanguage\":\"hr\"}]}<\/script>\n<!-- \/ Yoast SEO plugin. -->","yoast_head_json":{"title":"Tiger I 1:16 Professional Line III BB\/UP - TECHNIC TOYS SHOP","robots":{"index":"index","follow":"follow","max-snippet":"max-snippet:-1","max-image-preview":"max-image-preview:large","max-video-preview":"max-video-preview:-1"},"canonical":"https:\/\/www.technic-toys.com\/hr\/proizvod\/tiger-i-116-professional-line-iii-bb-up\/","og_locale":"hr_HR","og_type":"article","og_title":"Tiger I 1:16 Professional Line III BB\/UP - TECHNIC TOYS SHOP","og_description":"Cijeli metal, True Sound, nefarban","og_url":"https:\/\/www.technic-toys.com\/hr\/proizvod\/tiger-i-116-professional-line-iii-bb-up\/","og_site_name":"TECHNIC TOYS SHOP","article_modified_time":"2022-08-01T10:43:46+00:00","og_image":[{"width":2560,"height":1468,"url":"https:\/\/www.technic-toys.com\/wp-content\/uploads\/2022\/04\/23039.jpg","type":"image\/jpeg"}],"twitter_card":"summary_large_image","twitter_misc":{"Procijenjeno vrijeme \u010ditanja":"1 minuta"},"schema":{"@context":"https:\/\/schema.org","@graph":[{"@type":"WebPage","@id":"https:\/\/www.technic-toys.com\/hr\/proizvod\/tiger-i-116-professional-line-iii-bb-up\/","url":"https:\/\/www.technic-toys.com\/hr\/proizvod\/tiger-i-116-professional-line-iii-bb-up\/","name":"Tiger I 1:16 Professional Line III BB\/UP - TECHNIC TOYS SHOP","isPartOf":{"@id":"https:\/\/www.technic-toys.com\/en\/#website"},"datePublished":"2022-04-08T19:35:29+00:00","dateModified":"2022-08-01T10:43:46+00:00","breadcrumb":{"@id":"https:\/\/www.technic-toys.com\/hr\/proizvod\/tiger-i-116-professional-line-iii-bb-up\/#breadcrumb"},"inLanguage":"hr","potentialAction":[{"@type":"ReadAction","target":["https:\/\/www.technic-toys.com\/hr\/proizvod\/tiger-i-116-professional-line-iii-bb-up\/"]}]},{"@type":"BreadcrumbList","@id":"https:\/\/www.technic-toys.com\/hr\/proizvod\/tiger-i-116-professional-line-iii-bb-up\/#breadcrumb","itemListElement":[{"@type":"ListItem","position":1,"name":"Domov","item":"https:\/\/www.technic-toys.com\/hr\/"},{"@type":"ListItem","position":2,"name":"Shop","item":"https:\/\/www.technic-toys.com\/hr\/shop-2\/"},{"@type":"ListItem","position":3,"name":"Tiger I 1:16 Professional Line III BB\/UP"}]},{"@type":"WebSite","@id":"https:\/\/www.technic-toys.com\/en\/#website","url":"https:\/\/www.technic-toys.com\/en\/","name":"TECHNIC TOYS SHOP","description":"","potentialAction":[{"@type":"SearchAction","target":{"@type":"EntryPoint","urlTemplate":"https:\/\/www.technic-toys.com\/en\/?s={search_term_string}"},"query-input":"required name=search_term_string"}],"inLanguage":"hr"}]}},"_links":{"self":[{"href":"https:\/\/www.technic-toys.com\/hr\/wp-json\/wp\/v2\/product\/19655"}],"collection":[{"href":"https:\/\/www.technic-toys.com\/hr\/wp-json\/wp\/v2\/product"}],"about":[{"href":"https:\/\/www.technic-toys.com\/hr\/wp-json\/wp\/v2\/types\/product"}],"wp:featuredmedia":[{"embeddable":true,"href":"https:\/\/www.technic-toys.com\/hr\/wp-json\/wp\/v2\/media\/15590"}],"wp:attachment":[{"href":"https:\/\/www.technic-toys.com\/hr\/wp-json\/wp\/v2\/media?parent=19655"}],"wp:term":[{"taxonomy":"product_cat","embeddable":true,"href":"https:\/\/www.technic-toys.com\/hr\/wp-json\/wp\/v2\/product_cat?post=19655"},{"taxonomy":"product_tag","embeddable":true,"href":"https:\/\/www.technic-toys.com\/hr\/wp-json\/wp\/v2\/product_tag?post=19655"}],"curies":[{"name":"wp","href":"https:\/\/api.w.org\/{rel}","templated":true}]}}