{"id":19658,"date":"2022-04-08T16:55:29","date_gmt":"2022-04-08T19:35:29","guid":{"rendered":"https:\/\/www.technic-toys.com\/izdelek\/jagdpanther-g-116-advanced-line-bb\/"},"modified":"2022-08-01T12:43:46","modified_gmt":"2022-08-01T10:43:46","slug":"jagdpanther-g-116-advanced-line-bb","status":"publish","type":"product","link":"https:\/\/www.technic-toys.com\/hr\/proizvod\/jagdpanther-g-116-advanced-line-bb\/","title":{"rendered":"Jagdpanther G 1:16 Advanced Line BB"},"content":{"rendered":"<p>Jagdpanzer V &#8216;Jagdpanther&#8217;, koji su saveznici klasifikovali kao ubojica te\u0161kih tenkova, smatran je najboljim i najuspje\u0161nijim razara\u010dem tenkova u Drugom svjetskom ratu. Serijska proizvodnja po\u010dela je u januaru 1944., a Jagdpanther je prvi put kori\u0161ten u junu 1944. godine. Me\u0111utim, vi\u0161e se nije pojavljivao u dovoljnom broju na bojnom polju da bi i dalje bio odlu\u010duju\u0107i za rat. Bio je naoru\u017ean topom 8,8 cm L\/71 King Tiger i mitraljezom kalibra 7,92 mm. Tokom Ardenske ofanzive, Jagdpanteri su razbili veliki broj savezni\u010dkih tenkova. AMEWI Edition je verna originalna replika u razmeri 1:16. RTR &#8211; spreman za rad. Sa metalnim zup\u010danicima i metalnim lancima. Spremnik tako\u0111er ima funkciju dima i zvuka. Svaki spremnik se testira na funkcionalnost i kompletnost prije isporuke. Kontrolna lista je uklju\u010dena. Funkcije: naprijed\/nazad lijevo\/desno toranj gore\/dolje rotacija tornja funkcija pucnja dim &amp; zvuk<\/p>\n<p>Tehni\u010dki podaci: Obim isporuke: daljinski upravlja\u010d rezervoara 2,4 GHz baterija + punja\u010d municija naljepnice\/naljepnice s dimnom teku\u0107inom<br \/>\n&lt; br \/&gt;Va\u017ena napomena: Drvena kutija je bonus i ne daje vam pravo na reklamaciju u slu\u010daju bilo kakvog vanjskog o\u0161te\u0107enja prave drvene kutije.<\/p>\n","protected":false},"excerpt":{"rendered":"<p>Sa dimom i zvukom, metalnim zup\u010danicima i lancima<\/p>\n","protected":false},"featured_media":15665,"template":"","meta":[],"product_cat":[514,421],"product_tag":[],"acf":[],"yoast_head":"<!-- This site is optimized with the Yoast SEO plugin v21.7 - https:\/\/yoast.com\/wordpress\/plugins\/seo\/ -->\n<title>Jagdpanther G 1:16 Advanced Line BB - TECHNIC TOYS SHOP<\/title>\n<meta name=\"robots\" content=\"index, follow, max-snippet:-1, max-image-preview:large, max-video-preview:-1\" \/>\n<link rel=\"canonical\" href=\"https:\/\/www.technic-toys.com\/hr\/proizvod\/jagdpanther-g-116-advanced-line-bb\/\" \/>\n<meta property=\"og:locale\" content=\"hr_HR\" \/>\n<meta property=\"og:type\" content=\"article\" \/>\n<meta property=\"og:title\" content=\"Jagdpanther G 1:16 Advanced Line BB - TECHNIC TOYS SHOP\" \/>\n<meta property=\"og:description\" content=\"Sa dimom i zvukom, metalnim zup\u010danicima i lancima\" \/>\n<meta property=\"og:url\" content=\"https:\/\/www.technic-toys.com\/hr\/proizvod\/jagdpanther-g-116-advanced-line-bb\/\" \/>\n<meta property=\"og:site_name\" content=\"TECHNIC TOYS SHOP\" \/>\n<meta property=\"article:modified_time\" content=\"2022-08-01T10:43:46+00:00\" \/>\n<meta property=\"og:image\" content=\"https:\/\/www.technic-toys.com\/wp-content\/uploads\/2022\/04\/23049.jpg\" \/>\n\t<meta property=\"og:image:width\" content=\"2560\" \/>\n\t<meta property=\"og:image:height\" content=\"1468\" \/>\n\t<meta property=\"og:image:type\" content=\"image\/jpeg\" \/>\n<meta name=\"twitter:card\" content=\"summary_large_image\" \/>\n<meta name=\"twitter:label1\" content=\"Procijenjeno vrijeme \u010ditanja\" \/>\n\t<meta name=\"twitter:data1\" content=\"1 minuta\" \/>\n<script type=\"application\/ld+json\" class=\"yoast-schema-graph\">{\"@context\":\"https:\/\/schema.org\",\"@graph\":[{\"@type\":\"WebPage\",\"@id\":\"https:\/\/www.technic-toys.com\/hr\/proizvod\/jagdpanther-g-116-advanced-line-bb\/\",\"url\":\"https:\/\/www.technic-toys.com\/hr\/proizvod\/jagdpanther-g-116-advanced-line-bb\/\",\"name\":\"Jagdpanther G 1:16 Advanced Line BB - TECHNIC TOYS SHOP\",\"isPartOf\":{\"@id\":\"https:\/\/www.technic-toys.com\/en\/#website\"},\"datePublished\":\"2022-04-08T19:35:29+00:00\",\"dateModified\":\"2022-08-01T10:43:46+00:00\",\"breadcrumb\":{\"@id\":\"https:\/\/www.technic-toys.com\/hr\/proizvod\/jagdpanther-g-116-advanced-line-bb\/#breadcrumb\"},\"inLanguage\":\"hr\",\"potentialAction\":[{\"@type\":\"ReadAction\",\"target\":[\"https:\/\/www.technic-toys.com\/hr\/proizvod\/jagdpanther-g-116-advanced-line-bb\/\"]}]},{\"@type\":\"BreadcrumbList\",\"@id\":\"https:\/\/www.technic-toys.com\/hr\/proizvod\/jagdpanther-g-116-advanced-line-bb\/#breadcrumb\",\"itemListElement\":[{\"@type\":\"ListItem\",\"position\":1,\"name\":\"Domov\",\"item\":\"https:\/\/www.technic-toys.com\/hr\/\"},{\"@type\":\"ListItem\",\"position\":2,\"name\":\"Shop\",\"item\":\"https:\/\/www.technic-toys.com\/hr\/shop-2\/\"},{\"@type\":\"ListItem\",\"position\":3,\"name\":\"Jagdpanther G 1:16 Advanced Line BB\"}]},{\"@type\":\"WebSite\",\"@id\":\"https:\/\/www.technic-toys.com\/en\/#website\",\"url\":\"https:\/\/www.technic-toys.com\/en\/\",\"name\":\"TECHNIC TOYS SHOP\",\"description\":\"\",\"potentialAction\":[{\"@type\":\"SearchAction\",\"target\":{\"@type\":\"EntryPoint\",\"urlTemplate\":\"https:\/\/www.technic-toys.com\/en\/?s={search_term_string}\"},\"query-input\":\"required name=search_term_string\"}],\"inLanguage\":\"hr\"}]}<\/script>\n<!-- \/ Yoast SEO plugin. -->","yoast_head_json":{"title":"Jagdpanther G 1:16 Advanced Line BB - TECHNIC TOYS SHOP","robots":{"index":"index","follow":"follow","max-snippet":"max-snippet:-1","max-image-preview":"max-image-preview:large","max-video-preview":"max-video-preview:-1"},"canonical":"https:\/\/www.technic-toys.com\/hr\/proizvod\/jagdpanther-g-116-advanced-line-bb\/","og_locale":"hr_HR","og_type":"article","og_title":"Jagdpanther G 1:16 Advanced Line BB - TECHNIC TOYS SHOP","og_description":"Sa dimom i zvukom, metalnim zup\u010danicima i lancima","og_url":"https:\/\/www.technic-toys.com\/hr\/proizvod\/jagdpanther-g-116-advanced-line-bb\/","og_site_name":"TECHNIC TOYS SHOP","article_modified_time":"2022-08-01T10:43:46+00:00","og_image":[{"width":2560,"height":1468,"url":"https:\/\/www.technic-toys.com\/wp-content\/uploads\/2022\/04\/23049.jpg","type":"image\/jpeg"}],"twitter_card":"summary_large_image","twitter_misc":{"Procijenjeno vrijeme \u010ditanja":"1 minuta"},"schema":{"@context":"https:\/\/schema.org","@graph":[{"@type":"WebPage","@id":"https:\/\/www.technic-toys.com\/hr\/proizvod\/jagdpanther-g-116-advanced-line-bb\/","url":"https:\/\/www.technic-toys.com\/hr\/proizvod\/jagdpanther-g-116-advanced-line-bb\/","name":"Jagdpanther G 1:16 Advanced Line BB - TECHNIC TOYS SHOP","isPartOf":{"@id":"https:\/\/www.technic-toys.com\/en\/#website"},"datePublished":"2022-04-08T19:35:29+00:00","dateModified":"2022-08-01T10:43:46+00:00","breadcrumb":{"@id":"https:\/\/www.technic-toys.com\/hr\/proizvod\/jagdpanther-g-116-advanced-line-bb\/#breadcrumb"},"inLanguage":"hr","potentialAction":[{"@type":"ReadAction","target":["https:\/\/www.technic-toys.com\/hr\/proizvod\/jagdpanther-g-116-advanced-line-bb\/"]}]},{"@type":"BreadcrumbList","@id":"https:\/\/www.technic-toys.com\/hr\/proizvod\/jagdpanther-g-116-advanced-line-bb\/#breadcrumb","itemListElement":[{"@type":"ListItem","position":1,"name":"Domov","item":"https:\/\/www.technic-toys.com\/hr\/"},{"@type":"ListItem","position":2,"name":"Shop","item":"https:\/\/www.technic-toys.com\/hr\/shop-2\/"},{"@type":"ListItem","position":3,"name":"Jagdpanther G 1:16 Advanced Line BB"}]},{"@type":"WebSite","@id":"https:\/\/www.technic-toys.com\/en\/#website","url":"https:\/\/www.technic-toys.com\/en\/","name":"TECHNIC TOYS SHOP","description":"","potentialAction":[{"@type":"SearchAction","target":{"@type":"EntryPoint","urlTemplate":"https:\/\/www.technic-toys.com\/en\/?s={search_term_string}"},"query-input":"required name=search_term_string"}],"inLanguage":"hr"}]}},"_links":{"self":[{"href":"https:\/\/www.technic-toys.com\/hr\/wp-json\/wp\/v2\/product\/19658"}],"collection":[{"href":"https:\/\/www.technic-toys.com\/hr\/wp-json\/wp\/v2\/product"}],"about":[{"href":"https:\/\/www.technic-toys.com\/hr\/wp-json\/wp\/v2\/types\/product"}],"wp:featuredmedia":[{"embeddable":true,"href":"https:\/\/www.technic-toys.com\/hr\/wp-json\/wp\/v2\/media\/15665"}],"wp:attachment":[{"href":"https:\/\/www.technic-toys.com\/hr\/wp-json\/wp\/v2\/media?parent=19658"}],"wp:term":[{"taxonomy":"product_cat","embeddable":true,"href":"https:\/\/www.technic-toys.com\/hr\/wp-json\/wp\/v2\/product_cat?post=19658"},{"taxonomy":"product_tag","embeddable":true,"href":"https:\/\/www.technic-toys.com\/hr\/wp-json\/wp\/v2\/product_tag?post=19658"}],"curies":[{"name":"wp","href":"https:\/\/api.w.org\/{rel}","templated":true}]}}