{"id":19660,"date":"2022-04-08T16:59:29","date_gmt":"2022-04-08T19:35:29","guid":{"rendered":"https:\/\/www.technic-toys.com\/izdelek\/usm4a3-sherman-116-professional-line-ir-bb\/"},"modified":"2022-08-01T12:43:38","modified_gmt":"2022-08-01T10:43:38","slug":"usm4a3-sherman-116-professional-line-ir-bb","status":"publish","type":"product","link":"https:\/\/www.technic-toys.com\/hr\/proizvod\/usm4a3-sherman-116-professional-line-ir-bb\/","title":{"rendered":"USM4A3 Sherman 1:16 Professional Line IR\/BB"},"content":{"rendered":"<p>M4A3 Sherman je bio srednji tenk koji su koristile ameri\u010dke oru\u017eane snage. Tokom Drugog svjetskog rata, bio je jedan od najprodavanijih primjeraka ameri\u010dkih oklopnih snaga. Verzija M4A3 sa Ford V8 motorom i topom kalibra 76,2 mm tako\u0111er je kori\u0161tena u Korejskom ratu (1950. &#8211; 1953.). Amewi Edition je prava replika u mjerilu 1:16, isporu\u010dena kao RTR verzija u kutiji od punog pravog drveta u reprezentativnom stilu kutije za municiju prirodne boje. Spremnik ima funkciju dima i zvuka, kao i sistem rasvjete za jo\u0161 uvjerljivije svjetove iskustva. Funkcija ga\u0111anja se izvodi pomo\u0107u d\u017eojstika i dugmeta koji se mo\u017ee koristiti za ispaljivanje 6mm BB projektila od tvrde plastike na udaljenosti do 15 metara. Osim toga, model ima infracrveni borbeni modul, koji omogu\u0107ava duele sa drugim tenkovima iz ovog Amewi izdanja. U slu\u010daju direktnog neprijateljskog pogotka, pogo\u0111eni tenk se jednom vidno &#8216;potrese&#8217;. Top se mo\u017ee pomicati gore i dolje, sve funkcije upravljanja su proporcionalne i stoga se mogu kontrolirati osjetljivo. Model pokre\u0107u dva sna\u017ena motora, koji svoju snagu prenose na metalne pogonske to\u010dkove i metalne lance preko vi\u0161estepenog metalnog menja\u010da. Ovaj vjerni model sa svojom maslinasto zelenom livrejom nije ni na koji na\u010din inferioran od pravog tenka. Cijeli obim isporuke odgovara najnovijoj tehnologiji (elektronika TK 7.0). Od sada isporu\u010dujemo sve modele sa modernom Li-Ion baterijom od 1800mAh i 7.4V XT60. U kompletu je i odgovaraju\u0107i punja\u010d. Funkcionalnost modela je provjerena prije pakiranja i uklju\u010den je dnevnik funkcija. Isporuka se odvija u jezgri od stiropora koji se precizno uklapa (napomena: drvena kutija je bonus i ne daje vam pravo na reklamacije u slu\u010daju bilo kakvog vanjskog o\u0161te\u0107enja kutije od pravog drveta tokom transporta).<br \/>Istici: Super izgled &#8211; veoma detaljan izgled kao privla\u010dan za oko Najnovija elektronika TK 7.0 &#8211; sve komponente su vrhunsko zadovoljstvo u vo\u017enji metala &#8211; metalni lanci, metalni zup\u010danici, metalni pogonski to\u010dkovi <br \/>Dodatne karakteristike: 2,4 GHz kontrolni sistem Dva mo\u0107na elektromotori Vi\u0161estepeni metalni zup\u010danici za savr\u0161en prijenos snage na metalne pogonske kota\u010de i metalne lance Sna\u017ena 7.4V Li-Ion pogonska baterija sa 1800mAh i XT60 priklju\u010dkom 220V punja\u010d sa izlazom od 850mAh i balans priklju\u010dkom<br \/>Tehni\u010dki podaci: Razmjer: 1 :16 Du\u017eina: 365mm \u0160irina: 165mm Visina: 175mm Te\u017eina: 2568g Boja: zelena Produ\u017eni to\u010dkovi: metal Lanci: metal Donja kadica: Plastika Okretni prsten: 360\u00b0 okretni prsten Zup\u010danik: Metal Elektronika: TK 7.0 Pretinac za baterije:4&#215;2 dimenzija 5&#215;2 dimenzija mm Baterija: Li-Ion, 2S 7.4V 1800mAh 25C XT60, 130x42x20mm, 93g Daljinski upravlja\u010d: 2.4GHz Punja\u010d: 2S Li-Ion \/ LiPo 220V 850mAh Izlaz: <br \/>Panzer Daljinski upravlja\u010d isporuka 18.4.4V. mAh Li-Ion utika\u010d punja\u010d 850 mAh izlazna municija 6 mm BB dimna teku\u0107ina Naljepnica Prilozi Slika Upute za upotrebu DE\/EN<br \/>Potreban pribor: 6x AA baterije za daljinski upravlja\u010d<\/p>\n","protected":false},"excerpt":{"rendered":"<p>Sa dimom i zvukom, metalnim lancima, to\u010dkovima i zup\u010danicima<\/p>\n","protected":false},"featured_media":15712,"template":"","meta":[],"product_cat":[514,421],"product_tag":[],"acf":[],"yoast_head":"<!-- This site is optimized with the Yoast SEO plugin v21.7 - https:\/\/yoast.com\/wordpress\/plugins\/seo\/ -->\n<title>USM4A3 Sherman 1:16 Professional Line IR\/BB - TECHNIC TOYS SHOP<\/title>\n<meta name=\"robots\" content=\"index, follow, max-snippet:-1, max-image-preview:large, max-video-preview:-1\" \/>\n<link rel=\"canonical\" href=\"https:\/\/www.technic-toys.com\/hr\/proizvod\/usm4a3-sherman-116-professional-line-ir-bb\/\" \/>\n<meta property=\"og:locale\" content=\"hr_HR\" \/>\n<meta property=\"og:type\" content=\"article\" \/>\n<meta property=\"og:title\" content=\"USM4A3 Sherman 1:16 Professional Line IR\/BB - TECHNIC TOYS SHOP\" \/>\n<meta property=\"og:description\" content=\"Sa dimom i zvukom, metalnim lancima, to\u010dkovima i zup\u010danicima\" \/>\n<meta property=\"og:url\" content=\"https:\/\/www.technic-toys.com\/hr\/proizvod\/usm4a3-sherman-116-professional-line-ir-bb\/\" \/>\n<meta property=\"og:site_name\" content=\"TECHNIC TOYS SHOP\" \/>\n<meta property=\"article:modified_time\" content=\"2022-08-01T10:43:38+00:00\" \/>\n<meta property=\"og:image\" content=\"https:\/\/www.technic-toys.com\/wp-content\/uploads\/2022\/04\/23055knja9Sqq5BJAv.jpg\" \/>\n\t<meta property=\"og:image:width\" content=\"2560\" \/>\n\t<meta property=\"og:image:height\" content=\"1468\" \/>\n\t<meta property=\"og:image:type\" content=\"image\/jpeg\" \/>\n<meta name=\"twitter:card\" content=\"summary_large_image\" \/>\n<meta name=\"twitter:label1\" content=\"Procijenjeno vrijeme \u010ditanja\" \/>\n\t<meta name=\"twitter:data1\" content=\"2 minute\" \/>\n<script type=\"application\/ld+json\" class=\"yoast-schema-graph\">{\"@context\":\"https:\/\/schema.org\",\"@graph\":[{\"@type\":\"WebPage\",\"@id\":\"https:\/\/www.technic-toys.com\/hr\/proizvod\/usm4a3-sherman-116-professional-line-ir-bb\/\",\"url\":\"https:\/\/www.technic-toys.com\/hr\/proizvod\/usm4a3-sherman-116-professional-line-ir-bb\/\",\"name\":\"USM4A3 Sherman 1:16 Professional Line IR\/BB - TECHNIC TOYS SHOP\",\"isPartOf\":{\"@id\":\"https:\/\/www.technic-toys.com\/en\/#website\"},\"datePublished\":\"2022-04-08T19:35:29+00:00\",\"dateModified\":\"2022-08-01T10:43:38+00:00\",\"breadcrumb\":{\"@id\":\"https:\/\/www.technic-toys.com\/hr\/proizvod\/usm4a3-sherman-116-professional-line-ir-bb\/#breadcrumb\"},\"inLanguage\":\"hr\",\"potentialAction\":[{\"@type\":\"ReadAction\",\"target\":[\"https:\/\/www.technic-toys.com\/hr\/proizvod\/usm4a3-sherman-116-professional-line-ir-bb\/\"]}]},{\"@type\":\"BreadcrumbList\",\"@id\":\"https:\/\/www.technic-toys.com\/hr\/proizvod\/usm4a3-sherman-116-professional-line-ir-bb\/#breadcrumb\",\"itemListElement\":[{\"@type\":\"ListItem\",\"position\":1,\"name\":\"Domov\",\"item\":\"https:\/\/www.technic-toys.com\/hr\/\"},{\"@type\":\"ListItem\",\"position\":2,\"name\":\"Shop\",\"item\":\"https:\/\/www.technic-toys.com\/hr\/shop-2\/\"},{\"@type\":\"ListItem\",\"position\":3,\"name\":\"USM4A3 Sherman 1:16 Professional Line IR\/BB\"}]},{\"@type\":\"WebSite\",\"@id\":\"https:\/\/www.technic-toys.com\/en\/#website\",\"url\":\"https:\/\/www.technic-toys.com\/en\/\",\"name\":\"TECHNIC TOYS SHOP\",\"description\":\"\",\"potentialAction\":[{\"@type\":\"SearchAction\",\"target\":{\"@type\":\"EntryPoint\",\"urlTemplate\":\"https:\/\/www.technic-toys.com\/en\/?s={search_term_string}\"},\"query-input\":\"required name=search_term_string\"}],\"inLanguage\":\"hr\"}]}<\/script>\n<!-- \/ Yoast SEO plugin. -->","yoast_head_json":{"title":"USM4A3 Sherman 1:16 Professional Line IR\/BB - TECHNIC TOYS SHOP","robots":{"index":"index","follow":"follow","max-snippet":"max-snippet:-1","max-image-preview":"max-image-preview:large","max-video-preview":"max-video-preview:-1"},"canonical":"https:\/\/www.technic-toys.com\/hr\/proizvod\/usm4a3-sherman-116-professional-line-ir-bb\/","og_locale":"hr_HR","og_type":"article","og_title":"USM4A3 Sherman 1:16 Professional Line IR\/BB - TECHNIC TOYS SHOP","og_description":"Sa dimom i zvukom, metalnim lancima, to\u010dkovima i zup\u010danicima","og_url":"https:\/\/www.technic-toys.com\/hr\/proizvod\/usm4a3-sherman-116-professional-line-ir-bb\/","og_site_name":"TECHNIC TOYS SHOP","article_modified_time":"2022-08-01T10:43:38+00:00","og_image":[{"width":2560,"height":1468,"url":"https:\/\/www.technic-toys.com\/wp-content\/uploads\/2022\/04\/23055knja9Sqq5BJAv.jpg","type":"image\/jpeg"}],"twitter_card":"summary_large_image","twitter_misc":{"Procijenjeno vrijeme \u010ditanja":"2 minute"},"schema":{"@context":"https:\/\/schema.org","@graph":[{"@type":"WebPage","@id":"https:\/\/www.technic-toys.com\/hr\/proizvod\/usm4a3-sherman-116-professional-line-ir-bb\/","url":"https:\/\/www.technic-toys.com\/hr\/proizvod\/usm4a3-sherman-116-professional-line-ir-bb\/","name":"USM4A3 Sherman 1:16 Professional Line IR\/BB - TECHNIC TOYS SHOP","isPartOf":{"@id":"https:\/\/www.technic-toys.com\/en\/#website"},"datePublished":"2022-04-08T19:35:29+00:00","dateModified":"2022-08-01T10:43:38+00:00","breadcrumb":{"@id":"https:\/\/www.technic-toys.com\/hr\/proizvod\/usm4a3-sherman-116-professional-line-ir-bb\/#breadcrumb"},"inLanguage":"hr","potentialAction":[{"@type":"ReadAction","target":["https:\/\/www.technic-toys.com\/hr\/proizvod\/usm4a3-sherman-116-professional-line-ir-bb\/"]}]},{"@type":"BreadcrumbList","@id":"https:\/\/www.technic-toys.com\/hr\/proizvod\/usm4a3-sherman-116-professional-line-ir-bb\/#breadcrumb","itemListElement":[{"@type":"ListItem","position":1,"name":"Domov","item":"https:\/\/www.technic-toys.com\/hr\/"},{"@type":"ListItem","position":2,"name":"Shop","item":"https:\/\/www.technic-toys.com\/hr\/shop-2\/"},{"@type":"ListItem","position":3,"name":"USM4A3 Sherman 1:16 Professional Line IR\/BB"}]},{"@type":"WebSite","@id":"https:\/\/www.technic-toys.com\/en\/#website","url":"https:\/\/www.technic-toys.com\/en\/","name":"TECHNIC TOYS SHOP","description":"","potentialAction":[{"@type":"SearchAction","target":{"@type":"EntryPoint","urlTemplate":"https:\/\/www.technic-toys.com\/en\/?s={search_term_string}"},"query-input":"required name=search_term_string"}],"inLanguage":"hr"}]}},"_links":{"self":[{"href":"https:\/\/www.technic-toys.com\/hr\/wp-json\/wp\/v2\/product\/19660"}],"collection":[{"href":"https:\/\/www.technic-toys.com\/hr\/wp-json\/wp\/v2\/product"}],"about":[{"href":"https:\/\/www.technic-toys.com\/hr\/wp-json\/wp\/v2\/types\/product"}],"wp:featuredmedia":[{"embeddable":true,"href":"https:\/\/www.technic-toys.com\/hr\/wp-json\/wp\/v2\/media\/15712"}],"wp:attachment":[{"href":"https:\/\/www.technic-toys.com\/hr\/wp-json\/wp\/v2\/media?parent=19660"}],"wp:term":[{"taxonomy":"product_cat","embeddable":true,"href":"https:\/\/www.technic-toys.com\/hr\/wp-json\/wp\/v2\/product_cat?post=19660"},{"taxonomy":"product_tag","embeddable":true,"href":"https:\/\/www.technic-toys.com\/hr\/wp-json\/wp\/v2\/product_tag?post=19660"}],"curies":[{"name":"wp","href":"https:\/\/api.w.org\/{rel}","templated":true}]}}