{"id":19663,"date":"2022-04-08T16:59:29","date_gmt":"2022-04-08T19:35:29","guid":{"rendered":"https:\/\/www.technic-toys.com\/izdelek\/us-m26-pershing-116-standardna-linija-ir-bb\/"},"modified":"2022-08-01T12:43:39","modified_gmt":"2022-08-01T10:43:39","slug":"us-m26-pershing-116-standardna-linija-ir-bb","status":"publish","type":"product","link":"https:\/\/www.technic-toys.com\/hr\/proizvod\/us-m26-pershing-116-standardna-linija-ir-bb\/","title":{"rendered":"US M26 Pershing 1:16 Standardna linija IR\/BB"},"content":{"rendered":"<p>M26 Pershing se prvi put pojavio u februaru 1945. Zahvaljuju\u0107i svom topu od 90 mm, M26 je tako\u0111e mogao da se bori protiv nema\u010dkih tenkova Tiger, \u0161to mu je donelo nadimak Tiger-Tamer (ukrotitelj tigrova). M26 je postao posebno poznat kroz bitku kod Kelna, kada je jedan Pershing uspio nokautirati 10 Tigrova i Pantera za samo 2 dana. Tenk, nazvan po generalu Johnu J. Pershingu, kasnije je vrlo uspje\u0161no kori\u0161ten u Korejskom ratu od 1950. do 1953. godine. AMEWI Edition je verna originalna replika u razmeri 1:16. RTR &#8211; spreman za rad. Spremnik tako\u0111er ima funkciju dima i zvuka. Svaki spremnik se testira na funkcionalnost i kompletnost prije isporuke. Kontrolna lista je uklju\u010dena. Funkcije: naprijed\/nazad lijevo\/desno kupola gore\/dolje Rotacija kupole Funkcija snimanja dim i zvuk Sadr\u017eaj paketa: 1x rezervoar 1x daljinski upravlja\u010d 2,4GHz 1x baterija + punja\u010d 1x municija<\/p>\n<p>Napomena: Drvena kutija je bonus i ne daje pravo na reklamacije u slu\u010daju bilo kakvog vanjskog o\u0161te\u0107enja na kutiji od pravog drveta 1x naljepnica za dimnu teku\u0107inu<\/p>\n","protected":false},"excerpt":{"rendered":"<p>Dim i zvuk<\/p>\n","protected":false},"featured_media":15772,"template":"","meta":[],"product_cat":[514,421],"product_tag":[],"acf":[],"yoast_head":"<!-- This site is optimized with the Yoast SEO plugin v21.7 - https:\/\/yoast.com\/wordpress\/plugins\/seo\/ -->\n<title>US M26 Pershing 1:16 Standardna linija IR\/BB - TECHNIC TOYS SHOP<\/title>\n<meta name=\"robots\" content=\"index, follow, max-snippet:-1, max-image-preview:large, max-video-preview:-1\" \/>\n<link rel=\"canonical\" href=\"https:\/\/www.technic-toys.com\/hr\/proizvod\/us-m26-pershing-116-standardna-linija-ir-bb\/\" \/>\n<meta property=\"og:locale\" content=\"hr_HR\" \/>\n<meta property=\"og:type\" content=\"article\" \/>\n<meta property=\"og:title\" content=\"US M26 Pershing 1:16 Standardna linija IR\/BB - TECHNIC TOYS SHOP\" \/>\n<meta property=\"og:description\" content=\"Dim i zvuk\" \/>\n<meta property=\"og:url\" content=\"https:\/\/www.technic-toys.com\/hr\/proizvod\/us-m26-pershing-116-standardna-linija-ir-bb\/\" \/>\n<meta property=\"og:site_name\" content=\"TECHNIC TOYS SHOP\" \/>\n<meta property=\"article:modified_time\" content=\"2022-08-01T10:43:39+00:00\" \/>\n<meta property=\"og:image\" content=\"https:\/\/www.technic-toys.com\/wp-content\/uploads\/2022\/04\/23061.jpg\" \/>\n\t<meta property=\"og:image:width\" content=\"2560\" \/>\n\t<meta property=\"og:image:height\" content=\"1468\" \/>\n\t<meta property=\"og:image:type\" content=\"image\/jpeg\" \/>\n<meta name=\"twitter:card\" content=\"summary_large_image\" \/>\n<meta name=\"twitter:label1\" content=\"Procijenjeno vrijeme \u010ditanja\" \/>\n\t<meta name=\"twitter:data1\" content=\"1 minuta\" \/>\n<script type=\"application\/ld+json\" class=\"yoast-schema-graph\">{\"@context\":\"https:\/\/schema.org\",\"@graph\":[{\"@type\":\"WebPage\",\"@id\":\"https:\/\/www.technic-toys.com\/hr\/proizvod\/us-m26-pershing-116-standardna-linija-ir-bb\/\",\"url\":\"https:\/\/www.technic-toys.com\/hr\/proizvod\/us-m26-pershing-116-standardna-linija-ir-bb\/\",\"name\":\"US M26 Pershing 1:16 Standardna linija IR\/BB - TECHNIC TOYS SHOP\",\"isPartOf\":{\"@id\":\"https:\/\/www.technic-toys.com\/en\/#website\"},\"datePublished\":\"2022-04-08T19:35:29+00:00\",\"dateModified\":\"2022-08-01T10:43:39+00:00\",\"breadcrumb\":{\"@id\":\"https:\/\/www.technic-toys.com\/hr\/proizvod\/us-m26-pershing-116-standardna-linija-ir-bb\/#breadcrumb\"},\"inLanguage\":\"hr\",\"potentialAction\":[{\"@type\":\"ReadAction\",\"target\":[\"https:\/\/www.technic-toys.com\/hr\/proizvod\/us-m26-pershing-116-standardna-linija-ir-bb\/\"]}]},{\"@type\":\"BreadcrumbList\",\"@id\":\"https:\/\/www.technic-toys.com\/hr\/proizvod\/us-m26-pershing-116-standardna-linija-ir-bb\/#breadcrumb\",\"itemListElement\":[{\"@type\":\"ListItem\",\"position\":1,\"name\":\"Domov\",\"item\":\"https:\/\/www.technic-toys.com\/hr\/\"},{\"@type\":\"ListItem\",\"position\":2,\"name\":\"Shop\",\"item\":\"https:\/\/www.technic-toys.com\/hr\/shop-2\/\"},{\"@type\":\"ListItem\",\"position\":3,\"name\":\"US M26 Pershing 1:16 Standardna linija IR\/BB\"}]},{\"@type\":\"WebSite\",\"@id\":\"https:\/\/www.technic-toys.com\/en\/#website\",\"url\":\"https:\/\/www.technic-toys.com\/en\/\",\"name\":\"TECHNIC TOYS SHOP\",\"description\":\"\",\"potentialAction\":[{\"@type\":\"SearchAction\",\"target\":{\"@type\":\"EntryPoint\",\"urlTemplate\":\"https:\/\/www.technic-toys.com\/en\/?s={search_term_string}\"},\"query-input\":\"required name=search_term_string\"}],\"inLanguage\":\"hr\"}]}<\/script>\n<!-- \/ Yoast SEO plugin. -->","yoast_head_json":{"title":"US M26 Pershing 1:16 Standardna linija IR\/BB - TECHNIC TOYS SHOP","robots":{"index":"index","follow":"follow","max-snippet":"max-snippet:-1","max-image-preview":"max-image-preview:large","max-video-preview":"max-video-preview:-1"},"canonical":"https:\/\/www.technic-toys.com\/hr\/proizvod\/us-m26-pershing-116-standardna-linija-ir-bb\/","og_locale":"hr_HR","og_type":"article","og_title":"US M26 Pershing 1:16 Standardna linija IR\/BB - TECHNIC TOYS SHOP","og_description":"Dim i zvuk","og_url":"https:\/\/www.technic-toys.com\/hr\/proizvod\/us-m26-pershing-116-standardna-linija-ir-bb\/","og_site_name":"TECHNIC TOYS SHOP","article_modified_time":"2022-08-01T10:43:39+00:00","og_image":[{"width":2560,"height":1468,"url":"https:\/\/www.technic-toys.com\/wp-content\/uploads\/2022\/04\/23061.jpg","type":"image\/jpeg"}],"twitter_card":"summary_large_image","twitter_misc":{"Procijenjeno vrijeme \u010ditanja":"1 minuta"},"schema":{"@context":"https:\/\/schema.org","@graph":[{"@type":"WebPage","@id":"https:\/\/www.technic-toys.com\/hr\/proizvod\/us-m26-pershing-116-standardna-linija-ir-bb\/","url":"https:\/\/www.technic-toys.com\/hr\/proizvod\/us-m26-pershing-116-standardna-linija-ir-bb\/","name":"US M26 Pershing 1:16 Standardna linija IR\/BB - TECHNIC TOYS SHOP","isPartOf":{"@id":"https:\/\/www.technic-toys.com\/en\/#website"},"datePublished":"2022-04-08T19:35:29+00:00","dateModified":"2022-08-01T10:43:39+00:00","breadcrumb":{"@id":"https:\/\/www.technic-toys.com\/hr\/proizvod\/us-m26-pershing-116-standardna-linija-ir-bb\/#breadcrumb"},"inLanguage":"hr","potentialAction":[{"@type":"ReadAction","target":["https:\/\/www.technic-toys.com\/hr\/proizvod\/us-m26-pershing-116-standardna-linija-ir-bb\/"]}]},{"@type":"BreadcrumbList","@id":"https:\/\/www.technic-toys.com\/hr\/proizvod\/us-m26-pershing-116-standardna-linija-ir-bb\/#breadcrumb","itemListElement":[{"@type":"ListItem","position":1,"name":"Domov","item":"https:\/\/www.technic-toys.com\/hr\/"},{"@type":"ListItem","position":2,"name":"Shop","item":"https:\/\/www.technic-toys.com\/hr\/shop-2\/"},{"@type":"ListItem","position":3,"name":"US M26 Pershing 1:16 Standardna linija IR\/BB"}]},{"@type":"WebSite","@id":"https:\/\/www.technic-toys.com\/en\/#website","url":"https:\/\/www.technic-toys.com\/en\/","name":"TECHNIC TOYS SHOP","description":"","potentialAction":[{"@type":"SearchAction","target":{"@type":"EntryPoint","urlTemplate":"https:\/\/www.technic-toys.com\/en\/?s={search_term_string}"},"query-input":"required name=search_term_string"}],"inLanguage":"hr"}]}},"_links":{"self":[{"href":"https:\/\/www.technic-toys.com\/hr\/wp-json\/wp\/v2\/product\/19663"}],"collection":[{"href":"https:\/\/www.technic-toys.com\/hr\/wp-json\/wp\/v2\/product"}],"about":[{"href":"https:\/\/www.technic-toys.com\/hr\/wp-json\/wp\/v2\/types\/product"}],"wp:featuredmedia":[{"embeddable":true,"href":"https:\/\/www.technic-toys.com\/hr\/wp-json\/wp\/v2\/media\/15772"}],"wp:attachment":[{"href":"https:\/\/www.technic-toys.com\/hr\/wp-json\/wp\/v2\/media?parent=19663"}],"wp:term":[{"taxonomy":"product_cat","embeddable":true,"href":"https:\/\/www.technic-toys.com\/hr\/wp-json\/wp\/v2\/product_cat?post=19663"},{"taxonomy":"product_tag","embeddable":true,"href":"https:\/\/www.technic-toys.com\/hr\/wp-json\/wp\/v2\/product_tag?post=19663"}],"curies":[{"name":"wp","href":"https:\/\/api.w.org\/{rel}","templated":true}]}}