{"id":19667,"date":"2022-04-08T16:59:29","date_gmt":"2022-04-08T19:35:29","guid":{"rendered":"https:\/\/www.technic-toys.com\/izdelek\/stug-iii-116-standardna-linija-ir-bb\/"},"modified":"2022-08-01T12:43:40","modified_gmt":"2022-08-01T10:43:40","slug":"stug-iii-116-standardna-linija-ir-bb","status":"publish","type":"product","link":"https:\/\/www.technic-toys.com\/hr\/proizvod\/stug-iii-116-standardna-linija-ir-bb\/","title":{"rendered":"Stug III 1:16 Standardna linija IR\/BB"},"content":{"rendered":"<p>Sturmgesch\u00fctz III je prvobitno bio planiran za podr\u0161ku pje\u0161adiji u Drugom svjetskom ratu, ali se sve vi\u0161e koristio kao protutenkovsko vozilo. Imao je vrlo nisku siluetu, \u0161to je ote\u017eavalo neprijatelju da uo\u010di dobro kamuflirani StuG III ili da ga pogodi u borbi. <br \/>AMEWI izdanje u standardnoj liniji je vjerna replika u mjerilu 1:16 i isporu\u010duje se kao RTR &#8211; Ready-To-Run verzija. Sav pribor potreban za rad je uklju\u010den u obim isporuke (osim baterija za predajnik 6x AA 1.5V Mignon) Spremnik ima funkciju pucanja, dima i zvuka, \u0161to opet zna\u010dajno pove\u0107ava skalu. U trenutnoj verziji, IR borbeni modul je tako\u0111er dodatno opremljen za izvo\u0111enje uzbudljivih bitaka s drugim modelima iz na\u0161e Standard, Advanced ili Pro serije. Pogodak se zatim simulira protresanjem modela. Ugra\u0111eni MG tada slu\u017ei kao funkcija IR snimanja. Glavni top tako\u0111er ispaljuje 6mm BB metke do 15m. Visokokvalitetni, novoprevedeni i kapsulirani plasti\u010dni zup\u010danici savr\u0161eno raspodjeljuju snagu pogona (jedan motor po strani) na lance modela, a cjelokupna \u0161asija je optere\u0107ena oprugama i opremljena zakretnim krakovima, \u0161to optimizira upravljanje van ceste. Cijeli model se isporu\u010duje u visokokvalitetnoj kutiji od pravog drveta.<br \/>Karakteristike: Inkapsulirani mjenja\u010d (za\u0161ti\u0107en od kamenja i prljav\u0161tine) Sna\u017eni motori (za dobar pogon) Optika skale (veoma realisti\u010dan izgled) IR infracrveni borbeni modul (za uzbudljivo tenkovske bitke) Dim i zvuk (nekoliko zvukova se mo\u017ee odabrati preko predajnika) 6mm BB funkcija pucanja (tvrdi plasti\u010dni projektili do raspona od cca. 15m) 2.4GHz sistem sa najnovijom TK7.0 elektronikom<br \/>Tehni\u010dki podaci: Razmer: 1:16 Ukupna du\u017eina: 410mm du\u017eina bez topa: 340mm \u0161irina: 185mm Visina: 140mm Te\u017eina: 1640g Valjci: Plasti\u010dni lanci: Plastika Donji trup: Plasti\u010dni Toranj: Plasti\u010dni Okretni prsten: 360\u00b0 Zup\u010danik: Plasti\u010dni zup\u010danik: R Elektronski zup\u010danik TK 7.0 Vrijeme putovanja: cca 20 minuta Baterija: Li-Ion 2S 7.4V 1800mAh 25C, Tamiya konektor, 68x37x22mm 93g Daljinski upravlja\u010d: sto 2.4GHz Punja\u010d: LiPo\/Li-Ion 220V, punja\u010d 8x izlazna snaga: 8x punja\u010d sa 50m izlaznom snagom 3 sata Drvena kutija sa ru\u010dkama za no\u0161enje i zatvara\u010dima Oda\u0161ilja\u010d 2.4GHz Li-Ion baterija Punja\u010d dimno ulje (obratite pa\u017enju na koli\u010dinu punjenja u modelu) 6mm BB kuglice Razni dodaci Upute DE\/EN<br \/>Potreban pribor: 6x 1.5V AA Mignon baterije<\/p>\n","protected":false},"excerpt":{"rendered":"<p>Sa dimom i zvukom<\/p>\n","protected":false},"featured_media":15836,"template":"","meta":[],"product_cat":[514,421],"product_tag":[],"acf":[],"yoast_head":"<!-- This site is optimized with the Yoast SEO plugin v21.7 - https:\/\/yoast.com\/wordpress\/plugins\/seo\/ -->\n<title>Stug III 1:16 Standardna linija IR\/BB - TECHNIC TOYS SHOP<\/title>\n<meta name=\"robots\" content=\"index, follow, max-snippet:-1, max-image-preview:large, max-video-preview:-1\" \/>\n<link rel=\"canonical\" href=\"https:\/\/www.technic-toys.com\/hr\/proizvod\/stug-iii-116-standardna-linija-ir-bb\/\" \/>\n<meta property=\"og:locale\" content=\"hr_HR\" \/>\n<meta property=\"og:type\" content=\"article\" \/>\n<meta property=\"og:title\" content=\"Stug III 1:16 Standardna linija IR\/BB - TECHNIC TOYS SHOP\" \/>\n<meta property=\"og:description\" content=\"Sa dimom i zvukom\" \/>\n<meta property=\"og:url\" content=\"https:\/\/www.technic-toys.com\/hr\/proizvod\/stug-iii-116-standardna-linija-ir-bb\/\" \/>\n<meta property=\"og:site_name\" content=\"TECHNIC TOYS SHOP\" \/>\n<meta property=\"article:modified_time\" content=\"2022-08-01T10:43:40+00:00\" \/>\n<meta property=\"og:image\" content=\"https:\/\/www.technic-toys.com\/wp-content\/uploads\/2022\/04\/23067.jpg\" \/>\n\t<meta property=\"og:image:width\" content=\"2560\" \/>\n\t<meta property=\"og:image:height\" content=\"1468\" \/>\n\t<meta property=\"og:image:type\" content=\"image\/jpeg\" \/>\n<meta name=\"twitter:card\" content=\"summary_large_image\" \/>\n<meta name=\"twitter:label1\" content=\"Procijenjeno vrijeme \u010ditanja\" \/>\n\t<meta name=\"twitter:data1\" content=\"2 minute\" \/>\n<script type=\"application\/ld+json\" class=\"yoast-schema-graph\">{\"@context\":\"https:\/\/schema.org\",\"@graph\":[{\"@type\":\"WebPage\",\"@id\":\"https:\/\/www.technic-toys.com\/hr\/proizvod\/stug-iii-116-standardna-linija-ir-bb\/\",\"url\":\"https:\/\/www.technic-toys.com\/hr\/proizvod\/stug-iii-116-standardna-linija-ir-bb\/\",\"name\":\"Stug III 1:16 Standardna linija IR\/BB - TECHNIC TOYS SHOP\",\"isPartOf\":{\"@id\":\"https:\/\/www.technic-toys.com\/en\/#website\"},\"datePublished\":\"2022-04-08T19:35:29+00:00\",\"dateModified\":\"2022-08-01T10:43:40+00:00\",\"breadcrumb\":{\"@id\":\"https:\/\/www.technic-toys.com\/hr\/proizvod\/stug-iii-116-standardna-linija-ir-bb\/#breadcrumb\"},\"inLanguage\":\"hr\",\"potentialAction\":[{\"@type\":\"ReadAction\",\"target\":[\"https:\/\/www.technic-toys.com\/hr\/proizvod\/stug-iii-116-standardna-linija-ir-bb\/\"]}]},{\"@type\":\"BreadcrumbList\",\"@id\":\"https:\/\/www.technic-toys.com\/hr\/proizvod\/stug-iii-116-standardna-linija-ir-bb\/#breadcrumb\",\"itemListElement\":[{\"@type\":\"ListItem\",\"position\":1,\"name\":\"Domov\",\"item\":\"https:\/\/www.technic-toys.com\/hr\/\"},{\"@type\":\"ListItem\",\"position\":2,\"name\":\"Shop\",\"item\":\"https:\/\/www.technic-toys.com\/hr\/shop-2\/\"},{\"@type\":\"ListItem\",\"position\":3,\"name\":\"Stug III 1:16 Standardna linija IR\/BB\"}]},{\"@type\":\"WebSite\",\"@id\":\"https:\/\/www.technic-toys.com\/en\/#website\",\"url\":\"https:\/\/www.technic-toys.com\/en\/\",\"name\":\"TECHNIC TOYS SHOP\",\"description\":\"\",\"potentialAction\":[{\"@type\":\"SearchAction\",\"target\":{\"@type\":\"EntryPoint\",\"urlTemplate\":\"https:\/\/www.technic-toys.com\/en\/?s={search_term_string}\"},\"query-input\":\"required name=search_term_string\"}],\"inLanguage\":\"hr\"}]}<\/script>\n<!-- \/ Yoast SEO plugin. -->","yoast_head_json":{"title":"Stug III 1:16 Standardna linija IR\/BB - TECHNIC TOYS SHOP","robots":{"index":"index","follow":"follow","max-snippet":"max-snippet:-1","max-image-preview":"max-image-preview:large","max-video-preview":"max-video-preview:-1"},"canonical":"https:\/\/www.technic-toys.com\/hr\/proizvod\/stug-iii-116-standardna-linija-ir-bb\/","og_locale":"hr_HR","og_type":"article","og_title":"Stug III 1:16 Standardna linija IR\/BB - TECHNIC TOYS SHOP","og_description":"Sa dimom i zvukom","og_url":"https:\/\/www.technic-toys.com\/hr\/proizvod\/stug-iii-116-standardna-linija-ir-bb\/","og_site_name":"TECHNIC TOYS SHOP","article_modified_time":"2022-08-01T10:43:40+00:00","og_image":[{"width":2560,"height":1468,"url":"https:\/\/www.technic-toys.com\/wp-content\/uploads\/2022\/04\/23067.jpg","type":"image\/jpeg"}],"twitter_card":"summary_large_image","twitter_misc":{"Procijenjeno vrijeme \u010ditanja":"2 minute"},"schema":{"@context":"https:\/\/schema.org","@graph":[{"@type":"WebPage","@id":"https:\/\/www.technic-toys.com\/hr\/proizvod\/stug-iii-116-standardna-linija-ir-bb\/","url":"https:\/\/www.technic-toys.com\/hr\/proizvod\/stug-iii-116-standardna-linija-ir-bb\/","name":"Stug III 1:16 Standardna linija IR\/BB - TECHNIC TOYS SHOP","isPartOf":{"@id":"https:\/\/www.technic-toys.com\/en\/#website"},"datePublished":"2022-04-08T19:35:29+00:00","dateModified":"2022-08-01T10:43:40+00:00","breadcrumb":{"@id":"https:\/\/www.technic-toys.com\/hr\/proizvod\/stug-iii-116-standardna-linija-ir-bb\/#breadcrumb"},"inLanguage":"hr","potentialAction":[{"@type":"ReadAction","target":["https:\/\/www.technic-toys.com\/hr\/proizvod\/stug-iii-116-standardna-linija-ir-bb\/"]}]},{"@type":"BreadcrumbList","@id":"https:\/\/www.technic-toys.com\/hr\/proizvod\/stug-iii-116-standardna-linija-ir-bb\/#breadcrumb","itemListElement":[{"@type":"ListItem","position":1,"name":"Domov","item":"https:\/\/www.technic-toys.com\/hr\/"},{"@type":"ListItem","position":2,"name":"Shop","item":"https:\/\/www.technic-toys.com\/hr\/shop-2\/"},{"@type":"ListItem","position":3,"name":"Stug III 1:16 Standardna linija IR\/BB"}]},{"@type":"WebSite","@id":"https:\/\/www.technic-toys.com\/en\/#website","url":"https:\/\/www.technic-toys.com\/en\/","name":"TECHNIC TOYS SHOP","description":"","potentialAction":[{"@type":"SearchAction","target":{"@type":"EntryPoint","urlTemplate":"https:\/\/www.technic-toys.com\/en\/?s={search_term_string}"},"query-input":"required name=search_term_string"}],"inLanguage":"hr"}]}},"_links":{"self":[{"href":"https:\/\/www.technic-toys.com\/hr\/wp-json\/wp\/v2\/product\/19667"}],"collection":[{"href":"https:\/\/www.technic-toys.com\/hr\/wp-json\/wp\/v2\/product"}],"about":[{"href":"https:\/\/www.technic-toys.com\/hr\/wp-json\/wp\/v2\/types\/product"}],"wp:featuredmedia":[{"embeddable":true,"href":"https:\/\/www.technic-toys.com\/hr\/wp-json\/wp\/v2\/media\/15836"}],"wp:attachment":[{"href":"https:\/\/www.technic-toys.com\/hr\/wp-json\/wp\/v2\/media?parent=19667"}],"wp:term":[{"taxonomy":"product_cat","embeddable":true,"href":"https:\/\/www.technic-toys.com\/hr\/wp-json\/wp\/v2\/product_cat?post=19667"},{"taxonomy":"product_tag","embeddable":true,"href":"https:\/\/www.technic-toys.com\/hr\/wp-json\/wp\/v2\/product_tag?post=19667"}],"curies":[{"name":"wp","href":"https:\/\/api.w.org\/{rel}","templated":true}]}}