{"id":19669,"date":"2022-04-08T16:59:29","date_gmt":"2022-04-08T19:35:44","guid":{"rendered":"https:\/\/www.technic-toys.com\/izdelek\/panzer-panther-g-116-standard-line-ir-bb\/"},"modified":"2022-08-01T12:43:40","modified_gmt":"2022-08-01T10:43:40","slug":"panzer-panther-g-116-standard-line-ir-bb","status":"publish","type":"product","link":"https:\/\/www.technic-toys.com\/hr\/proizvod\/panzer-panther-g-116-standard-line-ir-bb\/","title":{"rendered":"Panzer Panther G 1:16 Standard Line IR\/BB"},"content":{"rendered":"<p>Panzerkampfwagen V &#8220;Panther&#8221; je bio srednji borbeni tenk njema\u010dkog Wehrmachta. Ukupno 2.953 G verzije proizvedeno je izme\u0111u marta 1944. i aprila 1945. godine. Panter se odlikovao veoma mo\u0107nom pu\u0161kom, velikom brzinom paljbe, dobrom pokretljivo\u0161\u0107u i jakim prednjim oklopom. Kada je u pitanju ovjes i amortizacija, Panther se smatra pionirom kasnijih modela nakon Drugog svjetskog rata.<br \/>Amewi Edition je vjerna originalna replika u mjerilu 1:16, isporu\u010dena kao RTR verzija u kutiji od punog pravog drveta u reprezentativnom stilu kutije za municiju prirodne boje. Spremnik ima funkciju dima i zvuka, kao i sistem rasvjete za jo\u0161 uvjerljivije svjetove iskustva. Funkcija ga\u0111anja se izvodi pomo\u0107u d\u017eojstika i dugmeta koji se mo\u017ee koristiti za ispaljivanje 6mm BB projektila od tvrde plastike na udaljenosti do 15 metara. Osim toga, model ima infracrveni borbeni modul, koji omogu\u0107ava duele sa drugim tenkovima iz ovog Amewi izdanja. U slu\u010daju direktnog neprijateljskog pogotka, pogo\u0111eni tenk se jednom vidno &#8216;potrese&#8217;. Top se mo\u017ee pomicati gore i dolje, sve funkcije upravljanja su proporcionalne i stoga se mogu kontrolirati osjetljivo. Model pokre\u0107u dva sna\u017ena motora, koji svoju snagu prenose na pogonske to\u010dkove preko vi\u0161estepenog plasti\u010dnog menja\u010da. Ovaj vjerni model sa svojom maskirnom zavr\u0161nom obradom nije ni na koji na\u010din inferioran u odnosu na pravi tenk. Cijeli obim isporuke odgovara najnovijoj tehnologiji (elektronika TK 7.0). Od sada isporu\u010dujemo sve modele sa modernom Li-Ion baterijom od 1800mAh i 7,4V. U kompletu je i odgovaraju\u0107i punja\u010d. Funkcionalnost modela je provjerena prije pakiranja i uklju\u010den je dnevnik funkcija. Isporu\u010duje se u jezgri od stiropora po mjeri<br \/>Istici: Optika super veli\u010dine &#8211; vrlo detaljan izgled kao privla\u010dan za oko Najnovija elektronika TK 7.0 &#8211; sve komponente su najsavremeniji infracrveni borbeni sistem &#8211; za uzbudljive duele s drugim modeli iz na\u0161eg asortimana<br \/>Jo\u0161 karakteristika: 2.4GHz kontrolni sistem Dva sna\u017ena elektromotora Vi\u0161estepeni zup\u010danik za savr\u0161en prenos snage na lance Jaka 7.4V Li-Ion pogonska baterija sa 1800mAh i Tamiya konekcija 220V punja\u010d sa 850mAh izlazom i balansom priklju\u010dak Mnogi dodaci i dodaci u obimu isporuke kao \u0161to su figura voza\u010da, lanci, MG itd. Zvukovi koji se mogu prebaciti preko zvu\u010dnog modula kao \u0161to su MG zvuk, funkcija snimanja i zvukovi vo\u017enje Funkcija pucanja: 6mm BB meci od tvrde plastike Funkcija dima: kori\u0161tenje dimnog ulja (obratite pa\u017enju na koli\u010dinu punjenja)<br \/>Tehni\u010dki podaci: Razmjer: 1:16 ukupna du\u017eina: 560mm Du\u017eina bez pi\u0161tolja: 440mm \u0160irina: 205mm Visina: 180mm Te\u017eina: 2207g (bez baterije) Boja: kamufla\u017eni valjak en: plasti\u010dne gusjenice: plasti\u010dni donji trup: plasti\u010dni toranj: plasti\u010dni okretni prsten: 360\u00b0 mjenja\u010d: plasti\u010dni dizajn: RTR vrijeme putovanja: cca 12-15 min elektronika: TK 7.0 pretinac za bateriju dimenzije: 135 x 45 x 24 mm baterija: Li-Ion , 2S 7, 4V 1800mAh 25C Tamiya utika\u010d, 70x37x19mm, 93g daljinski upravlja\u010d: 2.4GHz punja\u010d 2S LiPo \/ 220V 850mAh izlaz vrijeme punjenja: cca 2h -Ion 850mAh te\u010dnost figurica DEBB\/smoke te\u010dnost pri\u010dvr\u0161\u0107ivanje >Potreban pribor: 6x AA baterije za daljinski upravlja\u010d<br \/>Va\u017ena napomena: Pa\u017enja: Drvena kutija je bonus i ne daje vam pravo na reklamacije na bilo kakve vanjske o\u0161te\u0107enje prave drvene kutije.<\/p>\n","protected":false},"excerpt":{"rendered":"<p>Sa dimom i zvukom<\/p>\n","protected":false},"featured_media":15871,"template":"","meta":[],"product_cat":[514,421],"product_tag":[],"acf":[],"yoast_head":"<!-- This site is optimized with the Yoast SEO plugin v21.7 - https:\/\/yoast.com\/wordpress\/plugins\/seo\/ -->\n<title>Panzer Panther G 1:16 Standard Line IR\/BB - TECHNIC TOYS SHOP<\/title>\n<meta name=\"robots\" content=\"index, follow, max-snippet:-1, max-image-preview:large, max-video-preview:-1\" \/>\n<link rel=\"canonical\" href=\"https:\/\/www.technic-toys.com\/hr\/proizvod\/panzer-panther-g-116-standard-line-ir-bb\/\" \/>\n<meta property=\"og:locale\" content=\"hr_HR\" \/>\n<meta property=\"og:type\" content=\"article\" \/>\n<meta property=\"og:title\" content=\"Panzer Panther G 1:16 Standard Line IR\/BB - TECHNIC TOYS SHOP\" \/>\n<meta property=\"og:description\" content=\"Sa dimom i zvukom\" \/>\n<meta property=\"og:url\" content=\"https:\/\/www.technic-toys.com\/hr\/proizvod\/panzer-panther-g-116-standard-line-ir-bb\/\" \/>\n<meta property=\"og:site_name\" content=\"TECHNIC TOYS SHOP\" \/>\n<meta property=\"article:modified_time\" content=\"2022-08-01T10:43:40+00:00\" \/>\n<meta property=\"og:image\" content=\"https:\/\/www.technic-toys.com\/wp-content\/uploads\/2022\/04\/23070.jpg\" \/>\n\t<meta property=\"og:image:width\" content=\"2560\" \/>\n\t<meta property=\"og:image:height\" content=\"1468\" \/>\n\t<meta property=\"og:image:type\" content=\"image\/jpeg\" \/>\n<meta name=\"twitter:card\" content=\"summary_large_image\" \/>\n<meta name=\"twitter:label1\" content=\"Procijenjeno vrijeme \u010ditanja\" \/>\n\t<meta name=\"twitter:data1\" content=\"3 minute\" \/>\n<script type=\"application\/ld+json\" class=\"yoast-schema-graph\">{\"@context\":\"https:\/\/schema.org\",\"@graph\":[{\"@type\":\"WebPage\",\"@id\":\"https:\/\/www.technic-toys.com\/hr\/proizvod\/panzer-panther-g-116-standard-line-ir-bb\/\",\"url\":\"https:\/\/www.technic-toys.com\/hr\/proizvod\/panzer-panther-g-116-standard-line-ir-bb\/\",\"name\":\"Panzer Panther G 1:16 Standard Line IR\/BB - TECHNIC TOYS SHOP\",\"isPartOf\":{\"@id\":\"https:\/\/www.technic-toys.com\/en\/#website\"},\"datePublished\":\"2022-04-08T19:35:44+00:00\",\"dateModified\":\"2022-08-01T10:43:40+00:00\",\"breadcrumb\":{\"@id\":\"https:\/\/www.technic-toys.com\/hr\/proizvod\/panzer-panther-g-116-standard-line-ir-bb\/#breadcrumb\"},\"inLanguage\":\"hr\",\"potentialAction\":[{\"@type\":\"ReadAction\",\"target\":[\"https:\/\/www.technic-toys.com\/hr\/proizvod\/panzer-panther-g-116-standard-line-ir-bb\/\"]}]},{\"@type\":\"BreadcrumbList\",\"@id\":\"https:\/\/www.technic-toys.com\/hr\/proizvod\/panzer-panther-g-116-standard-line-ir-bb\/#breadcrumb\",\"itemListElement\":[{\"@type\":\"ListItem\",\"position\":1,\"name\":\"Domov\",\"item\":\"https:\/\/www.technic-toys.com\/hr\/\"},{\"@type\":\"ListItem\",\"position\":2,\"name\":\"Shop\",\"item\":\"https:\/\/www.technic-toys.com\/hr\/shop-2\/\"},{\"@type\":\"ListItem\",\"position\":3,\"name\":\"Panzer Panther G 1:16 Standard Line IR\/BB\"}]},{\"@type\":\"WebSite\",\"@id\":\"https:\/\/www.technic-toys.com\/en\/#website\",\"url\":\"https:\/\/www.technic-toys.com\/en\/\",\"name\":\"TECHNIC TOYS SHOP\",\"description\":\"\",\"potentialAction\":[{\"@type\":\"SearchAction\",\"target\":{\"@type\":\"EntryPoint\",\"urlTemplate\":\"https:\/\/www.technic-toys.com\/en\/?s={search_term_string}\"},\"query-input\":\"required name=search_term_string\"}],\"inLanguage\":\"hr\"}]}<\/script>\n<!-- \/ Yoast SEO plugin. -->","yoast_head_json":{"title":"Panzer Panther G 1:16 Standard Line IR\/BB - TECHNIC TOYS SHOP","robots":{"index":"index","follow":"follow","max-snippet":"max-snippet:-1","max-image-preview":"max-image-preview:large","max-video-preview":"max-video-preview:-1"},"canonical":"https:\/\/www.technic-toys.com\/hr\/proizvod\/panzer-panther-g-116-standard-line-ir-bb\/","og_locale":"hr_HR","og_type":"article","og_title":"Panzer Panther G 1:16 Standard Line IR\/BB - TECHNIC TOYS SHOP","og_description":"Sa dimom i zvukom","og_url":"https:\/\/www.technic-toys.com\/hr\/proizvod\/panzer-panther-g-116-standard-line-ir-bb\/","og_site_name":"TECHNIC TOYS SHOP","article_modified_time":"2022-08-01T10:43:40+00:00","og_image":[{"width":2560,"height":1468,"url":"https:\/\/www.technic-toys.com\/wp-content\/uploads\/2022\/04\/23070.jpg","type":"image\/jpeg"}],"twitter_card":"summary_large_image","twitter_misc":{"Procijenjeno vrijeme \u010ditanja":"3 minute"},"schema":{"@context":"https:\/\/schema.org","@graph":[{"@type":"WebPage","@id":"https:\/\/www.technic-toys.com\/hr\/proizvod\/panzer-panther-g-116-standard-line-ir-bb\/","url":"https:\/\/www.technic-toys.com\/hr\/proizvod\/panzer-panther-g-116-standard-line-ir-bb\/","name":"Panzer Panther G 1:16 Standard Line IR\/BB - TECHNIC TOYS SHOP","isPartOf":{"@id":"https:\/\/www.technic-toys.com\/en\/#website"},"datePublished":"2022-04-08T19:35:44+00:00","dateModified":"2022-08-01T10:43:40+00:00","breadcrumb":{"@id":"https:\/\/www.technic-toys.com\/hr\/proizvod\/panzer-panther-g-116-standard-line-ir-bb\/#breadcrumb"},"inLanguage":"hr","potentialAction":[{"@type":"ReadAction","target":["https:\/\/www.technic-toys.com\/hr\/proizvod\/panzer-panther-g-116-standard-line-ir-bb\/"]}]},{"@type":"BreadcrumbList","@id":"https:\/\/www.technic-toys.com\/hr\/proizvod\/panzer-panther-g-116-standard-line-ir-bb\/#breadcrumb","itemListElement":[{"@type":"ListItem","position":1,"name":"Domov","item":"https:\/\/www.technic-toys.com\/hr\/"},{"@type":"ListItem","position":2,"name":"Shop","item":"https:\/\/www.technic-toys.com\/hr\/shop-2\/"},{"@type":"ListItem","position":3,"name":"Panzer Panther G 1:16 Standard Line IR\/BB"}]},{"@type":"WebSite","@id":"https:\/\/www.technic-toys.com\/en\/#website","url":"https:\/\/www.technic-toys.com\/en\/","name":"TECHNIC TOYS SHOP","description":"","potentialAction":[{"@type":"SearchAction","target":{"@type":"EntryPoint","urlTemplate":"https:\/\/www.technic-toys.com\/en\/?s={search_term_string}"},"query-input":"required name=search_term_string"}],"inLanguage":"hr"}]}},"_links":{"self":[{"href":"https:\/\/www.technic-toys.com\/hr\/wp-json\/wp\/v2\/product\/19669"}],"collection":[{"href":"https:\/\/www.technic-toys.com\/hr\/wp-json\/wp\/v2\/product"}],"about":[{"href":"https:\/\/www.technic-toys.com\/hr\/wp-json\/wp\/v2\/types\/product"}],"wp:featuredmedia":[{"embeddable":true,"href":"https:\/\/www.technic-toys.com\/hr\/wp-json\/wp\/v2\/media\/15871"}],"wp:attachment":[{"href":"https:\/\/www.technic-toys.com\/hr\/wp-json\/wp\/v2\/media?parent=19669"}],"wp:term":[{"taxonomy":"product_cat","embeddable":true,"href":"https:\/\/www.technic-toys.com\/hr\/wp-json\/wp\/v2\/product_cat?post=19669"},{"taxonomy":"product_tag","embeddable":true,"href":"https:\/\/www.technic-toys.com\/hr\/wp-json\/wp\/v2\/product_tag?post=19669"}],"curies":[{"name":"wp","href":"https:\/\/api.w.org\/{rel}","templated":true}]}}