{"id":19671,"date":"2022-04-08T16:59:29","date_gmt":"2022-04-08T19:35:44","guid":{"rendered":"https:\/\/www.technic-toys.com\/izdelek\/king-tiger-henschel-tower-116-standardna-linija-ir-bb\/"},"modified":"2022-08-01T12:43:41","modified_gmt":"2022-08-01T10:43:41","slug":"king-tiger-henschel-tower-116-standardna-linija-ir-bb","status":"publish","type":"product","link":"https:\/\/www.technic-toys.com\/hr\/proizvod\/king-tiger-henschel-tower-116-standardna-linija-ir-bb\/","title":{"rendered":"King Tiger Henschel Tower 1:16 Standardna linija IR\/BB"},"content":{"rendered":"<p>Panzerkampfwagen VI, poznatiji kao Tiger II ili King Tiger, bio je pobolj\u0161ana verzija te\u0161kog tenka Tiger. Smatran je za najbolji tenk Wehrmachta u Drugom svjetskom ratu. Top od 8,8 cm dao je King Tigeru ogromnu vatrenu mo\u0107. Prvih 50 primeraka dobilo je kupolu koju je razvio Porsche, pre nego \u0161to je instalirana samo uska kupola iz Henschela.<br \/>AMEWI Edition je verna originalna replika u razmeri 1:16. RTR &#8211; spreman za rad. Spremnik tako\u0111er ima funkciju dima i zvuka. Funkcija ga\u0111anja se izvodi pomo\u0107u d\u017eojstika i dugmeta i ga\u0111a 6mm BB \u010dvrste plasti\u010dne projektile do 15m. Osim toga, model ima infracrveni borbeni modul, koji omogu\u0107ava dvoboj sa drugim tenkovima iz ovog Amewi izdanja. Kada ga direktno pogodi neprijateljski tenk, pogo\u0111eni tenk se trese, simuliraju\u0107i pogodak. Model pokre\u0107u 2 sna\u017ena motora, koji prenose va\u0161u snagu na pogonske to\u010dkove preko vi\u0161estepenog plasti\u010dnog zup\u010danika. Menja\u010d je zatvoren (pokriven) sa unutra\u0161nje strane. Svi kota\u010di na \u0161asiji su spojeni na \u0161asiju metalnim zakretnim krakovima i prigu\u0161eni su. Top se mo\u017ee podizati i spu\u0161tati, a sve funkcije upravljanja su proporcionalne. Ovaj vjerni model sa svojom maskirnom zavr\u0161nom obradom nije ni na koji na\u010din inferioran u odnosu na pravi tenk. Model tako\u0111e ima sistem osvetljenja i kompletan obim isporuke odgovara najnovijoj tehnologiji. Elektronika je a\u017eurirana 7.0 i od sada isporu\u010dujemo sve modele sa modernom LiPo baterijom od 1800mAh i 7,4V. U kompletu je i odgovaraju\u0107i LiPo punja\u010d. Funkcionalnost modela je provjerena prije nego \u0161to je upakovan i funkcionalni dnevnik je uklju\u010den uz model. Isporuka se odvija u jezgri od stiropora koji se precizno uklapa, a mi u Amewi besplatno uklju\u010dujemo kutiju od punog pravog drveta u prirodnoj boji. Model je testiran na funkcionalnost prije pakovanja i funkcionalni protokol je uklju\u010den.<br \/>Istici: Super scale izgled &#8211; veoma detaljan izgled kao privla\u010dan za oko Najnovija elektronika TK 7.0 &#8211; sve komponente su najsavremeniji infracrveni borbeni sistem &#8211; za uzbudljive duele sa drugim modelima iz na\u0161eg asortimana Dodatne karakteristike: 2,4 GHz kontrolni sistem Dva mo\u0107na elektromotora Multi -stepeni zup\u010danik za savr\u0161en prijenos snage na lance Ja\u010da 7.4V Li-Ion pogonska baterija sa 1800mAh i Tamiya vezom 220V punja\u010d sa 850mAh izlazom i vezom za balansiranje Mnogi dodaci i dodaci uklju\u010deni kao \u0161to su figura voza\u010da, lanci, MG, itd. preko zvu\u010dnog modula kao \u0161to su MG zvuk, funkcija pucanja i buka u vo\u017enji Funkcija pucanja: 6mm BB meci od tvrde plastike Funkcija dima: kori\u0161tenje dimnog ulja ( Molimo obratite pa\u017enju na koli\u010dinu punjenja)<br \/>Tehni\u010dki podaci: Razmjer: 1:16 Ukupna du\u017eina: 650 mm Du\u017eina bez topa: 460 mm \u0160irina: 240 mm Visina: 190 mm Te\u017eina: 2729 g (bez baterije) Boja: Kamufla\u017eni To\u010dkovi: Plasti\u010dni donji trup: Plasti\u010dni toranj: Plasti\u010dni okretni prsten: 360\u00b0 Prenos: Plasti\u010dni Dizajn: RTR Vrijeme vo\u017enje: cca 12-15 minuta Elektronika: TK 7.0 pretinac za baterije Dimenzije: 135 x 45 x 24 mm Baterija: Li-Ion, 2S 7.4mAh2C Tamiya utika\u010d, 70x37x19mm, 93g daljinski upravlja\u010d: 2.4GHz punja\u010d 2S LiPo \/ 220V 850mAh izlazno vrijeme punjenja: pribli\u017eno 2 sata<br \/>Obim isporuke: daljinski upravlja\u010d rezervoara 2.4GHz punja\u010d baterije municija 6mm BB priklju\u010dci figura dima naljepnica upute za rad DE\/EN<br \/>Potreban pribor: 6x AA baterije za daljinski upravlja\u010d<br \/>Va\u017ena napomena: Pa\u017enja: Drvena kutija je bonus i ne daje vam pravo reklamacije u slu\u010daju bilo kakvog vanjskog o\u0161te\u0107enja pravog drva kutija.<\/p>\n","protected":false},"excerpt":{"rendered":"<p>Sa dimom i zvukom<\/p>\n","protected":false},"featured_media":15912,"template":"","meta":[],"product_cat":[514,421],"product_tag":[],"acf":[],"yoast_head":"<!-- This site is optimized with the Yoast SEO plugin v21.7 - https:\/\/yoast.com\/wordpress\/plugins\/seo\/ -->\n<title>King Tiger Henschel Tower 1:16 Standardna linija IR\/BB - TECHNIC TOYS SHOP<\/title>\n<meta name=\"robots\" content=\"index, follow, max-snippet:-1, max-image-preview:large, max-video-preview:-1\" \/>\n<link rel=\"canonical\" href=\"https:\/\/www.technic-toys.com\/hr\/proizvod\/king-tiger-henschel-tower-116-standardna-linija-ir-bb\/\" \/>\n<meta property=\"og:locale\" content=\"hr_HR\" \/>\n<meta property=\"og:type\" content=\"article\" \/>\n<meta property=\"og:title\" content=\"King Tiger Henschel Tower 1:16 Standardna linija IR\/BB - TECHNIC TOYS SHOP\" \/>\n<meta property=\"og:description\" content=\"Sa dimom i zvukom\" \/>\n<meta property=\"og:url\" content=\"https:\/\/www.technic-toys.com\/hr\/proizvod\/king-tiger-henschel-tower-116-standardna-linija-ir-bb\/\" \/>\n<meta property=\"og:site_name\" content=\"TECHNIC TOYS SHOP\" \/>\n<meta property=\"article:modified_time\" content=\"2022-08-01T10:43:41+00:00\" \/>\n<meta property=\"og:image\" content=\"https:\/\/www.technic-toys.com\/wp-content\/uploads\/2022\/04\/23072.jpg\" \/>\n\t<meta property=\"og:image:width\" content=\"2560\" \/>\n\t<meta property=\"og:image:height\" content=\"1468\" \/>\n\t<meta property=\"og:image:type\" content=\"image\/jpeg\" \/>\n<meta name=\"twitter:card\" content=\"summary_large_image\" \/>\n<meta name=\"twitter:label1\" content=\"Procijenjeno vrijeme \u010ditanja\" \/>\n\t<meta name=\"twitter:data1\" content=\"3 minute\" \/>\n<script type=\"application\/ld+json\" class=\"yoast-schema-graph\">{\"@context\":\"https:\/\/schema.org\",\"@graph\":[{\"@type\":\"WebPage\",\"@id\":\"https:\/\/www.technic-toys.com\/hr\/proizvod\/king-tiger-henschel-tower-116-standardna-linija-ir-bb\/\",\"url\":\"https:\/\/www.technic-toys.com\/hr\/proizvod\/king-tiger-henschel-tower-116-standardna-linija-ir-bb\/\",\"name\":\"King Tiger Henschel Tower 1:16 Standardna linija IR\/BB - TECHNIC TOYS SHOP\",\"isPartOf\":{\"@id\":\"https:\/\/www.technic-toys.com\/en\/#website\"},\"datePublished\":\"2022-04-08T19:35:44+00:00\",\"dateModified\":\"2022-08-01T10:43:41+00:00\",\"breadcrumb\":{\"@id\":\"https:\/\/www.technic-toys.com\/hr\/proizvod\/king-tiger-henschel-tower-116-standardna-linija-ir-bb\/#breadcrumb\"},\"inLanguage\":\"hr\",\"potentialAction\":[{\"@type\":\"ReadAction\",\"target\":[\"https:\/\/www.technic-toys.com\/hr\/proizvod\/king-tiger-henschel-tower-116-standardna-linija-ir-bb\/\"]}]},{\"@type\":\"BreadcrumbList\",\"@id\":\"https:\/\/www.technic-toys.com\/hr\/proizvod\/king-tiger-henschel-tower-116-standardna-linija-ir-bb\/#breadcrumb\",\"itemListElement\":[{\"@type\":\"ListItem\",\"position\":1,\"name\":\"Domov\",\"item\":\"https:\/\/www.technic-toys.com\/hr\/\"},{\"@type\":\"ListItem\",\"position\":2,\"name\":\"Shop\",\"item\":\"https:\/\/www.technic-toys.com\/hr\/shop-2\/\"},{\"@type\":\"ListItem\",\"position\":3,\"name\":\"King Tiger Henschel Tower 1:16 Standardna linija IR\/BB\"}]},{\"@type\":\"WebSite\",\"@id\":\"https:\/\/www.technic-toys.com\/en\/#website\",\"url\":\"https:\/\/www.technic-toys.com\/en\/\",\"name\":\"TECHNIC TOYS SHOP\",\"description\":\"\",\"potentialAction\":[{\"@type\":\"SearchAction\",\"target\":{\"@type\":\"EntryPoint\",\"urlTemplate\":\"https:\/\/www.technic-toys.com\/en\/?s={search_term_string}\"},\"query-input\":\"required name=search_term_string\"}],\"inLanguage\":\"hr\"}]}<\/script>\n<!-- \/ Yoast SEO plugin. -->","yoast_head_json":{"title":"King Tiger Henschel Tower 1:16 Standardna linija IR\/BB - TECHNIC TOYS SHOP","robots":{"index":"index","follow":"follow","max-snippet":"max-snippet:-1","max-image-preview":"max-image-preview:large","max-video-preview":"max-video-preview:-1"},"canonical":"https:\/\/www.technic-toys.com\/hr\/proizvod\/king-tiger-henschel-tower-116-standardna-linija-ir-bb\/","og_locale":"hr_HR","og_type":"article","og_title":"King Tiger Henschel Tower 1:16 Standardna linija IR\/BB - TECHNIC TOYS SHOP","og_description":"Sa dimom i zvukom","og_url":"https:\/\/www.technic-toys.com\/hr\/proizvod\/king-tiger-henschel-tower-116-standardna-linija-ir-bb\/","og_site_name":"TECHNIC TOYS SHOP","article_modified_time":"2022-08-01T10:43:41+00:00","og_image":[{"width":2560,"height":1468,"url":"https:\/\/www.technic-toys.com\/wp-content\/uploads\/2022\/04\/23072.jpg","type":"image\/jpeg"}],"twitter_card":"summary_large_image","twitter_misc":{"Procijenjeno vrijeme \u010ditanja":"3 minute"},"schema":{"@context":"https:\/\/schema.org","@graph":[{"@type":"WebPage","@id":"https:\/\/www.technic-toys.com\/hr\/proizvod\/king-tiger-henschel-tower-116-standardna-linija-ir-bb\/","url":"https:\/\/www.technic-toys.com\/hr\/proizvod\/king-tiger-henschel-tower-116-standardna-linija-ir-bb\/","name":"King Tiger Henschel Tower 1:16 Standardna linija IR\/BB - TECHNIC TOYS SHOP","isPartOf":{"@id":"https:\/\/www.technic-toys.com\/en\/#website"},"datePublished":"2022-04-08T19:35:44+00:00","dateModified":"2022-08-01T10:43:41+00:00","breadcrumb":{"@id":"https:\/\/www.technic-toys.com\/hr\/proizvod\/king-tiger-henschel-tower-116-standardna-linija-ir-bb\/#breadcrumb"},"inLanguage":"hr","potentialAction":[{"@type":"ReadAction","target":["https:\/\/www.technic-toys.com\/hr\/proizvod\/king-tiger-henschel-tower-116-standardna-linija-ir-bb\/"]}]},{"@type":"BreadcrumbList","@id":"https:\/\/www.technic-toys.com\/hr\/proizvod\/king-tiger-henschel-tower-116-standardna-linija-ir-bb\/#breadcrumb","itemListElement":[{"@type":"ListItem","position":1,"name":"Domov","item":"https:\/\/www.technic-toys.com\/hr\/"},{"@type":"ListItem","position":2,"name":"Shop","item":"https:\/\/www.technic-toys.com\/hr\/shop-2\/"},{"@type":"ListItem","position":3,"name":"King Tiger Henschel Tower 1:16 Standardna linija IR\/BB"}]},{"@type":"WebSite","@id":"https:\/\/www.technic-toys.com\/en\/#website","url":"https:\/\/www.technic-toys.com\/en\/","name":"TECHNIC TOYS SHOP","description":"","potentialAction":[{"@type":"SearchAction","target":{"@type":"EntryPoint","urlTemplate":"https:\/\/www.technic-toys.com\/en\/?s={search_term_string}"},"query-input":"required name=search_term_string"}],"inLanguage":"hr"}]}},"_links":{"self":[{"href":"https:\/\/www.technic-toys.com\/hr\/wp-json\/wp\/v2\/product\/19671"}],"collection":[{"href":"https:\/\/www.technic-toys.com\/hr\/wp-json\/wp\/v2\/product"}],"about":[{"href":"https:\/\/www.technic-toys.com\/hr\/wp-json\/wp\/v2\/types\/product"}],"wp:featuredmedia":[{"embeddable":true,"href":"https:\/\/www.technic-toys.com\/hr\/wp-json\/wp\/v2\/media\/15912"}],"wp:attachment":[{"href":"https:\/\/www.technic-toys.com\/hr\/wp-json\/wp\/v2\/media?parent=19671"}],"wp:term":[{"taxonomy":"product_cat","embeddable":true,"href":"https:\/\/www.technic-toys.com\/hr\/wp-json\/wp\/v2\/product_cat?post=19671"},{"taxonomy":"product_tag","embeddable":true,"href":"https:\/\/www.technic-toys.com\/hr\/wp-json\/wp\/v2\/product_tag?post=19671"}],"curies":[{"name":"wp","href":"https:\/\/api.w.org\/{rel}","templated":true}]}}