{"id":19672,"date":"2022-04-08T16:59:29","date_gmt":"2022-04-08T19:35:44","guid":{"rendered":"https:\/\/www.technic-toys.com\/izdelek\/us-m4a3-sherman-116-standardna-linija-ir-bb\/"},"modified":"2022-08-01T12:43:41","modified_gmt":"2022-08-01T10:43:41","slug":"us-m4a3-sherman-116-standardna-linija-ir-bb","status":"publish","type":"product","link":"https:\/\/www.technic-toys.com\/hr\/proizvod\/us-m4a3-sherman-116-standardna-linija-ir-bb\/","title":{"rendered":"US M4A3 Sherman 1:16 Standardna linija IR\/BB"},"content":{"rendered":"<p>M4A3 Sherman je bio srednji tenk koji su koristile ameri\u010dke oru\u017eane snage. Tokom Drugog svjetskog rata, bio je jedan od najprodavanijih primjeraka ameri\u010dkih oklopnih snaga. Verzija M4A3 sa Ford V8 motorom i topom kalibra 76,2 mm tako\u0111er je kori\u0161tena u Korejskom ratu (1950. &#8211; 1953.). Amewi Edition je prava replika u mjerilu 1:16, isporu\u010dena kao RTR verzija u kutiji od punog pravog drveta u reprezentativnom stilu kutije za municiju prirodne boje. Spremnik ima funkciju dima i zvuka, kao i sistem rasvjete za jo\u0161 uvjerljivije svjetove iskustva. Funkcija ga\u0111anja se izvodi pomo\u0107u d\u017eojstika i dugmeta koji se mo\u017ee koristiti za ispaljivanje 6mm BB projektila od tvrde plastike na udaljenosti do 15 metara. Osim toga, model ima infracrveni borbeni modul, koji omogu\u0107ava duele sa drugim tenkovima iz ovog Amewi izdanja. U slu\u010daju direktnog neprijateljskog pogotka, pogo\u0111eni tenk se jednom vidno &#8216;potrese&#8217;. Top se mo\u017ee pomicati gore i dolje, sve funkcije upravljanja su proporcionalne i stoga se mogu kontrolirati osjetljivo. Model pokre\u0107u dva sna\u017ena motora, koji svoju snagu prenose na pogonske to\u010dkove preko vi\u0161estepenog plasti\u010dnog menja\u010da. Ovaj vjerni model sa svojom maslinasto zelenom livrejom nije ni na koji na\u010din inferioran od pravog tenka. Cijeli obim isporuke odgovara najnovijoj tehnologiji (elektronika TK 7.0). Od sada isporu\u010dujemo sve modele sa modernom Li-Ion baterijom od 1800mAh i 7,4V. U kompletu je i odgovaraju\u0107i punja\u010d. Funkcionalnost modela je provjerena prije pakiranja i uklju\u010den je dnevnik funkcija. Isporuka se odvija u jezgri od stiropora koji se precizno uklapa (napomena: drvena kutija je bonus i ne daje vam pravo na reklamacije u slu\u010daju bilo kakvog vanjskog o\u0161te\u0107enja kutije od pravog drveta tokom transporta).<br \/>Istici: Super izgled &#8211; veoma detaljan izgled kao privla\u010dan najnovija elektronika TK 7.0 &#8211; sve komponente su najsavremeniji infracrveni borbeni sistem &#8211; za uzbudljive duele sa drugim modelima iz na\u0161eg asortimana Dodatne karakteristike: 2.4GHz kontrolni sistem Dva mo\u0107na elektromotora Multi- stepen prijenosa za savr\u0161en prijenos snage na lance Sna\u017ena 7,4V Li-Ion pogonska baterija sa 1800mAh i Tamiya priklju\u010dkom 220V punja\u010d sa 850mAh izlazom i vezom za balansiranje Funkcija snimanja: 6mm BB meci od tvrde plastike Funkcija dima: kori\u0161tenje dimnog ulja (obratite pa\u017enju na koli\u010dinu punjenja! ) Zvu\u010dni modul: akustika se mo\u017ee mijenjati preko predajnika Tehni\u010dki podaci: Razmjer: 1:16 du\u017eina: 365mm \u0161irina: 165mm visina: 175mm te\u017eina: 1254g boja: zelena kota\u010di: plastika van staze: Plastika Donji trup: Plasti\u010dni Toranj: Plastika Okretni prsten: Okretni prsten od 360\u00b0 Zup\u010danik: Plasti\u010dni Verzija: RTR Elektronika: TK 7.0 pretinac za baterije Dimenzije: 135x45x24mm Baterija: Li-Ion 2S 7.4V 1800mAg3x9mm priklju\u010dak,Charmoskop 1800mAh3x9mm 2S LiPo \/ 220V 850mAh Kontrola izlaza: 2.4GHz<br \/>Obim isporuke: daljinski upravlja\u010d rezervoara 2.4 GHz baterija 7.4V 1800mAh Li-Ion utika\u010d punja\u010d LiPo \/ Li-Ion 850mAh municija 6mm BB figura radna teku\u0107ina naljepnica\/ prilozi SR<br \/>Potreban pribor: 6x AA baterije za daljinski upravlja\u010d<\/p>\n","protected":false},"excerpt":{"rendered":"<p>Sa dimom i zvukom<\/p>\n","protected":false},"featured_media":15940,"template":"","meta":[],"product_cat":[514,421],"product_tag":[],"acf":[],"yoast_head":"<!-- This site is optimized with the Yoast SEO plugin v21.7 - https:\/\/yoast.com\/wordpress\/plugins\/seo\/ -->\n<title>US M4A3 Sherman 1:16 Standardna linija IR\/BB - TECHNIC TOYS SHOP<\/title>\n<meta name=\"robots\" content=\"index, follow, max-snippet:-1, max-image-preview:large, max-video-preview:-1\" \/>\n<link rel=\"canonical\" href=\"https:\/\/www.technic-toys.com\/hr\/proizvod\/us-m4a3-sherman-116-standardna-linija-ir-bb\/\" \/>\n<meta property=\"og:locale\" content=\"hr_HR\" \/>\n<meta property=\"og:type\" content=\"article\" \/>\n<meta property=\"og:title\" content=\"US M4A3 Sherman 1:16 Standardna linija IR\/BB - TECHNIC TOYS SHOP\" \/>\n<meta property=\"og:description\" content=\"Sa dimom i zvukom\" \/>\n<meta property=\"og:url\" content=\"https:\/\/www.technic-toys.com\/hr\/proizvod\/us-m4a3-sherman-116-standardna-linija-ir-bb\/\" \/>\n<meta property=\"og:site_name\" content=\"TECHNIC TOYS SHOP\" \/>\n<meta property=\"article:modified_time\" content=\"2022-08-01T10:43:41+00:00\" \/>\n<meta property=\"og:image\" content=\"https:\/\/www.technic-toys.com\/wp-content\/uploads\/2022\/04\/23073.jpg\" \/>\n\t<meta property=\"og:image:width\" content=\"2560\" \/>\n\t<meta property=\"og:image:height\" content=\"1468\" \/>\n\t<meta property=\"og:image:type\" content=\"image\/jpeg\" \/>\n<meta name=\"twitter:card\" content=\"summary_large_image\" \/>\n<meta name=\"twitter:label1\" content=\"Procijenjeno vrijeme \u010ditanja\" \/>\n\t<meta name=\"twitter:data1\" content=\"2 minute\" \/>\n<script type=\"application\/ld+json\" class=\"yoast-schema-graph\">{\"@context\":\"https:\/\/schema.org\",\"@graph\":[{\"@type\":\"WebPage\",\"@id\":\"https:\/\/www.technic-toys.com\/hr\/proizvod\/us-m4a3-sherman-116-standardna-linija-ir-bb\/\",\"url\":\"https:\/\/www.technic-toys.com\/hr\/proizvod\/us-m4a3-sherman-116-standardna-linija-ir-bb\/\",\"name\":\"US M4A3 Sherman 1:16 Standardna linija IR\/BB - TECHNIC TOYS SHOP\",\"isPartOf\":{\"@id\":\"https:\/\/www.technic-toys.com\/en\/#website\"},\"datePublished\":\"2022-04-08T19:35:44+00:00\",\"dateModified\":\"2022-08-01T10:43:41+00:00\",\"breadcrumb\":{\"@id\":\"https:\/\/www.technic-toys.com\/hr\/proizvod\/us-m4a3-sherman-116-standardna-linija-ir-bb\/#breadcrumb\"},\"inLanguage\":\"hr\",\"potentialAction\":[{\"@type\":\"ReadAction\",\"target\":[\"https:\/\/www.technic-toys.com\/hr\/proizvod\/us-m4a3-sherman-116-standardna-linija-ir-bb\/\"]}]},{\"@type\":\"BreadcrumbList\",\"@id\":\"https:\/\/www.technic-toys.com\/hr\/proizvod\/us-m4a3-sherman-116-standardna-linija-ir-bb\/#breadcrumb\",\"itemListElement\":[{\"@type\":\"ListItem\",\"position\":1,\"name\":\"Domov\",\"item\":\"https:\/\/www.technic-toys.com\/hr\/\"},{\"@type\":\"ListItem\",\"position\":2,\"name\":\"Shop\",\"item\":\"https:\/\/www.technic-toys.com\/hr\/shop-2\/\"},{\"@type\":\"ListItem\",\"position\":3,\"name\":\"US M4A3 Sherman 1:16 Standardna linija IR\/BB\"}]},{\"@type\":\"WebSite\",\"@id\":\"https:\/\/www.technic-toys.com\/en\/#website\",\"url\":\"https:\/\/www.technic-toys.com\/en\/\",\"name\":\"TECHNIC TOYS SHOP\",\"description\":\"\",\"potentialAction\":[{\"@type\":\"SearchAction\",\"target\":{\"@type\":\"EntryPoint\",\"urlTemplate\":\"https:\/\/www.technic-toys.com\/en\/?s={search_term_string}\"},\"query-input\":\"required name=search_term_string\"}],\"inLanguage\":\"hr\"}]}<\/script>\n<!-- \/ Yoast SEO plugin. -->","yoast_head_json":{"title":"US M4A3 Sherman 1:16 Standardna linija IR\/BB - TECHNIC TOYS SHOP","robots":{"index":"index","follow":"follow","max-snippet":"max-snippet:-1","max-image-preview":"max-image-preview:large","max-video-preview":"max-video-preview:-1"},"canonical":"https:\/\/www.technic-toys.com\/hr\/proizvod\/us-m4a3-sherman-116-standardna-linija-ir-bb\/","og_locale":"hr_HR","og_type":"article","og_title":"US M4A3 Sherman 1:16 Standardna linija IR\/BB - TECHNIC TOYS SHOP","og_description":"Sa dimom i zvukom","og_url":"https:\/\/www.technic-toys.com\/hr\/proizvod\/us-m4a3-sherman-116-standardna-linija-ir-bb\/","og_site_name":"TECHNIC TOYS SHOP","article_modified_time":"2022-08-01T10:43:41+00:00","og_image":[{"width":2560,"height":1468,"url":"https:\/\/www.technic-toys.com\/wp-content\/uploads\/2022\/04\/23073.jpg","type":"image\/jpeg"}],"twitter_card":"summary_large_image","twitter_misc":{"Procijenjeno vrijeme \u010ditanja":"2 minute"},"schema":{"@context":"https:\/\/schema.org","@graph":[{"@type":"WebPage","@id":"https:\/\/www.technic-toys.com\/hr\/proizvod\/us-m4a3-sherman-116-standardna-linija-ir-bb\/","url":"https:\/\/www.technic-toys.com\/hr\/proizvod\/us-m4a3-sherman-116-standardna-linija-ir-bb\/","name":"US M4A3 Sherman 1:16 Standardna linija IR\/BB - TECHNIC TOYS SHOP","isPartOf":{"@id":"https:\/\/www.technic-toys.com\/en\/#website"},"datePublished":"2022-04-08T19:35:44+00:00","dateModified":"2022-08-01T10:43:41+00:00","breadcrumb":{"@id":"https:\/\/www.technic-toys.com\/hr\/proizvod\/us-m4a3-sherman-116-standardna-linija-ir-bb\/#breadcrumb"},"inLanguage":"hr","potentialAction":[{"@type":"ReadAction","target":["https:\/\/www.technic-toys.com\/hr\/proizvod\/us-m4a3-sherman-116-standardna-linija-ir-bb\/"]}]},{"@type":"BreadcrumbList","@id":"https:\/\/www.technic-toys.com\/hr\/proizvod\/us-m4a3-sherman-116-standardna-linija-ir-bb\/#breadcrumb","itemListElement":[{"@type":"ListItem","position":1,"name":"Domov","item":"https:\/\/www.technic-toys.com\/hr\/"},{"@type":"ListItem","position":2,"name":"Shop","item":"https:\/\/www.technic-toys.com\/hr\/shop-2\/"},{"@type":"ListItem","position":3,"name":"US M4A3 Sherman 1:16 Standardna linija IR\/BB"}]},{"@type":"WebSite","@id":"https:\/\/www.technic-toys.com\/en\/#website","url":"https:\/\/www.technic-toys.com\/en\/","name":"TECHNIC TOYS SHOP","description":"","potentialAction":[{"@type":"SearchAction","target":{"@type":"EntryPoint","urlTemplate":"https:\/\/www.technic-toys.com\/en\/?s={search_term_string}"},"query-input":"required name=search_term_string"}],"inLanguage":"hr"}]}},"_links":{"self":[{"href":"https:\/\/www.technic-toys.com\/hr\/wp-json\/wp\/v2\/product\/19672"}],"collection":[{"href":"https:\/\/www.technic-toys.com\/hr\/wp-json\/wp\/v2\/product"}],"about":[{"href":"https:\/\/www.technic-toys.com\/hr\/wp-json\/wp\/v2\/types\/product"}],"wp:featuredmedia":[{"embeddable":true,"href":"https:\/\/www.technic-toys.com\/hr\/wp-json\/wp\/v2\/media\/15940"}],"wp:attachment":[{"href":"https:\/\/www.technic-toys.com\/hr\/wp-json\/wp\/v2\/media?parent=19672"}],"wp:term":[{"taxonomy":"product_cat","embeddable":true,"href":"https:\/\/www.technic-toys.com\/hr\/wp-json\/wp\/v2\/product_cat?post=19672"},{"taxonomy":"product_tag","embeddable":true,"href":"https:\/\/www.technic-toys.com\/hr\/wp-json\/wp\/v2\/product_tag?post=19672"}],"curies":[{"name":"wp","href":"https:\/\/api.w.org\/{rel}","templated":true}]}}