{"id":19675,"date":"2022-04-08T16:59:29","date_gmt":"2022-04-08T19:35:44","guid":{"rendered":"https:\/\/www.technic-toys.com\/izdelek\/leopard-2a6-116-standardna-linija-ir-bb\/"},"modified":"2022-08-01T12:43:42","modified_gmt":"2022-08-01T10:43:42","slug":"leopard-2a6-116-standardna-linija-ir-bb","status":"publish","type":"product","link":"https:\/\/www.technic-toys.com\/hr\/proizvod\/leopard-2a6-116-standardna-linija-ir-bb\/","title":{"rendered":"Leopard 2A6 1:16 Standardna linija IR\/BB"},"content":{"rendered":"<p>Leopard 2 je glavni borbeni tenk njema\u010dke proizvodnje i jo\u0161 uvijek je jedan od najboljih te vrste. Prvobitno je zami\u0161ljen kao okosnica oklopnih snaga i za odbranu od neprijateljskih tenkovskih formacija. Konverzija tenka u verziju A6 uglavnom je uticala na sistem naoru\u017eanja. Uz ove promjene, uvedena je i nova KE (kineti\u010dka energija) municija. Glavno oru\u017eje je stabilizirano i nikada ne gubi cilj iz vida \u010dak ni pri vo\u017enji van puta. Sa ovim inovacijama, Leo2A6 je jedan od najpreciznijih tenkova na svijetu.<br \/>Opis: AMEWI Edition je prava replika u mjerilu 1:16, isporu\u010dena u kutiji od punog pravog drveta u reprezentativni stil kutije za municiju u prirodnoj boji. RTR &#8211; spreman za rad Tenk ima funkciju dima i zvuka kao i sistem rasvjete za jo\u0161 uvjerljivije svjetove iskustva. Funkcija ga\u0111anja se vr\u0161i pomo\u0107u d\u017eojstika i dugmeta, preko kojih se 6mm BB projektili od tvrde plastike mogu ispaliti do 15m. Osim toga, model ima infracrveni borbeni modul, koji omogu\u0107ava duele sa drugim tenkovima iz ovog Amewi izdanja. U slu\u010daju direktnog neprijateljskog pogotka, pogo\u0111eni tenk se jednom vidno potrese. Top se mo\u017ee pomerati gore-dole, sve kontrolne funkcije su proporcionalne i stoga se mogu kontrolisati osetljivo.<br \/>Model se pokre\u0107u sa dva sna\u017ena motora, koji svoju snagu prenose na pogonske to\u010dkove preko vi\u0161estepenog plasti\u010dnog zup\u010danika. Menja\u010d iznutra je dodatno kapsuliran (pokriven).Svi to\u010dkovi na \u0161asiji su spojeni sa \u0161asijom metalnim krilcima i prigu\u0161eni. Ovaj vjerni model sa svojom maskirnom zavr\u0161nom obradom nije ni na koji na\u010din inferioran u odnosu na pravi tenk. Cijeli obim isporuke odgovara najnovijoj tehnologiji (elektronika TK 6.0). Od sada isporu\u010dujemo sve modele sa modernom LiPo baterijom od 1800mAh i 7,4V. U kompletu je i odgovaraju\u0107i LiPo punja\u010d.<br \/>Model je testiran na funkcionalnost prije nego \u0161to je upakovan i uklju\u010den je funkcionalni dnevnik. Isporu\u010duje se u jezgri od stiropora koji se precizno uklapa (napomena: drvena kutija je bonus i ne daje vam pravo na reklamacije u slu\u010daju bilo kakvog vanjskog o\u0161te\u0107enja kutije od pravog drveta).<br \/>Funkcije: Rotiranje naprijed\/nazad lijevo\/desno top na licu mesta: gore\/dole toranj: funkcija ga\u0111anja rotacije<br \/>dodatni infracrveni borbeni modul za uzbudljive duele dim i zvu\u010dno osvetljenje prigu\u0161ena metalna krila za to\u010dkove<br \/>Tehni\u010dki podaci: du\u017eina: 480mm du\u017eina sa topom: 700mm \u0161irina: 220mm visina: 175mm te\u017eina: 2669g bez funkcije pucanja baterije : 6mm BB meci od tvrde plastike Dimna funkcija: kori\u0161tenje dimnog ulja (obratite pa\u017enju na koli\u010dinu punjenja!) Baterija: 1800mAh 7.4V LiPo 2S, 93g, 130 x 42mm LiPor punjenje balansir punja\u010da sa 850mAh Kontrola: 2.4Ghz elektronika: TK 6.0<br \/>Obim isporuke : 1x rezervoar 1x daljinski upravlja\u010d 2.4 GHz 1x baterija 7.4V 1800mAh LiPo 1x utikac punja\u010d LiPo 850mAh 1x tecna municija 1x prikljucci za tecnost 1x Upute DE \/ EN<br \/>Potreban pribor slu\u0161ajte: 6x 1.5V mignon AA baterije za predajnik<\/p>\n","protected":false},"excerpt":{"rendered":"<p>Sa dimom i zvukom<\/p>\n","protected":false},"featured_media":16021,"template":"","meta":[],"product_cat":[514,421],"product_tag":[],"acf":[],"yoast_head":"<!-- This site is optimized with the Yoast SEO plugin v21.7 - https:\/\/yoast.com\/wordpress\/plugins\/seo\/ -->\n<title>Leopard 2A6 1:16 Standardna linija IR\/BB - TECHNIC TOYS SHOP<\/title>\n<meta name=\"robots\" content=\"index, follow, max-snippet:-1, max-image-preview:large, max-video-preview:-1\" \/>\n<link rel=\"canonical\" href=\"https:\/\/www.technic-toys.com\/hr\/proizvod\/leopard-2a6-116-standardna-linija-ir-bb\/\" \/>\n<meta property=\"og:locale\" content=\"hr_HR\" \/>\n<meta property=\"og:type\" content=\"article\" \/>\n<meta property=\"og:title\" content=\"Leopard 2A6 1:16 Standardna linija IR\/BB - TECHNIC TOYS SHOP\" \/>\n<meta property=\"og:description\" content=\"Sa dimom i zvukom\" \/>\n<meta property=\"og:url\" content=\"https:\/\/www.technic-toys.com\/hr\/proizvod\/leopard-2a6-116-standardna-linija-ir-bb\/\" \/>\n<meta property=\"og:site_name\" content=\"TECHNIC TOYS SHOP\" \/>\n<meta property=\"article:modified_time\" content=\"2022-08-01T10:43:42+00:00\" \/>\n<meta property=\"og:image\" content=\"https:\/\/www.technic-toys.com\/wp-content\/uploads\/2022\/04\/23077.jpg\" \/>\n\t<meta property=\"og:image:width\" content=\"2560\" \/>\n\t<meta property=\"og:image:height\" content=\"1468\" \/>\n\t<meta property=\"og:image:type\" content=\"image\/jpeg\" \/>\n<meta name=\"twitter:card\" content=\"summary_large_image\" \/>\n<meta name=\"twitter:label1\" content=\"Procijenjeno vrijeme \u010ditanja\" \/>\n\t<meta name=\"twitter:data1\" content=\"2 minute\" \/>\n<script type=\"application\/ld+json\" class=\"yoast-schema-graph\">{\"@context\":\"https:\/\/schema.org\",\"@graph\":[{\"@type\":\"WebPage\",\"@id\":\"https:\/\/www.technic-toys.com\/hr\/proizvod\/leopard-2a6-116-standardna-linija-ir-bb\/\",\"url\":\"https:\/\/www.technic-toys.com\/hr\/proizvod\/leopard-2a6-116-standardna-linija-ir-bb\/\",\"name\":\"Leopard 2A6 1:16 Standardna linija IR\/BB - TECHNIC TOYS SHOP\",\"isPartOf\":{\"@id\":\"https:\/\/www.technic-toys.com\/en\/#website\"},\"datePublished\":\"2022-04-08T19:35:44+00:00\",\"dateModified\":\"2022-08-01T10:43:42+00:00\",\"breadcrumb\":{\"@id\":\"https:\/\/www.technic-toys.com\/hr\/proizvod\/leopard-2a6-116-standardna-linija-ir-bb\/#breadcrumb\"},\"inLanguage\":\"hr\",\"potentialAction\":[{\"@type\":\"ReadAction\",\"target\":[\"https:\/\/www.technic-toys.com\/hr\/proizvod\/leopard-2a6-116-standardna-linija-ir-bb\/\"]}]},{\"@type\":\"BreadcrumbList\",\"@id\":\"https:\/\/www.technic-toys.com\/hr\/proizvod\/leopard-2a6-116-standardna-linija-ir-bb\/#breadcrumb\",\"itemListElement\":[{\"@type\":\"ListItem\",\"position\":1,\"name\":\"Domov\",\"item\":\"https:\/\/www.technic-toys.com\/hr\/\"},{\"@type\":\"ListItem\",\"position\":2,\"name\":\"Shop\",\"item\":\"https:\/\/www.technic-toys.com\/hr\/shop-2\/\"},{\"@type\":\"ListItem\",\"position\":3,\"name\":\"Leopard 2A6 1:16 Standardna linija IR\/BB\"}]},{\"@type\":\"WebSite\",\"@id\":\"https:\/\/www.technic-toys.com\/en\/#website\",\"url\":\"https:\/\/www.technic-toys.com\/en\/\",\"name\":\"TECHNIC TOYS SHOP\",\"description\":\"\",\"potentialAction\":[{\"@type\":\"SearchAction\",\"target\":{\"@type\":\"EntryPoint\",\"urlTemplate\":\"https:\/\/www.technic-toys.com\/en\/?s={search_term_string}\"},\"query-input\":\"required name=search_term_string\"}],\"inLanguage\":\"hr\"}]}<\/script>\n<!-- \/ Yoast SEO plugin. -->","yoast_head_json":{"title":"Leopard 2A6 1:16 Standardna linija IR\/BB - TECHNIC TOYS SHOP","robots":{"index":"index","follow":"follow","max-snippet":"max-snippet:-1","max-image-preview":"max-image-preview:large","max-video-preview":"max-video-preview:-1"},"canonical":"https:\/\/www.technic-toys.com\/hr\/proizvod\/leopard-2a6-116-standardna-linija-ir-bb\/","og_locale":"hr_HR","og_type":"article","og_title":"Leopard 2A6 1:16 Standardna linija IR\/BB - TECHNIC TOYS SHOP","og_description":"Sa dimom i zvukom","og_url":"https:\/\/www.technic-toys.com\/hr\/proizvod\/leopard-2a6-116-standardna-linija-ir-bb\/","og_site_name":"TECHNIC TOYS SHOP","article_modified_time":"2022-08-01T10:43:42+00:00","og_image":[{"width":2560,"height":1468,"url":"https:\/\/www.technic-toys.com\/wp-content\/uploads\/2022\/04\/23077.jpg","type":"image\/jpeg"}],"twitter_card":"summary_large_image","twitter_misc":{"Procijenjeno vrijeme \u010ditanja":"2 minute"},"schema":{"@context":"https:\/\/schema.org","@graph":[{"@type":"WebPage","@id":"https:\/\/www.technic-toys.com\/hr\/proizvod\/leopard-2a6-116-standardna-linija-ir-bb\/","url":"https:\/\/www.technic-toys.com\/hr\/proizvod\/leopard-2a6-116-standardna-linija-ir-bb\/","name":"Leopard 2A6 1:16 Standardna linija IR\/BB - TECHNIC TOYS SHOP","isPartOf":{"@id":"https:\/\/www.technic-toys.com\/en\/#website"},"datePublished":"2022-04-08T19:35:44+00:00","dateModified":"2022-08-01T10:43:42+00:00","breadcrumb":{"@id":"https:\/\/www.technic-toys.com\/hr\/proizvod\/leopard-2a6-116-standardna-linija-ir-bb\/#breadcrumb"},"inLanguage":"hr","potentialAction":[{"@type":"ReadAction","target":["https:\/\/www.technic-toys.com\/hr\/proizvod\/leopard-2a6-116-standardna-linija-ir-bb\/"]}]},{"@type":"BreadcrumbList","@id":"https:\/\/www.technic-toys.com\/hr\/proizvod\/leopard-2a6-116-standardna-linija-ir-bb\/#breadcrumb","itemListElement":[{"@type":"ListItem","position":1,"name":"Domov","item":"https:\/\/www.technic-toys.com\/hr\/"},{"@type":"ListItem","position":2,"name":"Shop","item":"https:\/\/www.technic-toys.com\/hr\/shop-2\/"},{"@type":"ListItem","position":3,"name":"Leopard 2A6 1:16 Standardna linija IR\/BB"}]},{"@type":"WebSite","@id":"https:\/\/www.technic-toys.com\/en\/#website","url":"https:\/\/www.technic-toys.com\/en\/","name":"TECHNIC TOYS SHOP","description":"","potentialAction":[{"@type":"SearchAction","target":{"@type":"EntryPoint","urlTemplate":"https:\/\/www.technic-toys.com\/en\/?s={search_term_string}"},"query-input":"required name=search_term_string"}],"inLanguage":"hr"}]}},"_links":{"self":[{"href":"https:\/\/www.technic-toys.com\/hr\/wp-json\/wp\/v2\/product\/19675"}],"collection":[{"href":"https:\/\/www.technic-toys.com\/hr\/wp-json\/wp\/v2\/product"}],"about":[{"href":"https:\/\/www.technic-toys.com\/hr\/wp-json\/wp\/v2\/types\/product"}],"wp:featuredmedia":[{"embeddable":true,"href":"https:\/\/www.technic-toys.com\/hr\/wp-json\/wp\/v2\/media\/16021"}],"wp:attachment":[{"href":"https:\/\/www.technic-toys.com\/hr\/wp-json\/wp\/v2\/media?parent=19675"}],"wp:term":[{"taxonomy":"product_cat","embeddable":true,"href":"https:\/\/www.technic-toys.com\/hr\/wp-json\/wp\/v2\/product_cat?post=19675"},{"taxonomy":"product_tag","embeddable":true,"href":"https:\/\/www.technic-toys.com\/hr\/wp-json\/wp\/v2\/product_tag?post=19675"}],"curies":[{"name":"wp","href":"https:\/\/api.w.org\/{rel}","templated":true}]}}