{"id":19676,"date":"2022-04-08T16:59:29","date_gmt":"2022-04-08T19:35:44","guid":{"rendered":"https:\/\/www.technic-toys.com\/izdelek\/tiger-i-116-professional-line-iii-bb-dy\/"},"modified":"2022-08-01T12:43:42","modified_gmt":"2022-08-01T10:43:42","slug":"tiger-i-116-professional-line-iii-bb-dy","status":"publish","type":"product","link":"https:\/\/www.technic-toys.com\/hr\/proizvod\/tiger-i-116-professional-line-iii-bb-dy\/","title":{"rendered":"Tiger I 1:16 Professional Line III, BB\/DY"},"content":{"rendered":"<p>Te\u0161ki Panzerkampfwagen VI &#8220;Tiger I&#8221; proizvodila je kompanija Henschel od 1942. do 1944., a koristio ga je Wehrmacht od kasnog ljeta 1942. &#038;nbsp. Zbog svog sna\u017enog glavnog oru\u017eja i visoke oklopne za\u0161tite, Tigar je bio jedan od najmo\u0107nijih tenkova u Drugom svjetskom ratu i strahovali su ga svi protivnici.<\/p>\n<p>AMEWI izdanje je vjerno- \u017eivotna replika u razmeri 1:16. Ovo je RTR (Ready To Run) verzija. Sve komponente kao \u0161to su podvozje, kupola, valjci, cijev topa, lanci i poklopci itd. su na ovom modelu od metala. Osim toga, proizveden je i metalni glavni zup\u010danik uklju\u010duju\u0107i motore, optimiziran za veliku te\u017einu. Transmisija je vrlo fino prevedena, \u0161to zna\u010di da je cjelokupna slika vo\u017enje vrlo bliska originalu. <br \/>Boja je 1K boja, \u0161to omogu\u0107ava da se vremenski uslovi nastave do savr\u0161enstva, a zatim zape\u010datite rezervoar mat prozirnim premazom kako biste za\u0161titili zavr\u0161ni sloj boje.<\/p>\n<p>Karakteristike: <br \/> Nezavisni ovjes kota\u010da<br \/>Lithum 2600mah baterija<br \/>Sve metalne komponente<br \/>Modul istinskog zvuka visokog kvaliteta<br \/>Razli\u010diti zvu\u010dni efekti za motor, top i mitraljez<br \/>Visokokvalitetna mjedena oprema <\/p>\n<p>Tehni\u010dki podaci:<br \/>Razmjer: 1:16<br \/>Ukupna du\u017eina: 530mm<br \/>Du\u017eina bez topa: 400mm<br \/>\u0160irina: 230mm<br \/>Visina: 195mm<br \/>Te\u017eina: 6500g<br \/>Boja: neobojena<br \/>Volkovi: metalni<br \/>Lanci: metalni<br \/>Donji trup: metal<br \/>Nosa\u010d to\u010dka: metal<br \/>Toranj : metal<br \/ >Okretni prsten: okretni prsten 360\u00b0<br \/>Zup\u010danik: inkapsulirani metalni zup\u010danik<br \/>Dizajn: RTR, sastavljen spreman za vo\u017enju, ofarban u pustinjsko \u017euto<br \/>Daljinski upravlja\u010d: 6-kanalni 2.4 GHz<\/p>\n<p>Obim isporuke:<br \/>Model Tiger I Professional Line III<b r \/>Daljinski upravlja\u010d<br \/>LiIon baterija<br \/>Punja\u010d<br \/>Korisni\u010dki priru\u010dnik DE\/EN<\/p>\n","protected":false},"excerpt":{"rendered":"<p>Puni metal, pravi zvuk, pustinjska \u017euta zavr\u0161na obrada<\/p>\n","protected":false},"featured_media":16046,"template":"","meta":[],"product_cat":[514,421],"product_tag":[],"acf":[],"yoast_head":"<!-- This site is optimized with the Yoast SEO plugin v21.7 - https:\/\/yoast.com\/wordpress\/plugins\/seo\/ -->\n<title>Tiger I 1:16 Professional Line III, BB\/DY - TECHNIC TOYS SHOP<\/title>\n<meta name=\"robots\" content=\"index, follow, max-snippet:-1, max-image-preview:large, max-video-preview:-1\" \/>\n<link rel=\"canonical\" href=\"https:\/\/www.technic-toys.com\/hr\/proizvod\/tiger-i-116-professional-line-iii-bb-dy\/\" \/>\n<meta property=\"og:locale\" content=\"hr_HR\" \/>\n<meta property=\"og:type\" content=\"article\" \/>\n<meta property=\"og:title\" content=\"Tiger I 1:16 Professional Line III, BB\/DY - TECHNIC TOYS SHOP\" \/>\n<meta property=\"og:description\" content=\"Puni metal, pravi zvuk, pustinjska \u017euta zavr\u0161na obrada\" \/>\n<meta property=\"og:url\" content=\"https:\/\/www.technic-toys.com\/hr\/proizvod\/tiger-i-116-professional-line-iii-bb-dy\/\" \/>\n<meta property=\"og:site_name\" content=\"TECHNIC TOYS SHOP\" \/>\n<meta property=\"article:modified_time\" content=\"2022-08-01T10:43:42+00:00\" \/>\n<meta property=\"og:image\" content=\"https:\/\/www.technic-toys.com\/wp-content\/uploads\/2022\/04\/23078.jpg\" \/>\n\t<meta property=\"og:image:width\" content=\"1600\" \/>\n\t<meta property=\"og:image:height\" content=\"1200\" \/>\n\t<meta property=\"og:image:type\" content=\"image\/jpeg\" \/>\n<meta name=\"twitter:card\" content=\"summary_large_image\" \/>\n<meta name=\"twitter:label1\" content=\"Procijenjeno vrijeme \u010ditanja\" \/>\n\t<meta name=\"twitter:data1\" content=\"1 minuta\" \/>\n<script type=\"application\/ld+json\" class=\"yoast-schema-graph\">{\"@context\":\"https:\/\/schema.org\",\"@graph\":[{\"@type\":\"WebPage\",\"@id\":\"https:\/\/www.technic-toys.com\/hr\/proizvod\/tiger-i-116-professional-line-iii-bb-dy\/\",\"url\":\"https:\/\/www.technic-toys.com\/hr\/proizvod\/tiger-i-116-professional-line-iii-bb-dy\/\",\"name\":\"Tiger I 1:16 Professional Line III, BB\/DY - TECHNIC TOYS SHOP\",\"isPartOf\":{\"@id\":\"https:\/\/www.technic-toys.com\/en\/#website\"},\"datePublished\":\"2022-04-08T19:35:44+00:00\",\"dateModified\":\"2022-08-01T10:43:42+00:00\",\"breadcrumb\":{\"@id\":\"https:\/\/www.technic-toys.com\/hr\/proizvod\/tiger-i-116-professional-line-iii-bb-dy\/#breadcrumb\"},\"inLanguage\":\"hr\",\"potentialAction\":[{\"@type\":\"ReadAction\",\"target\":[\"https:\/\/www.technic-toys.com\/hr\/proizvod\/tiger-i-116-professional-line-iii-bb-dy\/\"]}]},{\"@type\":\"BreadcrumbList\",\"@id\":\"https:\/\/www.technic-toys.com\/hr\/proizvod\/tiger-i-116-professional-line-iii-bb-dy\/#breadcrumb\",\"itemListElement\":[{\"@type\":\"ListItem\",\"position\":1,\"name\":\"Domov\",\"item\":\"https:\/\/www.technic-toys.com\/hr\/\"},{\"@type\":\"ListItem\",\"position\":2,\"name\":\"Shop\",\"item\":\"https:\/\/www.technic-toys.com\/hr\/shop-2\/\"},{\"@type\":\"ListItem\",\"position\":3,\"name\":\"Tiger I 1:16 Professional Line III, BB\/DY\"}]},{\"@type\":\"WebSite\",\"@id\":\"https:\/\/www.technic-toys.com\/en\/#website\",\"url\":\"https:\/\/www.technic-toys.com\/en\/\",\"name\":\"TECHNIC TOYS SHOP\",\"description\":\"\",\"potentialAction\":[{\"@type\":\"SearchAction\",\"target\":{\"@type\":\"EntryPoint\",\"urlTemplate\":\"https:\/\/www.technic-toys.com\/en\/?s={search_term_string}\"},\"query-input\":\"required name=search_term_string\"}],\"inLanguage\":\"hr\"}]}<\/script>\n<!-- \/ Yoast SEO plugin. -->","yoast_head_json":{"title":"Tiger I 1:16 Professional Line III, BB\/DY - TECHNIC TOYS SHOP","robots":{"index":"index","follow":"follow","max-snippet":"max-snippet:-1","max-image-preview":"max-image-preview:large","max-video-preview":"max-video-preview:-1"},"canonical":"https:\/\/www.technic-toys.com\/hr\/proizvod\/tiger-i-116-professional-line-iii-bb-dy\/","og_locale":"hr_HR","og_type":"article","og_title":"Tiger I 1:16 Professional Line III, BB\/DY - TECHNIC TOYS SHOP","og_description":"Puni metal, pravi zvuk, pustinjska \u017euta zavr\u0161na obrada","og_url":"https:\/\/www.technic-toys.com\/hr\/proizvod\/tiger-i-116-professional-line-iii-bb-dy\/","og_site_name":"TECHNIC TOYS SHOP","article_modified_time":"2022-08-01T10:43:42+00:00","og_image":[{"width":1600,"height":1200,"url":"https:\/\/www.technic-toys.com\/wp-content\/uploads\/2022\/04\/23078.jpg","type":"image\/jpeg"}],"twitter_card":"summary_large_image","twitter_misc":{"Procijenjeno vrijeme \u010ditanja":"1 minuta"},"schema":{"@context":"https:\/\/schema.org","@graph":[{"@type":"WebPage","@id":"https:\/\/www.technic-toys.com\/hr\/proizvod\/tiger-i-116-professional-line-iii-bb-dy\/","url":"https:\/\/www.technic-toys.com\/hr\/proizvod\/tiger-i-116-professional-line-iii-bb-dy\/","name":"Tiger I 1:16 Professional Line III, BB\/DY - TECHNIC TOYS SHOP","isPartOf":{"@id":"https:\/\/www.technic-toys.com\/en\/#website"},"datePublished":"2022-04-08T19:35:44+00:00","dateModified":"2022-08-01T10:43:42+00:00","breadcrumb":{"@id":"https:\/\/www.technic-toys.com\/hr\/proizvod\/tiger-i-116-professional-line-iii-bb-dy\/#breadcrumb"},"inLanguage":"hr","potentialAction":[{"@type":"ReadAction","target":["https:\/\/www.technic-toys.com\/hr\/proizvod\/tiger-i-116-professional-line-iii-bb-dy\/"]}]},{"@type":"BreadcrumbList","@id":"https:\/\/www.technic-toys.com\/hr\/proizvod\/tiger-i-116-professional-line-iii-bb-dy\/#breadcrumb","itemListElement":[{"@type":"ListItem","position":1,"name":"Domov","item":"https:\/\/www.technic-toys.com\/hr\/"},{"@type":"ListItem","position":2,"name":"Shop","item":"https:\/\/www.technic-toys.com\/hr\/shop-2\/"},{"@type":"ListItem","position":3,"name":"Tiger I 1:16 Professional Line III, BB\/DY"}]},{"@type":"WebSite","@id":"https:\/\/www.technic-toys.com\/en\/#website","url":"https:\/\/www.technic-toys.com\/en\/","name":"TECHNIC TOYS SHOP","description":"","potentialAction":[{"@type":"SearchAction","target":{"@type":"EntryPoint","urlTemplate":"https:\/\/www.technic-toys.com\/en\/?s={search_term_string}"},"query-input":"required name=search_term_string"}],"inLanguage":"hr"}]}},"_links":{"self":[{"href":"https:\/\/www.technic-toys.com\/hr\/wp-json\/wp\/v2\/product\/19676"}],"collection":[{"href":"https:\/\/www.technic-toys.com\/hr\/wp-json\/wp\/v2\/product"}],"about":[{"href":"https:\/\/www.technic-toys.com\/hr\/wp-json\/wp\/v2\/types\/product"}],"wp:featuredmedia":[{"embeddable":true,"href":"https:\/\/www.technic-toys.com\/hr\/wp-json\/wp\/v2\/media\/16046"}],"wp:attachment":[{"href":"https:\/\/www.technic-toys.com\/hr\/wp-json\/wp\/v2\/media?parent=19676"}],"wp:term":[{"taxonomy":"product_cat","embeddable":true,"href":"https:\/\/www.technic-toys.com\/hr\/wp-json\/wp\/v2\/product_cat?post=19676"},{"taxonomy":"product_tag","embeddable":true,"href":"https:\/\/www.technic-toys.com\/hr\/wp-json\/wp\/v2\/product_tag?post=19676"}],"curies":[{"name":"wp","href":"https:\/\/api.w.org\/{rel}","templated":true}]}}