{"id":19683,"date":"2022-04-08T17:06:10","date_gmt":"2022-04-08T19:35:44","guid":{"rendered":"https:\/\/www.technic-toys.com\/izdelek\/m36-jackson-b1-116-professional-line-iii-ir-up\/"},"modified":"2022-08-01T12:43:35","modified_gmt":"2022-08-01T10:43:35","slug":"m36-jackson-b1-116-professional-line-iii-ir-up","status":"publish","type":"product","link":"https:\/\/www.technic-toys.com\/hr\/proizvod\/m36-jackson-b1-116-professional-line-iii-ir-up\/","title":{"rendered":"M36 Jackson B1 1:16 Professional Line III IR\/UP"},"content":{"rendered":"<p>M36 B1 tenk &#8211; RTR verzija &#8211; potpuno metalM36 Jackson (tako\u0111er poznat kao Slugger) bio je ameri\u010dki razara\u010d tenkova tokom Drugog svjetskog rata. Verzija B1 je imala kupolu M36 na vrhu M4A3 Sherman. M36 B1 je prvi put kori\u0161ten u ofanzivi Ardena u zimu 1944\/145. Ukupno je proizvedeno 1.700 jedinica ovog razara\u010da tenkova. U borbi su izgubljena 153 komada.Ovaj tenk je napravljen od metala u mjerilu 1:16 sa velikom pa\u017enjom i precizno\u0161\u0107u.Top je podesiv po visini.Kvalitetni True Sound Module: Zvu\u010dna elektronika od stru\u010dnjaka &#8211; vrlo visok kvalitet Razni zvuk efekti za motor, top, MG uklj. visokokvalitetni 6-kanalni radio daljinski upravlja\u010d od 2,4 GHz i Ni-Mh baterija od 3,300 mAh Tehni\u010dki podaci: rezervoar u skali 1:16 u potpunosti napravljen od metala za 360 stepeni rotiraju\u0107i top pode\u0161avanje visine topa Pravi daljinski upravlja\u010d zvu\u010dnog modula: 2,4 GHz 6-kanalni baterija: 3.300 mAh Ni-Mh baterija Isporuka u plemenitom transportnom koferu sadr\u017ei: Daljinski upravlja\u010d rezervoara 2,4 GHz 6-kanalni punja\u010d baterije Obim isporuke: Isporu\u010duje se u plemenitom transportnom koferu sadr\u017ei: Daljinski upravlja\u010d rezervoara 2,4 GHz 6-kanalni punja\u010d baterije<\/p>\n","protected":false},"excerpt":{"rendered":"<p>Cijeli metal, True Sound, nefarban<\/p>\n","protected":false},"featured_media":16185,"template":"","meta":[],"product_cat":[514,421],"product_tag":[],"acf":[],"yoast_head":"<!-- This site is optimized with the Yoast SEO plugin v21.7 - https:\/\/yoast.com\/wordpress\/plugins\/seo\/ -->\n<title>M36 Jackson B1 1:16 Professional Line III IR\/UP - TECHNIC TOYS SHOP<\/title>\n<meta name=\"robots\" content=\"index, follow, max-snippet:-1, max-image-preview:large, max-video-preview:-1\" \/>\n<link rel=\"canonical\" href=\"https:\/\/www.technic-toys.com\/hr\/proizvod\/m36-jackson-b1-116-professional-line-iii-ir-up\/\" \/>\n<meta property=\"og:locale\" content=\"hr_HR\" \/>\n<meta property=\"og:type\" content=\"article\" \/>\n<meta property=\"og:title\" content=\"M36 Jackson B1 1:16 Professional Line III IR\/UP - TECHNIC TOYS SHOP\" \/>\n<meta property=\"og:description\" content=\"Cijeli metal, True Sound, nefarban\" \/>\n<meta property=\"og:url\" content=\"https:\/\/www.technic-toys.com\/hr\/proizvod\/m36-jackson-b1-116-professional-line-iii-ir-up\/\" \/>\n<meta property=\"og:site_name\" content=\"TECHNIC TOYS SHOP\" \/>\n<meta property=\"article:modified_time\" content=\"2022-08-01T10:43:35+00:00\" \/>\n<meta property=\"og:image\" content=\"https:\/\/www.technic-toys.com\/wp-content\/uploads\/2022\/04\/23085.jpg\" \/>\n\t<meta property=\"og:image:width\" content=\"2560\" \/>\n\t<meta property=\"og:image:height\" content=\"1468\" \/>\n\t<meta property=\"og:image:type\" content=\"image\/jpeg\" \/>\n<meta name=\"twitter:card\" content=\"summary_large_image\" \/>\n<meta name=\"twitter:label1\" content=\"Procijenjeno vrijeme \u010ditanja\" \/>\n\t<meta name=\"twitter:data1\" content=\"1 minuta\" \/>\n<script type=\"application\/ld+json\" class=\"yoast-schema-graph\">{\"@context\":\"https:\/\/schema.org\",\"@graph\":[{\"@type\":\"WebPage\",\"@id\":\"https:\/\/www.technic-toys.com\/hr\/proizvod\/m36-jackson-b1-116-professional-line-iii-ir-up\/\",\"url\":\"https:\/\/www.technic-toys.com\/hr\/proizvod\/m36-jackson-b1-116-professional-line-iii-ir-up\/\",\"name\":\"M36 Jackson B1 1:16 Professional Line III IR\/UP - TECHNIC TOYS SHOP\",\"isPartOf\":{\"@id\":\"https:\/\/www.technic-toys.com\/en\/#website\"},\"datePublished\":\"2022-04-08T19:35:44+00:00\",\"dateModified\":\"2022-08-01T10:43:35+00:00\",\"breadcrumb\":{\"@id\":\"https:\/\/www.technic-toys.com\/hr\/proizvod\/m36-jackson-b1-116-professional-line-iii-ir-up\/#breadcrumb\"},\"inLanguage\":\"hr\",\"potentialAction\":[{\"@type\":\"ReadAction\",\"target\":[\"https:\/\/www.technic-toys.com\/hr\/proizvod\/m36-jackson-b1-116-professional-line-iii-ir-up\/\"]}]},{\"@type\":\"BreadcrumbList\",\"@id\":\"https:\/\/www.technic-toys.com\/hr\/proizvod\/m36-jackson-b1-116-professional-line-iii-ir-up\/#breadcrumb\",\"itemListElement\":[{\"@type\":\"ListItem\",\"position\":1,\"name\":\"Domov\",\"item\":\"https:\/\/www.technic-toys.com\/hr\/\"},{\"@type\":\"ListItem\",\"position\":2,\"name\":\"Shop\",\"item\":\"https:\/\/www.technic-toys.com\/hr\/shop-2\/\"},{\"@type\":\"ListItem\",\"position\":3,\"name\":\"M36 Jackson B1 1:16 Professional Line III IR\/UP\"}]},{\"@type\":\"WebSite\",\"@id\":\"https:\/\/www.technic-toys.com\/en\/#website\",\"url\":\"https:\/\/www.technic-toys.com\/en\/\",\"name\":\"TECHNIC TOYS SHOP\",\"description\":\"\",\"potentialAction\":[{\"@type\":\"SearchAction\",\"target\":{\"@type\":\"EntryPoint\",\"urlTemplate\":\"https:\/\/www.technic-toys.com\/en\/?s={search_term_string}\"},\"query-input\":\"required name=search_term_string\"}],\"inLanguage\":\"hr\"}]}<\/script>\n<!-- \/ Yoast SEO plugin. -->","yoast_head_json":{"title":"M36 Jackson B1 1:16 Professional Line III IR\/UP - TECHNIC TOYS SHOP","robots":{"index":"index","follow":"follow","max-snippet":"max-snippet:-1","max-image-preview":"max-image-preview:large","max-video-preview":"max-video-preview:-1"},"canonical":"https:\/\/www.technic-toys.com\/hr\/proizvod\/m36-jackson-b1-116-professional-line-iii-ir-up\/","og_locale":"hr_HR","og_type":"article","og_title":"M36 Jackson B1 1:16 Professional Line III IR\/UP - TECHNIC TOYS SHOP","og_description":"Cijeli metal, True Sound, nefarban","og_url":"https:\/\/www.technic-toys.com\/hr\/proizvod\/m36-jackson-b1-116-professional-line-iii-ir-up\/","og_site_name":"TECHNIC TOYS SHOP","article_modified_time":"2022-08-01T10:43:35+00:00","og_image":[{"width":2560,"height":1468,"url":"https:\/\/www.technic-toys.com\/wp-content\/uploads\/2022\/04\/23085.jpg","type":"image\/jpeg"}],"twitter_card":"summary_large_image","twitter_misc":{"Procijenjeno vrijeme \u010ditanja":"1 minuta"},"schema":{"@context":"https:\/\/schema.org","@graph":[{"@type":"WebPage","@id":"https:\/\/www.technic-toys.com\/hr\/proizvod\/m36-jackson-b1-116-professional-line-iii-ir-up\/","url":"https:\/\/www.technic-toys.com\/hr\/proizvod\/m36-jackson-b1-116-professional-line-iii-ir-up\/","name":"M36 Jackson B1 1:16 Professional Line III IR\/UP - TECHNIC TOYS SHOP","isPartOf":{"@id":"https:\/\/www.technic-toys.com\/en\/#website"},"datePublished":"2022-04-08T19:35:44+00:00","dateModified":"2022-08-01T10:43:35+00:00","breadcrumb":{"@id":"https:\/\/www.technic-toys.com\/hr\/proizvod\/m36-jackson-b1-116-professional-line-iii-ir-up\/#breadcrumb"},"inLanguage":"hr","potentialAction":[{"@type":"ReadAction","target":["https:\/\/www.technic-toys.com\/hr\/proizvod\/m36-jackson-b1-116-professional-line-iii-ir-up\/"]}]},{"@type":"BreadcrumbList","@id":"https:\/\/www.technic-toys.com\/hr\/proizvod\/m36-jackson-b1-116-professional-line-iii-ir-up\/#breadcrumb","itemListElement":[{"@type":"ListItem","position":1,"name":"Domov","item":"https:\/\/www.technic-toys.com\/hr\/"},{"@type":"ListItem","position":2,"name":"Shop","item":"https:\/\/www.technic-toys.com\/hr\/shop-2\/"},{"@type":"ListItem","position":3,"name":"M36 Jackson B1 1:16 Professional Line III IR\/UP"}]},{"@type":"WebSite","@id":"https:\/\/www.technic-toys.com\/en\/#website","url":"https:\/\/www.technic-toys.com\/en\/","name":"TECHNIC TOYS SHOP","description":"","potentialAction":[{"@type":"SearchAction","target":{"@type":"EntryPoint","urlTemplate":"https:\/\/www.technic-toys.com\/en\/?s={search_term_string}"},"query-input":"required name=search_term_string"}],"inLanguage":"hr"}]}},"_links":{"self":[{"href":"https:\/\/www.technic-toys.com\/hr\/wp-json\/wp\/v2\/product\/19683"}],"collection":[{"href":"https:\/\/www.technic-toys.com\/hr\/wp-json\/wp\/v2\/product"}],"about":[{"href":"https:\/\/www.technic-toys.com\/hr\/wp-json\/wp\/v2\/types\/product"}],"wp:featuredmedia":[{"embeddable":true,"href":"https:\/\/www.technic-toys.com\/hr\/wp-json\/wp\/v2\/media\/16185"}],"wp:attachment":[{"href":"https:\/\/www.technic-toys.com\/hr\/wp-json\/wp\/v2\/media?parent=19683"}],"wp:term":[{"taxonomy":"product_cat","embeddable":true,"href":"https:\/\/www.technic-toys.com\/hr\/wp-json\/wp\/v2\/product_cat?post=19683"},{"taxonomy":"product_tag","embeddable":true,"href":"https:\/\/www.technic-toys.com\/hr\/wp-json\/wp\/v2\/product_tag?post=19683"}],"curies":[{"name":"wp","href":"https:\/\/api.w.org\/{rel}","templated":true}]}}