{"id":19686,"date":"2022-04-08T17:06:10","date_gmt":"2022-04-08T19:35:44","guid":{"rendered":"https:\/\/www.technic-toys.com\/izdelek\/wolverine-m10-116-professional-line-iii-ir-up\/"},"modified":"2022-08-01T12:43:36","modified_gmt":"2022-08-01T10:43:36","slug":"wolverine-m10-116-professional-line-iii-ir-up","status":"publish","type":"product","link":"https:\/\/www.technic-toys.com\/hr\/proizvod\/wolverine-m10-116-professional-line-iii-ir-up\/","title":{"rendered":"Wolverine M10 1:16 Professional Line III IR\/UP"},"content":{"rendered":"<p>M10 Wolverine je bio prvi ameri\u010dki razara\u010d tenkova kori\u0161ten u Drugom svjetskom ratu. Model impresionira svojim brojnim detaljima u veli\u010dini.<br \/>Svi priklju\u010dci su precizno reprodukovani, poklopci i poklopci se mogu otvoriti kao u originalu. Ljubitelji tenkova posebno \u0107e primijetiti \u0161asiju u realisti\u010dnoj veli\u010dini i originalno ovjes.<br \/>Visokokvalitetna elektronika sa pravim zvukom realisti\u010dno reprodukuje zvuk M10. Toranj se mo\u017ee rotirati za 360 stepeni. Top se mo\u017ee pomicati gore i dolje pomo\u0107u servo.<br \/>Funkcija pucanja simulira trzaj, cijev topa se pomi\u010de naprijed-nazad. Model tenka ima i infracrveni borbeni sistem, tako da se uzbudljive bitke mogu simulirati sa nekoliko modela.<\/p>\n<p>Unutra\u0161nje vrijednosti tako\u0111er govore same za sebe:<br \/>Robusni metalni zup\u010danici od kaljenog \u010delik osigurava izdr\u017eljivost i savr\u0161en prijenos snage!<br \/>LiPo baterija poznatog proizvo\u0111a\u010da GENS ACE slu\u017ei kao izvor energije za veoma dugu vo\u017enju. Baterija se mo\u017ee jednostavno puniti izvana pomo\u0107u utika\u010da za balansiranje preko otvora za punjenje i ne mora se vaditi iz modela.<br \/>Kompletan paket je zaokru\u017een luksuznim aluminijskim ku\u0107i\u0161tem \u010dija unutra\u0161njost ima prikladno izrezanu pjenastu gumu .<br \/><br \/ >Ova verzija je neobojena. Dakle, slika se mo\u017ee izraditi po Va\u0161oj \u017eelji.<\/p>\n<p>Karakteristike:<br \/>U potpunosti izra\u0111en od metalnog modela rezervoara u mjerilu 1:16<br \/>Izra\u0111eni visokokvalitetni metalni zup\u010danici od kaljenog \u010delika<br \/>Pravi zvuk Elektronika sa realisti\u010dnom reprodukcijom zvuka<br \/>Verna originalnoj \u0161asiji<br \/>Ovjesni valjci<br \/>Sa 6-kanalnim daljinskim upravlja\u010dem od 2,4 GHz<br \/>Proporcionalna kontrola<br \/ >Okretna kupola 360\u00b0<br \/>Visina topa podesiva servo <br \/>Noble transportno ku\u0107i\u0161te od aluminijuma<br \/>Infracrveni borbeni sistem<\/p>\n<p>Tehni\u010dki podaci:<br \/>Razmjer 1:16 <br \/>Dimenzije bez topa: 370x185x160mm<br \/>Te\u017eina: pribli\u017eno 11Kg<br \/>Omjer prijenosa: 5:1<br \/>Baterija: LiPo 2S 7.4V 2600mAh<br \/>Punja\u010d: Po balans: 800mA \/><br \/>Obim isporuke:<br \/>Panzer M10 Wolverine<br \/>Daljinski upravlja\u010d 2,4 GHz 6-kanalni<br \/>LiPo baterija<br \/>Punja\u010d<br \/>Uputstvo za upotrebu<br \/>Prilozi <br \/>Rezervne karike za lance<\/p>\n","protected":false},"excerpt":{"rendered":"<p>Cijeli metal, True Sound, farbano<\/p>\n","protected":false},"featured_media":16257,"template":"","meta":[],"product_cat":[514,421],"product_tag":[],"acf":[],"yoast_head":"<!-- This site is optimized with the Yoast SEO plugin v21.7 - https:\/\/yoast.com\/wordpress\/plugins\/seo\/ -->\n<title>Wolverine M10 1:16 Professional Line III IR\/UP - TECHNIC TOYS SHOP<\/title>\n<meta name=\"robots\" content=\"index, follow, max-snippet:-1, max-image-preview:large, max-video-preview:-1\" \/>\n<link rel=\"canonical\" href=\"https:\/\/www.technic-toys.com\/hr\/proizvod\/wolverine-m10-116-professional-line-iii-ir-up\/\" \/>\n<meta property=\"og:locale\" content=\"hr_HR\" \/>\n<meta property=\"og:type\" content=\"article\" \/>\n<meta property=\"og:title\" content=\"Wolverine M10 1:16 Professional Line III IR\/UP - TECHNIC TOYS SHOP\" \/>\n<meta property=\"og:description\" content=\"Cijeli metal, True Sound, farbano\" \/>\n<meta property=\"og:url\" content=\"https:\/\/www.technic-toys.com\/hr\/proizvod\/wolverine-m10-116-professional-line-iii-ir-up\/\" \/>\n<meta property=\"og:site_name\" content=\"TECHNIC TOYS SHOP\" \/>\n<meta property=\"article:modified_time\" content=\"2022-08-01T10:43:36+00:00\" \/>\n<meta property=\"og:image\" content=\"https:\/\/www.technic-toys.com\/wp-content\/uploads\/2022\/04\/23089.jpg\" \/>\n\t<meta property=\"og:image:width\" content=\"1280\" \/>\n\t<meta property=\"og:image:height\" content=\"734\" \/>\n\t<meta property=\"og:image:type\" content=\"image\/jpeg\" \/>\n<meta name=\"twitter:card\" content=\"summary_large_image\" \/>\n<meta name=\"twitter:label1\" content=\"Procijenjeno vrijeme \u010ditanja\" \/>\n\t<meta name=\"twitter:data1\" content=\"1 minuta\" \/>\n<script type=\"application\/ld+json\" class=\"yoast-schema-graph\">{\"@context\":\"https:\/\/schema.org\",\"@graph\":[{\"@type\":\"WebPage\",\"@id\":\"https:\/\/www.technic-toys.com\/hr\/proizvod\/wolverine-m10-116-professional-line-iii-ir-up\/\",\"url\":\"https:\/\/www.technic-toys.com\/hr\/proizvod\/wolverine-m10-116-professional-line-iii-ir-up\/\",\"name\":\"Wolverine M10 1:16 Professional Line III IR\/UP - TECHNIC TOYS SHOP\",\"isPartOf\":{\"@id\":\"https:\/\/www.technic-toys.com\/en\/#website\"},\"datePublished\":\"2022-04-08T19:35:44+00:00\",\"dateModified\":\"2022-08-01T10:43:36+00:00\",\"breadcrumb\":{\"@id\":\"https:\/\/www.technic-toys.com\/hr\/proizvod\/wolverine-m10-116-professional-line-iii-ir-up\/#breadcrumb\"},\"inLanguage\":\"hr\",\"potentialAction\":[{\"@type\":\"ReadAction\",\"target\":[\"https:\/\/www.technic-toys.com\/hr\/proizvod\/wolverine-m10-116-professional-line-iii-ir-up\/\"]}]},{\"@type\":\"BreadcrumbList\",\"@id\":\"https:\/\/www.technic-toys.com\/hr\/proizvod\/wolverine-m10-116-professional-line-iii-ir-up\/#breadcrumb\",\"itemListElement\":[{\"@type\":\"ListItem\",\"position\":1,\"name\":\"Domov\",\"item\":\"https:\/\/www.technic-toys.com\/hr\/\"},{\"@type\":\"ListItem\",\"position\":2,\"name\":\"Shop\",\"item\":\"https:\/\/www.technic-toys.com\/hr\/shop-2\/\"},{\"@type\":\"ListItem\",\"position\":3,\"name\":\"Wolverine M10 1:16 Professional Line III IR\/UP\"}]},{\"@type\":\"WebSite\",\"@id\":\"https:\/\/www.technic-toys.com\/en\/#website\",\"url\":\"https:\/\/www.technic-toys.com\/en\/\",\"name\":\"TECHNIC TOYS SHOP\",\"description\":\"\",\"potentialAction\":[{\"@type\":\"SearchAction\",\"target\":{\"@type\":\"EntryPoint\",\"urlTemplate\":\"https:\/\/www.technic-toys.com\/en\/?s={search_term_string}\"},\"query-input\":\"required name=search_term_string\"}],\"inLanguage\":\"hr\"}]}<\/script>\n<!-- \/ Yoast SEO plugin. -->","yoast_head_json":{"title":"Wolverine M10 1:16 Professional Line III IR\/UP - TECHNIC TOYS SHOP","robots":{"index":"index","follow":"follow","max-snippet":"max-snippet:-1","max-image-preview":"max-image-preview:large","max-video-preview":"max-video-preview:-1"},"canonical":"https:\/\/www.technic-toys.com\/hr\/proizvod\/wolverine-m10-116-professional-line-iii-ir-up\/","og_locale":"hr_HR","og_type":"article","og_title":"Wolverine M10 1:16 Professional Line III IR\/UP - TECHNIC TOYS SHOP","og_description":"Cijeli metal, True Sound, farbano","og_url":"https:\/\/www.technic-toys.com\/hr\/proizvod\/wolverine-m10-116-professional-line-iii-ir-up\/","og_site_name":"TECHNIC TOYS SHOP","article_modified_time":"2022-08-01T10:43:36+00:00","og_image":[{"width":1280,"height":734,"url":"https:\/\/www.technic-toys.com\/wp-content\/uploads\/2022\/04\/23089.jpg","type":"image\/jpeg"}],"twitter_card":"summary_large_image","twitter_misc":{"Procijenjeno vrijeme \u010ditanja":"1 minuta"},"schema":{"@context":"https:\/\/schema.org","@graph":[{"@type":"WebPage","@id":"https:\/\/www.technic-toys.com\/hr\/proizvod\/wolverine-m10-116-professional-line-iii-ir-up\/","url":"https:\/\/www.technic-toys.com\/hr\/proizvod\/wolverine-m10-116-professional-line-iii-ir-up\/","name":"Wolverine M10 1:16 Professional Line III IR\/UP - TECHNIC TOYS SHOP","isPartOf":{"@id":"https:\/\/www.technic-toys.com\/en\/#website"},"datePublished":"2022-04-08T19:35:44+00:00","dateModified":"2022-08-01T10:43:36+00:00","breadcrumb":{"@id":"https:\/\/www.technic-toys.com\/hr\/proizvod\/wolverine-m10-116-professional-line-iii-ir-up\/#breadcrumb"},"inLanguage":"hr","potentialAction":[{"@type":"ReadAction","target":["https:\/\/www.technic-toys.com\/hr\/proizvod\/wolverine-m10-116-professional-line-iii-ir-up\/"]}]},{"@type":"BreadcrumbList","@id":"https:\/\/www.technic-toys.com\/hr\/proizvod\/wolverine-m10-116-professional-line-iii-ir-up\/#breadcrumb","itemListElement":[{"@type":"ListItem","position":1,"name":"Domov","item":"https:\/\/www.technic-toys.com\/hr\/"},{"@type":"ListItem","position":2,"name":"Shop","item":"https:\/\/www.technic-toys.com\/hr\/shop-2\/"},{"@type":"ListItem","position":3,"name":"Wolverine M10 1:16 Professional Line III IR\/UP"}]},{"@type":"WebSite","@id":"https:\/\/www.technic-toys.com\/en\/#website","url":"https:\/\/www.technic-toys.com\/en\/","name":"TECHNIC TOYS SHOP","description":"","potentialAction":[{"@type":"SearchAction","target":{"@type":"EntryPoint","urlTemplate":"https:\/\/www.technic-toys.com\/en\/?s={search_term_string}"},"query-input":"required name=search_term_string"}],"inLanguage":"hr"}]}},"_links":{"self":[{"href":"https:\/\/www.technic-toys.com\/hr\/wp-json\/wp\/v2\/product\/19686"}],"collection":[{"href":"https:\/\/www.technic-toys.com\/hr\/wp-json\/wp\/v2\/product"}],"about":[{"href":"https:\/\/www.technic-toys.com\/hr\/wp-json\/wp\/v2\/types\/product"}],"wp:featuredmedia":[{"embeddable":true,"href":"https:\/\/www.technic-toys.com\/hr\/wp-json\/wp\/v2\/media\/16257"}],"wp:attachment":[{"href":"https:\/\/www.technic-toys.com\/hr\/wp-json\/wp\/v2\/media?parent=19686"}],"wp:term":[{"taxonomy":"product_cat","embeddable":true,"href":"https:\/\/www.technic-toys.com\/hr\/wp-json\/wp\/v2\/product_cat?post=19686"},{"taxonomy":"product_tag","embeddable":true,"href":"https:\/\/www.technic-toys.com\/hr\/wp-json\/wp\/v2\/product_tag?post=19686"}],"curies":[{"name":"wp","href":"https:\/\/api.w.org\/{rel}","templated":true}]}}