{"id":19689,"date":"2022-04-08T17:06:10","date_gmt":"2022-04-08T19:36:02","guid":{"rendered":"https:\/\/www.technic-toys.com\/izdelek\/tiger-i-116-advanced-line-ir-bb\/"},"modified":"2022-08-01T12:43:36","modified_gmt":"2022-08-01T10:43:36","slug":"tiger-i-116-advanced-line-ir-bb","status":"publish","type":"product","link":"https:\/\/www.technic-toys.com\/hr\/proizvod\/tiger-i-116-advanced-line-ir-bb\/","title":{"rendered":"Tiger I 1:16 Advanced Line IR\/BB"},"content":{"rendered":"<p>Te\u0161ki Panzerkampfwagen VI &#8220;Tiger I&#8221; proizvodila je kompanija Henschel od 1942. do 1944., a koristio ga je Wehrmacht od kasnog ljeta 1942. godine. Zbog svog sna\u017enog glavnog topa i visoke oklopne za\u0161tite, Tigar je bio jedan od najmo\u0107nijih tenkova u Drugom svjetskom ratu i kojeg su strahovali svi protivnici. <\/p>\n<p>AMEWI Edition je replika u mjerilu 1:16 koja je vjerna originalu. Ovo je RTR &#8211; verzija spremna za rad u najnovijoj verziji (elektronika TK 6.0) i opremljena je inkapsuliranim metalnim zup\u010danikom i metalnim zakretnim polugama za kota\u010de. Spremnik tako\u0111er ima funkciju dima i zvuka. Isporuka se odvija u visokokvalitetnoj \u0161tampanoj kutiji sa odgovaraju\u0107om jezgrom od stiropora. Svaki (!) rezervoar se testira na funkcionalnost i kompletnost prije isporuke. Kontrolna lista je uklju\u010dena. Uklju\u010den je i infracrveni borbeni modul, koji omogu\u0107ava uzbudljive duele sa drugim modelima iz na\u0161e Advanced ili Pro linije. U slu\u010daju direktnog pogotka iz infracrvenog MG doti\u010dnog tenka, model pogodaka se \u201etrese\u201c i time ukazuje na pogodak. Pona\u0161anje u vo\u017enji ovog sjajnog modela impresionira originalnim zvukovima i funkcijama. Pored infracrvenog borbenog modula, model ima i 6mm BB sistem ga\u0111anja preko glavnog topa. Sve funkcije se mogu kontrolisati potpuno proporcionalno i 5 razli\u010ditih zvukova se mo\u017ee podesiti preko predajnika.<\/p>\n<p>Funkcije:<br \/>Naprijed\/nazad<br \/>lijevo\/desno<br \/>Toranj gore\/dolje < br \/>Okretanje kupole<br \/>Funkcija snimanja<br \/>Dim i zvuk<br \/>Infracrveni modul za paljenje<br \/>Rasvjeta<\/p>\n<p>Tehni\u010dki podaci:<br \/>Du\u017eina: 520mm< br \/> Du\u017eina bez pi\u0161tolja: 390 mm<br \/>\u0160irina: 230mm<br \/>Visina: 190mm<br \/>Te\u017eina: 2547g bez baterije<br \/>Vrijeme vo\u017enje: pribli\u017eno 20 min.<br \/>Vrijeme punjenja: pribli\u017eno 3 sata< br \/>Dim i zvuk (zvuk se mo\u017ee mijenjati)<br \/>Inkapsulirani metalni zup\u010danik<br \/>Metalne ruke \/ ljulja\u010dke za kota\u010de<br \/>Infracrveni borbeni modul<br \/>Funkcija dima: kori\u0161tenje dima ulje (obratite pa\u017enju na koli\u010dinu punjenja!)<br \/>Baterija : 1800mAh 7.4V Li-Ion 2S, 93g, 68 x 37 x 22mm<br \/>Punja\u010d 2S LiPo\/ Li-Ion balanser punja\u010da sa 850mAh<br \/>Kontrola: 2.4GHz<br \/>Elektronika: TK 6.0< br \/><br \/>Obim isporuke:<br \/>Panzer Tiger I<br \/>Daljinski upravlja\u010d 2.4 GHz<br \/>Baterija<br \/>Punja\u010d<br \/ >Municija 6mm BB<br \/>Dimna te\u010dnost<br \/>Naljepnica + dodaci<\/p>\n<p>Potreban pribor:<br \/>6x baterije za predajnik 1.5V Mignon AA<\/p>\n","protected":false},"excerpt":{"rendered":"<p>Sa dimom i zvukom, metalnim zup\u010danicima<\/p>\n","protected":false},"featured_media":16344,"template":"","meta":[],"product_cat":[514,421],"product_tag":[],"acf":[],"yoast_head":"<!-- This site is optimized with the Yoast SEO plugin v21.7 - https:\/\/yoast.com\/wordpress\/plugins\/seo\/ -->\n<title>Tiger I 1:16 Advanced Line IR\/BB - TECHNIC TOYS SHOP<\/title>\n<meta name=\"robots\" content=\"index, follow, max-snippet:-1, max-image-preview:large, max-video-preview:-1\" \/>\n<link rel=\"canonical\" href=\"https:\/\/www.technic-toys.com\/hr\/proizvod\/tiger-i-116-advanced-line-ir-bb\/\" \/>\n<meta property=\"og:locale\" content=\"hr_HR\" \/>\n<meta property=\"og:type\" content=\"article\" \/>\n<meta property=\"og:title\" content=\"Tiger I 1:16 Advanced Line IR\/BB - TECHNIC TOYS SHOP\" \/>\n<meta property=\"og:description\" content=\"Sa dimom i zvukom, metalnim zup\u010danicima\" \/>\n<meta property=\"og:url\" content=\"https:\/\/www.technic-toys.com\/hr\/proizvod\/tiger-i-116-advanced-line-ir-bb\/\" \/>\n<meta property=\"og:site_name\" content=\"TECHNIC TOYS SHOP\" \/>\n<meta property=\"article:modified_time\" content=\"2022-08-01T10:43:36+00:00\" \/>\n<meta property=\"og:image\" content=\"https:\/\/www.technic-toys.com\/wp-content\/uploads\/2022\/04\/23101.jpg\" \/>\n\t<meta property=\"og:image:width\" content=\"2560\" \/>\n\t<meta property=\"og:image:height\" content=\"1468\" \/>\n\t<meta property=\"og:image:type\" content=\"image\/jpeg\" \/>\n<meta name=\"twitter:card\" content=\"summary_large_image\" \/>\n<meta name=\"twitter:label1\" content=\"Procijenjeno vrijeme \u010ditanja\" \/>\n\t<meta name=\"twitter:data1\" content=\"2 minute\" \/>\n<script type=\"application\/ld+json\" class=\"yoast-schema-graph\">{\"@context\":\"https:\/\/schema.org\",\"@graph\":[{\"@type\":\"WebPage\",\"@id\":\"https:\/\/www.technic-toys.com\/hr\/proizvod\/tiger-i-116-advanced-line-ir-bb\/\",\"url\":\"https:\/\/www.technic-toys.com\/hr\/proizvod\/tiger-i-116-advanced-line-ir-bb\/\",\"name\":\"Tiger I 1:16 Advanced Line IR\/BB - TECHNIC TOYS SHOP\",\"isPartOf\":{\"@id\":\"https:\/\/www.technic-toys.com\/en\/#website\"},\"datePublished\":\"2022-04-08T19:36:02+00:00\",\"dateModified\":\"2022-08-01T10:43:36+00:00\",\"breadcrumb\":{\"@id\":\"https:\/\/www.technic-toys.com\/hr\/proizvod\/tiger-i-116-advanced-line-ir-bb\/#breadcrumb\"},\"inLanguage\":\"hr\",\"potentialAction\":[{\"@type\":\"ReadAction\",\"target\":[\"https:\/\/www.technic-toys.com\/hr\/proizvod\/tiger-i-116-advanced-line-ir-bb\/\"]}]},{\"@type\":\"BreadcrumbList\",\"@id\":\"https:\/\/www.technic-toys.com\/hr\/proizvod\/tiger-i-116-advanced-line-ir-bb\/#breadcrumb\",\"itemListElement\":[{\"@type\":\"ListItem\",\"position\":1,\"name\":\"Domov\",\"item\":\"https:\/\/www.technic-toys.com\/hr\/\"},{\"@type\":\"ListItem\",\"position\":2,\"name\":\"Shop\",\"item\":\"https:\/\/www.technic-toys.com\/hr\/shop-2\/\"},{\"@type\":\"ListItem\",\"position\":3,\"name\":\"Tiger I 1:16 Advanced Line IR\/BB\"}]},{\"@type\":\"WebSite\",\"@id\":\"https:\/\/www.technic-toys.com\/en\/#website\",\"url\":\"https:\/\/www.technic-toys.com\/en\/\",\"name\":\"TECHNIC TOYS SHOP\",\"description\":\"\",\"potentialAction\":[{\"@type\":\"SearchAction\",\"target\":{\"@type\":\"EntryPoint\",\"urlTemplate\":\"https:\/\/www.technic-toys.com\/en\/?s={search_term_string}\"},\"query-input\":\"required name=search_term_string\"}],\"inLanguage\":\"hr\"}]}<\/script>\n<!-- \/ Yoast SEO plugin. -->","yoast_head_json":{"title":"Tiger I 1:16 Advanced Line IR\/BB - TECHNIC TOYS SHOP","robots":{"index":"index","follow":"follow","max-snippet":"max-snippet:-1","max-image-preview":"max-image-preview:large","max-video-preview":"max-video-preview:-1"},"canonical":"https:\/\/www.technic-toys.com\/hr\/proizvod\/tiger-i-116-advanced-line-ir-bb\/","og_locale":"hr_HR","og_type":"article","og_title":"Tiger I 1:16 Advanced Line IR\/BB - TECHNIC TOYS SHOP","og_description":"Sa dimom i zvukom, metalnim zup\u010danicima","og_url":"https:\/\/www.technic-toys.com\/hr\/proizvod\/tiger-i-116-advanced-line-ir-bb\/","og_site_name":"TECHNIC TOYS SHOP","article_modified_time":"2022-08-01T10:43:36+00:00","og_image":[{"width":2560,"height":1468,"url":"https:\/\/www.technic-toys.com\/wp-content\/uploads\/2022\/04\/23101.jpg","type":"image\/jpeg"}],"twitter_card":"summary_large_image","twitter_misc":{"Procijenjeno vrijeme \u010ditanja":"2 minute"},"schema":{"@context":"https:\/\/schema.org","@graph":[{"@type":"WebPage","@id":"https:\/\/www.technic-toys.com\/hr\/proizvod\/tiger-i-116-advanced-line-ir-bb\/","url":"https:\/\/www.technic-toys.com\/hr\/proizvod\/tiger-i-116-advanced-line-ir-bb\/","name":"Tiger I 1:16 Advanced Line IR\/BB - TECHNIC TOYS SHOP","isPartOf":{"@id":"https:\/\/www.technic-toys.com\/en\/#website"},"datePublished":"2022-04-08T19:36:02+00:00","dateModified":"2022-08-01T10:43:36+00:00","breadcrumb":{"@id":"https:\/\/www.technic-toys.com\/hr\/proizvod\/tiger-i-116-advanced-line-ir-bb\/#breadcrumb"},"inLanguage":"hr","potentialAction":[{"@type":"ReadAction","target":["https:\/\/www.technic-toys.com\/hr\/proizvod\/tiger-i-116-advanced-line-ir-bb\/"]}]},{"@type":"BreadcrumbList","@id":"https:\/\/www.technic-toys.com\/hr\/proizvod\/tiger-i-116-advanced-line-ir-bb\/#breadcrumb","itemListElement":[{"@type":"ListItem","position":1,"name":"Domov","item":"https:\/\/www.technic-toys.com\/hr\/"},{"@type":"ListItem","position":2,"name":"Shop","item":"https:\/\/www.technic-toys.com\/hr\/shop-2\/"},{"@type":"ListItem","position":3,"name":"Tiger I 1:16 Advanced Line IR\/BB"}]},{"@type":"WebSite","@id":"https:\/\/www.technic-toys.com\/en\/#website","url":"https:\/\/www.technic-toys.com\/en\/","name":"TECHNIC TOYS SHOP","description":"","potentialAction":[{"@type":"SearchAction","target":{"@type":"EntryPoint","urlTemplate":"https:\/\/www.technic-toys.com\/en\/?s={search_term_string}"},"query-input":"required name=search_term_string"}],"inLanguage":"hr"}]}},"_links":{"self":[{"href":"https:\/\/www.technic-toys.com\/hr\/wp-json\/wp\/v2\/product\/19689"}],"collection":[{"href":"https:\/\/www.technic-toys.com\/hr\/wp-json\/wp\/v2\/product"}],"about":[{"href":"https:\/\/www.technic-toys.com\/hr\/wp-json\/wp\/v2\/types\/product"}],"wp:featuredmedia":[{"embeddable":true,"href":"https:\/\/www.technic-toys.com\/hr\/wp-json\/wp\/v2\/media\/16344"}],"wp:attachment":[{"href":"https:\/\/www.technic-toys.com\/hr\/wp-json\/wp\/v2\/media?parent=19689"}],"wp:term":[{"taxonomy":"product_cat","embeddable":true,"href":"https:\/\/www.technic-toys.com\/hr\/wp-json\/wp\/v2\/product_cat?post=19689"},{"taxonomy":"product_tag","embeddable":true,"href":"https:\/\/www.technic-toys.com\/hr\/wp-json\/wp\/v2\/product_tag?post=19689"}],"curies":[{"name":"wp","href":"https:\/\/api.w.org\/{rel}","templated":true}]}}