{"id":19694,"date":"2022-04-08T17:06:10","date_gmt":"2022-04-08T19:36:02","guid":{"rendered":"https:\/\/www.technic-toys.com\/izdelek\/king-tiger-sa-henschel-tower-om-116-professional-line-ii-ir-bb\/"},"modified":"2022-08-01T12:43:37","modified_gmt":"2022-08-01T10:43:37","slug":"king-tiger-sa-henschel-tower-om-116-professional-line-ii-ir-bb","status":"publish","type":"product","link":"https:\/\/www.technic-toys.com\/hr\/proizvod\/king-tiger-sa-henschel-tower-om-116-professional-line-ii-ir-bb\/","title":{"rendered":"King Tiger sa Henschel Tower-om 1:16 Professional Line II IR\/BB"},"content":{"rendered":"<p>Panzerkampfwagen VI, poznatiji kao Tiger II ili King Tiger, bio je pobolj\u0161ana verzija te\u0161kog tenka Tiger. Tokom Drugog svetskog rata smatran je za najbolji tenk u nema\u010dkom Wehrmachtu. Top od 8,8 cm dao je King Tigeru ogromnu vatrenu mo\u0107. Prvih 50 primjeraka dobilo je kupolu koju je razvio Porsche, prije nego \u0161to je ugra\u0111ena samo uska kupola iz Henschela.<\/p>\n<p>AMEWI Edition je ekskluzivna, vjerna originalu replika na skali od 1: 16 sa potpuno metalnom \u0161asijom iz na\u0161e Pro metal serije. Prekrasan model se isporu\u010duje u kutiji od punog pravog drveta u reprezentativnom stilu kutije za municiju prirodne boje kao RTR verzija (spremna za rad). Spremnik ima funkciju dima i zvuka, kao i sistem rasvjete za jo\u0161 uvjerljivije svjetove iskustva. Funkcija ga\u0111anja se vr\u0161i pomo\u0107u d\u017eojstika i dugmeta, preko kojih se 6mm BB projektili od tvrde plastike mogu ispaliti do 15m. Top se mo\u017ee pomicati gore i dolje, sve funkcije upravljanja su proporcionalne i stoga se mogu kontrolirati osjetljivo. Osim toga, model ima infracrveni borbeni modul, koji omogu\u0107ava duele sa drugim tenkovima iz ovog Amewi izdanja. U slu\u010daju direktnog neprijateljskog pogotka, pogo\u0111eni tenk se jednom vidno &#8216;potrese&#8217;. Model pokre\u0107u dva sna\u017ena motora, koji svoju snagu prenose na pogonske to\u010dkove preko vi\u0161estepenog metalnog menja\u010da. \u010citav vozni dio je od metala, kao i sami lanci.Zup\u010danik je tako\u0111er inkapsuliran (pokriven) sa unutra\u0161nje strane. Svi kota\u010di na \u0161asiji su spojeni na \u0161asiju metalnim zakretnim krakovima i prigu\u0161eni su. Ovaj vjerni model sa svojom maskirnom zavr\u0161nom obradom nije ni na koji na\u010din inferioran u odnosu na pravi tenk. Cijeli obim isporuke odgovara najnovijoj tehnologiji (elektronika TK 7.0). Od sada isporu\u010dujemo sve modele sa modernom LiPo baterijom od 1800mAh i 7,4V. U kompletu je i odgovaraju\u0107i LiPo punja\u010d. <\/p>\n<p>Model je provjeren za funkcionalnost prije pakiranja i uklju\u010den je dnevnik funkcija. Isporuka se vr\u0161i u precizno uklopljenom jezgru od stiropora (napomena: drvena kutija je bonus i ne daje vam pravo reklamacije u slu\u010daju bilo kakvog vanjskog o\u0161te\u0107enja kutije od pravog drveta).<\/p>\n<p>Funkcije:< br \/>Naprijed\/nazad<br \/> lijevo\/desno<br \/>Okreni na licu mjesta<br \/>Top: gore\/dolje<br \/>Kula: rotiraj<br \/>Funkcija pucanja<br \/>Infracrveni borbeni modul <br \/>Dim i zvuk<br \/>Rasvjeta <\/p>\n<p>Karakteristike:<br \/>Dva sna\u017ena elektromotora<br \/>Prigu\u0161ene metalne klackalice za kota\u010de<br \/>Vi\u0161estepeni, uklopljeni metal mjenja\u010d za savr\u0161en prijenos snage na metalne lance<br \/>Kompletan metalni set za pokretanje<br \/>Mo\u0107na 7.4V Li-Ion pogonska baterija sa 1800mAh i XT60 priklju\u010dkom<br \/>220V punja\u010d sa 850mAh izlazom i vezom za balansiranje<br \/> Uklju\u010deni su mnogi dodaci i dodaci kao \u0161to su figura voza\u010da, lanci, mitraljez, itd.<br \/>Zvukovi koji se mogu prebaciti preko zvu\u010dnog modula kao \u0161to su MG zvuk, funkcija pucanja i zvukovi vo\u017enje<\/p>\n<p>Tehni\u010dki podaci:<br \/>Skala: 1:16<br \/>Ukupna du\u017eina: 650mm<br \/>Du\u017eina bez topa: 460mm<br \/>\u0160irina: 240mm<br \/>Visina: 190mm<br \/>Te\u017eina: 6600g uklju\u010duju\u0107i bateriju<br \/>Boja: kamufla\u017eni <br \/>Valjci: metal<br \/>Lanci: metal<br \/>Donji trup: plastika<br \/>Toranj: plastika<br \/>Okretni prsten: 360\u00b0 okretni prsten<br \/>Zup\u010danik: inkapsulirani metalni zup\u010danik <br \/>Dizajn: RTR<br \/>Vrijeme putovanja: cca 10 &#8211; 15 min ovisno o podlozi<br \/>Elektronika: TK 7.0<br \/>Dimenzije odjeljka za baterije: 135x45x24mm<br \/>Baterija: Li- Ion 2S 7.4V 1800mAh meka futrola, XT60, 70x36x21mm, 93g<br \/>Daljinski upravlja\u010d: 2.4GHz<br \/>Domet: pribli\u017eno 100m<br \/>Punja\u010d: 2S Li-Ion \/ LiPo sa balansnim punja\u010dem 20A 20m izlaz<br \/>Vrijeme punjenja: Pribli\u017eno 2 sata<\/p>\n<p>Obim isporuke:<br \/>Panzer<br \/>Daljinski upravlja\u010d 2,4 GHz<br \/>Baterija 7,4V 1800mAh Li-Ion<br \/>LiPo \/ Li-Ion punja\u010d 850mAh<br \/>Municija 6mm BB<br \/>Dimna teku\u0107ina<br \/>Naljepnica<br \/>Dijelovi za monta\u017eu<br \/>Slika<br \/>Upute za upotrebu DE\/EN<\/p>\n<p>Potreban pribor:<br \/ >6x AA baterije za televizore inflacija<\/p>\n","protected":false},"excerpt":{"rendered":"<p>Smoke &#038; Sound, metalna \u0161asija i zup\u010danici<\/p>\n","protected":false},"featured_media":10439,"template":"","meta":[],"product_cat":[514,421],"product_tag":[],"acf":[],"yoast_head":"<!-- This site is optimized with the Yoast SEO plugin v21.7 - https:\/\/yoast.com\/wordpress\/plugins\/seo\/ -->\n<title>King Tiger sa Henschel Tower-om 1:16 Professional Line II IR\/BB - TECHNIC TOYS SHOP<\/title>\n<meta name=\"robots\" content=\"index, follow, max-snippet:-1, max-image-preview:large, max-video-preview:-1\" \/>\n<link rel=\"canonical\" href=\"https:\/\/www.technic-toys.com\/hr\/proizvod\/king-tiger-sa-henschel-tower-om-116-professional-line-ii-ir-bb\/\" \/>\n<meta property=\"og:locale\" content=\"hr_HR\" \/>\n<meta property=\"og:type\" content=\"article\" \/>\n<meta property=\"og:title\" content=\"King Tiger sa Henschel Tower-om 1:16 Professional Line II IR\/BB - TECHNIC TOYS SHOP\" \/>\n<meta property=\"og:description\" content=\"Smoke &amp; Sound, metalna \u0161asija i zup\u010danici\" \/>\n<meta property=\"og:url\" content=\"https:\/\/www.technic-toys.com\/hr\/proizvod\/king-tiger-sa-henschel-tower-om-116-professional-line-ii-ir-bb\/\" \/>\n<meta property=\"og:site_name\" content=\"TECHNIC TOYS SHOP\" \/>\n<meta property=\"article:modified_time\" content=\"2022-08-01T10:43:37+00:00\" \/>\n<meta property=\"og:image\" content=\"https:\/\/www.technic-toys.com\/wp-content\/uploads\/2022\/01\/23111.jpg\" \/>\n\t<meta property=\"og:image:width\" content=\"2560\" \/>\n\t<meta property=\"og:image:height\" content=\"1468\" \/>\n\t<meta property=\"og:image:type\" content=\"image\/jpeg\" \/>\n<meta name=\"twitter:card\" content=\"summary_large_image\" \/>\n<meta name=\"twitter:label1\" content=\"Procijenjeno vrijeme \u010ditanja\" \/>\n\t<meta name=\"twitter:data1\" content=\"3 minute\" \/>\n<script type=\"application\/ld+json\" class=\"yoast-schema-graph\">{\"@context\":\"https:\/\/schema.org\",\"@graph\":[{\"@type\":\"WebPage\",\"@id\":\"https:\/\/www.technic-toys.com\/hr\/proizvod\/king-tiger-sa-henschel-tower-om-116-professional-line-ii-ir-bb\/\",\"url\":\"https:\/\/www.technic-toys.com\/hr\/proizvod\/king-tiger-sa-henschel-tower-om-116-professional-line-ii-ir-bb\/\",\"name\":\"King Tiger sa Henschel Tower-om 1:16 Professional Line II IR\/BB - TECHNIC TOYS SHOP\",\"isPartOf\":{\"@id\":\"https:\/\/www.technic-toys.com\/en\/#website\"},\"datePublished\":\"2022-04-08T19:36:02+00:00\",\"dateModified\":\"2022-08-01T10:43:37+00:00\",\"breadcrumb\":{\"@id\":\"https:\/\/www.technic-toys.com\/hr\/proizvod\/king-tiger-sa-henschel-tower-om-116-professional-line-ii-ir-bb\/#breadcrumb\"},\"inLanguage\":\"hr\",\"potentialAction\":[{\"@type\":\"ReadAction\",\"target\":[\"https:\/\/www.technic-toys.com\/hr\/proizvod\/king-tiger-sa-henschel-tower-om-116-professional-line-ii-ir-bb\/\"]}]},{\"@type\":\"BreadcrumbList\",\"@id\":\"https:\/\/www.technic-toys.com\/hr\/proizvod\/king-tiger-sa-henschel-tower-om-116-professional-line-ii-ir-bb\/#breadcrumb\",\"itemListElement\":[{\"@type\":\"ListItem\",\"position\":1,\"name\":\"Domov\",\"item\":\"https:\/\/www.technic-toys.com\/hr\/\"},{\"@type\":\"ListItem\",\"position\":2,\"name\":\"Shop\",\"item\":\"https:\/\/www.technic-toys.com\/hr\/shop-2\/\"},{\"@type\":\"ListItem\",\"position\":3,\"name\":\"King Tiger sa Henschel Tower-om 1:16 Professional Line II IR\/BB\"}]},{\"@type\":\"WebSite\",\"@id\":\"https:\/\/www.technic-toys.com\/en\/#website\",\"url\":\"https:\/\/www.technic-toys.com\/en\/\",\"name\":\"TECHNIC TOYS SHOP\",\"description\":\"\",\"potentialAction\":[{\"@type\":\"SearchAction\",\"target\":{\"@type\":\"EntryPoint\",\"urlTemplate\":\"https:\/\/www.technic-toys.com\/en\/?s={search_term_string}\"},\"query-input\":\"required name=search_term_string\"}],\"inLanguage\":\"hr\"}]}<\/script>\n<!-- \/ Yoast SEO plugin. -->","yoast_head_json":{"title":"King Tiger sa Henschel Tower-om 1:16 Professional Line II IR\/BB - TECHNIC TOYS SHOP","robots":{"index":"index","follow":"follow","max-snippet":"max-snippet:-1","max-image-preview":"max-image-preview:large","max-video-preview":"max-video-preview:-1"},"canonical":"https:\/\/www.technic-toys.com\/hr\/proizvod\/king-tiger-sa-henschel-tower-om-116-professional-line-ii-ir-bb\/","og_locale":"hr_HR","og_type":"article","og_title":"King Tiger sa Henschel Tower-om 1:16 Professional Line II IR\/BB - TECHNIC TOYS SHOP","og_description":"Smoke & Sound, metalna \u0161asija i zup\u010danici","og_url":"https:\/\/www.technic-toys.com\/hr\/proizvod\/king-tiger-sa-henschel-tower-om-116-professional-line-ii-ir-bb\/","og_site_name":"TECHNIC TOYS SHOP","article_modified_time":"2022-08-01T10:43:37+00:00","og_image":[{"width":2560,"height":1468,"url":"https:\/\/www.technic-toys.com\/wp-content\/uploads\/2022\/01\/23111.jpg","type":"image\/jpeg"}],"twitter_card":"summary_large_image","twitter_misc":{"Procijenjeno vrijeme \u010ditanja":"3 minute"},"schema":{"@context":"https:\/\/schema.org","@graph":[{"@type":"WebPage","@id":"https:\/\/www.technic-toys.com\/hr\/proizvod\/king-tiger-sa-henschel-tower-om-116-professional-line-ii-ir-bb\/","url":"https:\/\/www.technic-toys.com\/hr\/proizvod\/king-tiger-sa-henschel-tower-om-116-professional-line-ii-ir-bb\/","name":"King Tiger sa Henschel Tower-om 1:16 Professional Line II IR\/BB - TECHNIC TOYS SHOP","isPartOf":{"@id":"https:\/\/www.technic-toys.com\/en\/#website"},"datePublished":"2022-04-08T19:36:02+00:00","dateModified":"2022-08-01T10:43:37+00:00","breadcrumb":{"@id":"https:\/\/www.technic-toys.com\/hr\/proizvod\/king-tiger-sa-henschel-tower-om-116-professional-line-ii-ir-bb\/#breadcrumb"},"inLanguage":"hr","potentialAction":[{"@type":"ReadAction","target":["https:\/\/www.technic-toys.com\/hr\/proizvod\/king-tiger-sa-henschel-tower-om-116-professional-line-ii-ir-bb\/"]}]},{"@type":"BreadcrumbList","@id":"https:\/\/www.technic-toys.com\/hr\/proizvod\/king-tiger-sa-henschel-tower-om-116-professional-line-ii-ir-bb\/#breadcrumb","itemListElement":[{"@type":"ListItem","position":1,"name":"Domov","item":"https:\/\/www.technic-toys.com\/hr\/"},{"@type":"ListItem","position":2,"name":"Shop","item":"https:\/\/www.technic-toys.com\/hr\/shop-2\/"},{"@type":"ListItem","position":3,"name":"King Tiger sa Henschel Tower-om 1:16 Professional Line II IR\/BB"}]},{"@type":"WebSite","@id":"https:\/\/www.technic-toys.com\/en\/#website","url":"https:\/\/www.technic-toys.com\/en\/","name":"TECHNIC TOYS SHOP","description":"","potentialAction":[{"@type":"SearchAction","target":{"@type":"EntryPoint","urlTemplate":"https:\/\/www.technic-toys.com\/en\/?s={search_term_string}"},"query-input":"required name=search_term_string"}],"inLanguage":"hr"}]}},"_links":{"self":[{"href":"https:\/\/www.technic-toys.com\/hr\/wp-json\/wp\/v2\/product\/19694"}],"collection":[{"href":"https:\/\/www.technic-toys.com\/hr\/wp-json\/wp\/v2\/product"}],"about":[{"href":"https:\/\/www.technic-toys.com\/hr\/wp-json\/wp\/v2\/types\/product"}],"wp:featuredmedia":[{"embeddable":true,"href":"https:\/\/www.technic-toys.com\/hr\/wp-json\/wp\/v2\/media\/10439"}],"wp:attachment":[{"href":"https:\/\/www.technic-toys.com\/hr\/wp-json\/wp\/v2\/media?parent=19694"}],"wp:term":[{"taxonomy":"product_cat","embeddable":true,"href":"https:\/\/www.technic-toys.com\/hr\/wp-json\/wp\/v2\/product_cat?post=19694"},{"taxonomy":"product_tag","embeddable":true,"href":"https:\/\/www.technic-toys.com\/hr\/wp-json\/wp\/v2\/product_tag?post=19694"}],"curies":[{"name":"wp","href":"https:\/\/api.w.org\/{rel}","templated":true}]}}