{"id":19695,"date":"2022-04-08T17:06:10","date_gmt":"2022-04-08T19:36:02","guid":{"rendered":"https:\/\/www.technic-toys.com\/izdelek\/leopard-2a6-116-advanced-line-ir-bb\/"},"modified":"2022-08-01T12:43:37","modified_gmt":"2022-08-01T10:43:37","slug":"leopard-2a6-116-advanced-line-ir-bb","status":"publish","type":"product","link":"https:\/\/www.technic-toys.com\/hr\/proizvod\/leopard-2a6-116-advanced-line-ir-bb\/","title":{"rendered":"Leopard 2A6 1:16 Advanced Line IR\/BB"},"content":{"rendered":"<p>Leopard 2 je glavni borbeni tenk njema\u010dke proizvodnje. Prvobitno je zami\u0161ljen kao okosnica oklopnih snaga i da odbije neprijateljske oklopne formacije. Konverzija tenka u verziju A6 uglavnom je uticala na sistem naoru\u017eanja. Pored ovih promjena, uvedena je i nova KE municija.<\/p>\n<p>AMEWI Edition je replika u mjerilu 1:16 koja je vjerna originalu. RTR &#8211; spreman za rad i sa najnovijom elektronikom TK 7.0. Sa metalnim zup\u010danicima i prigu\u0161enim klackalicama za to\u010dkove, na\u0161a verzija ima visokokvalitetan koncept \u0161asije i pogona, \u0161to modelu daje veoma dobre vozne karakteristike. Spremnik tako\u0111er ima funkciju dima, pucnja i zvuka sa promjenjivim zvukovima (podesivim putem oda\u0161ilja\u010da). Osim toga, ovaj model ima i infracrveni borbeni modul, koji omogu\u0107ava duele sa drugim modelima iz Amewi Advanced ili Pro Line. Tenk signalizira pogodak potresom. Ako se rezervoar pogodi nekoliko puta, sve funkcije se onemogu\u0107uju na kratko vreme.<br \/>Svaki rezervoar se testira na funkcionalnost i kompletnost pre isporuke. Kontrolna lista je uklju\u010dena uz model.<\/p>\n<p>Najva\u017enije:<br \/>IC borbeni modul (Modul omogu\u0107ava prijem infracrvenih signala, koji se aktiviraju udarcem iz neprijateljskog tenka.)<br \/ >Dimni modul (Izduvni dim se simulira pomo\u0107u isporu\u010denog dimnog ulja)<br \/>Zvu\u010dni modul (sa 2 izmjenjiva zvuka motora, kontrolirana preko predajnika)<\/p>\n<p>Ostale karakteristike:<br \/>Visoka kvaliteta , originalna boja u kamufla\u017enom izgledu<br \/> Mnogi dodaci i dodaci su uklju\u010deni u obim isporuke, kao \u0161to su figura voza\u010da, lanci, mitraljez, itd.<br \/>Dodatni zvukovi preko zvu\u010dnog modula kao \u0161to su zvuk mitraljeza, funkcija pucnja i buka vo\u017enje<br \/>Veoma osjetljiva kontrola funkcija vo\u017enje putem oda\u0161ilja\u010da od 2,4 GHz<br \/ >Funkcija pucanja za 6 mm tvrde plasti\u010dne metke mo\u017ee se kontrolisati putem daljinskog upravlja\u010da<br \/>Kao originalno osvjetljenje modela ispred i iza<\/p>\n<p>Tehni\u010dki podaci:<br \/>Razmjer: 1:16<br \/>Ukupna du\u017eina: 690mm<br \/ >Du\u017eina bez topa: 480mm<br \/ >\u0160irina: 240 mm<br \/>Visina: 190 mm<br \/>Te\u017eina: 2 907g (bez baterije)<br \/>boja: kamufla\u017ena<br \/>to\u010dkovi: plastika<br \/>trake: plastika<br \/>donji dio: plastika<br \/>nosa\u010d to\u010dka: plastika<br \/>toranj: plastika<br \/ >Okretni prsten: okretni prsten 360\u00b0<br \/>Zup\u010danik: \u010deli\u010dni zup\u010danik<br \/>Dizajn: RTR, sastavljen spreman za vo\u017enju<br \/>Elektronika: TK 7.0<br \/>Vrijeme putovanja: cca 12 &#8211; 15 min (u zavisnosti od povr\u0161ine)< br \/>Vrijeme punjenja: pribli\u017eno 2 sata<br \/>Dimenzije odjeljka za bateriju: 140x54x25mm<br \/>Baterija: LiIon 2S 7.4V 1800mAh 18650 okruglih \u0107elija, Tamiya utika\u010d Dx68xH37 22mm, 93g<br \/>Daljinski upravlja\u010d: 14 kanala 2.4GHz<br \/>Punja\u010d: USB kabl sa balanserom i izlaznom snagom od 0.85A<\/p>\n<p>Obim isporuke:<br \/>Model rezervoara<br \/ >Daljinski upravlja\u010d 2,4 GHz<br \/>Baterija 7,4 V 1800 mAh Li-Ion<br \/> Li-Ion punja\u010d 850 mAh <br \/>Potreban pribor:<br \/>6x 1,5V Mignon AA baterije za predajnik<br \/ <\/p>\n","protected":false},"excerpt":{"rendered":"<p>Sa dimom i zvukom, metalnim zup\u010danicima<\/p>\n","protected":false},"featured_media":16461,"template":"","meta":[],"product_cat":[514,421],"product_tag":[],"acf":[],"yoast_head":"<!-- This site is optimized with the Yoast SEO plugin v21.7 - https:\/\/yoast.com\/wordpress\/plugins\/seo\/ -->\n<title>Leopard 2A6 1:16 Advanced Line IR\/BB - TECHNIC TOYS SHOP<\/title>\n<meta name=\"robots\" content=\"index, follow, max-snippet:-1, max-image-preview:large, max-video-preview:-1\" \/>\n<link rel=\"canonical\" href=\"https:\/\/www.technic-toys.com\/hr\/proizvod\/leopard-2a6-116-advanced-line-ir-bb\/\" \/>\n<meta property=\"og:locale\" content=\"hr_HR\" \/>\n<meta property=\"og:type\" content=\"article\" \/>\n<meta property=\"og:title\" content=\"Leopard 2A6 1:16 Advanced Line IR\/BB - TECHNIC TOYS SHOP\" \/>\n<meta property=\"og:description\" content=\"Sa dimom i zvukom, metalnim zup\u010danicima\" \/>\n<meta property=\"og:url\" content=\"https:\/\/www.technic-toys.com\/hr\/proizvod\/leopard-2a6-116-advanced-line-ir-bb\/\" \/>\n<meta property=\"og:site_name\" content=\"TECHNIC TOYS SHOP\" \/>\n<meta property=\"article:modified_time\" content=\"2022-08-01T10:43:37+00:00\" \/>\n<meta property=\"og:image\" content=\"https:\/\/www.technic-toys.com\/wp-content\/uploads\/2022\/04\/23112.jpg\" \/>\n\t<meta property=\"og:image:width\" content=\"2560\" \/>\n\t<meta property=\"og:image:height\" content=\"1468\" \/>\n\t<meta property=\"og:image:type\" content=\"image\/jpeg\" \/>\n<meta name=\"twitter:card\" content=\"summary_large_image\" \/>\n<meta name=\"twitter:label1\" content=\"Procijenjeno vrijeme \u010ditanja\" \/>\n\t<meta name=\"twitter:data1\" content=\"2 minute\" \/>\n<script type=\"application\/ld+json\" class=\"yoast-schema-graph\">{\"@context\":\"https:\/\/schema.org\",\"@graph\":[{\"@type\":\"WebPage\",\"@id\":\"https:\/\/www.technic-toys.com\/hr\/proizvod\/leopard-2a6-116-advanced-line-ir-bb\/\",\"url\":\"https:\/\/www.technic-toys.com\/hr\/proizvod\/leopard-2a6-116-advanced-line-ir-bb\/\",\"name\":\"Leopard 2A6 1:16 Advanced Line IR\/BB - TECHNIC TOYS SHOP\",\"isPartOf\":{\"@id\":\"https:\/\/www.technic-toys.com\/en\/#website\"},\"datePublished\":\"2022-04-08T19:36:02+00:00\",\"dateModified\":\"2022-08-01T10:43:37+00:00\",\"breadcrumb\":{\"@id\":\"https:\/\/www.technic-toys.com\/hr\/proizvod\/leopard-2a6-116-advanced-line-ir-bb\/#breadcrumb\"},\"inLanguage\":\"hr\",\"potentialAction\":[{\"@type\":\"ReadAction\",\"target\":[\"https:\/\/www.technic-toys.com\/hr\/proizvod\/leopard-2a6-116-advanced-line-ir-bb\/\"]}]},{\"@type\":\"BreadcrumbList\",\"@id\":\"https:\/\/www.technic-toys.com\/hr\/proizvod\/leopard-2a6-116-advanced-line-ir-bb\/#breadcrumb\",\"itemListElement\":[{\"@type\":\"ListItem\",\"position\":1,\"name\":\"Domov\",\"item\":\"https:\/\/www.technic-toys.com\/hr\/\"},{\"@type\":\"ListItem\",\"position\":2,\"name\":\"Shop\",\"item\":\"https:\/\/www.technic-toys.com\/hr\/shop-2\/\"},{\"@type\":\"ListItem\",\"position\":3,\"name\":\"Leopard 2A6 1:16 Advanced Line IR\/BB\"}]},{\"@type\":\"WebSite\",\"@id\":\"https:\/\/www.technic-toys.com\/en\/#website\",\"url\":\"https:\/\/www.technic-toys.com\/en\/\",\"name\":\"TECHNIC TOYS SHOP\",\"description\":\"\",\"potentialAction\":[{\"@type\":\"SearchAction\",\"target\":{\"@type\":\"EntryPoint\",\"urlTemplate\":\"https:\/\/www.technic-toys.com\/en\/?s={search_term_string}\"},\"query-input\":\"required name=search_term_string\"}],\"inLanguage\":\"hr\"}]}<\/script>\n<!-- \/ Yoast SEO plugin. -->","yoast_head_json":{"title":"Leopard 2A6 1:16 Advanced Line IR\/BB - TECHNIC TOYS SHOP","robots":{"index":"index","follow":"follow","max-snippet":"max-snippet:-1","max-image-preview":"max-image-preview:large","max-video-preview":"max-video-preview:-1"},"canonical":"https:\/\/www.technic-toys.com\/hr\/proizvod\/leopard-2a6-116-advanced-line-ir-bb\/","og_locale":"hr_HR","og_type":"article","og_title":"Leopard 2A6 1:16 Advanced Line IR\/BB - TECHNIC TOYS SHOP","og_description":"Sa dimom i zvukom, metalnim zup\u010danicima","og_url":"https:\/\/www.technic-toys.com\/hr\/proizvod\/leopard-2a6-116-advanced-line-ir-bb\/","og_site_name":"TECHNIC TOYS SHOP","article_modified_time":"2022-08-01T10:43:37+00:00","og_image":[{"width":2560,"height":1468,"url":"https:\/\/www.technic-toys.com\/wp-content\/uploads\/2022\/04\/23112.jpg","type":"image\/jpeg"}],"twitter_card":"summary_large_image","twitter_misc":{"Procijenjeno vrijeme \u010ditanja":"2 minute"},"schema":{"@context":"https:\/\/schema.org","@graph":[{"@type":"WebPage","@id":"https:\/\/www.technic-toys.com\/hr\/proizvod\/leopard-2a6-116-advanced-line-ir-bb\/","url":"https:\/\/www.technic-toys.com\/hr\/proizvod\/leopard-2a6-116-advanced-line-ir-bb\/","name":"Leopard 2A6 1:16 Advanced Line IR\/BB - TECHNIC TOYS SHOP","isPartOf":{"@id":"https:\/\/www.technic-toys.com\/en\/#website"},"datePublished":"2022-04-08T19:36:02+00:00","dateModified":"2022-08-01T10:43:37+00:00","breadcrumb":{"@id":"https:\/\/www.technic-toys.com\/hr\/proizvod\/leopard-2a6-116-advanced-line-ir-bb\/#breadcrumb"},"inLanguage":"hr","potentialAction":[{"@type":"ReadAction","target":["https:\/\/www.technic-toys.com\/hr\/proizvod\/leopard-2a6-116-advanced-line-ir-bb\/"]}]},{"@type":"BreadcrumbList","@id":"https:\/\/www.technic-toys.com\/hr\/proizvod\/leopard-2a6-116-advanced-line-ir-bb\/#breadcrumb","itemListElement":[{"@type":"ListItem","position":1,"name":"Domov","item":"https:\/\/www.technic-toys.com\/hr\/"},{"@type":"ListItem","position":2,"name":"Shop","item":"https:\/\/www.technic-toys.com\/hr\/shop-2\/"},{"@type":"ListItem","position":3,"name":"Leopard 2A6 1:16 Advanced Line IR\/BB"}]},{"@type":"WebSite","@id":"https:\/\/www.technic-toys.com\/en\/#website","url":"https:\/\/www.technic-toys.com\/en\/","name":"TECHNIC TOYS SHOP","description":"","potentialAction":[{"@type":"SearchAction","target":{"@type":"EntryPoint","urlTemplate":"https:\/\/www.technic-toys.com\/en\/?s={search_term_string}"},"query-input":"required name=search_term_string"}],"inLanguage":"hr"}]}},"_links":{"self":[{"href":"https:\/\/www.technic-toys.com\/hr\/wp-json\/wp\/v2\/product\/19695"}],"collection":[{"href":"https:\/\/www.technic-toys.com\/hr\/wp-json\/wp\/v2\/product"}],"about":[{"href":"https:\/\/www.technic-toys.com\/hr\/wp-json\/wp\/v2\/types\/product"}],"wp:featuredmedia":[{"embeddable":true,"href":"https:\/\/www.technic-toys.com\/hr\/wp-json\/wp\/v2\/media\/16461"}],"wp:attachment":[{"href":"https:\/\/www.technic-toys.com\/hr\/wp-json\/wp\/v2\/media?parent=19695"}],"wp:term":[{"taxonomy":"product_cat","embeddable":true,"href":"https:\/\/www.technic-toys.com\/hr\/wp-json\/wp\/v2\/product_cat?post=19695"},{"taxonomy":"product_tag","embeddable":true,"href":"https:\/\/www.technic-toys.com\/hr\/wp-json\/wp\/v2\/product_tag?post=19695"}],"curies":[{"name":"wp","href":"https:\/\/api.w.org\/{rel}","templated":true}]}}