{"id":19698,"date":"2022-04-08T17:06:10","date_gmt":"2022-04-08T19:36:02","guid":{"rendered":"https:\/\/www.technic-toys.com\/izdelek\/us-m4a3-sherman-116-professional-line-ir-bb\/"},"modified":"2022-08-01T12:43:38","modified_gmt":"2022-08-01T10:43:38","slug":"us-m4a3-sherman-116-professional-line-ir-bb","status":"publish","type":"product","link":"https:\/\/www.technic-toys.com\/hr\/proizvod\/us-m4a3-sherman-116-professional-line-ir-bb\/","title":{"rendered":"US M4A3 Sherman 1:16 Professional Line IR\/BB"},"content":{"rendered":"<p>M4A3 Sherman je bio srednji tenk koji su koristile ameri\u010dke oru\u017eane snage. Tokom Drugog svjetskog rata, bio je jedan od najprodavanijih primjeraka ameri\u010dkih oklopnih snaga. Verzija M4A3 sa Ford V8 motorom i topom kalibra 76,2 mm tako\u0111er je kori\u0161tena u Korejskom ratu (1950. &#8211; 1953.). <\/p>\n<p>AMEWI Edition je verna originalna replika u razmeri 1:16, isporu\u010dena u kutiji od punog pravog drveta u reprezentativnom stilu kutije za municiju u prirodnoj boji. RTR &#8211; spreman za rad. Spremnik ima funkciju dima i zvuka, kao i sistem rasvjete za jo\u0161 uvjerljivije svjetove iskustva. Funkcija ga\u0111anja se vr\u0161i pomo\u0107u dugmeta, preko kojeg se 6mm BB projektili od tvrde plastike mogu ispaliti do 15m. Top se mo\u017ee pomicati gore i dolje, sve funkcije upravljanja su proporcionalne i stoga se mogu kontrolirati osjetljivo. Osim toga, model ima infracrveni borbeni modul, koji omogu\u0107ava duele sa drugim tenkovima iz ovog Amewi izdanja. U slu\u010daju direktnog neprijateljskog pogotka, pogo\u0111eni tenk se jednom vidno &#8216;potrese&#8217;. Model pokre\u0107u dva sna\u017ena motora, koji svoju snagu prenose na pogonske to\u010dkove preko vi\u0161estepenog metalnog menja\u010da. Menja\u010d je tako\u0111e zatvoren (pokriven) sa unutra\u0161nje strane. Svi kota\u010di na \u0161asiji su spojeni na \u0161asiju sa duplim zakretnim polugama i prigu\u0161eni su. Pogonski to\u010dkovi su napravljeni od metala, a lanci su tako\u0111e od metala. Ovaj originalni model sa svojom maslinasto-zelenom bojom ni na koji na\u010din nije inferioran od pravog tenka. Cijeli obim isporuke odgovara najnovijoj tehnologiji (elektronika TK 6.0). Od sada isporu\u010dujemo sve modele sa modernom Li-Ion baterijom od 1800mAh i 7,4V. Odgovaraju\u0107i punja\u010d od 220V je tako\u0111er uklju\u010den u set.<\/p>\n<p>Model je testiran na funkcionalnost prije nego \u0161to je upakovan i prilo\u017een je dnevnik funkcija. Isporu\u010duje se u \u010dvrstoj drvenoj kutiji sa precizno prilepljenim jezgrom od stiropora.<\/p>\n<p>Upozorenje: <br \/>Drvena kutija je bonus i ne daje vam pravo na reklamaciju u slu\u010daju bilo kakvog vanjskog o\u0161te\u0107enja do prave drvene kutije. <\/p>\n<p>Funkcije:<br \/>Naprijed\/nazad<br \/>lijevo\/desno<br \/>Okretanje na licu mjesta<br \/>Top: Gore\/Dolje<br \/>Kula: Okrenite<br \/>Funkcija snimanja<br \/>MG zvuk<br \/>Infracrveni borbeni modul<br \/>Dim i zvuk (zvuk se mo\u017ee mijenjati preko oda\u0161ilja\u010da)<br \/>Osvetljenje<br \/>Prigu\u0161ivanje to\u010dkova<br \/>Inkapsulirano metalni zup\u010danici <br \/ >Metalni lanci<\/p>\n<p>Tehni\u010dki podaci:<br \/>Du\u017eina: 365mm<br \/>\u0160irina: 165mm<br \/>Visina: 175mm<br \/>Te\u017eina: 2554g bez baterije i dodaci<br \/>Funkcija pucanja: 6mm BB<br \/>Tvrdi plasti\u010dni meci<br \/>Funkcija dima: kori\u0161tenje dimnog ulja (obratite pa\u017enju na koli\u010dinu punjenja!)<br \/>Baterija: 1800mAh 7.4V Li-Ion 2S, 93g, 130 x 42 x 20 mm<br \/>Punja\u010d 2S Li-Ion<br \/>Balanser punja\u010da sa 850mAh<br \/>Kontrola: 2.4Ghz<br \/>Elektronika: TK 6.0<\/p>\n<p>Obim isporuke: <br \/>Panzer<br \/>Daljinski upravlja\u010d 2.4 GHz<br \/>Baterija 7.4V 1800mAh Li-Ion<br \/>Li-Ion punja\u010d 850mAh<br \/>Municija 6mm BB<br \/>Dimna te\u010dnost<br \/ >Naljepnica<br \/>Dijelovi za monta\u017eu<br \/>Slika <br \/>Upute DE \/ EN<\/p>\n<p>Ben Potrebni dodaci:<br \/>6x 1.5V mignon AA baterije za predajnik<\/p>\n","protected":false},"excerpt":{"rendered":"<p>Sa dimom i zvukom, metalnim lancima, to\u010dkovima i zup\u010danicima<\/p>\n","protected":false},"featured_media":16548,"template":"","meta":[],"product_cat":[514,421],"product_tag":[],"acf":[],"yoast_head":"<!-- This site is optimized with the Yoast SEO plugin v21.7 - https:\/\/yoast.com\/wordpress\/plugins\/seo\/ -->\n<title>US M4A3 Sherman 1:16 Professional Line IR\/BB - TECHNIC TOYS SHOP<\/title>\n<meta name=\"robots\" content=\"index, follow, max-snippet:-1, max-image-preview:large, max-video-preview:-1\" \/>\n<link rel=\"canonical\" href=\"https:\/\/www.technic-toys.com\/hr\/proizvod\/us-m4a3-sherman-116-professional-line-ir-bb\/\" \/>\n<meta property=\"og:locale\" content=\"hr_HR\" \/>\n<meta property=\"og:type\" content=\"article\" \/>\n<meta property=\"og:title\" content=\"US M4A3 Sherman 1:16 Professional Line IR\/BB - TECHNIC TOYS SHOP\" \/>\n<meta property=\"og:description\" content=\"Sa dimom i zvukom, metalnim lancima, to\u010dkovima i zup\u010danicima\" \/>\n<meta property=\"og:url\" content=\"https:\/\/www.technic-toys.com\/hr\/proizvod\/us-m4a3-sherman-116-professional-line-ir-bb\/\" \/>\n<meta property=\"og:site_name\" content=\"TECHNIC TOYS SHOP\" \/>\n<meta property=\"article:modified_time\" content=\"2022-08-01T10:43:38+00:00\" \/>\n<meta property=\"og:image\" content=\"https:\/\/www.technic-toys.com\/wp-content\/uploads\/2022\/04\/23115.jpg\" \/>\n\t<meta property=\"og:image:width\" content=\"2560\" \/>\n\t<meta property=\"og:image:height\" content=\"1468\" \/>\n\t<meta property=\"og:image:type\" content=\"image\/jpeg\" \/>\n<meta name=\"twitter:card\" content=\"summary_large_image\" \/>\n<meta name=\"twitter:label1\" content=\"Procijenjeno vrijeme \u010ditanja\" \/>\n\t<meta name=\"twitter:data1\" content=\"2 minute\" \/>\n<script type=\"application\/ld+json\" class=\"yoast-schema-graph\">{\"@context\":\"https:\/\/schema.org\",\"@graph\":[{\"@type\":\"WebPage\",\"@id\":\"https:\/\/www.technic-toys.com\/hr\/proizvod\/us-m4a3-sherman-116-professional-line-ir-bb\/\",\"url\":\"https:\/\/www.technic-toys.com\/hr\/proizvod\/us-m4a3-sherman-116-professional-line-ir-bb\/\",\"name\":\"US M4A3 Sherman 1:16 Professional Line IR\/BB - TECHNIC TOYS SHOP\",\"isPartOf\":{\"@id\":\"https:\/\/www.technic-toys.com\/en\/#website\"},\"datePublished\":\"2022-04-08T19:36:02+00:00\",\"dateModified\":\"2022-08-01T10:43:38+00:00\",\"breadcrumb\":{\"@id\":\"https:\/\/www.technic-toys.com\/hr\/proizvod\/us-m4a3-sherman-116-professional-line-ir-bb\/#breadcrumb\"},\"inLanguage\":\"hr\",\"potentialAction\":[{\"@type\":\"ReadAction\",\"target\":[\"https:\/\/www.technic-toys.com\/hr\/proizvod\/us-m4a3-sherman-116-professional-line-ir-bb\/\"]}]},{\"@type\":\"BreadcrumbList\",\"@id\":\"https:\/\/www.technic-toys.com\/hr\/proizvod\/us-m4a3-sherman-116-professional-line-ir-bb\/#breadcrumb\",\"itemListElement\":[{\"@type\":\"ListItem\",\"position\":1,\"name\":\"Domov\",\"item\":\"https:\/\/www.technic-toys.com\/hr\/\"},{\"@type\":\"ListItem\",\"position\":2,\"name\":\"Shop\",\"item\":\"https:\/\/www.technic-toys.com\/hr\/shop-2\/\"},{\"@type\":\"ListItem\",\"position\":3,\"name\":\"US M4A3 Sherman 1:16 Professional Line IR\/BB\"}]},{\"@type\":\"WebSite\",\"@id\":\"https:\/\/www.technic-toys.com\/en\/#website\",\"url\":\"https:\/\/www.technic-toys.com\/en\/\",\"name\":\"TECHNIC TOYS SHOP\",\"description\":\"\",\"potentialAction\":[{\"@type\":\"SearchAction\",\"target\":{\"@type\":\"EntryPoint\",\"urlTemplate\":\"https:\/\/www.technic-toys.com\/en\/?s={search_term_string}\"},\"query-input\":\"required name=search_term_string\"}],\"inLanguage\":\"hr\"}]}<\/script>\n<!-- \/ Yoast SEO plugin. -->","yoast_head_json":{"title":"US M4A3 Sherman 1:16 Professional Line IR\/BB - TECHNIC TOYS SHOP","robots":{"index":"index","follow":"follow","max-snippet":"max-snippet:-1","max-image-preview":"max-image-preview:large","max-video-preview":"max-video-preview:-1"},"canonical":"https:\/\/www.technic-toys.com\/hr\/proizvod\/us-m4a3-sherman-116-professional-line-ir-bb\/","og_locale":"hr_HR","og_type":"article","og_title":"US M4A3 Sherman 1:16 Professional Line IR\/BB - TECHNIC TOYS SHOP","og_description":"Sa dimom i zvukom, metalnim lancima, to\u010dkovima i zup\u010danicima","og_url":"https:\/\/www.technic-toys.com\/hr\/proizvod\/us-m4a3-sherman-116-professional-line-ir-bb\/","og_site_name":"TECHNIC TOYS SHOP","article_modified_time":"2022-08-01T10:43:38+00:00","og_image":[{"width":2560,"height":1468,"url":"https:\/\/www.technic-toys.com\/wp-content\/uploads\/2022\/04\/23115.jpg","type":"image\/jpeg"}],"twitter_card":"summary_large_image","twitter_misc":{"Procijenjeno vrijeme \u010ditanja":"2 minute"},"schema":{"@context":"https:\/\/schema.org","@graph":[{"@type":"WebPage","@id":"https:\/\/www.technic-toys.com\/hr\/proizvod\/us-m4a3-sherman-116-professional-line-ir-bb\/","url":"https:\/\/www.technic-toys.com\/hr\/proizvod\/us-m4a3-sherman-116-professional-line-ir-bb\/","name":"US M4A3 Sherman 1:16 Professional Line IR\/BB - TECHNIC TOYS SHOP","isPartOf":{"@id":"https:\/\/www.technic-toys.com\/en\/#website"},"datePublished":"2022-04-08T19:36:02+00:00","dateModified":"2022-08-01T10:43:38+00:00","breadcrumb":{"@id":"https:\/\/www.technic-toys.com\/hr\/proizvod\/us-m4a3-sherman-116-professional-line-ir-bb\/#breadcrumb"},"inLanguage":"hr","potentialAction":[{"@type":"ReadAction","target":["https:\/\/www.technic-toys.com\/hr\/proizvod\/us-m4a3-sherman-116-professional-line-ir-bb\/"]}]},{"@type":"BreadcrumbList","@id":"https:\/\/www.technic-toys.com\/hr\/proizvod\/us-m4a3-sherman-116-professional-line-ir-bb\/#breadcrumb","itemListElement":[{"@type":"ListItem","position":1,"name":"Domov","item":"https:\/\/www.technic-toys.com\/hr\/"},{"@type":"ListItem","position":2,"name":"Shop","item":"https:\/\/www.technic-toys.com\/hr\/shop-2\/"},{"@type":"ListItem","position":3,"name":"US M4A3 Sherman 1:16 Professional Line IR\/BB"}]},{"@type":"WebSite","@id":"https:\/\/www.technic-toys.com\/en\/#website","url":"https:\/\/www.technic-toys.com\/en\/","name":"TECHNIC TOYS SHOP","description":"","potentialAction":[{"@type":"SearchAction","target":{"@type":"EntryPoint","urlTemplate":"https:\/\/www.technic-toys.com\/en\/?s={search_term_string}"},"query-input":"required name=search_term_string"}],"inLanguage":"hr"}]}},"_links":{"self":[{"href":"https:\/\/www.technic-toys.com\/hr\/wp-json\/wp\/v2\/product\/19698"}],"collection":[{"href":"https:\/\/www.technic-toys.com\/hr\/wp-json\/wp\/v2\/product"}],"about":[{"href":"https:\/\/www.technic-toys.com\/hr\/wp-json\/wp\/v2\/types\/product"}],"wp:featuredmedia":[{"embeddable":true,"href":"https:\/\/www.technic-toys.com\/hr\/wp-json\/wp\/v2\/media\/16548"}],"wp:attachment":[{"href":"https:\/\/www.technic-toys.com\/hr\/wp-json\/wp\/v2\/media?parent=19698"}],"wp:term":[{"taxonomy":"product_cat","embeddable":true,"href":"https:\/\/www.technic-toys.com\/hr\/wp-json\/wp\/v2\/product_cat?post=19698"},{"taxonomy":"product_tag","embeddable":true,"href":"https:\/\/www.technic-toys.com\/hr\/wp-json\/wp\/v2\/product_tag?post=19698"}],"curies":[{"name":"wp","href":"https:\/\/api.w.org\/{rel}","templated":true}]}}