{"id":19701,"date":"2022-04-08T17:13:12","date_gmt":"2022-04-08T19:36:02","guid":{"rendered":"https:\/\/www.technic-toys.com\/izdelek\/t-90-116-professional-line-ir-bb\/"},"modified":"2022-08-01T12:43:30","modified_gmt":"2022-08-01T10:43:30","slug":"t-90-116-professional-line-ir-bb","status":"publish","type":"product","link":"https:\/\/www.technic-toys.com\/hr\/proizvod\/t-90-116-professional-line-ir-bb\/","title":{"rendered":"T-90 1:16 Professional Line IR\/BB"},"content":{"rendered":"<p>Istorijska pozadina: Prvi prototip je izgra\u0111en 1989. godine na Uralvagonzavodu u Ni\u017enjem Tagilu i dobio je oznaku Objekat 188. Ovo je bio konvertovani T-72B sa sistemom upravljanja vatrom T-80U i novim reaktivnim oklopom (ERA) od tip Kontakt-5. Kasnije su pobolj\u0161ani oklop kupole i sistem samoza\u0161tite TSchU-1 Shtora-1 naknadno ugra\u0111en. Ovaj tenk je dobio oznaku T-72BU, ali je nakon lo\u0161eg uspjeha ira\u010dkog T-72 u Drugom zaljevskom ratu preimenovan u T-90 iz marketin\u0161kih razloga. Serijska proizvodnja zapo\u010dela je 1992. godine. T-90 je prvi put predstavljen javnosti 1993. godine na vojnoj izlo\u017ebi u Kubinki. Trup je izra\u0111en od zavarenih oklopnih \u010deli\u010dnih elemenata, kupola T-90, razvijena od stare kupole T-72BU, izra\u0111ena je od livenog \u010delika. Tenk ima tipi\u010dnu nisku siluetu ruskih tenkova, \u0161to zna\u010dajno smanjuje njegovu povr\u0161inu udara. Zbog pove\u0107ane te\u017eine, performanse dizel motora T-72 W-46 vi\u0161e nisu bile dovoljne. Stoga je u prve modele ugra\u0111en dizel motor W-84 MS sa 618 kW (840 KS). Od 2004. godine tenkovi su opremljeni motorom W-92 S2 snage 740 kW (1.006 KS), koji je izgra\u0111en u \u010celjabinskoj traktorskoj fabrici. Tokom proizvodnje ugra\u0111ivane su razli\u010dite verzije topa glatke cijevi kalibra 125 mm. Naj\u010de\u0161\u0107e se koriste verzije 2A46M-2 (L51) i novi pro\u0161ireni 2A46M-5 (L55). Top je potpuno stabilizovan. Dvodelna municija se automatski puni iz karusela za punjenje, punja\u010d je izostavljen. Borbeni set se sastoji od 42 metka za top od 125 mm, od kojih su 22 u karuselu za punjenje, a ostatak u policama u slobodnim prostorima u unutra\u0161njosti.<br \/>AMEWI Edition je replika u mjerilu 1:16 koja je vjerna original i dolazi u kutiji od punog pravog drveta u reprezentativnom stilu kutije za municiju u prirodnoj boji. Ovo je RTR (Ready-to-Run) verzija u najnovijoj verziji (Electronics TK 7.0) i opremljena je inkapsuliranim metalnim mjenja\u010dem, metalnim lancima, metalnim to\u010dkovima i metalnim zakretnim polugama za to\u010dkove. Spremnik tako\u0111er ima funkciju dima i zvuka. Svaki (!) rezervoar se testira na funkcionalnost i kompletnost prije isporuke. Kontrolna lista je uklju\u010dena. U obimu isporuke je uklju\u010den i infracrveni borbeni modul, koji omogu\u0107ava uzbudljive duele sa drugim modelima AMEWI Advanced ili Pro linije. U slu\u010daju direktnog pogotka infracrvenim mitraljezom, \u201epogo\u0111eni tenk se trese, \u0161to ukazuje na pogodak. Spremnikom se mo\u017ee upravljati osjetljivo i tako\u0111er impresionira realisti\u010dnim zvukovima i mnogim funkcijama. Pored pomenutog infracrvenog borbenog modula, T-90 ima i BB sistem ga\u0111anja 6 mm preko glavnog topa (topa). Sve funkcije se mogu potpuno proporcionalno kontrolirati. Preko predajnika se mogu podesiti razli\u010diti zvukovi.<br \/>Funkcije: naprijed\/nazad lijevo\/desno Okrenite na licu mjesta Top: gore\/dolje Kupola: rotacija Funkcija snimanja Infracrveni borbeni modul Dimno i zvu\u010dno osvjetljenje Promjenjivi zvukovi<br \/>Istaknuto: optika super skale (veoma detaljna) Najnovija elektronika (TK 7.0) Infracrveni borbeni sistem za uzbudljive duele sa drugim modelima iz na\u0161eg asortimana<br \/>Dodatne karakteristike: Dva sna\u017ena elektromotora Prigu\u0161ene metalne klackalice za to\u010dkove Vi\u0161estepeni inkapsulirani metalni zup\u010danici Zup\u010danici za savr\u0161en prenos snage do metalnih lanaca Kompletan set za rad u Metal Strong 7.4V Li-Ion pogonskoj bateriji sa 1800mAh i XT60 priklju\u010dkom 220V punja\u010d sa 850mAh izlazom i vezom za balansiranje Mnogi dodaci i dodaci uklju\u010deni kao \u0161to su figura voza\u010da, lanci, MG, itd. zvuci preko zvu\u010dnog modula kao \u0161to su MG zvuk, funkcija pucanja i buka vo\u017enje<br \/>Tehni\u010dki podaci: Razmjer: 1:16 Ukupna du\u017eina: 650 mm du\u017eine bez topa : 460mm \u0161irina: 240mm visina: 190mm te\u017eina: 4763g bez baterije boja: kamufla\u017eni valjci: metalne gusjenice: metalni donji trup: plasti\u010dni toranj: plasti\u010dni okretni prsten: 360\u00b0 okretni prsten mjenja\u010d: inkapsulirani metalni dizajn mjenja\u010da: Rtxx vrijeme putovanja: 1 -15 min u zavisnosti od podloge Elektronika: TK 7.0 pretinac za bateriju Dimenzije: 135 x 45 x 24 mm Baterija: Li-Ion 2S 7.4V 1800mAh meka futrola, XT60 Dx\u0160xV: 70 x 36 x 21 mm Te\u017eina 4. Raspon: 93 gr Remo app. 100m Punja\u010d: 2S Li-Ion \/ LiPo punja\u010d 220V sa priklju\u010dkom za balansiranje i izlazom 850mAh Vrijeme punjenja: pribli\u017eno 2h<br \/>Obim isporuke: rezervoar daljinski upravlja\u010d utika\u010d baterije municija dim teku\u0107ina naljepnica prilozi za upotrebu DE\/EN<br \/>Napomena: drvena kutija je besplatan bonus i ne daje vam pravo na reklamaciju u slu\u010daju bilo kakvog vanjskog o\u0161te\u0107enja prave drvene kutije.<\/p>\n","protected":false},"excerpt":{"rendered":"<p>Sa dimom i zvukom, metalnim lancima, to\u010dkovima i zup\u010danicima<\/p>\n","protected":false},"featured_media":16629,"template":"","meta":[],"product_cat":[514,421],"product_tag":[],"acf":[],"yoast_head":"<!-- This site is optimized with the Yoast SEO plugin v21.7 - https:\/\/yoast.com\/wordpress\/plugins\/seo\/ -->\n<title>T-90 1:16 Professional Line IR\/BB - TECHNIC TOYS SHOP<\/title>\n<meta name=\"robots\" content=\"index, follow, max-snippet:-1, max-image-preview:large, max-video-preview:-1\" \/>\n<link rel=\"canonical\" href=\"https:\/\/www.technic-toys.com\/hr\/proizvod\/t-90-116-professional-line-ir-bb\/\" \/>\n<meta property=\"og:locale\" content=\"hr_HR\" \/>\n<meta property=\"og:type\" content=\"article\" \/>\n<meta property=\"og:title\" content=\"T-90 1:16 Professional Line IR\/BB - TECHNIC TOYS SHOP\" \/>\n<meta property=\"og:description\" content=\"Sa dimom i zvukom, metalnim lancima, to\u010dkovima i zup\u010danicima\" \/>\n<meta property=\"og:url\" content=\"https:\/\/www.technic-toys.com\/hr\/proizvod\/t-90-116-professional-line-ir-bb\/\" \/>\n<meta property=\"og:site_name\" content=\"TECHNIC TOYS SHOP\" \/>\n<meta property=\"article:modified_time\" content=\"2022-08-01T10:43:30+00:00\" \/>\n<meta property=\"og:image\" content=\"https:\/\/www.technic-toys.com\/wp-content\/uploads\/2022\/04\/23119.jpg\" \/>\n\t<meta property=\"og:image:width\" content=\"2560\" \/>\n\t<meta property=\"og:image:height\" content=\"1468\" \/>\n\t<meta property=\"og:image:type\" content=\"image\/jpeg\" \/>\n<meta name=\"twitter:card\" content=\"summary_large_image\" \/>\n<meta name=\"twitter:label1\" content=\"Procijenjeno vrijeme \u010ditanja\" \/>\n\t<meta name=\"twitter:data1\" content=\"4 minute\" \/>\n<script type=\"application\/ld+json\" class=\"yoast-schema-graph\">{\"@context\":\"https:\/\/schema.org\",\"@graph\":[{\"@type\":\"WebPage\",\"@id\":\"https:\/\/www.technic-toys.com\/hr\/proizvod\/t-90-116-professional-line-ir-bb\/\",\"url\":\"https:\/\/www.technic-toys.com\/hr\/proizvod\/t-90-116-professional-line-ir-bb\/\",\"name\":\"T-90 1:16 Professional Line IR\/BB - TECHNIC TOYS SHOP\",\"isPartOf\":{\"@id\":\"https:\/\/www.technic-toys.com\/en\/#website\"},\"datePublished\":\"2022-04-08T19:36:02+00:00\",\"dateModified\":\"2022-08-01T10:43:30+00:00\",\"breadcrumb\":{\"@id\":\"https:\/\/www.technic-toys.com\/hr\/proizvod\/t-90-116-professional-line-ir-bb\/#breadcrumb\"},\"inLanguage\":\"hr\",\"potentialAction\":[{\"@type\":\"ReadAction\",\"target\":[\"https:\/\/www.technic-toys.com\/hr\/proizvod\/t-90-116-professional-line-ir-bb\/\"]}]},{\"@type\":\"BreadcrumbList\",\"@id\":\"https:\/\/www.technic-toys.com\/hr\/proizvod\/t-90-116-professional-line-ir-bb\/#breadcrumb\",\"itemListElement\":[{\"@type\":\"ListItem\",\"position\":1,\"name\":\"Domov\",\"item\":\"https:\/\/www.technic-toys.com\/hr\/\"},{\"@type\":\"ListItem\",\"position\":2,\"name\":\"Shop\",\"item\":\"https:\/\/www.technic-toys.com\/hr\/shop-2\/\"},{\"@type\":\"ListItem\",\"position\":3,\"name\":\"T-90 1:16 Professional Line IR\/BB\"}]},{\"@type\":\"WebSite\",\"@id\":\"https:\/\/www.technic-toys.com\/en\/#website\",\"url\":\"https:\/\/www.technic-toys.com\/en\/\",\"name\":\"TECHNIC TOYS SHOP\",\"description\":\"\",\"potentialAction\":[{\"@type\":\"SearchAction\",\"target\":{\"@type\":\"EntryPoint\",\"urlTemplate\":\"https:\/\/www.technic-toys.com\/en\/?s={search_term_string}\"},\"query-input\":\"required name=search_term_string\"}],\"inLanguage\":\"hr\"}]}<\/script>\n<!-- \/ Yoast SEO plugin. -->","yoast_head_json":{"title":"T-90 1:16 Professional Line IR\/BB - TECHNIC TOYS SHOP","robots":{"index":"index","follow":"follow","max-snippet":"max-snippet:-1","max-image-preview":"max-image-preview:large","max-video-preview":"max-video-preview:-1"},"canonical":"https:\/\/www.technic-toys.com\/hr\/proizvod\/t-90-116-professional-line-ir-bb\/","og_locale":"hr_HR","og_type":"article","og_title":"T-90 1:16 Professional Line IR\/BB - TECHNIC TOYS SHOP","og_description":"Sa dimom i zvukom, metalnim lancima, to\u010dkovima i zup\u010danicima","og_url":"https:\/\/www.technic-toys.com\/hr\/proizvod\/t-90-116-professional-line-ir-bb\/","og_site_name":"TECHNIC TOYS SHOP","article_modified_time":"2022-08-01T10:43:30+00:00","og_image":[{"width":2560,"height":1468,"url":"https:\/\/www.technic-toys.com\/wp-content\/uploads\/2022\/04\/23119.jpg","type":"image\/jpeg"}],"twitter_card":"summary_large_image","twitter_misc":{"Procijenjeno vrijeme \u010ditanja":"4 minute"},"schema":{"@context":"https:\/\/schema.org","@graph":[{"@type":"WebPage","@id":"https:\/\/www.technic-toys.com\/hr\/proizvod\/t-90-116-professional-line-ir-bb\/","url":"https:\/\/www.technic-toys.com\/hr\/proizvod\/t-90-116-professional-line-ir-bb\/","name":"T-90 1:16 Professional Line IR\/BB - TECHNIC TOYS SHOP","isPartOf":{"@id":"https:\/\/www.technic-toys.com\/en\/#website"},"datePublished":"2022-04-08T19:36:02+00:00","dateModified":"2022-08-01T10:43:30+00:00","breadcrumb":{"@id":"https:\/\/www.technic-toys.com\/hr\/proizvod\/t-90-116-professional-line-ir-bb\/#breadcrumb"},"inLanguage":"hr","potentialAction":[{"@type":"ReadAction","target":["https:\/\/www.technic-toys.com\/hr\/proizvod\/t-90-116-professional-line-ir-bb\/"]}]},{"@type":"BreadcrumbList","@id":"https:\/\/www.technic-toys.com\/hr\/proizvod\/t-90-116-professional-line-ir-bb\/#breadcrumb","itemListElement":[{"@type":"ListItem","position":1,"name":"Domov","item":"https:\/\/www.technic-toys.com\/hr\/"},{"@type":"ListItem","position":2,"name":"Shop","item":"https:\/\/www.technic-toys.com\/hr\/shop-2\/"},{"@type":"ListItem","position":3,"name":"T-90 1:16 Professional Line IR\/BB"}]},{"@type":"WebSite","@id":"https:\/\/www.technic-toys.com\/en\/#website","url":"https:\/\/www.technic-toys.com\/en\/","name":"TECHNIC TOYS SHOP","description":"","potentialAction":[{"@type":"SearchAction","target":{"@type":"EntryPoint","urlTemplate":"https:\/\/www.technic-toys.com\/en\/?s={search_term_string}"},"query-input":"required name=search_term_string"}],"inLanguage":"hr"}]}},"_links":{"self":[{"href":"https:\/\/www.technic-toys.com\/hr\/wp-json\/wp\/v2\/product\/19701"}],"collection":[{"href":"https:\/\/www.technic-toys.com\/hr\/wp-json\/wp\/v2\/product"}],"about":[{"href":"https:\/\/www.technic-toys.com\/hr\/wp-json\/wp\/v2\/types\/product"}],"wp:featuredmedia":[{"embeddable":true,"href":"https:\/\/www.technic-toys.com\/hr\/wp-json\/wp\/v2\/media\/16629"}],"wp:attachment":[{"href":"https:\/\/www.technic-toys.com\/hr\/wp-json\/wp\/v2\/media?parent=19701"}],"wp:term":[{"taxonomy":"product_cat","embeddable":true,"href":"https:\/\/www.technic-toys.com\/hr\/wp-json\/wp\/v2\/product_cat?post=19701"},{"taxonomy":"product_tag","embeddable":true,"href":"https:\/\/www.technic-toys.com\/hr\/wp-json\/wp\/v2\/product_tag?post=19701"}],"curies":[{"name":"wp","href":"https:\/\/api.w.org\/{rel}","templated":true}]}}