{"id":19702,"date":"2022-04-08T17:13:12","date_gmt":"2022-04-08T19:36:02","guid":{"rendered":"https:\/\/www.technic-toys.com\/izdelek\/t-72-116-napredna-linija-ir-bb\/"},"modified":"2022-08-01T12:43:30","modified_gmt":"2022-08-01T10:43:30","slug":"t-72-116-napredna-linija-ir-bb","status":"publish","type":"product","link":"https:\/\/www.technic-toys.com\/hr\/proizvod\/t-72-116-napredna-linija-ir-bb\/","title":{"rendered":"T-72 1:16 Napredna linija IR\/BB"},"content":{"rendered":"<p>T-72 je sovjetski glavni borbeni tenk koji je izgradila kompanija Uralvagonzavod od 1972. godine i stavljena u upotrebu od strane Sovjetske armije. Osim u Sovjetskom Savezu, tenk se proizvodio u Poljskoj, \u010cehoslova\u010dkoj i Jugoslaviji, a po licenci u Indiji od 1980. godine. T-72 je trenutno najra\u0161ireniji borbeni tenk na svijetu. Izvezen je u velikom broju, uklju\u010duju\u0107i mnoge zemlje Bliskog istoka kao \u0161to su Sirija, Libija, Iran i Irak. Kori\u0161\u0107en je u mnogim sukobima, kao \u0161to su Libanski rat 1982., Prvi i Drugi Zalivski rat i Jugoslovenski rat. Ukupno je napravljeno oko 20.000 primjeraka, od kojih Rusija jo\u0161 uvijek dr\u017ei oko 9.200, a samo oko 1.200 je aktivno. Glavno naoru\u017eanje T-72 je top 125 mm D-81TM, koji je usvojen u naoru\u017eanje Sovjetskih oru\u017eanih snaga pod GRAU indeksom 2A46. Rije\u010d je o pi\u0161tolju s glatkim cijevima, prekrivenom limenim toplinskim \u0161titom kako bi se sprije\u010dilo neravnomjerno zagrijavanje uslijed vremenskih uvjeta, i opremljena je odvodom dima. Sistem naoru\u017eanja je stabilizovan stabilizacionim sistemom 2E28M. Optika topnika je stabilizirana u vertikalnoj osi, a sistem oru\u017eja u horizontalnoj osi. Opseg elevacije oru\u017eja je od -6\u00b0 do +14\u00b0.<\/p>\n<p>AMEWI Edition je prava replika u mjerilu 1:16, isporu\u010dena u visokokvalitetnoj crnoj kutiji sa odgovaraju\u0107im polistirenskim jezgrom kao RTR verzija \u2013 spreman za rad. Spremnik ima funkciju dima i zvuka, kao i sistem rasvjete za jo\u0161 uvjerljivije svjetove iskustva. Funkcija ga\u0111anja se vr\u0161i pomo\u0107u dugmeta, preko kojeg se 6mm BB projektili od tvrde plastike mogu ispaliti do 15m. Top se mo\u017ee pomicati gore i dolje, sve funkcije upravljanja su proporcionalne i stoga se mogu kontrolirati osjetljivo. Osim toga, model ima infracrveni borbeni modul, koji omogu\u0107ava duele sa drugim tenkovima iz ovog Amewi izdanja. U slu\u010daju direktnog neprijateljskog pogotka, pogo\u0111eni tenk se jednom vidno &#8216;potrese&#8217;. Model pokre\u0107u dva sna\u017ena motora, koji svoju snagu prenose na pogonske to\u010dkove preko vi\u0161estepenog metalnog menja\u010da. Menja\u010d je tako\u0111e zatvoren (pokriven) sa unutra\u0161nje strane. Svi kota\u010di na \u0161asiji su spojeni na \u0161asiju metalnim zakretnim krakovima i prigu\u0161eni su. Ovaj originalni model sa svojom maslinasto-zelenom bojom ni na koji na\u010din nije inferioran od pravog tenka. Cijeli obim isporuke odgovara najnovijoj tehnologiji (elektronika TK 6.0). Od sada isporu\u010dujemo sve modele sa modernom Li-Ion baterijom od 1800mAh i 7,4V. Odgovaraju\u0107i punja\u010d od 220V je tako\u0111er uklju\u010den u set.<\/p>\n<p>Model je testiran na funkcionalnost prije nego \u0161to je upakovan i prilo\u017een je dnevnik funkcija. Isporu\u010duje se u prilago\u0111enom jezgru od stiropora<\/p>\n<p>Funkcije:<br \/>Naprijed\/nazad<br \/>lijevo\/desno<br \/>Okretanje na licu mjesta<br \/>Top: gore\/dolje< br \/ >Turm: Rotacija<br \/>Funkcija snimanja<br \/>MG zvuk<br \/>Infracrveni borbeni modul<br \/>Dim i zvuk (zvuk se mo\u017ee mijenjati preko predajnika)<br \/>Osvjeta<br \/>Prigu\u0161eno metalna krila za kota\u010de<br \/>Metalni zup\u010danici inkapsulirani<br \/>Plasti\u010dni lanci za dobro prianjanje<\/p>\n<p>Tehni\u010dki podaci:<br \/>Du\u017eina: 430mm<br \/>\u0160irina: 230mm<br \/> Visina: 145 mm<br \/>Du\u017eina sa topom: 590mm<br \/>Te\u017eina: 2204g bez baterije<br \/>Funkcija pucanja: 6mm BB meci od tvrde plastike<br \/>Dodatni infracrveni borbeni modul za dvoboje koji se de\u0161avaju doga\u0111ajima<br \/>Funkcija dima : pomo\u0107u ulja za dim (obratite pa\u017enju na koli\u010dinu punjenja!)<br \/>Baterija: 1800mAh 7.4V Li-Ion 2S, 93g, 68 x 37 x 22mm<br \/>Punja\u010d 2S LiPo\/ Li-Ion punja\u010d balanser sa 850mAh<br \/ >Upravljanje: 2.4GHz<br \/>Elektronika: TK 6.0<\/p>\n<p>Obim isporuke:<br \/>Model tenka T-72<br \/>Daljinski upravlja\u010d 2.4 GHz<br \/>Baterija 7.4 V 1800mAh Li-Ion<br \/>Li-Ion punja\u010d 850mAh<br \/>Municija 6mm BB<br \/>Dimna te\u010dnost<br \/>Naljepnice, priklju\u010dci, slike<br \/>Upute DE \/ EN<br \/>< br \/>Potreban pribor:<br \/>6x 1.5V mignon AA baterije za oda\u0161ilja\u010d<\/p>\n<p><\/p>\n","protected":false},"excerpt":{"rendered":"<p>Sa dimom i zvukom, metalnim zup\u010danicima<\/p>\n","protected":false},"featured_media":16660,"template":"","meta":[],"product_cat":[514,421],"product_tag":[],"acf":[],"yoast_head":"<!-- This site is optimized with the Yoast SEO plugin v21.7 - https:\/\/yoast.com\/wordpress\/plugins\/seo\/ -->\n<title>T-72 1:16 Napredna linija IR\/BB - TECHNIC TOYS SHOP<\/title>\n<meta name=\"robots\" content=\"index, follow, max-snippet:-1, max-image-preview:large, max-video-preview:-1\" \/>\n<link rel=\"canonical\" href=\"https:\/\/www.technic-toys.com\/hr\/proizvod\/t-72-116-napredna-linija-ir-bb\/\" \/>\n<meta property=\"og:locale\" content=\"hr_HR\" \/>\n<meta property=\"og:type\" content=\"article\" \/>\n<meta property=\"og:title\" content=\"T-72 1:16 Napredna linija IR\/BB - TECHNIC TOYS SHOP\" \/>\n<meta property=\"og:description\" content=\"Sa dimom i zvukom, metalnim zup\u010danicima\" \/>\n<meta property=\"og:url\" content=\"https:\/\/www.technic-toys.com\/hr\/proizvod\/t-72-116-napredna-linija-ir-bb\/\" \/>\n<meta property=\"og:site_name\" content=\"TECHNIC TOYS SHOP\" \/>\n<meta property=\"article:modified_time\" content=\"2022-08-01T10:43:30+00:00\" \/>\n<meta property=\"og:image\" content=\"https:\/\/www.technic-toys.com\/wp-content\/uploads\/2022\/04\/23120.jpg\" \/>\n\t<meta property=\"og:image:width\" content=\"2560\" \/>\n\t<meta property=\"og:image:height\" content=\"1468\" \/>\n\t<meta property=\"og:image:type\" content=\"image\/jpeg\" \/>\n<meta name=\"twitter:card\" content=\"summary_large_image\" \/>\n<meta name=\"twitter:label1\" content=\"Procijenjeno vrijeme \u010ditanja\" \/>\n\t<meta name=\"twitter:data1\" content=\"3 minute\" \/>\n<script type=\"application\/ld+json\" class=\"yoast-schema-graph\">{\"@context\":\"https:\/\/schema.org\",\"@graph\":[{\"@type\":\"WebPage\",\"@id\":\"https:\/\/www.technic-toys.com\/hr\/proizvod\/t-72-116-napredna-linija-ir-bb\/\",\"url\":\"https:\/\/www.technic-toys.com\/hr\/proizvod\/t-72-116-napredna-linija-ir-bb\/\",\"name\":\"T-72 1:16 Napredna linija IR\/BB - TECHNIC TOYS SHOP\",\"isPartOf\":{\"@id\":\"https:\/\/www.technic-toys.com\/en\/#website\"},\"datePublished\":\"2022-04-08T19:36:02+00:00\",\"dateModified\":\"2022-08-01T10:43:30+00:00\",\"breadcrumb\":{\"@id\":\"https:\/\/www.technic-toys.com\/hr\/proizvod\/t-72-116-napredna-linija-ir-bb\/#breadcrumb\"},\"inLanguage\":\"hr\",\"potentialAction\":[{\"@type\":\"ReadAction\",\"target\":[\"https:\/\/www.technic-toys.com\/hr\/proizvod\/t-72-116-napredna-linija-ir-bb\/\"]}]},{\"@type\":\"BreadcrumbList\",\"@id\":\"https:\/\/www.technic-toys.com\/hr\/proizvod\/t-72-116-napredna-linija-ir-bb\/#breadcrumb\",\"itemListElement\":[{\"@type\":\"ListItem\",\"position\":1,\"name\":\"Domov\",\"item\":\"https:\/\/www.technic-toys.com\/hr\/\"},{\"@type\":\"ListItem\",\"position\":2,\"name\":\"Shop\",\"item\":\"https:\/\/www.technic-toys.com\/hr\/shop-2\/\"},{\"@type\":\"ListItem\",\"position\":3,\"name\":\"T-72 1:16 Napredna linija IR\/BB\"}]},{\"@type\":\"WebSite\",\"@id\":\"https:\/\/www.technic-toys.com\/en\/#website\",\"url\":\"https:\/\/www.technic-toys.com\/en\/\",\"name\":\"TECHNIC TOYS SHOP\",\"description\":\"\",\"potentialAction\":[{\"@type\":\"SearchAction\",\"target\":{\"@type\":\"EntryPoint\",\"urlTemplate\":\"https:\/\/www.technic-toys.com\/en\/?s={search_term_string}\"},\"query-input\":\"required name=search_term_string\"}],\"inLanguage\":\"hr\"}]}<\/script>\n<!-- \/ Yoast SEO plugin. -->","yoast_head_json":{"title":"T-72 1:16 Napredna linija IR\/BB - TECHNIC TOYS SHOP","robots":{"index":"index","follow":"follow","max-snippet":"max-snippet:-1","max-image-preview":"max-image-preview:large","max-video-preview":"max-video-preview:-1"},"canonical":"https:\/\/www.technic-toys.com\/hr\/proizvod\/t-72-116-napredna-linija-ir-bb\/","og_locale":"hr_HR","og_type":"article","og_title":"T-72 1:16 Napredna linija IR\/BB - TECHNIC TOYS SHOP","og_description":"Sa dimom i zvukom, metalnim zup\u010danicima","og_url":"https:\/\/www.technic-toys.com\/hr\/proizvod\/t-72-116-napredna-linija-ir-bb\/","og_site_name":"TECHNIC TOYS SHOP","article_modified_time":"2022-08-01T10:43:30+00:00","og_image":[{"width":2560,"height":1468,"url":"https:\/\/www.technic-toys.com\/wp-content\/uploads\/2022\/04\/23120.jpg","type":"image\/jpeg"}],"twitter_card":"summary_large_image","twitter_misc":{"Procijenjeno vrijeme \u010ditanja":"3 minute"},"schema":{"@context":"https:\/\/schema.org","@graph":[{"@type":"WebPage","@id":"https:\/\/www.technic-toys.com\/hr\/proizvod\/t-72-116-napredna-linija-ir-bb\/","url":"https:\/\/www.technic-toys.com\/hr\/proizvod\/t-72-116-napredna-linija-ir-bb\/","name":"T-72 1:16 Napredna linija IR\/BB - TECHNIC TOYS SHOP","isPartOf":{"@id":"https:\/\/www.technic-toys.com\/en\/#website"},"datePublished":"2022-04-08T19:36:02+00:00","dateModified":"2022-08-01T10:43:30+00:00","breadcrumb":{"@id":"https:\/\/www.technic-toys.com\/hr\/proizvod\/t-72-116-napredna-linija-ir-bb\/#breadcrumb"},"inLanguage":"hr","potentialAction":[{"@type":"ReadAction","target":["https:\/\/www.technic-toys.com\/hr\/proizvod\/t-72-116-napredna-linija-ir-bb\/"]}]},{"@type":"BreadcrumbList","@id":"https:\/\/www.technic-toys.com\/hr\/proizvod\/t-72-116-napredna-linija-ir-bb\/#breadcrumb","itemListElement":[{"@type":"ListItem","position":1,"name":"Domov","item":"https:\/\/www.technic-toys.com\/hr\/"},{"@type":"ListItem","position":2,"name":"Shop","item":"https:\/\/www.technic-toys.com\/hr\/shop-2\/"},{"@type":"ListItem","position":3,"name":"T-72 1:16 Napredna linija IR\/BB"}]},{"@type":"WebSite","@id":"https:\/\/www.technic-toys.com\/en\/#website","url":"https:\/\/www.technic-toys.com\/en\/","name":"TECHNIC TOYS SHOP","description":"","potentialAction":[{"@type":"SearchAction","target":{"@type":"EntryPoint","urlTemplate":"https:\/\/www.technic-toys.com\/en\/?s={search_term_string}"},"query-input":"required name=search_term_string"}],"inLanguage":"hr"}]}},"_links":{"self":[{"href":"https:\/\/www.technic-toys.com\/hr\/wp-json\/wp\/v2\/product\/19702"}],"collection":[{"href":"https:\/\/www.technic-toys.com\/hr\/wp-json\/wp\/v2\/product"}],"about":[{"href":"https:\/\/www.technic-toys.com\/hr\/wp-json\/wp\/v2\/types\/product"}],"wp:featuredmedia":[{"embeddable":true,"href":"https:\/\/www.technic-toys.com\/hr\/wp-json\/wp\/v2\/media\/16660"}],"wp:attachment":[{"href":"https:\/\/www.technic-toys.com\/hr\/wp-json\/wp\/v2\/media?parent=19702"}],"wp:term":[{"taxonomy":"product_cat","embeddable":true,"href":"https:\/\/www.technic-toys.com\/hr\/wp-json\/wp\/v2\/product_cat?post=19702"},{"taxonomy":"product_tag","embeddable":true,"href":"https:\/\/www.technic-toys.com\/hr\/wp-json\/wp\/v2\/product_tag?post=19702"}],"curies":[{"name":"wp","href":"https:\/\/api.w.org\/{rel}","templated":true}]}}