{"id":19706,"date":"2022-04-08T17:13:12","date_gmt":"2022-04-08T19:36:02","guid":{"rendered":"https:\/\/www.technic-toys.com\/izdelek\/air-trainer-v2-2-4ghz-rtf-3-kanalni\/"},"modified":"2026-01-24T11:25:03","modified_gmt":"2026-01-24T10:25:03","slug":"air-trainer-v2-2-4ghz-rtf-3-kanalni","status":"publish","type":"product","link":"https:\/\/www.technic-toys.com\/hr\/proizvod\/air-trainer-v2-2-4ghz-rtf-3-kanalni\/","title":{"rendered":"Air Trainer V2 2.4GHz, RTF, 3-kanalni"},"content":{"rendered":"<p>Air-Trainer je savr\u0161en avion za po\u010detnike i za sve ambiciozne hobi pilote. Odlikuju ga vrlo dobre letne karakteristike i robusna i dokazana tehnologija materijala. Moderni daljinski upravlja\u010d od 2,4 GHz je tako\u0111er uklju\u010den u obim isporuke, kao i LiPo baterija od 500 mAh sa odgovaraju\u0107im punja\u010dem. Trup i krila su napravljeni od EPO materijala otpornog na udarce, koji je veoma popularan u modelarstvu. I za svaki slu\u010daj, rezervni propeler je uklju\u010den. Trostruki motor bez jezgre, koji je vrlo mo\u0107an za svoju veli\u010dinu, omogu\u0107ava odli\u010dne manevre leta kao \u0161to su petlje ili skretanja. Vazdu\u0161ni trena\u017eer se isporu\u010duje RTF (spreman za let), nakon samo nekoliko trenutaka nebo se mo\u017ee osvojiti. Tehni\u010dki podaci: Du\u017eina: 393 mm \u0160irina raspona 500 mm Te\u017eina 58 g Visina: 132 mm3 kanal 2,4 GHz LCD Pro daljinski upravlja\u010d3 x motor bez jezgre 3,7 V 500 mAh 25C LiPo baterija Vrijeme leta do 25 min.Kontrola: Mod 2 (prigu\u0161iva\u010d lijevo) Obim isporuke:1 x Air Trainer avion (RTF)1 x Stajni trap1 x 3.7V 500mAh\/25C LiPo baterija1 x LiPo punja\u010d preko USB1 x rezervni propeler1 x odvija\u010d1 x ilustrovana uputstva (njema\u010dki i engleski) Napomena: Za moderan daljinski upravlja\u010d od 2,4 GHz potrebno je 6x Mignon 1,5V baterija (npr. AMEWI Alkaline, artikal 28099)<\/p>\n","protected":false},"excerpt":{"rendered":"<p>Air-Trainer je savr\u0161en avion za po\u010detnike i za sve ambiciozne hobi pilote. Odlikuju ga vrlo dobre letne karakteristike i robusna i dokazana tehnologija materijala. Moderni daljinski upravlja\u010d od 2,4 GHz je tako\u0111er uklju\u010den u obim isporuke, kao i LiPo baterija od 500 mAh sa odgovaraju\u0107im punja\u010dem. Trup i krila su napravljeni od EPO materijala otpornog [&hellip;]<\/p>\n","protected":false},"featured_media":16769,"template":"","meta":[],"product_cat":[484,487],"product_tag":[],"acf":[],"yoast_head":"<!-- This site is optimized with the Yoast SEO plugin v21.7 - https:\/\/yoast.com\/wordpress\/plugins\/seo\/ -->\n<title>Air Trainer V2 2.4GHz, RTF, 3-kanalni - TECHNIC TOYS SHOP<\/title>\n<meta name=\"robots\" content=\"index, follow, max-snippet:-1, max-image-preview:large, max-video-preview:-1\" \/>\n<link rel=\"canonical\" href=\"https:\/\/www.technic-toys.com\/hr\/proizvod\/air-trainer-v2-2-4ghz-rtf-3-kanalni\/\" \/>\n<meta property=\"og:locale\" content=\"hr_HR\" \/>\n<meta property=\"og:type\" content=\"article\" \/>\n<meta property=\"og:title\" content=\"Air Trainer V2 2.4GHz, RTF, 3-kanalni - TECHNIC TOYS SHOP\" \/>\n<meta property=\"og:description\" content=\"Air-Trainer je savr\u0161en avion za po\u010detnike i za sve ambiciozne hobi pilote. Odlikuju ga vrlo dobre letne karakteristike i robusna i dokazana tehnologija materijala. Moderni daljinski upravlja\u010d od 2,4 GHz je tako\u0111er uklju\u010den u obim isporuke, kao i LiPo baterija od 500 mAh sa odgovaraju\u0107im punja\u010dem. Trup i krila su napravljeni od EPO materijala otpornog [&hellip;]\" \/>\n<meta property=\"og:url\" content=\"https:\/\/www.technic-toys.com\/hr\/proizvod\/air-trainer-v2-2-4ghz-rtf-3-kanalni\/\" \/>\n<meta property=\"og:site_name\" content=\"TECHNIC TOYS SHOP\" \/>\n<meta property=\"article:modified_time\" content=\"2026-01-24T10:25:03+00:00\" \/>\n<meta property=\"og:image\" content=\"https:\/\/www.technic-toys.com\/wp-content\/uploads\/2022\/04\/24002.jpg\" \/>\n\t<meta property=\"og:image:width\" content=\"2560\" \/>\n\t<meta property=\"og:image:height\" content=\"1468\" \/>\n\t<meta property=\"og:image:type\" content=\"image\/jpeg\" \/>\n<meta name=\"twitter:card\" content=\"summary_large_image\" \/>\n<meta name=\"twitter:label1\" content=\"Procijenjeno vrijeme \u010ditanja\" \/>\n\t<meta name=\"twitter:data1\" content=\"1 minuta\" \/>\n<script type=\"application\/ld+json\" class=\"yoast-schema-graph\">{\"@context\":\"https:\/\/schema.org\",\"@graph\":[{\"@type\":\"WebPage\",\"@id\":\"https:\/\/www.technic-toys.com\/hr\/proizvod\/air-trainer-v2-2-4ghz-rtf-3-kanalni\/\",\"url\":\"https:\/\/www.technic-toys.com\/hr\/proizvod\/air-trainer-v2-2-4ghz-rtf-3-kanalni\/\",\"name\":\"Air Trainer V2 2.4GHz, RTF, 3-kanalni - TECHNIC TOYS SHOP\",\"isPartOf\":{\"@id\":\"https:\/\/www.technic-toys.com\/en\/#website\"},\"datePublished\":\"2022-04-08T19:36:02+00:00\",\"dateModified\":\"2026-01-24T10:25:03+00:00\",\"breadcrumb\":{\"@id\":\"https:\/\/www.technic-toys.com\/hr\/proizvod\/air-trainer-v2-2-4ghz-rtf-3-kanalni\/#breadcrumb\"},\"inLanguage\":\"hr\",\"potentialAction\":[{\"@type\":\"ReadAction\",\"target\":[\"https:\/\/www.technic-toys.com\/hr\/proizvod\/air-trainer-v2-2-4ghz-rtf-3-kanalni\/\"]}]},{\"@type\":\"BreadcrumbList\",\"@id\":\"https:\/\/www.technic-toys.com\/hr\/proizvod\/air-trainer-v2-2-4ghz-rtf-3-kanalni\/#breadcrumb\",\"itemListElement\":[{\"@type\":\"ListItem\",\"position\":1,\"name\":\"Domov\",\"item\":\"https:\/\/www.technic-toys.com\/hr\/\"},{\"@type\":\"ListItem\",\"position\":2,\"name\":\"Shop\",\"item\":\"https:\/\/www.technic-toys.com\/hr\/shop-2\/\"},{\"@type\":\"ListItem\",\"position\":3,\"name\":\"Air Trainer V2 2.4GHz, RTF, 3-kanalni\"}]},{\"@type\":\"WebSite\",\"@id\":\"https:\/\/www.technic-toys.com\/en\/#website\",\"url\":\"https:\/\/www.technic-toys.com\/en\/\",\"name\":\"TECHNIC TOYS SHOP\",\"description\":\"\",\"potentialAction\":[{\"@type\":\"SearchAction\",\"target\":{\"@type\":\"EntryPoint\",\"urlTemplate\":\"https:\/\/www.technic-toys.com\/en\/?s={search_term_string}\"},\"query-input\":\"required name=search_term_string\"}],\"inLanguage\":\"hr\"}]}<\/script>\n<!-- \/ Yoast SEO plugin. -->","yoast_head_json":{"title":"Air Trainer V2 2.4GHz, RTF, 3-kanalni - TECHNIC TOYS SHOP","robots":{"index":"index","follow":"follow","max-snippet":"max-snippet:-1","max-image-preview":"max-image-preview:large","max-video-preview":"max-video-preview:-1"},"canonical":"https:\/\/www.technic-toys.com\/hr\/proizvod\/air-trainer-v2-2-4ghz-rtf-3-kanalni\/","og_locale":"hr_HR","og_type":"article","og_title":"Air Trainer V2 2.4GHz, RTF, 3-kanalni - TECHNIC TOYS SHOP","og_description":"Air-Trainer je savr\u0161en avion za po\u010detnike i za sve ambiciozne hobi pilote. Odlikuju ga vrlo dobre letne karakteristike i robusna i dokazana tehnologija materijala. Moderni daljinski upravlja\u010d od 2,4 GHz je tako\u0111er uklju\u010den u obim isporuke, kao i LiPo baterija od 500 mAh sa odgovaraju\u0107im punja\u010dem. Trup i krila su napravljeni od EPO materijala otpornog [&hellip;]","og_url":"https:\/\/www.technic-toys.com\/hr\/proizvod\/air-trainer-v2-2-4ghz-rtf-3-kanalni\/","og_site_name":"TECHNIC TOYS SHOP","article_modified_time":"2026-01-24T10:25:03+00:00","og_image":[{"width":2560,"height":1468,"url":"https:\/\/www.technic-toys.com\/wp-content\/uploads\/2022\/04\/24002.jpg","type":"image\/jpeg"}],"twitter_card":"summary_large_image","twitter_misc":{"Procijenjeno vrijeme \u010ditanja":"1 minuta"},"schema":{"@context":"https:\/\/schema.org","@graph":[{"@type":"WebPage","@id":"https:\/\/www.technic-toys.com\/hr\/proizvod\/air-trainer-v2-2-4ghz-rtf-3-kanalni\/","url":"https:\/\/www.technic-toys.com\/hr\/proizvod\/air-trainer-v2-2-4ghz-rtf-3-kanalni\/","name":"Air Trainer V2 2.4GHz, RTF, 3-kanalni - TECHNIC TOYS SHOP","isPartOf":{"@id":"https:\/\/www.technic-toys.com\/en\/#website"},"datePublished":"2022-04-08T19:36:02+00:00","dateModified":"2026-01-24T10:25:03+00:00","breadcrumb":{"@id":"https:\/\/www.technic-toys.com\/hr\/proizvod\/air-trainer-v2-2-4ghz-rtf-3-kanalni\/#breadcrumb"},"inLanguage":"hr","potentialAction":[{"@type":"ReadAction","target":["https:\/\/www.technic-toys.com\/hr\/proizvod\/air-trainer-v2-2-4ghz-rtf-3-kanalni\/"]}]},{"@type":"BreadcrumbList","@id":"https:\/\/www.technic-toys.com\/hr\/proizvod\/air-trainer-v2-2-4ghz-rtf-3-kanalni\/#breadcrumb","itemListElement":[{"@type":"ListItem","position":1,"name":"Domov","item":"https:\/\/www.technic-toys.com\/hr\/"},{"@type":"ListItem","position":2,"name":"Shop","item":"https:\/\/www.technic-toys.com\/hr\/shop-2\/"},{"@type":"ListItem","position":3,"name":"Air Trainer V2 2.4GHz, RTF, 3-kanalni"}]},{"@type":"WebSite","@id":"https:\/\/www.technic-toys.com\/en\/#website","url":"https:\/\/www.technic-toys.com\/en\/","name":"TECHNIC TOYS SHOP","description":"","potentialAction":[{"@type":"SearchAction","target":{"@type":"EntryPoint","urlTemplate":"https:\/\/www.technic-toys.com\/en\/?s={search_term_string}"},"query-input":"required name=search_term_string"}],"inLanguage":"hr"}]}},"_links":{"self":[{"href":"https:\/\/www.technic-toys.com\/hr\/wp-json\/wp\/v2\/product\/19706"}],"collection":[{"href":"https:\/\/www.technic-toys.com\/hr\/wp-json\/wp\/v2\/product"}],"about":[{"href":"https:\/\/www.technic-toys.com\/hr\/wp-json\/wp\/v2\/types\/product"}],"wp:featuredmedia":[{"embeddable":true,"href":"https:\/\/www.technic-toys.com\/hr\/wp-json\/wp\/v2\/media\/16769"}],"wp:attachment":[{"href":"https:\/\/www.technic-toys.com\/hr\/wp-json\/wp\/v2\/media?parent=19706"}],"wp:term":[{"taxonomy":"product_cat","embeddable":true,"href":"https:\/\/www.technic-toys.com\/hr\/wp-json\/wp\/v2\/product_cat?post=19706"},{"taxonomy":"product_tag","embeddable":true,"href":"https:\/\/www.technic-toys.com\/hr\/wp-json\/wp\/v2\/product_tag?post=19706"}],"curies":[{"name":"wp","href":"https:\/\/api.w.org\/{rel}","templated":true}]}}