{"id":19707,"date":"2022-04-08T17:13:12","date_gmt":"2022-04-08T19:36:02","guid":{"rendered":"https:\/\/www.technic-toys.com\/izdelek\/t-34-mentorn-bez-cetkica-4-kanala-sw-880mm-450g\/"},"modified":"2022-08-01T12:43:32","modified_gmt":"2022-08-01T10:43:32","slug":"t-34-mentorn-bez-cetkica-4-kanala-sw-880mm-450g","status":"publish","type":"product","link":"https:\/\/www.technic-toys.com\/hr\/proizvod\/t-34-mentorn-bez-cetkica-4-kanala-sw-880mm-450g\/","title":{"rendered":"T-34 Mentorn bez \u010detkica 4 kanala \/ SW 880mm \/ 450g"},"content":{"rendered":"<p>T-34 Mentor je bio najra\u0161ireniji \u0161kolski avion ameri\u010dkog ratnog zrakoplovstva 1950-ih. Model je baziran na pobolj\u0161anoj verziji T-34. Krila velike povr\u0161ine daju modelu odli\u010dnu stabilnost i veoma dobre akrobatske karakteristike.Model je najsavremenijeg tipa sa motorom bez \u010detkica i litijum-polimer baterijom. Trup i krila su napravljeni od Skyfoam-a, veoma otporne i lagane pene, koja ponekad opra\u0161ta te\u0161ka sletanja Tehni\u010dki podaci: Model: T-34 Mentor Tip motora: 2830 Out-Runner motor bez \u010detkica Napajanje: 11.1V 1200 mAh Li-polimer baterija Du\u017eina: 760 mm Raspon krila: 880 mm Povr\u0161ina krila: pribli\u017eno 15 g\/dm2 Optere\u0107enje krila: pribli\u017eno 30 g\/dm2 Te\u017eina leta: 450 g Trajanje leta: pribli\u017eno 10 min Daljinski upravlja\u010d: 4-kanalni profesionalni daljinski upravlja\u010d RC funkcije<\/p>\n","protected":false},"excerpt":{"rendered":"<p>T-34 Mentor je bio najra\u0161ireniji \u0161kolski avion ameri\u010dkog ratnog zrakoplovstva 1950-ih. Model je baziran na pobolj\u0161anoj verziji T-34. Krila velike povr\u0161ine daju modelu odli\u010dnu stabilnost i veoma dobre akrobatske karakteristike.Model je najsavremenijeg tipa sa motorom bez \u010detkica i litijum-polimer baterijom. Trup i krila su napravljeni od Skyfoam-a, veoma otporne i lagane pene, koja ponekad opra\u0161ta [&hellip;]<\/p>\n","protected":false},"featured_media":16788,"template":"","meta":[],"product_cat":[484,487],"product_tag":[],"acf":[],"yoast_head":"<!-- This site is optimized with the Yoast SEO plugin v21.7 - https:\/\/yoast.com\/wordpress\/plugins\/seo\/ -->\n<title>T-34 Mentorn bez \u010detkica 4 kanala \/ SW 880mm \/ 450g - TECHNIC TOYS SHOP<\/title>\n<meta name=\"robots\" content=\"index, follow, max-snippet:-1, max-image-preview:large, max-video-preview:-1\" \/>\n<link rel=\"canonical\" href=\"https:\/\/www.technic-toys.com\/hr\/proizvod\/t-34-mentorn-bez-cetkica-4-kanala-sw-880mm-450g\/\" \/>\n<meta property=\"og:locale\" content=\"hr_HR\" \/>\n<meta property=\"og:type\" content=\"article\" \/>\n<meta property=\"og:title\" content=\"T-34 Mentorn bez \u010detkica 4 kanala \/ SW 880mm \/ 450g - TECHNIC TOYS SHOP\" \/>\n<meta property=\"og:description\" content=\"T-34 Mentor je bio najra\u0161ireniji \u0161kolski avion ameri\u010dkog ratnog zrakoplovstva 1950-ih. Model je baziran na pobolj\u0161anoj verziji T-34. Krila velike povr\u0161ine daju modelu odli\u010dnu stabilnost i veoma dobre akrobatske karakteristike.Model je najsavremenijeg tipa sa motorom bez \u010detkica i litijum-polimer baterijom. Trup i krila su napravljeni od Skyfoam-a, veoma otporne i lagane pene, koja ponekad opra\u0161ta [&hellip;]\" \/>\n<meta property=\"og:url\" content=\"https:\/\/www.technic-toys.com\/hr\/proizvod\/t-34-mentorn-bez-cetkica-4-kanala-sw-880mm-450g\/\" \/>\n<meta property=\"og:site_name\" content=\"TECHNIC TOYS SHOP\" \/>\n<meta property=\"article:modified_time\" content=\"2022-08-01T10:43:32+00:00\" \/>\n<meta property=\"og:image\" content=\"https:\/\/www.technic-toys.com\/wp-content\/uploads\/2022\/04\/24018.jpg\" \/>\n\t<meta property=\"og:image:width\" content=\"2288\" \/>\n\t<meta property=\"og:image:height\" content=\"1712\" \/>\n\t<meta property=\"og:image:type\" content=\"image\/jpeg\" \/>\n<meta name=\"twitter:card\" content=\"summary_large_image\" \/>\n<meta name=\"twitter:label1\" content=\"Procijenjeno vrijeme \u010ditanja\" \/>\n\t<meta name=\"twitter:data1\" content=\"1 minuta\" \/>\n<script type=\"application\/ld+json\" class=\"yoast-schema-graph\">{\"@context\":\"https:\/\/schema.org\",\"@graph\":[{\"@type\":\"WebPage\",\"@id\":\"https:\/\/www.technic-toys.com\/hr\/proizvod\/t-34-mentorn-bez-cetkica-4-kanala-sw-880mm-450g\/\",\"url\":\"https:\/\/www.technic-toys.com\/hr\/proizvod\/t-34-mentorn-bez-cetkica-4-kanala-sw-880mm-450g\/\",\"name\":\"T-34 Mentorn bez \u010detkica 4 kanala \/ SW 880mm \/ 450g - TECHNIC TOYS SHOP\",\"isPartOf\":{\"@id\":\"https:\/\/www.technic-toys.com\/en\/#website\"},\"datePublished\":\"2022-04-08T19:36:02+00:00\",\"dateModified\":\"2022-08-01T10:43:32+00:00\",\"breadcrumb\":{\"@id\":\"https:\/\/www.technic-toys.com\/hr\/proizvod\/t-34-mentorn-bez-cetkica-4-kanala-sw-880mm-450g\/#breadcrumb\"},\"inLanguage\":\"hr\",\"potentialAction\":[{\"@type\":\"ReadAction\",\"target\":[\"https:\/\/www.technic-toys.com\/hr\/proizvod\/t-34-mentorn-bez-cetkica-4-kanala-sw-880mm-450g\/\"]}]},{\"@type\":\"BreadcrumbList\",\"@id\":\"https:\/\/www.technic-toys.com\/hr\/proizvod\/t-34-mentorn-bez-cetkica-4-kanala-sw-880mm-450g\/#breadcrumb\",\"itemListElement\":[{\"@type\":\"ListItem\",\"position\":1,\"name\":\"Domov\",\"item\":\"https:\/\/www.technic-toys.com\/hr\/\"},{\"@type\":\"ListItem\",\"position\":2,\"name\":\"Shop\",\"item\":\"https:\/\/www.technic-toys.com\/hr\/shop-2\/\"},{\"@type\":\"ListItem\",\"position\":3,\"name\":\"T-34 Mentorn bez \u010detkica 4 kanala \/ SW 880mm \/ 450g\"}]},{\"@type\":\"WebSite\",\"@id\":\"https:\/\/www.technic-toys.com\/en\/#website\",\"url\":\"https:\/\/www.technic-toys.com\/en\/\",\"name\":\"TECHNIC TOYS SHOP\",\"description\":\"\",\"potentialAction\":[{\"@type\":\"SearchAction\",\"target\":{\"@type\":\"EntryPoint\",\"urlTemplate\":\"https:\/\/www.technic-toys.com\/en\/?s={search_term_string}\"},\"query-input\":\"required name=search_term_string\"}],\"inLanguage\":\"hr\"}]}<\/script>\n<!-- \/ Yoast SEO plugin. -->","yoast_head_json":{"title":"T-34 Mentorn bez \u010detkica 4 kanala \/ SW 880mm \/ 450g - TECHNIC TOYS SHOP","robots":{"index":"index","follow":"follow","max-snippet":"max-snippet:-1","max-image-preview":"max-image-preview:large","max-video-preview":"max-video-preview:-1"},"canonical":"https:\/\/www.technic-toys.com\/hr\/proizvod\/t-34-mentorn-bez-cetkica-4-kanala-sw-880mm-450g\/","og_locale":"hr_HR","og_type":"article","og_title":"T-34 Mentorn bez \u010detkica 4 kanala \/ SW 880mm \/ 450g - TECHNIC TOYS SHOP","og_description":"T-34 Mentor je bio najra\u0161ireniji \u0161kolski avion ameri\u010dkog ratnog zrakoplovstva 1950-ih. Model je baziran na pobolj\u0161anoj verziji T-34. Krila velike povr\u0161ine daju modelu odli\u010dnu stabilnost i veoma dobre akrobatske karakteristike.Model je najsavremenijeg tipa sa motorom bez \u010detkica i litijum-polimer baterijom. Trup i krila su napravljeni od Skyfoam-a, veoma otporne i lagane pene, koja ponekad opra\u0161ta [&hellip;]","og_url":"https:\/\/www.technic-toys.com\/hr\/proizvod\/t-34-mentorn-bez-cetkica-4-kanala-sw-880mm-450g\/","og_site_name":"TECHNIC TOYS SHOP","article_modified_time":"2022-08-01T10:43:32+00:00","og_image":[{"width":2288,"height":1712,"url":"https:\/\/www.technic-toys.com\/wp-content\/uploads\/2022\/04\/24018.jpg","type":"image\/jpeg"}],"twitter_card":"summary_large_image","twitter_misc":{"Procijenjeno vrijeme \u010ditanja":"1 minuta"},"schema":{"@context":"https:\/\/schema.org","@graph":[{"@type":"WebPage","@id":"https:\/\/www.technic-toys.com\/hr\/proizvod\/t-34-mentorn-bez-cetkica-4-kanala-sw-880mm-450g\/","url":"https:\/\/www.technic-toys.com\/hr\/proizvod\/t-34-mentorn-bez-cetkica-4-kanala-sw-880mm-450g\/","name":"T-34 Mentorn bez \u010detkica 4 kanala \/ SW 880mm \/ 450g - TECHNIC TOYS SHOP","isPartOf":{"@id":"https:\/\/www.technic-toys.com\/en\/#website"},"datePublished":"2022-04-08T19:36:02+00:00","dateModified":"2022-08-01T10:43:32+00:00","breadcrumb":{"@id":"https:\/\/www.technic-toys.com\/hr\/proizvod\/t-34-mentorn-bez-cetkica-4-kanala-sw-880mm-450g\/#breadcrumb"},"inLanguage":"hr","potentialAction":[{"@type":"ReadAction","target":["https:\/\/www.technic-toys.com\/hr\/proizvod\/t-34-mentorn-bez-cetkica-4-kanala-sw-880mm-450g\/"]}]},{"@type":"BreadcrumbList","@id":"https:\/\/www.technic-toys.com\/hr\/proizvod\/t-34-mentorn-bez-cetkica-4-kanala-sw-880mm-450g\/#breadcrumb","itemListElement":[{"@type":"ListItem","position":1,"name":"Domov","item":"https:\/\/www.technic-toys.com\/hr\/"},{"@type":"ListItem","position":2,"name":"Shop","item":"https:\/\/www.technic-toys.com\/hr\/shop-2\/"},{"@type":"ListItem","position":3,"name":"T-34 Mentorn bez \u010detkica 4 kanala \/ SW 880mm \/ 450g"}]},{"@type":"WebSite","@id":"https:\/\/www.technic-toys.com\/en\/#website","url":"https:\/\/www.technic-toys.com\/en\/","name":"TECHNIC TOYS SHOP","description":"","potentialAction":[{"@type":"SearchAction","target":{"@type":"EntryPoint","urlTemplate":"https:\/\/www.technic-toys.com\/en\/?s={search_term_string}"},"query-input":"required name=search_term_string"}],"inLanguage":"hr"}]}},"_links":{"self":[{"href":"https:\/\/www.technic-toys.com\/hr\/wp-json\/wp\/v2\/product\/19707"}],"collection":[{"href":"https:\/\/www.technic-toys.com\/hr\/wp-json\/wp\/v2\/product"}],"about":[{"href":"https:\/\/www.technic-toys.com\/hr\/wp-json\/wp\/v2\/types\/product"}],"wp:featuredmedia":[{"embeddable":true,"href":"https:\/\/www.technic-toys.com\/hr\/wp-json\/wp\/v2\/media\/16788"}],"wp:attachment":[{"href":"https:\/\/www.technic-toys.com\/hr\/wp-json\/wp\/v2\/media?parent=19707"}],"wp:term":[{"taxonomy":"product_cat","embeddable":true,"href":"https:\/\/www.technic-toys.com\/hr\/wp-json\/wp\/v2\/product_cat?post=19707"},{"taxonomy":"product_tag","embeddable":true,"href":"https:\/\/www.technic-toys.com\/hr\/wp-json\/wp\/v2\/product_tag?post=19707"}],"curies":[{"name":"wp","href":"https:\/\/api.w.org\/{rel}","templated":true}]}}