{"id":19717,"date":"2022-04-08T17:13:12","date_gmt":"2022-04-08T19:36:21","guid":{"rendered":"https:\/\/www.technic-toys.com\/izdelek\/3d-penjac-jedrilica-sa-ziroskopom-5-kanalni-rtf\/"},"modified":"2025-12-08T19:44:09","modified_gmt":"2025-12-08T18:44:09","slug":"3d-penjac-jedrilica-sa-ziroskopom-5-kanalni-rtf","status":"publish","type":"product","link":"https:\/\/www.technic-toys.com\/hr\/proizvod\/3d-penjac-jedrilica-sa-ziroskopom-5-kanalni-rtf\/","title":{"rendered":"3D penja\u010d jedrilica sa \u017eiroskopom, 5-kanalni RTF"},"content":{"rendered":"<p>Potpuno stabilizirani model jedrilice sa 5 upravljivih kanala (elevator \/ eleron kormila \/ motor \/ \u017eiroskop). Uz podr\u0161ku \u017eiroskopa, model leti gotovo sam i odmah kompenzira sve vanjske utjecaje poput vjetra. Pona\u0161anje leta je sli\u010dno kao kod zna\u010dajno ve\u0107eg modela, \u0161to cijeli let \u010dini vrlo glatkim i lakim. \u010cak i po\u010detnici mogu zapo\u010deti s modelom koji leti gotovo savr\u0161eno s ovim sjajnim modelom. \u017diroskop se mo\u017ee isklju\u010diti, a samim tim i deaktivirati u letu, na primjer za lake akrobatike. Ako ne\u0161to po\u0111e po zlu, jednostavno se vratite u \u017eiro mod i model \u0107e se odmah ispraviti u normalan polo\u017eaj. Dr\u017ei i visinu i popre\u010dnu osu ravnom!\u010cak su i termalni letovi mogu\u0107i sa ovim modelom, a ukupno vrijeme leta je vrlo veliko s jednim punjenjem baterije. Ovisno o vremenskim uvjetima i komponentama motora, mogu\u0107i su letovi do 25 minuta Karakteristike: Potpuno stabiliziran model \/ 6G na\u010din rada \u017diroskop se mo\u017ee uklju\u010diti \/ isklju\u010diti Visokokvalitetna elektronika Visoka \u010dvrsto\u0107a i lako popravljiv EPO materijal (robustan) Vrlo dobre karakteristike leta Vrlo dobre karakteristike sporog leta Pogodno za po\u010detnike zahtijeva malo prostora za let Male transportne dimenzije Mogu\u0107e dugo vrijeme leta Tehni\u010dki podaci: Du\u017eina: 530mm Raspon krila: 780mm Te\u017eina (uklju\u010duju\u0107i bateriju): 110g Baterija: LiPo 300mAh 7.4V 20C Predajnik: 2.4GHz Stabilizator sistem: 3D \/ 6G Gyro Materijal: EPO pjena Vrijeme leta: pribli\u017eno 4V Li-Po1x upute<\/p>\n","protected":false},"excerpt":{"rendered":"<p>Potpuno stabilizirani model jedrilice sa 5 upravljivih kanala (elevator \/ eleron kormila \/ motor \/ \u017eiroskop). Uz podr\u0161ku \u017eiroskopa, model leti gotovo sam i odmah kompenzira sve vanjske utjecaje poput vjetra. Pona\u0161anje leta je sli\u010dno kao kod zna\u010dajno ve\u0107eg modela, \u0161to cijeli let \u010dini vrlo glatkim i lakim. \u010cak i po\u010detnici mogu zapo\u010deti s modelom [&hellip;]<\/p>\n","protected":false},"featured_media":16900,"template":"","meta":[],"product_cat":[484,482],"product_tag":[],"acf":[],"yoast_head":"<!-- This site is optimized with the Yoast SEO plugin v21.7 - https:\/\/yoast.com\/wordpress\/plugins\/seo\/ -->\n<title>3D penja\u010d jedrilica sa \u017eiroskopom, 5-kanalni RTF - TECHNIC TOYS SHOP<\/title>\n<meta name=\"robots\" content=\"index, follow, max-snippet:-1, max-image-preview:large, max-video-preview:-1\" \/>\n<link rel=\"canonical\" href=\"https:\/\/www.technic-toys.com\/hr\/proizvod\/3d-penjac-jedrilica-sa-ziroskopom-5-kanalni-rtf\/\" \/>\n<meta property=\"og:locale\" content=\"hr_HR\" \/>\n<meta property=\"og:type\" content=\"article\" \/>\n<meta property=\"og:title\" content=\"3D penja\u010d jedrilica sa \u017eiroskopom, 5-kanalni RTF - TECHNIC TOYS SHOP\" \/>\n<meta property=\"og:description\" content=\"Potpuno stabilizirani model jedrilice sa 5 upravljivih kanala (elevator \/ eleron kormila \/ motor \/ \u017eiroskop). Uz podr\u0161ku \u017eiroskopa, model leti gotovo sam i odmah kompenzira sve vanjske utjecaje poput vjetra. Pona\u0161anje leta je sli\u010dno kao kod zna\u010dajno ve\u0107eg modela, \u0161to cijeli let \u010dini vrlo glatkim i lakim. \u010cak i po\u010detnici mogu zapo\u010deti s modelom [&hellip;]\" \/>\n<meta property=\"og:url\" content=\"https:\/\/www.technic-toys.com\/hr\/proizvod\/3d-penjac-jedrilica-sa-ziroskopom-5-kanalni-rtf\/\" \/>\n<meta property=\"og:site_name\" content=\"TECHNIC TOYS SHOP\" \/>\n<meta property=\"article:modified_time\" content=\"2025-12-08T18:44:09+00:00\" \/>\n<meta property=\"og:image\" content=\"https:\/\/www.technic-toys.com\/wp-content\/uploads\/2022\/04\/24057.jpg\" \/>\n\t<meta property=\"og:image:width\" content=\"1280\" \/>\n\t<meta property=\"og:image:height\" content=\"734\" \/>\n\t<meta property=\"og:image:type\" content=\"image\/jpeg\" \/>\n<meta name=\"twitter:card\" content=\"summary_large_image\" \/>\n<meta name=\"twitter:label1\" content=\"Procijenjeno vrijeme \u010ditanja\" \/>\n\t<meta name=\"twitter:data1\" content=\"1 minuta\" \/>\n<script type=\"application\/ld+json\" class=\"yoast-schema-graph\">{\"@context\":\"https:\/\/schema.org\",\"@graph\":[{\"@type\":\"WebPage\",\"@id\":\"https:\/\/www.technic-toys.com\/hr\/proizvod\/3d-penjac-jedrilica-sa-ziroskopom-5-kanalni-rtf\/\",\"url\":\"https:\/\/www.technic-toys.com\/hr\/proizvod\/3d-penjac-jedrilica-sa-ziroskopom-5-kanalni-rtf\/\",\"name\":\"3D penja\u010d jedrilica sa \u017eiroskopom, 5-kanalni RTF - TECHNIC TOYS SHOP\",\"isPartOf\":{\"@id\":\"https:\/\/www.technic-toys.com\/en\/#website\"},\"datePublished\":\"2022-04-08T19:36:21+00:00\",\"dateModified\":\"2025-12-08T18:44:09+00:00\",\"breadcrumb\":{\"@id\":\"https:\/\/www.technic-toys.com\/hr\/proizvod\/3d-penjac-jedrilica-sa-ziroskopom-5-kanalni-rtf\/#breadcrumb\"},\"inLanguage\":\"hr\",\"potentialAction\":[{\"@type\":\"ReadAction\",\"target\":[\"https:\/\/www.technic-toys.com\/hr\/proizvod\/3d-penjac-jedrilica-sa-ziroskopom-5-kanalni-rtf\/\"]}]},{\"@type\":\"BreadcrumbList\",\"@id\":\"https:\/\/www.technic-toys.com\/hr\/proizvod\/3d-penjac-jedrilica-sa-ziroskopom-5-kanalni-rtf\/#breadcrumb\",\"itemListElement\":[{\"@type\":\"ListItem\",\"position\":1,\"name\":\"Domov\",\"item\":\"https:\/\/www.technic-toys.com\/hr\/\"},{\"@type\":\"ListItem\",\"position\":2,\"name\":\"Shop\",\"item\":\"https:\/\/www.technic-toys.com\/hr\/shop-2\/\"},{\"@type\":\"ListItem\",\"position\":3,\"name\":\"3D penja\u010d jedrilica sa \u017eiroskopom, 5-kanalni RTF\"}]},{\"@type\":\"WebSite\",\"@id\":\"https:\/\/www.technic-toys.com\/en\/#website\",\"url\":\"https:\/\/www.technic-toys.com\/en\/\",\"name\":\"TECHNIC TOYS SHOP\",\"description\":\"\",\"potentialAction\":[{\"@type\":\"SearchAction\",\"target\":{\"@type\":\"EntryPoint\",\"urlTemplate\":\"https:\/\/www.technic-toys.com\/en\/?s={search_term_string}\"},\"query-input\":\"required name=search_term_string\"}],\"inLanguage\":\"hr\"}]}<\/script>\n<!-- \/ Yoast SEO plugin. -->","yoast_head_json":{"title":"3D penja\u010d jedrilica sa \u017eiroskopom, 5-kanalni RTF - TECHNIC TOYS SHOP","robots":{"index":"index","follow":"follow","max-snippet":"max-snippet:-1","max-image-preview":"max-image-preview:large","max-video-preview":"max-video-preview:-1"},"canonical":"https:\/\/www.technic-toys.com\/hr\/proizvod\/3d-penjac-jedrilica-sa-ziroskopom-5-kanalni-rtf\/","og_locale":"hr_HR","og_type":"article","og_title":"3D penja\u010d jedrilica sa \u017eiroskopom, 5-kanalni RTF - TECHNIC TOYS SHOP","og_description":"Potpuno stabilizirani model jedrilice sa 5 upravljivih kanala (elevator \/ eleron kormila \/ motor \/ \u017eiroskop). Uz podr\u0161ku \u017eiroskopa, model leti gotovo sam i odmah kompenzira sve vanjske utjecaje poput vjetra. Pona\u0161anje leta je sli\u010dno kao kod zna\u010dajno ve\u0107eg modela, \u0161to cijeli let \u010dini vrlo glatkim i lakim. \u010cak i po\u010detnici mogu zapo\u010deti s modelom [&hellip;]","og_url":"https:\/\/www.technic-toys.com\/hr\/proizvod\/3d-penjac-jedrilica-sa-ziroskopom-5-kanalni-rtf\/","og_site_name":"TECHNIC TOYS SHOP","article_modified_time":"2025-12-08T18:44:09+00:00","og_image":[{"width":1280,"height":734,"url":"https:\/\/www.technic-toys.com\/wp-content\/uploads\/2022\/04\/24057.jpg","type":"image\/jpeg"}],"twitter_card":"summary_large_image","twitter_misc":{"Procijenjeno vrijeme \u010ditanja":"1 minuta"},"schema":{"@context":"https:\/\/schema.org","@graph":[{"@type":"WebPage","@id":"https:\/\/www.technic-toys.com\/hr\/proizvod\/3d-penjac-jedrilica-sa-ziroskopom-5-kanalni-rtf\/","url":"https:\/\/www.technic-toys.com\/hr\/proizvod\/3d-penjac-jedrilica-sa-ziroskopom-5-kanalni-rtf\/","name":"3D penja\u010d jedrilica sa \u017eiroskopom, 5-kanalni RTF - TECHNIC TOYS SHOP","isPartOf":{"@id":"https:\/\/www.technic-toys.com\/en\/#website"},"datePublished":"2022-04-08T19:36:21+00:00","dateModified":"2025-12-08T18:44:09+00:00","breadcrumb":{"@id":"https:\/\/www.technic-toys.com\/hr\/proizvod\/3d-penjac-jedrilica-sa-ziroskopom-5-kanalni-rtf\/#breadcrumb"},"inLanguage":"hr","potentialAction":[{"@type":"ReadAction","target":["https:\/\/www.technic-toys.com\/hr\/proizvod\/3d-penjac-jedrilica-sa-ziroskopom-5-kanalni-rtf\/"]}]},{"@type":"BreadcrumbList","@id":"https:\/\/www.technic-toys.com\/hr\/proizvod\/3d-penjac-jedrilica-sa-ziroskopom-5-kanalni-rtf\/#breadcrumb","itemListElement":[{"@type":"ListItem","position":1,"name":"Domov","item":"https:\/\/www.technic-toys.com\/hr\/"},{"@type":"ListItem","position":2,"name":"Shop","item":"https:\/\/www.technic-toys.com\/hr\/shop-2\/"},{"@type":"ListItem","position":3,"name":"3D penja\u010d jedrilica sa \u017eiroskopom, 5-kanalni RTF"}]},{"@type":"WebSite","@id":"https:\/\/www.technic-toys.com\/en\/#website","url":"https:\/\/www.technic-toys.com\/en\/","name":"TECHNIC TOYS SHOP","description":"","potentialAction":[{"@type":"SearchAction","target":{"@type":"EntryPoint","urlTemplate":"https:\/\/www.technic-toys.com\/en\/?s={search_term_string}"},"query-input":"required name=search_term_string"}],"inLanguage":"hr"}]}},"_links":{"self":[{"href":"https:\/\/www.technic-toys.com\/hr\/wp-json\/wp\/v2\/product\/19717"}],"collection":[{"href":"https:\/\/www.technic-toys.com\/hr\/wp-json\/wp\/v2\/product"}],"about":[{"href":"https:\/\/www.technic-toys.com\/hr\/wp-json\/wp\/v2\/types\/product"}],"wp:featuredmedia":[{"embeddable":true,"href":"https:\/\/www.technic-toys.com\/hr\/wp-json\/wp\/v2\/media\/16900"}],"wp:attachment":[{"href":"https:\/\/www.technic-toys.com\/hr\/wp-json\/wp\/v2\/media?parent=19717"}],"wp:term":[{"taxonomy":"product_cat","embeddable":true,"href":"https:\/\/www.technic-toys.com\/hr\/wp-json\/wp\/v2\/product_cat?post=19717"},{"taxonomy":"product_tag","embeddable":true,"href":"https:\/\/www.technic-toys.com\/hr\/wp-json\/wp\/v2\/product_tag?post=19717"}],"curies":[{"name":"wp","href":"https:\/\/api.w.org\/{rel}","templated":true}]}}