{"id":19718,"date":"2022-04-08T17:13:12","date_gmt":"2022-04-08T19:36:21","guid":{"rendered":"https:\/\/www.technic-toys.com\/izdelek\/skyrunner-v3-gyro-rtf-2-4g-amx-flight\/"},"modified":"2022-08-01T12:43:34","modified_gmt":"2022-08-01T10:43:34","slug":"skyrunner-v3-gyro-rtf-2-4g-amx-flight","status":"publish","type":"product","link":"https:\/\/www.technic-toys.com\/hr\/proizvod\/skyrunner-v3-gyro-rtf-2-4g-amx-flight\/","title":{"rendered":"Skyrunner V3 GYRO RTF, 2.4G AMX FLIGHT"},"content":{"rendered":"<p>Skyrunner je ponovo pobolj\u0161an u V3 verziji. Zahvaljuju\u0107i 3-osnoj stabilizaciji, modelom mogu bezbedno upravljati i po\u010detnici. Impresivni manevri, pa \u010dak i akrobatski manevri mogu se nau\u010diti za vrlo kratko vrijeme.<br \/>Ovaj model polije\u0107e odmah, a \u017eiroskop uvijek dr\u017ei avion na sigurnom kursu. Samo dajte na gas i odredite blagi uspon, \u017eiroskop \u0107e odmah intervenirati kao magijom i zabava letenja mo\u017ee po\u010deti.<br \/>Sistem ima po\u010detni i napredni na\u010din rada. U po\u010detnom na\u010dinu rada, zaustavljanje modela nije mogu\u0107e (bez petlji, itd.). Ako je sistem preba\u010den u napredni na\u010din rada, petlje i zastoj, na primjer, su lako izvodljivi.<br \/>Pona\u0161anje leta Skyrunner V3 mo\u017ee biti opisan kao vrlo nekriti\u010dan, \u0161to tako\u0111e daje priliku po\u010detniku da se uroni u svijet manekenskog sporta. Dugo vrijeme leta u kombinaciji s dobrim kliznim svojstvima zna\u010di nesmetanu zabavu letenja, a \u010dvrst EPP materijal osigurava dugu trajnost modela. Ako se ispostavi da je sletanje malo te\u017ee, ni to nije problem.<br \/>Materijal je vrlo otporan, elektronika je smje\u0161tena daleko pozadi u trupu, a motor je izgra\u0111en pozadi. Materijal se lako mo\u017ee ponovno zalijepiti, na primjer, polistirenskim ljepilom. Skyrunner V3 je savr\u0161eni po\u010detni avion za svakoga.<\/p>\n<p>Specifikacije:<br \/>Raspon krila: 750mm<br \/>du\u017eina: 565mm<br \/>visina: 120mm<br \/>te\u017eina: 101g< br \/>Baterija: 7.4V 300mAh 20c<br \/>Motor: N60<br \/>Vrijeme leta pribli\u017eno 12-14 min.<br \/>Vrijeme punjenja pribli\u017eno 25-30 min.<\/p>\n<p>Obim isporuke :<br \/>1 x Skyrunner V3<br \/>1 x daljinski upravlja\u010d 2.4GHz<br \/>1 x baterija 7.4V 300mAh 20c<br \/>1 x 220V LiPo punja\u010d sa napajanjem 2S<br \/>1 x upute njema\u010dki \/ engleski<\/p>\n<p>Potreban pribor:<br \/>4x AA 1.5V baterije za predajnik<\/p>\n","protected":false},"excerpt":{"rendered":"<p>Skyrunner je ponovo pobolj\u0161an u V3 verziji. Zahvaljuju\u0107i 3-osnoj stabilizaciji, modelom mogu bezbedno upravljati i po\u010detnici. Impresivni manevri, pa \u010dak i akrobatski manevri mogu se nau\u010diti za vrlo kratko vrijeme.Ovaj model polije\u0107e odmah, a \u017eiroskop uvijek dr\u017ei avion na sigurnom kursu. Samo dajte na gas i odredite blagi uspon, \u017eiroskop \u0107e odmah intervenirati kao magijom [&hellip;]<\/p>\n","protected":false},"featured_media":16913,"template":"","meta":[],"product_cat":[484,487],"product_tag":[],"acf":[],"yoast_head":"<!-- This site is optimized with the Yoast SEO plugin v21.7 - https:\/\/yoast.com\/wordpress\/plugins\/seo\/ -->\n<title>Skyrunner V3 GYRO RTF, 2.4G AMX FLIGHT - TECHNIC TOYS SHOP<\/title>\n<meta name=\"robots\" content=\"index, follow, max-snippet:-1, max-image-preview:large, max-video-preview:-1\" \/>\n<link rel=\"canonical\" href=\"https:\/\/www.technic-toys.com\/hr\/proizvod\/skyrunner-v3-gyro-rtf-2-4g-amx-flight\/\" \/>\n<meta property=\"og:locale\" content=\"hr_HR\" \/>\n<meta property=\"og:type\" content=\"article\" \/>\n<meta property=\"og:title\" content=\"Skyrunner V3 GYRO RTF, 2.4G AMX FLIGHT - TECHNIC TOYS SHOP\" \/>\n<meta property=\"og:description\" content=\"Skyrunner je ponovo pobolj\u0161an u V3 verziji. Zahvaljuju\u0107i 3-osnoj stabilizaciji, modelom mogu bezbedno upravljati i po\u010detnici. Impresivni manevri, pa \u010dak i akrobatski manevri mogu se nau\u010diti za vrlo kratko vrijeme.Ovaj model polije\u0107e odmah, a \u017eiroskop uvijek dr\u017ei avion na sigurnom kursu. Samo dajte na gas i odredite blagi uspon, \u017eiroskop \u0107e odmah intervenirati kao magijom [&hellip;]\" \/>\n<meta property=\"og:url\" content=\"https:\/\/www.technic-toys.com\/hr\/proizvod\/skyrunner-v3-gyro-rtf-2-4g-amx-flight\/\" \/>\n<meta property=\"og:site_name\" content=\"TECHNIC TOYS SHOP\" \/>\n<meta property=\"article:modified_time\" content=\"2022-08-01T10:43:34+00:00\" \/>\n<meta property=\"og:image\" content=\"https:\/\/www.technic-toys.com\/wp-content\/uploads\/2022\/04\/24058.jpg\" \/>\n\t<meta property=\"og:image:width\" content=\"2560\" \/>\n\t<meta property=\"og:image:height\" content=\"1468\" \/>\n\t<meta property=\"og:image:type\" content=\"image\/jpeg\" \/>\n<meta name=\"twitter:card\" content=\"summary_large_image\" \/>\n<meta name=\"twitter:label1\" content=\"Procijenjeno vrijeme \u010ditanja\" \/>\n\t<meta name=\"twitter:data1\" content=\"1 minuta\" \/>\n<script type=\"application\/ld+json\" class=\"yoast-schema-graph\">{\"@context\":\"https:\/\/schema.org\",\"@graph\":[{\"@type\":\"WebPage\",\"@id\":\"https:\/\/www.technic-toys.com\/hr\/proizvod\/skyrunner-v3-gyro-rtf-2-4g-amx-flight\/\",\"url\":\"https:\/\/www.technic-toys.com\/hr\/proizvod\/skyrunner-v3-gyro-rtf-2-4g-amx-flight\/\",\"name\":\"Skyrunner V3 GYRO RTF, 2.4G AMX FLIGHT - TECHNIC TOYS SHOP\",\"isPartOf\":{\"@id\":\"https:\/\/www.technic-toys.com\/en\/#website\"},\"datePublished\":\"2022-04-08T19:36:21+00:00\",\"dateModified\":\"2022-08-01T10:43:34+00:00\",\"breadcrumb\":{\"@id\":\"https:\/\/www.technic-toys.com\/hr\/proizvod\/skyrunner-v3-gyro-rtf-2-4g-amx-flight\/#breadcrumb\"},\"inLanguage\":\"hr\",\"potentialAction\":[{\"@type\":\"ReadAction\",\"target\":[\"https:\/\/www.technic-toys.com\/hr\/proizvod\/skyrunner-v3-gyro-rtf-2-4g-amx-flight\/\"]}]},{\"@type\":\"BreadcrumbList\",\"@id\":\"https:\/\/www.technic-toys.com\/hr\/proizvod\/skyrunner-v3-gyro-rtf-2-4g-amx-flight\/#breadcrumb\",\"itemListElement\":[{\"@type\":\"ListItem\",\"position\":1,\"name\":\"Domov\",\"item\":\"https:\/\/www.technic-toys.com\/hr\/\"},{\"@type\":\"ListItem\",\"position\":2,\"name\":\"Shop\",\"item\":\"https:\/\/www.technic-toys.com\/hr\/shop-2\/\"},{\"@type\":\"ListItem\",\"position\":3,\"name\":\"Skyrunner V3 GYRO RTF, 2.4G AMX FLIGHT\"}]},{\"@type\":\"WebSite\",\"@id\":\"https:\/\/www.technic-toys.com\/en\/#website\",\"url\":\"https:\/\/www.technic-toys.com\/en\/\",\"name\":\"TECHNIC TOYS SHOP\",\"description\":\"\",\"potentialAction\":[{\"@type\":\"SearchAction\",\"target\":{\"@type\":\"EntryPoint\",\"urlTemplate\":\"https:\/\/www.technic-toys.com\/en\/?s={search_term_string}\"},\"query-input\":\"required name=search_term_string\"}],\"inLanguage\":\"hr\"}]}<\/script>\n<!-- \/ Yoast SEO plugin. -->","yoast_head_json":{"title":"Skyrunner V3 GYRO RTF, 2.4G AMX FLIGHT - TECHNIC TOYS SHOP","robots":{"index":"index","follow":"follow","max-snippet":"max-snippet:-1","max-image-preview":"max-image-preview:large","max-video-preview":"max-video-preview:-1"},"canonical":"https:\/\/www.technic-toys.com\/hr\/proizvod\/skyrunner-v3-gyro-rtf-2-4g-amx-flight\/","og_locale":"hr_HR","og_type":"article","og_title":"Skyrunner V3 GYRO RTF, 2.4G AMX FLIGHT - TECHNIC TOYS SHOP","og_description":"Skyrunner je ponovo pobolj\u0161an u V3 verziji. Zahvaljuju\u0107i 3-osnoj stabilizaciji, modelom mogu bezbedno upravljati i po\u010detnici. Impresivni manevri, pa \u010dak i akrobatski manevri mogu se nau\u010diti za vrlo kratko vrijeme.Ovaj model polije\u0107e odmah, a \u017eiroskop uvijek dr\u017ei avion na sigurnom kursu. Samo dajte na gas i odredite blagi uspon, \u017eiroskop \u0107e odmah intervenirati kao magijom [&hellip;]","og_url":"https:\/\/www.technic-toys.com\/hr\/proizvod\/skyrunner-v3-gyro-rtf-2-4g-amx-flight\/","og_site_name":"TECHNIC TOYS SHOP","article_modified_time":"2022-08-01T10:43:34+00:00","og_image":[{"width":2560,"height":1468,"url":"https:\/\/www.technic-toys.com\/wp-content\/uploads\/2022\/04\/24058.jpg","type":"image\/jpeg"}],"twitter_card":"summary_large_image","twitter_misc":{"Procijenjeno vrijeme \u010ditanja":"1 minuta"},"schema":{"@context":"https:\/\/schema.org","@graph":[{"@type":"WebPage","@id":"https:\/\/www.technic-toys.com\/hr\/proizvod\/skyrunner-v3-gyro-rtf-2-4g-amx-flight\/","url":"https:\/\/www.technic-toys.com\/hr\/proizvod\/skyrunner-v3-gyro-rtf-2-4g-amx-flight\/","name":"Skyrunner V3 GYRO RTF, 2.4G AMX FLIGHT - TECHNIC TOYS SHOP","isPartOf":{"@id":"https:\/\/www.technic-toys.com\/en\/#website"},"datePublished":"2022-04-08T19:36:21+00:00","dateModified":"2022-08-01T10:43:34+00:00","breadcrumb":{"@id":"https:\/\/www.technic-toys.com\/hr\/proizvod\/skyrunner-v3-gyro-rtf-2-4g-amx-flight\/#breadcrumb"},"inLanguage":"hr","potentialAction":[{"@type":"ReadAction","target":["https:\/\/www.technic-toys.com\/hr\/proizvod\/skyrunner-v3-gyro-rtf-2-4g-amx-flight\/"]}]},{"@type":"BreadcrumbList","@id":"https:\/\/www.technic-toys.com\/hr\/proizvod\/skyrunner-v3-gyro-rtf-2-4g-amx-flight\/#breadcrumb","itemListElement":[{"@type":"ListItem","position":1,"name":"Domov","item":"https:\/\/www.technic-toys.com\/hr\/"},{"@type":"ListItem","position":2,"name":"Shop","item":"https:\/\/www.technic-toys.com\/hr\/shop-2\/"},{"@type":"ListItem","position":3,"name":"Skyrunner V3 GYRO RTF, 2.4G AMX FLIGHT"}]},{"@type":"WebSite","@id":"https:\/\/www.technic-toys.com\/en\/#website","url":"https:\/\/www.technic-toys.com\/en\/","name":"TECHNIC TOYS SHOP","description":"","potentialAction":[{"@type":"SearchAction","target":{"@type":"EntryPoint","urlTemplate":"https:\/\/www.technic-toys.com\/en\/?s={search_term_string}"},"query-input":"required name=search_term_string"}],"inLanguage":"hr"}]}},"_links":{"self":[{"href":"https:\/\/www.technic-toys.com\/hr\/wp-json\/wp\/v2\/product\/19718"}],"collection":[{"href":"https:\/\/www.technic-toys.com\/hr\/wp-json\/wp\/v2\/product"}],"about":[{"href":"https:\/\/www.technic-toys.com\/hr\/wp-json\/wp\/v2\/types\/product"}],"wp:featuredmedia":[{"embeddable":true,"href":"https:\/\/www.technic-toys.com\/hr\/wp-json\/wp\/v2\/media\/16913"}],"wp:attachment":[{"href":"https:\/\/www.technic-toys.com\/hr\/wp-json\/wp\/v2\/media?parent=19718"}],"wp:term":[{"taxonomy":"product_cat","embeddable":true,"href":"https:\/\/www.technic-toys.com\/hr\/wp-json\/wp\/v2\/product_cat?post=19718"},{"taxonomy":"product_tag","embeddable":true,"href":"https:\/\/www.technic-toys.com\/hr\/wp-json\/wp\/v2\/product_tag?post=19718"}],"curies":[{"name":"wp","href":"https:\/\/api.w.org\/{rel}","templated":true}]}}